{"id":11,"date":"2024-04-04T02:58:11","date_gmt":"2024-04-03T23:58:11","guid":{"rendered":"https:\/\/sisu.ut.ee\/virumudel\/uritused\/"},"modified":"2024-04-04T02:58:20","modified_gmt":"2024-04-03T23:58:20","slug":"uritused","status":"publish","type":"page","link":"https:\/\/sisu.ut.ee\/virumudel\/uritused\/","title":{"rendered":"\u00dcritused"},"content":{"rendered":"<h3><span data-mce-mark=\"1\"><\/span><\/h3><div style=\"margin: 0\"><span style=\"font-family: Calibri, sans-serif;font-size: small\"><span style=\"font-family: Calibri, sans-serif;font-size: small\"><span style=\"font-size: 11pt\"><span style=\"font-family: Calibri, sans-serif;font-size: small\"><span style=\"font-size: 11pt\"><strong><\/strong><\/span><\/span><\/span><\/span><\/span><h3><span data-mce-mark=\"1\"><span data-mce-mark=\"1\">1<\/span><span data-mce-mark=\"1\">. X p\u00f5levkivikonverents <span data-mce-mark=\"1\"><\/span><span data-mce-mark=\"1\">\u201cTeadusp\u00f5hine ja haritud p\u00f5levkivit\u00f6\u00f6stus\u201d<\/span><\/span><\/span><span style=\"font-family: Calibri, sans-serif;font-size: small\"><span style=\"font-size: 11pt;background-color: white\"><span style=\"font-family: Calibri Light, sans-serif;font-size: medium\"><span style=\"font-size: 13pt\"><\/span><\/span><span style=\"font-family: Calibri Light, sans-serif;font-size: medium\"><span style=\"font-size: 13pt\"> <\/span><\/span><\/span><\/span><\/h3><p><span style=\"font-family: Calibri, sans-serif;font-size: small\"><span style=\"font-size: 11pt;background-color: white\"><span style=\"font-family: Calibri Light, sans-serif;font-size: medium\"><span style=\"font-size: 13pt\"><span style=\"font-family: Calibri, sans-serif;font-size: small\"><span style=\"font-size: 11pt;background-color: white\"><span style=\"font-family: Calibri Light, sans-serif;font-size: medium\"><span style=\"font-size: 13pt\">16. novembril 2018 toimus Kohtla-J\u00e4rve Kultuurikeskuses\u00a0<\/span><\/span><span style=\"font-family: Calibri Light, sans-serif;font-size: medium\"><span style=\"font-size: 13pt\"><\/span><\/span><\/span><\/span><\/span><\/span><\/span><\/span><span style=\"font-family: Calibri, sans-serif;font-size: small\"><span style=\"font-size: 11pt;background-color: white\"><span style=\"font-family: Calibri Light, sans-serif;font-size: medium\"><span style=\"font-size: 13pt\">X p\u00f5levkivikonverents \u201eTeadusp\u00f5hine ja haritud p\u00f5levkivit\u00f6\u00f6stus<\/span><\/span><span style=\"font-family: Calibri Light, sans-serif;font-size: medium\"><span style=\"font-size: 13pt\">\u201c. <\/span><\/span><\/span><\/span><\/p><div style=\"vertical-align: baseline;background-color: white;margin: 0\"><span style=\"font-family: Calibri, sans-serif;font-size: small\"><span style=\"font-size: 11pt;background-color: white\"><span style=\"font-family: Calibri Light, sans-serif;font-size: medium\"><span style=\"font-size: 13pt\"><\/span><\/span><\/span><\/span><span style=\"font-family: Calibri, sans-serif;font-size: small\"><span style=\"font-size: 11pt;background-color: white\"><span style=\"font-family: Calibri Light, sans-serif;font-size: medium\"><span style=\"font-size: 13pt\"><\/span><\/span><\/span><\/span><span style=\"font-family: Calibri, sans-serif;font-size: small\"><span style=\"font-size: 11pt;background-color: white\"><span style=\"font-family: Calibri Light, sans-serif;font-size: medium\"><span style=\"font-size: 13pt\">Konverentsi avasid haridus- ja teadusminister <\/span><\/span><span style=\"font-family: Calibri Light, sans-serif;font-size: medium\"><span style=\"font-size: 13pt\">Mailis Reps<\/span><\/span><span style=\"font-family: Calibri Light, sans-serif;font-size: medium\"><span style=\"font-size: 13pt\"> ja<\/span><\/span><\/span><\/span><span style=\"font-family: Calibri, sans-serif;font-size: small\"><span style=\"font-size: 11pt;background-color: white\"><span style=\"font-family: Calibri Light, sans-serif;font-size: medium\"><span style=\"font-size: 13pt\"> <\/span><\/span><\/span><\/span><span style=\"font-family: Calibri, sans-serif;font-size: small\"><span style=\"font-size: 11pt;background-color: white\"><span style=\"font-family: Calibri Light, sans-serif;font-size: medium\"><span style=\"font-size: 13pt\">TalTech rektor akadeemik <\/span><\/span><span style=\"font-family: Calibri Light, sans-serif;font-size: medium\"><span style=\"font-size: 13pt\">Jaak Aaviksoo<\/span><\/span><span style=\"font-family: Calibri Light, sans-serif;font-size: medium\"><span style=\"font-size: 13pt\">.<\/span><\/span><\/span><\/span><\/div><p><span style=\"font-family: Calibri, sans-serif;font-size: small\"><span style=\"font-size: 11pt;background-color: white\"><span style=\"font-family: Calibri Light, sans-serif;font-size: medium\"><span style=\"font-size: 13pt\"><\/span><\/span><\/span><\/span><span style=\"font-family: Calibri, sans-serif;font-size: small\"><span style=\"font-size: 11pt;background-color: white\"><span style=\"font-family: Calibri Light, sans-serif;font-size: medium\"><span style=\"font-size: 13pt\"><\/span><\/span><\/span><\/span><span style=\"font-family: Calibri, sans-serif;font-size: small\"><span style=\"font-size: 11pt;background-color: white\"><span style=\"font-family: Calibri Light, sans-serif;font-size: medium\"><span style=\"font-size: 13pt\">Konverentsi moderaator oli TalTech energiatehnoloogia instituudi direktor professor <\/span><\/span><span style=\"font-family: Calibri Light, sans-serif;font-size: medium\"><span style=\"font-size: 13pt\">Andres Siirde.<\/span><\/span><span style=\"font-family: Calibri Light, sans-serif;font-size: medium\"><span style=\"font-size: 13pt\"> <\/span><\/span><\/span><\/span><\/p><p><span style=\"font-family: Calibri, sans-serif;font-size: small\"><span style=\"font-size: 11pt;background-color: white\"><span style=\"font-family: Calibri Light, sans-serif;font-size: medium\"><span style=\"font-size: 13pt\">Konverentsi programm on <\/span><\/span><a href=\"https:\/\/www.ttu.ee\/asutused\/polevkivi-kompetentsikeskus\/konverentsid-ja-koolitused\/polevkivikonverentsid\/2018-6\/\" target=\"_blank\" data-auth=\"NotApplicable\" rel=\"noopener\"><span><span style=\"font-family: Calibri Light, sans-serif;font-size: medium\"><span style=\"font-size: 13pt\"><strong>SIIN<\/strong><\/span><\/span><span style=\"font-family: Calibri Light, sans-serif;font-size: medium\"><span style=\"font-size: 13pt\">.<\/span><\/span><\/span><\/a><\/span><\/span><\/p><p><span style=\"font-family: Calibri, sans-serif;font-size: small\"><span style=\"font-size: 11pt;background-color: white\"><span style=\"font-family: Calibri Light, sans-serif;font-size: medium\"><span style=\"font-size: 13pt\">Konverentsil pandi \u00fcles <\/span><\/span><span style=\"font-family: Calibri Light, sans-serif;font-size: medium\"><span style=\"font-size: 13pt\"><strong>17<\/strong><\/span><\/span><span style=\"font-family: Calibri Light, sans-serif;font-size: medium\"><span style=\"font-size: 13pt\"> p\u00f5levkivivaldkonna posterettekannet. \u00dclevaade <\/span><\/span><a href=\"https:\/\/www.ttu.ee\/asutused\/polevkivi-kompetentsikeskus\/konverentsid-ja-koolitused\/polevkivikonverentsid\/2018-6\/posterettekanded\/\" target=\"_blank\" rel=\"noopener noreferrer\" data-auth=\"NotApplicable\"><span><span style=\"font-family: Calibri Light, sans-serif;font-size: medium\"><span style=\"font-size: 13pt\"><strong>SIIN.<\/strong><\/span><\/span><\/span><\/a><\/span><\/span><\/p><p><span style=\"font-family: Calibri, sans-serif;font-size: small\"><span style=\"font-size: 11pt;background-color: white\"><span style=\"font-family: Calibri Light, sans-serif;font-size: medium\"><span style=\"font-size: 13pt\"><span style=\"font-family: Calibri, sans-serif;font-size: small\"><span style=\"font-size: 11pt;background-color: white\"><span style=\"font-family: Calibri Light, sans-serif;font-size: medium\"><span style=\"font-size: 13pt\">Argo J\u00f5elehe ettekannet saab n\u00e4ha <strong><a href=\"\/wp-content\/uploads\/sites\/179\/virumudel-joeleht-polevkivikonverents.pdf\" target=\"_blank\" rel=\"noopener\">SIIT<\/a><\/strong>. <br><\/span><\/span><\/span><\/span><\/span><\/span><\/span><\/span><\/p><h3><span data-mce-mark=\"1\"><\/span><\/h3><h3><span data-mce-mark=\"1\"><\/span><\/h3><h3><span data-mce-mark=\"1\">2<\/span><span data-mce-mark=\"1\">.\u00a0Konverents \u201cVirumaa maap\u00f5uep\u00e4ev 2018\u201d<br><\/span><\/h3><p>26. oktoobril korraldas Eesti Geoloogiateenistus konverentsi \u201cVirumaa maap\u00f5uep\u00e4ev 2018\u201d.<\/p><p>Konverents toimus Rakveres aadressil Fr. R. Kreutzwaldi 5 Eesti Geoloogiateenistuse kontori teise korruse saalis.<\/p><p>Konverentsil k\u00e4sitleti muuhulgas Eesti suurprojekte ja Virumaa h\u00fcdrogeoloogilist mudelit. Oma seisukohti tutvustasid Majandus- ja Kommunikatsiooniministeeriumi, Eesti Maa\u00fclikooli, Tartu \u00dclikooli ja Eesti Geoloogiateenistuse esindajad. Konverentsi kavas oli kaheksa ettekannet.<\/p><p>Konverents on j\u00e4relvaadatav lingilt: https:\/\/www.youtube.com\/watch?v=YUYlUY8trlk<\/p><p>Projekti tulemusi esitlevad ettekanded videosalvestuses:<\/p><p>3.06.00 algusest: Erik Puura \u201cMilleks on kasulik keskkonnageoloogiline modelleerimine?\u201d<\/p><p>3.34.45 algusest: Argo J\u00f5eleht \u201cVirumaa h\u00fcdrogeoloogiline mudel ja mida sellega teha saab?\u201d<\/p><p>4.20.25 algusest: Kalev Sepp \u201cVanade karj\u00e4\u00e4ride taastamise v\u00f5imalused\u201d<\/p><p>Ettekannete failid pdf-versioonis:<\/p><ul><li>Erik Puura <a href=\"\/wp-content\/uploads\/sites\/179\/rakvere_ettekanne_26102018_ep.pdf\" target=\"_blank\" rel=\"noopener\">\u201cMilleks on kasulik keskkonnageoloogiline modelleerimine?\u201d<\/a><\/li><li>Argo J\u00f5eleht <a href=\"\/wp-content\/uploads\/sites\/179\/virumudel-joeleht-rakvere-egt1.pdf\" target=\"_blank\" rel=\"noopener\">\u201cVirumaa h\u00fcdrogeoloogiline mudel ja mida sellega teha saab?\u201d<\/a><\/li><\/ul><h3><span data-mce-mark=\"1\">3<\/span><span data-mce-mark=\"1\">.\u00a0Konverents \u201cMaap\u00f5uepoliitika esimene aasta \u2013 uuringute ja majandamise<span data-mce-mark=\"1\"> <\/span>t\u00f5hustamise teed\u201d<br><\/span><\/h3><p>14. mail korraldas Eesti Geoloogiateenistus konverentsi teemal \u201cMaap\u00f5uepoliitika esimene aasta \u2013 uuringute ja majandamise<span data-mce-mark=\"1\"> <\/span>t\u00f5hustamise teed\u201d.<span data-mce-mark=\"1\"><\/span><\/p><p>Konverents toimus Tallinnas aadressil Suur-Ameerika t\u00e4nav 1<span data-mce-mark=\"1\"> <\/span>ministeeriumite \u00fchishoone esimesel korrusel.<span data-mce-mark=\"1\"><\/span><\/p><p>Konverents k\u00e4sitles uuenduslikke muudatusi maap\u00f5ue uuringutes ja<span data-mce-mark=\"1\"> <\/span>majandamises. Oma seisukohti tutvustasid Majandus- ja<span data-mce-mark=\"1\"> <\/span>Kommunikatsiooniministeeriumi, Keskkonnaministeeriumi, Tartu \u00dclikooli,<span data-mce-mark=\"1\"> <\/span>Soome ja Eesti geoloogiateenistuse ja teiste uurimisasutuste esindajad.<span data-mce-mark=\"1\"><\/span><\/p><p>Konverentsi kavas oli k\u00fcmme ettekannet. Ettekannete vaheajal<span data-mce-mark=\"1\"> <\/span>tutvustati Eesti maavarasid ja Eesti Geoloogiateenistuse<span data-mce-mark=\"1\"> <\/span>tegevusvaldkondi.<span data-mce-mark=\"1\"><\/span><\/p><ul><li>Argo J\u00f5elehe ettekanne pdf versioonis on leitav siit: <a href=\"https:\/\/sisu.ut.ee\/wp-content\/uploads\/sites\/179\/virumudel-joeleht-egtkonverents_20180514-1.pdf\" target=\"_blank\" rel=\"noopener\">Virumaa p\u00f5hjavee mudel.<\/a><\/li><li>Alvar Soesoo ettekanne pdf versioonis on leitav siit: <a href=\"https:\/\/sisu.ut.ee\/wp-content\/uploads\/sites\/179\/soesoo-14mai-konverents.pdf\" target=\"_blank\" rel=\"noopener\">Virumaa maavarade keskkonnageoloogiline mudel.<\/a><\/li><li><p>Pildigaleriid konverentsist saab vaadata siit:<\/p><p>https:\/\/www.egt.ee\/et\/galeriid\/konverents-teemal-maapouepoliitika-esimene-aasta-uuringute-ja-majandamise-tohustamise-teed<\/p><\/li><\/ul><h3><span data-mce-mark=\"1\">4.\u00a0Konverents \u201c\u00dchisvara uus tulemine \u2013 arengusuunistest tulemusteni\u201d<\/span><\/h3><p><span data-mce-mark=\"1\">Keskkonnaministeerium korraldas koost\u00f6\u00f6s Majandus- ja Kommunikatsiooniministeeriumi, Tartu \u00dclikooli ning Tallinna Tehnika\u00fclikooliga 10. ja <\/span>11. mail 2017. aastal Kultuurikatlas maap\u00f5ue konverentsi \u201c\u00dchisvara uus tulemine \u2013 arengusuunistest tulemusteni\u201d\u00a0<a style=\"background-color: #ffffff\" href=\"http:\/\/www.envir.ee\/et\/maapoue-konverents-2017\" target=\"_blank\" data-saferedirecturl=\"https:\/\/www.google.com\/url?hl=et&amp;q=http:\/\/www.envir.ee\/et\/maapoue-konverents-2017&amp;source=gmail&amp;ust=1494913017141000&amp;usg=AFQjCNGttZce5JS1AoWYCX3JI0Tf24V2MQ\" rel=\"noopener\">http:\/\/www.envir.ee\/et\/maapoue-konverents-2017<\/a>.<\/p><p>Muude p\u00f5nevate teemade hulgas olid esitlusel ka projekti \u201cVirumaa maavarade v\u00f5imaliku kaevandamise keskkonnam\u00f5jud p\u00f5hja- ja pinnaveele ning maastikule keskkonnageoloogiliste mudelit<span data-mce-mark=\"1\">ega anal\u00fc\u00fcsituna koos alternatiivsete leevendusmeetmetega\u201d ettekanded. <\/span><\/p><ul><li>Argo J\u00f5elehe ettekanne pdf versioonis on leitav siit:\u00a0<a href=\"http:\/\/www.envir.ee\/sites\/default\/files\/2_3._argo_joeleht.pdf\" target=\"_blank\" rel=\"noopener\">Maap\u00f5ueuuringute hetkeseis: Virumaa h\u00fcdrogeoloogiline mudel.<\/a><\/li><li>Alvar Soesoo ettekanne pdf versioonis on leitav siit:\u00a0<a style=\"background-color: #ffffff\" href=\"http:\/\/www.envir.ee\/sites\/default\/files\/2_4._alvar_soesoo.pdf\" target=\"_blank\" rel=\"noopener\">Maap\u00f5ueuuringute hetkeseis: Virumaa maavarade mudel.<\/a><\/li><li>Huvilised saavad antud ettekandeid j\u00e4rele vaadata siit\u00a0(alates 01.06.40):<br><a style=\"background-color: #ffffff\" href=\"http:\/\/atlas.postimees.ee\/4106083\/otseulekanne-maapouekonverentsilt-milline-peaks-olema-eesti-maavarade-tulevik\" target=\"_blank\" rel=\"noopener\">http:\/\/atlas.postimees.ee\/4106083\/otseulekanne-maapouekonverentsilt-milline-peaks-olema-eesti-maavarade-tulevik<\/a>.<\/li><\/ul><h3><span data-mce-mark=\"1\">5. Projekti juhtkomitee teine koosolek<\/span><\/h3><p><span data-mce-mark=\"1\"> Projekti juhtkomitee teine koosolek toimus 28.04.2017 Tallinnas Keskkonnaministeeriumis.<\/span><\/p><p><span data-mce-mark=\"1\"><\/span><\/p><ul><li><a href=\"\/wp-content\/uploads\/sites\/179\/juhtkomitee_teise_koosoleku_luhikokkuvotte_fail.pdf\" target=\"_blank\" rel=\"noopener\"><span><span>Juhtkomitee teise koosoleku l\u00fchikokkuv\u00f5tte fail<\/span><br><\/span><\/a><\/li><\/ul><p><span data-mce-mark=\"1\"><\/span><\/p><h3><span data-mce-mark=\"1\">6. Projekti juhtkomitee esimene koosolek<\/span><\/h3><h3><span data-mce-mark=\"1\"><\/span><\/h3><p><span data-mce-mark=\"1\">Projekti juhtkomitee esimene koosolek\u00a0<\/span>toimus 19.10.2016 Tallinnas Keskkonnaministeeriumis.<\/p><ul><li><span style=\"background-color: #ffffff\" data-mce-mark=\"1\"><a href=\"\/wp-content\/uploads\/sites\/179\/juhtkomitee_esimese_koosoleku_luhikokkuvotte_fail.pdf\" target=\"_blank\" rel=\"noopener\">Juhtkomitee esimese koosoleku l\u00fchikokkuv\u00f5tte fail<\/a><\/span><\/li><\/ul><\/div><br><div class=\"wp-block-group attached-files-group is-layout-constrained wp-block-group-is-layout-constrained\"><div class=\"wp-block-file\"><a href=\"https:\/\/sisu.ut.ee\/wp-content\/uploads\/sites\/179\/virumudel-joeleht-polevkivikonverents.pdf\" target=\"_blank\" rel=\"noreferrer noopener\">virumudel-joeleht-polevkivikonverents.pdf<\/a><\/div><\/div>","protected":false},"excerpt":{"rendered":"<p>1. X p\u00f5levkivikonverents \u201cTeadusp\u00f5hine ja haritud p\u00f5levkivit\u00f6\u00f6stus\u201d 16. novembril 2018 toimus Kohtla-J\u00e4rve Kultuurikeskuses\u00a0X p\u00f5levkivikonverents \u201eTeadusp\u00f5hine ja haritud p\u00f5levkivit\u00f6\u00f6stus\u201c. Konverentsi avasid haridus- ja teadusminister Mailis Reps ja TalTech rektor akadeemik Jaak Aaviksoo. Konverentsi moderaator oli TalTech energiatehnoloogia instituudi direktor professor Andres &#8230;<\/p>\n","protected":false},"author":87,"featured_media":0,"parent":0,"menu_order":0,"comment_status":"closed","ping_status":"closed","template":"","meta":{"_acf_changed":false,"inline_featured_image":false,"footnotes":""},"class_list":["post-11","page","type-page","status-publish","hentry"],"acf":[],"_links":{"self":[{"href":"https:\/\/sisu.ut.ee\/virumudel\/wp-json\/wp\/v2\/pages\/11","targetHints":{"allow":["GET"]}}],"collection":[{"href":"https:\/\/sisu.ut.ee\/virumudel\/wp-json\/wp\/v2\/pages"}],"about":[{"href":"https:\/\/sisu.ut.ee\/virumudel\/wp-json\/wp\/v2\/types\/page"}],"author":[{"embeddable":true,"href":"https:\/\/sisu.ut.ee\/virumudel\/wp-json\/wp\/v2\/users\/87"}],"replies":[{"embeddable":true,"href":"https:\/\/sisu.ut.ee\/virumudel\/wp-json\/wp\/v2\/comments?post=11"}],"version-history":[{"count":2,"href":"https:\/\/sisu.ut.ee\/virumudel\/wp-json\/wp\/v2\/pages\/11\/revisions"}],"predecessor-version":[{"id":71,"href":"https:\/\/sisu.ut.ee\/virumudel\/wp-json\/wp\/v2\/pages\/11\/revisions\/71"}],"wp:attachment":[{"href":"https:\/\/sisu.ut.ee\/virumudel\/wp-json\/wp\/v2\/media?parent=11"}],"curies":[{"name":"wp","href":"https:\/\/api.w.org\/{rel}","templated":true}]}}