{"id":9,"date":"2024-04-04T03:27:22","date_gmt":"2024-04-04T00:27:22","guid":{"rendered":"https:\/\/sisu.ut.ee\/viitamiseabc\/kasutatud-allikate-loetelu-mla\/"},"modified":"2024-04-04T03:27:38","modified_gmt":"2024-04-04T00:27:38","slug":"kasutatud-allikate-loetelu-mla","status":"publish","type":"page","link":"https:\/\/sisu.ut.ee\/viitamiseabc\/kasutatud-allikate-loetelu-mla\/","title":{"rendered":"Kasutatud allikate loetelu MLA"},"content":{"rendered":"<p><span data-mce-mark=\"1\">Kasutatud allikat tuleb kirjeldada etteantud j\u00e4rjekorras (Works Cited, 2016):<\/span><\/p>\n<ol>\n<li>\n<p><strong>Autor<\/strong><span data-mce-mark=\"1\"><strong>:<\/strong> Perekonnanimi, Eesnimi.<\/span><\/p>\n<\/li>\n<li>\n<p><strong>Teose\/artikli pealkiri<\/strong><span data-mce-mark=\"1\">: \u201cPealkiri\u201d.<\/span><\/p>\n<\/li>\n<li>\n<p><span data-mce-mark=\"1\"><strong>V\u00e4ljaande pealkiri<\/strong><\/span><strong>: <\/strong><em>Ajakirja\/kogumiku\/ajalehe pealkiri,<\/em><\/p>\n<\/li>\n<li>\n<p><strong>Teised panustajad<\/strong><span data-mce-mark=\"1\">: Toimetaja(d), \u2013 vaid kogumike vm \u00fchist\u00f6\u00f6de puhul!<\/span><\/p>\n<\/li>\n<li>\n<p><strong>Versioon<\/strong><span data-mce-mark=\"1\"><strong> ehk mitmes v\u00e4ljaanne<\/strong>: 2,<\/span><\/p>\n<\/li>\n<li>\n<p><span data-mce-mark=\"1\"><strong>Number<\/strong>:<\/span><span data-mce-mark=\"1\"> 3,<\/span><\/p>\n<\/li>\n<li>\n<p><strong>Kirjastaja\/v\u00e4ljaandja<\/strong><span data-mce-mark=\"1\"><strong>:<\/strong> Avita,<\/span><\/p>\n<\/li>\n<li>\n<p><strong>V\u00e4ljaandmise aeg<\/strong><span data-mce-mark=\"1\"><strong>:<\/strong> 2017,<\/span><\/p>\n<\/li>\n<li>\n<p><strong>Lehek\u00fcljenumbrid v\u00f5i asukoht lingina<\/strong><span data-mce-mark=\"1\">: lk. 8-11.<\/span><\/p>\n<\/li>\n<\/ol>\n<p><span data-mce-mark=\"1\">Kokkuv\u00f5tteks moodustub kirje j\u00e4rgmiselt:<\/span><\/p>\n<p><span data-mce-mark=\"1\">Eesnimi, Perekonnanimi. \u201cPealkiri.\u201d<\/span><em> V\u00e4ljaande pealkiri<\/em><span data-mce-mark=\"1\">, toimetaja Perekonnanimi, Kirjastaja, 2017, lk. 8-11.<\/span><\/p>\n<p><strong>N\u00e4ited:<\/strong><\/p>\n<ul>\n<li>\n<p><strong>Raamat:<\/strong><span data-mce-mark=\"1\"> Hargla, Indrek. <\/span><em>Raudr\u00e4stiku aeg<\/em><span data-mce-mark=\"1\">. Raudhammas, 2016.<\/span><\/p>\n<\/li>\n<li>\n<p><strong>Raamat 2 autoriga<\/strong><span data-mce-mark=\"1\">: Lukner, Heli ja Mare M\u00fc\u00fcrsepp. <\/span><span data-mce-mark=\"1\"><em>F\u00fc\u00fcbits<\/em>. <\/span><span data-mce-mark=\"1\">Tammeraamat, 2017. <\/span><span data-mce-mark=\"1\">NB!<\/span><span data-mce-mark=\"1\"> Teine autor on kujul Eesnimi Perekonnanimi!<\/span><\/p>\n<\/li>\n<li>\n<p><strong>Raamat 3 ja enam autoriga<\/strong><span data-mce-mark=\"1\">: Volmer, Daisy, et al. <\/span><span data-mce-mark=\"1\"><em>Praktiline sotsiaalfarmaatsia: ravimsuhtlemine apteegis<\/em>. <\/span><span data-mce-mark=\"1\">Tartu \u00dclikooli Kirjastus, 2017.<\/span><\/p>\n<\/li>\n<li>\n<p><strong>Asutus kui autor<\/strong><span data-mce-mark=\"1\">: USA Allergia Assotsiatsioon. <\/span><span data-mce-mark=\"1\">Laste allergia<\/span><span data-mce-mark=\"1\">. Random House, 1998.<\/span><\/p>\n<\/li>\n<li>\n<p><strong>Ajakirja artikkel:<\/strong><span data-mce-mark=\"1\"> Zernask, Mai. \u201cSeenes\u00fcgis\u201d. <\/span><em>Hea Laps<\/em><span data-mce-mark=\"1\">, 11, 2016, lk 14-15.<\/span><\/p>\n<\/li>\n<li>\n<p><strong>Ajalehe artikkel:<\/strong><span data-mce-mark=\"1\"> Juurak, Raivo. \u201cHaldusreformi p\u00f5nevad p\u00e4evad\u201d. <\/span><em>\u00d5petajate leht, <\/em><span data-mce-mark=\"1\">18.08.2017, lk 2.<\/span><\/p>\n<\/li>\n<li>\n<p><strong>Sama artikkel veebis<\/strong><span data-mce-mark=\"1\"><strong>:<\/strong> Juurak, Raivo. \u201cHaldusreformi p\u00f5nevad p\u00e4evad\u201d. <\/span><span data-mce-mark=\"1\"><em>\u00d5petajate leht<\/em>, <\/span><span data-mce-mark=\"1\">18.08.2017, <\/span><a href=\"http:\/\/opleht.ee\/2017\/08\/haldusreformi-ponevad-paevad\/\" target=\"_blank\" rel=\"noopener\"><span data-mce-mark=\"1\">http:\/\/opleht.ee\/2017\/08\/haldusreformi-ponevad-paevad\/<\/span><\/a><span data-mce-mark=\"1\"> Vaadatud 21.08.2017.<\/span><\/p>\n<\/li>\n<li>\n<p><span data-mce-mark=\"1\"><strong>Artikkel ilma autorita<\/strong>:<\/span><span data-mce-mark=\"1\"> \u201cGlobaalne soojenemine avaldab m\u00f5ju: Gr\u00f6\u00f6nimaa turism\u201d <\/span><em>Turismo<\/em><span data-mce-mark=\"1\">, 26.05.2007, lk 82.<\/span><\/p>\n<\/li>\n<li>\n<p><strong>Teadusartikkel inglise keeles<\/strong><span data-mce-mark=\"1\"><strong>:<\/strong> Bagchi, Alaknanda. \u201cConflicting Nationalisms: The Voice of the Subaltern in Mahasweta Devi\u2019s Bashai Tudu.\u201d <\/span><em>Tulsa Studies in Women\u2019s Literature<\/em><span data-mce-mark=\"1\">, vol. 15, no. 1, 1996, pp. 41-50.<\/span><\/p>\n<\/li>\n<li>\n<p><span data-mce-mark=\"1\"><strong>Ilma autorita veebilehek\u00fclje tekst<\/strong>:<\/span><span data-mce-mark=\"1\"> \u201c\u00dclikool arutles Arvamusfestivalil\u201d<\/span><span data-mce-mark=\"1\">. <em>Tallinna \u00dclikooli veebileht,\u00a0<\/em><\/span><span data-mce-mark=\"1\"><\/span><a href=\"http:\/\/www.tlu.ee\/et\/uudised\/4375\/ulikool-arutleb-arvamusfestivalil\" target=\"_blank\" rel=\"noopener\"><span data-mce-mark=\"1\">http:\/\/www.tlu.ee\/et\/uudised\/4375\/ulikool-arutleb-arvamusfestivalil<\/span><\/a><span data-mce-mark=\"1\"> Vaadatud 21.08.2017.<\/span><\/p>\n<\/li>\n<li>\n<p><strong>Artikkel veebilehel<\/strong><span data-mce-mark=\"1\"><strong>:<\/strong> Palmiste, Greete. \u201c\u00dclikoolid pole suutnud oma teadmisi ministeeriumiteni viia<\/span><span data-mce-mark=\"1\">\u201d. <em>ERR Novaator<\/em><\/span><span data-mce-mark=\"1\">, 12.08.2018. <\/span><a href=\"http:\/\/novaator.err.ee\/612612\/ulikoolid-pole-suutnud-oma-teadmisi-ministeeriumiteni-viia\" target=\"_blank\" rel=\"noopener\"><span data-mce-mark=\"1\">http:\/\/novaator.err.ee\/612612\/ulikoolid-pole-suutnud-oma-teadmisi-ministeeriumiteni-viia<\/span><\/a><span data-mce-mark=\"1\"> Vaadatud 21.08.2017.<\/span><\/p>\n<\/li>\n<li>\n<p><span data-mce-mark=\"1\"><strong>Artikkel perioodilises e-v\u00e4ljaandes<\/strong> (ajaleht, ajakiri)<\/span><span data-mce-mark=\"1\">: Tammepuu, Kadri. \u201cPatsient j\u00e4\u00e4b kaotajaks\u201d. <\/span><em>\u00c4rip\u00e4ev,<\/em><span data-mce-mark=\"1\">\u00a020.08.2017. <\/span><a href=\"http:\/\/www.aripaev.ee\/arvamused\/2017\/08\/20\/kadri-tammepuu-patsient-jaab-kaotajaks\" target=\"_blank\" rel=\"noopener\"><span data-mce-mark=\"1\">http:\/\/www.aripaev.ee\/arvamused\/2017\/08\/20\/kadri-tammepuu-patsient-jaab-kaotajaks<\/span><\/a><span data-mce-mark=\"1\"> Vaadatud 21.08.2017<\/span><\/p>\n<\/li>\n<li>\n<p><strong>Videoklipp veebis<\/strong><span data-mce-mark=\"1\"><strong>:<\/strong> \u201c1 minuti loeng \u2013 Mis on l\u00f5pmatus? (Mart Abel)\u201d. <\/span><span data-mce-mark=\"1\"><em>Video YouTube\u2019is<\/em>. <\/span><span data-mce-mark=\"1\">Tallinna \u00dclikool. Avaldatud 06.02.2017 <\/span><a href=\"https:\/\/www.youtube.com\/watch?v=DMNZbP7z-fI\" target=\"_blank\" rel=\"noopener\"><span data-mce-mark=\"1\">https:\/\/www.youtube.com\/watch?v=DMNZbP7z-fI<\/span><\/a><span data-mce-mark=\"1\"> Vaadatud 21.08.2017.<\/span><\/p>\n<\/li>\n<li>\n<p><strong>Pilt veebis<\/strong><span><strong>:<\/strong> Richter, Sarah. \u201cWolf in Sheep\u2019s Clothing\u201d. 2017. <\/span><em>Pixabay.\u00a0<\/em><a href=\"https:\/\/pixabay.com\/en\/wolf-in-sheep-s-clothing-wolf-sheep-2577813\/\" target=\"_blank\" rel=\"noopener\"><span>https:\/\/pixabay.com\/en\/wolf-in-sheep-s-clothing-wolf-sheep-2577813\/<\/span><\/a><span> Vaadatud 21.08.2017. <\/span><\/p>\n<\/li>\n<\/ul>\n<p><span id=\"docs-internal-guid-28ec08f8-131c-34f0-7f61-bff2ffec38a1\" data-mce-mark=\"1\"><span id=\"docs-internal-guid-28ec08f8-131c-34f0-7f61-bff2ffec38a1\" data-mce-mark=\"1\"><strong>NB!<\/strong> <\/span><span id=\"docs-internal-guid-28ec08f8-131c-34f0-7f61-bff2ffec38a1\" data-mce-mark=\"1\">Blogipostituste, piltide ja videote puhul proovige v\u00e4lja uurida, mis on autori p\u00e4risnimi (n\u00e4iteks kl\u00f5psates kasutajanimel). Kui see j\u00e4\u00e4b selgusetuks, m\u00e4rkige autoriks kasutajanimi.<\/span><\/span><\/p>\n","protected":false},"excerpt":{"rendered":"<p>Kasutatud allikat tuleb kirjeldada etteantud j\u00e4rjekorras (Works Cited, 2016): Autor: Perekonnanimi, Eesnimi. Teose\/artikli pealkiri: \u201cPealkiri\u201d. V\u00e4ljaande pealkiri: Ajakirja\/kogumiku\/ajalehe pealkiri, Teised panustajad: Toimetaja(d), \u2013 vaid kogumike vm \u00fchist\u00f6\u00f6de puhul! Versioon ehk mitmes v\u00e4ljaanne: 2, Number: 3, Kirjastaja\/v\u00e4ljaandja: Avita, V\u00e4ljaandmise aeg: 2017, &#8230;<\/p>\n","protected":false},"author":6,"featured_media":0,"parent":0,"menu_order":0,"comment_status":"closed","ping_status":"closed","template":"","meta":{"_acf_changed":false,"inline_featured_image":false,"footnotes":""},"class_list":["post-9","page","type-page","status-publish","hentry"],"acf":[],"_links":{"self":[{"href":"https:\/\/sisu.ut.ee\/viitamiseabc\/wp-json\/wp\/v2\/pages\/9","targetHints":{"allow":["GET"]}}],"collection":[{"href":"https:\/\/sisu.ut.ee\/viitamiseabc\/wp-json\/wp\/v2\/pages"}],"about":[{"href":"https:\/\/sisu.ut.ee\/viitamiseabc\/wp-json\/wp\/v2\/types\/page"}],"author":[{"embeddable":true,"href":"https:\/\/sisu.ut.ee\/viitamiseabc\/wp-json\/wp\/v2\/users\/6"}],"replies":[{"embeddable":true,"href":"https:\/\/sisu.ut.ee\/viitamiseabc\/wp-json\/wp\/v2\/comments?post=9"}],"version-history":[{"count":1,"href":"https:\/\/sisu.ut.ee\/viitamiseabc\/wp-json\/wp\/v2\/pages\/9\/revisions"}],"predecessor-version":[{"id":163,"href":"https:\/\/sisu.ut.ee\/viitamiseabc\/wp-json\/wp\/v2\/pages\/9\/revisions\/163"}],"wp:attachment":[{"href":"https:\/\/sisu.ut.ee\/viitamiseabc\/wp-json\/wp\/v2\/media?parent=9"}],"curies":[{"name":"wp","href":"https:\/\/api.w.org\/{rel}","templated":true}]}}