{"id":7,"date":"2024-04-04T03:27:22","date_gmt":"2024-04-04T00:27:22","guid":{"rendered":"https:\/\/sisu.ut.ee\/viitamiseabc\/kasutatud-allikate-loetelu\/"},"modified":"2024-04-04T03:27:38","modified_gmt":"2024-04-04T00:27:38","slug":"kasutatud-allikate-loetelu","status":"publish","type":"page","link":"https:\/\/sisu.ut.ee\/viitamiseabc\/kasutatud-allikate-loetelu\/","title":{"rendered":"Kasutatud allikate loetelu APA"},"content":{"rendered":"<p>Iga materjali\/teose\/publikatsiooni l\u00f5ppu tuleb lisada t\u00e4ielik kasutatud allikate loetelu. Nende abil on materjali kasutajatel v\u00f5imalik n\u00e4ha, milliseid allikaid te kasutasite, hinnata neid ja vajadusel ka leida.<\/p>\n<p>K\u00f5ik materjali sees viidatud allikad peavad kajastuma kasutatud allikate loetelus!<\/p>\n<p><strong>Iga allika kirje peab APA standardi j\u00e4rgi sisalda j\u00e4rgmisi andmeid:<\/strong><\/p>\n<ul>\n<li>materjali autori nimi (nimed);<\/li>\n<li>v\u00e4ljaandmise aasta (kuup\u00e4ev);<\/li>\n<li>materjali pealkiri;<\/li>\n<li>andmed materjali ilmumiskoha kohta.<\/li>\n<\/ul>\n<p><strong>NB!<\/strong>\u00a0\u00d5igeks kirje vormistamiseks m\u00e4\u00e4ra kindlaks k\u00f5igepealt kasutatud materjali liik, millele viitad: kas see on ajakirja artikkel, raamat, raamatu peat\u00fckk, veebilehek\u00fclg, blogipostitus vm, sest kirje\u00a0vormistus s\u00f5ltub teose t\u00fc\u00fcbist.<\/p>\n<p><strong>Viited raamatule, monograafiale, seadusele: <\/strong>Autori perenimi, initsiaal. (Ilmumisaasta).\u00a0<em>Pealkiri<\/em>.\u00a0Ilmumiskoht: Kirjastus.<\/p>\n<ul>\n<li>\n<p>Hirsij\u00e4rvi, S., Remes, P., &amp; Sajavaara, P. (2005). <em>Uuri ja kirjuta<\/em>. Tallinn: Medicina.<\/p>\n<\/li>\n<li>\n<p>Laherand, M.-L. (2008). <em>Kvalitatiivne uurimisviis<\/em>. Tallinn: Infotr\u00fckk.<\/p>\n<\/li>\n<\/ul>\n<p><strong>Seadused<\/strong>\u00a0ei kuulu autori\u00f5iguse kaitse alla (neil ei ole autoreid) ja neile viidates tuleks j\u00e4rgida p\u00f5him\u00f5tteliselt samu reegleid nagu ilma autorita raamatu puhul, st viidata seaduse nimele ja aastale, aga ilma v\u00e4ljaandja ja v\u00e4ljaandmise kohata. N\u00e4iteks:<\/p>\n<ul>\n<li>\n<p>Perekonnaseadus (2010). Vaadatud 16.08.2017 <a href=\"https:\/\/www.riigiteataja.ee\/akt\/13330603\" target=\"_blank\" rel=\"noopener\">https:\/\/www.riigiteataja.ee\/akt\/13330603<\/a><\/p>\n<\/li>\n<li>\n<p>V<em>abariigi Valitsuse 12. mai 2012. a m\u00e4\u00e4rus nr 22<\/em>\u00a0(2012). Vaadatud 29.05.2014 www aadress<\/p>\n<\/li>\n<\/ul>\n<p><strong>Viited artiklitele paberv\u00e4ljaandes<\/strong><\/p>\n<p><strong>Ajakirja artikkel:\u00a0<\/strong>Autori(te) nimi\/nimed, initsiaal(id) (Ilmumisaasta). Artikli pealkiri.\u00a0<em>Ajakirja nimi,<\/em>\u00a0aastak\u00e4ik,\u00a0artikli lehek\u00fcljed.<\/p>\n<ul>\n<li>\n<p>Aarma, L. (2000). Eestikeelsete raamatute kirjastaja Johann Fischer.\u00a0<em>Raamatukogu<\/em>, 2, 17-21.<\/p>\n<\/li>\n<li>\n<p>Virkus, S. (2008). Use of Web 2.0 technologies in LIS education: experiences at Tallinn University, Estonia.\u00a0<em>Program: electronic libraries and information systems.\u00a0<\/em>\u00a040(3), \u00a0262 \u2013 274.<\/p>\n<\/li>\n<\/ul>\n<p><strong>Ajalehe artikkel:\u00a0<\/strong>Autori(te) nimi\/nimed, eesnime initsiaal(id). (Ilmumisaasta). Pealkiri.\u00a0<em>Ajalehe nimi,<\/em> kuup\u00e4ev. Lubatud on ka teistsugune variant, kus sulgudes on ajalehe ilmumiskuup\u00e4ev ja kirje l\u00f5pus v\u00e4lja toodud artikli lehek\u00fcljenumber.<\/p>\n<ul>\n<li>\n<p>Veidemann, R. (2001). Toots, Tali v\u00f5i Tiugu presidendiks.\u00a0<em>Postimees<\/em>, 15. september.<\/p>\n<\/li>\n<li>\n<p>Vaid iga kolmas eestlane suhtleb Eesti venelastega. (10.11.2008).\u00a0<em>Postimees<\/em>,\u00a0lk. 8.<\/p>\n<\/li>\n<\/ul>\n<p><strong>Veebikirjutis vm digitaalne allikas<\/strong><\/p>\n<p>Digitaalsel kujul olevatele allikatele kehtivad samad reeglid, mis paberkandjal olevatele. Kirje l\u00f5pus peab lihtsalt kajastuma allika kasutamise\/vaatamise aeg ning selle veebiaadress v\u00f5i doi-number, mis on elektrooniliste allikate (nt teadusartiklite) identifitseerimiskood; doi kaudu viitamisel ei ole vaja lisada kasutamise aega v\u00f5i muud veebiaadressi.<\/p>\n<ul>\n<li>\n<p>Zahda, S.A.A. (2007).\u00a0<em>Electronic books: Fad or Future?<\/em>\u00a0Vaadatud 12.11.2016\u00a0<a href=\"http:\/\/www.scribd.com\/doc\/127635\/Electronic-books-EBook-Fad-or-Future\" target=\"_blank\" rel=\"noopener\">\u00a0http:\/\/www.scribd.com\/doc\/127635\/Electronic-books-EBook-Fad-or-Future<\/a><\/p>\n<\/li>\n<li>\n<p><strong>Teadusartikkel veebis:<\/strong>\u00a0Chesser, W. D. (2011). The E-textbook Revolution.\u00a0<em>ALA TechSource<\/em>, 8. Vaadatud 17.08.2017\u00a0<a href=\"https:\/\/journals.ala.org\/index.php\/ltr\/article\/view\/4426\/5143\" target=\"_blank\" rel=\"noopener\">https:\/\/journals.ala.org\/index.php\/ltr\/article\/view\/4426\/5143<\/a><\/p>\n<\/li>\n<li>\n<p><strong>Teadusartikkel veebis doi numbriga:<\/strong>\u00a0Maynard, S., Cheyne, E. (2005). Can electronic textbooks help children to learn?\u00a0<em>The Electronic Library<\/em>, 23:1,103-115, doi: 10.1108\/02640470510582781<\/p>\n<\/li>\n<li><strong>Ajalehe artikkel veebis, ilma autorita:<\/strong>\u00a0Telia meistriklass: 10 sammu, kuidas kottida eestlasi. (25.10.2017). <em>Eesti Ekspress<\/em>. Vaadatud 26.10.2017\u00a0http:\/\/ekspress.delfi.ee\/teateid_elust\/telia-meistriklass-10-sammu-kuidas-kottida-eestlasi?id=79932554\u00a0<\/li>\n<\/ul>\n<ul>\n<li><strong>Ajalehe artikkel veebis:<\/strong> M\u00f5ttus, A. (26.10.2017).\u00a0Eestimaise toidu tootearenduses l\u00f6\u00f6vad lisaks tehnoloogidele kaasa ka kooli\u00f5pilased. <em>Maaleht<\/em>. Vaadatud 26.10.2017\u00a0http:\/\/maaleht.delfi.ee\/news\/maaleht\/tarbija\/eestimaise-toidu-tootearenduses-loovad-lisaks-tehnoloogidele-kaasa-ka-kooliopilased?id=79962934<\/li>\n<\/ul>\n<ul>\n<li>\n<p><strong>Blogipostitus:<\/strong> P\u00f5ldoja, H. (2016).\u00a0<em>Sisupakettide koostamise vahendid<\/em>. Vaadatud 17.08.2017\u00a0<a href=\"https:\/\/oppematerjalid.wordpress.com\/oppematerjalid\/sisupakettide-koostamise-vahendid\/\" target=\"_blank\" rel=\"noopener\">https:\/\/oppematerjalid.wordpress.com\/oppematerjalid\/sisupakettide-koostamise-vahendid\/<\/a><\/p>\n<\/li>\n<li>\n<p><strong>Vikipeedia artikkel:<\/strong>\u00a0<em>E-raamat<\/em>\u00a0(2017). Vaadatud 17.08.2017\u00a0<a href=\"https:\/\/et.wikipedia.org\/wiki\/E-raamat\" target=\"_blank\" rel=\"noopener\">https:\/\/et.wikipedia.org\/wiki\/E-raamat<\/a><\/p>\n<\/li>\n<li>\n<p><strong>Kodulehek\u00fcljel olev info ilma autori ja pealkirjata:<\/strong> Haridus- ja teadusministeeriumi kodulehek\u00fclg\u00a0(2017). Vaadatud\u00a017.08.2017\u00a0<a href=\"https:\/\/www.hm.ee\/et\/eesmargid-tegevused\/kutseharidus\" target=\"_blank\" rel=\"noopener\">https:\/\/www.hm.ee\/et\/eesmargid-tegevused\/kutseharidus<\/a><\/p>\n<\/li>\n<\/ul>\n<p><strong>Videod, taskuh\u00e4\u00e4ling ehk podcastid, pildid jms<\/strong><\/p>\n<p>Veebis oleval audiovisuaalsel materjalil v\u00f5ib sageli olla puudulik info autorite v\u00f5i loomise kuup\u00e4evade kohta. Kirjesse tuleb lisada nii palju infot, kui teil on v\u00f5imalik leida: avaldaja\/autori kasutajanimi, viimase uuendamise kuup\u00e4ev v\u00f5i siis vaatamise kuup\u00e4ev.<\/p>\n<p>YouTube\u2019is on v\u00f5imalik kl\u00f5psata video avaldaja kasutajanimel ning siis n\u00e4eb autori kohta rohkem infot, nii saab m\u00e4rkida autoriks asutust v\u00f5i konkreetset inimest.<\/p>\n<ul>\n<li>\n<p><strong>Pilt:\u00a0<\/strong>Shanmuga.srinivas (2016).\u00a0Unity. Vaadatud\u00a017.08.2017\u00a0<a href=\"http:\/\/commons.wikimedia.org\/wiki\/Image:UNITY.jpg\" target=\"_blank\" rel=\"noopener\">http:\/\/commons.wikimedia.org\/wiki\/Image:UNITY.jpg<\/a><\/p>\n<\/li>\n<li>\n<p><strong>Video 1<\/strong>:\u00a0Eesti T\u00f6\u00f6tukassa. (2011).\u00a0<em>Suhtumise k\u00fcsimus \u2013 \u00f5ppefilm<\/em>. Vaadatud 17.08.2017\u00a0<a href=\"https:\/\/www.youtube.com\/watch?v=hv3KAGP-zlY\" target=\"_blank\" rel=\"noopener\">https:\/\/www.youtube.com\/watch?v=hv3KAGP-zlY<\/a><\/p>\n<\/li>\n<li>\n<p><strong>Video 2:<\/strong>\u00a0Johanna P (2014).\u00a0<em>\u00d5ppefilm \u00f5petajale<\/em>. Vaadatud 17.08.2017\u00a0<a href=\"https:\/\/www.youtube.com\/watch?v=-6CFhwYmsNs\" target=\"_blank\" rel=\"noopener\">https:\/\/www.youtube.com\/watch?v=-6CFhwYmsNs<\/a><\/p>\n<\/li>\n<li>\n<p><strong>Raadiosaade\/podcast:<\/strong>\u00a0Eesti Rahvusringh\u00e4\u00e4ling\u00a0(01.04.2017).\u00a0<em>Eesti lugu. Valge laev<\/em>\u00a0[Vikerraadio podcast]. Kuulatud 17.08.2017\u00a0<a href=\"http:\/\/vikerraadio.err.ee\/v\/eesti_lugu\/saated\/684cfb8c-62e9-4e42-b60e-881394882e7b\/eesti-lugu-valge-laev\" target=\"_blank\" rel=\"noopener\">http:\/\/vikerraadio.err.ee\/v\/eesti_lugu\/saated\/684cfb8c-62e9-4e42-b60e-881394882e7b\/eesti-lugu-valge-laev<\/a><\/p>\n<\/li>\n<li>\n<p><strong>TV saade:<\/strong>\u00a0Eesti Rahvusringh\u00e4\u00e4ling (24.05.2016).\u00a0<em>Kirjandusministeerium 36<\/em>\u00a0\u00a0[TV saade]. Vaadatud 17.08.2017\u00a0<a href=\"https:\/\/arhiiv.err.ee\/vaata\/kirjandusministeerium-36\" target=\"_blank\" rel=\"noopener\">https:\/\/arhiiv.err.ee\/vaata\/kirjandusministeerium-36<\/a><\/p>\n<\/li>\n<li>\n<p><strong>M\u00e4ngufilm:<\/strong>\u00a0Taska, K. (Tootja), N\u00fcganen, E. (Re\u017eiss\u00f6\u00f6r). (2003). <em>Nimed marmortahvlil<\/em> [m\u00e4ngufilm]. Eesti-Soome: Taska Film &amp; MRP Matila R\u00f6hr Productions OY.<\/p>\n<\/li>\n<\/ul>\n<p><strong>Riiklikud dokumendid<\/strong><\/p>\n<ul>\n<li>\n<p><strong>Statistika<\/strong>:\u00a0Eesti Statistikaamet (2017). TT 192: Koolitusel osalemine 12 viimase kuu jooksul vanuser\u00fchma j\u00e4rgi [statistika andmebaas]. Vaadatud 17.08.2017\u00a0<a href=\"http:\/\/pub.stat.ee\/px-web.2001\/Dialog\/varval.asp?ma=TT192&amp;ti=KOOLITUSEL+OSALEMINE+12+VIIMASE+KUU+JOOKSUL+VANUSER%DCHMA+J%C4RGI&amp;path=..\/Database\/Sotsiaalelu\/15Tooturg\/08Rahvastiku_haridustase\/04Eppes_osalemine_12_kuud\/&amp;lang=2\" target=\"_blank\" rel=\"noopener\">http:\/\/pub.stat.ee\/px-web.2001\/Dialog\/varval.asp?ma=TT192&amp;ti=KOOLITUSEL+OSALEMINE+12+VIIMASE+KUU+JOOKSUL+VANUSER%DCHMA+J%C4RGI&amp;path=..\/Database\/Sotsiaalelu\/15Tooturg\/08Rahvastiku_haridustase\/04Eppes_osalemine_12_kuud\/&amp;lang=2<\/a><\/p>\n<\/li>\n<li><strong>Standard:<\/strong>\u00a0EVS-ISO 15489-1:2004. Informatsioon ja dokumentatsioon. Dokumendihaldus. Osa 1: \u00dcldn\u00f5uded. Tallinn: Eesti Standardikeskus.<\/li>\n<\/ul>\n<p><strong>Viitamine tarkvarale<\/strong><\/p>\n<p>Kui mainite\/kirjeldate oma materjalides erinevat tarkvara (sh veebip\u00f5hist) v\u00f5i nutiseadme rakendusi, arvutim\u00e4nge, siis teatud juhtumite puhul peab tarkvarale viitama. Viitama ei pea \u00fcldlevinud tarkvara kasutamise puhul (nt MS Office, Adope Photoshop, SPSS, SAS), k\u00fcll aga peab seda \u00e4ra nimetama ja soovitavalt sulgudes m\u00e4rkida kasutatud tarkvara versioon (McAdoo, 2015).<\/p>\n<ul>\n<li>\u00a0Eksperimendi tulemused sisestati Microsoft Exceli programmi (Microsoft Office Professional 2016).<\/li>\n<\/ul>\n<p>Kui kasutate\/kirjeldate oma materjalides <strong>veebip\u00f5hiseid rakendusi<\/strong>, siis tuleb neid samuti nimetada ja nime j\u00e4rel sulgudesse lisada rakenduse veebiaadress. Kasutatud allikate sekka kirjeid ei tehta.<\/p>\n<ul>\n<li>Uuringu tulemusi t\u00f6\u00f6deldi rakenduse SurveyMonkey (https:\/\/www.surveymonkey.com) abil.\u00a0<\/li>\n<\/ul>\n<p>Mobiilrakenduste ehk <strong>\u00e4ppide<\/strong>, arvutim\u00e4ngude ja spetsiifilise tarkvara (mida tuleb arvutisse paigaldada ja mis ei ole \u00fcldlevinud) mainimise puhul peaks nendele viitama nii teksti sees kui vormistama ka kirje. Tekstisisese viite puhul lisatakse ka tarkvara\/rakenduse versiooni number, kui see on teada.<\/p>\n<ul>\n<li>Kasutasime \u00f5ppijatega arvutim\u00e4ngu Minecraft\u00a0(Mojang Synergies AB, 2017).<\/li>\n<li>Tunnis uurisime \u00e4ppi \u201cEesti Linnud\u201d (versioon 1.4; Eesti Ornitoloogia\u00fching, 2017).<\/li>\n<\/ul>\n<p>Kirje vormistamisel kehtivad samasugused reeglid: autor, kuup\u00e4ev, pealkiri, allika liik nurksulgudes, asukoht. Kui autor pole teada, siis alustage pealkirjast.<\/p>\n<ul>\n<li>Wondershare Filmora (2017). Filmora [arvutitarkvara].\u00a0 Vaadatud https:\/\/filmora.wondershare.net\/\u00a0<\/li>\n<li>Eesti Ornitoloogia\u00fching (2016). Eesti linnud [mobiilirakendus]. Leitud rakenduse e-poes AppStore.<\/li>\n<li>\n<p>Mojang Synergies AB (2017). Minecraft [arvutim\u00e4ng]. Vaadatud https:\/\/minecraft.net\/<\/p>\n<\/li>\n<\/ul>\n<p>Teinekord tuleb teha \u00fcsna palju uurimist\u00f6\u00f6d, et leida vajalikud andmed, nt \u00e4ppide puhul peab avama konkreetset \u00e4ppi rakenduste poes ja lugema infot selle kohta, tavaliselt on seal kenasti v\u00e4lja toodud autorid, versioon jm oluline info. Kui tegijate arv on suur, tasub uurida, kellele kuuluvad autori\u00f5igused (copyright-m\u00e4rk) ja viidata temale (enamasti on see asutus).<\/p>\n<p><strong>M\u00f5ttekoht:<\/strong>\u00a0millist tarkvara v\u00f5ib pidada \u00fcldlevinuks? Sellele otsest vastust ei ole ja see on teie kui autori otsustada. K\u00fcll aga v\u00f5iks viidata avatud l\u00e4htekoodiga v\u00f5i vabavaraliste programmide loojatele, eriti neile, mida on loonud v\u00e4iksemad tegijad ja mis ei ole v\u00e4ga laialt levinud.\u00a0<\/p>\n","protected":false},"excerpt":{"rendered":"<p>Iga materjali\/teose\/publikatsiooni l\u00f5ppu tuleb lisada t\u00e4ielik kasutatud allikate loetelu. Nende abil on materjali kasutajatel v\u00f5imalik n\u00e4ha, milliseid allikaid te kasutasite, hinnata neid ja vajadusel ka leida. K\u00f5ik materjali sees viidatud allikad peavad kajastuma kasutatud allikate loetelus! Iga allika kirje peab &#8230;<\/p>\n","protected":false},"author":6,"featured_media":0,"parent":0,"menu_order":0,"comment_status":"closed","ping_status":"closed","template":"","meta":{"_acf_changed":false,"inline_featured_image":false,"footnotes":""},"class_list":["post-7","page","type-page","status-publish","hentry"],"acf":[],"_links":{"self":[{"href":"https:\/\/sisu.ut.ee\/viitamiseabc\/wp-json\/wp\/v2\/pages\/7","targetHints":{"allow":["GET"]}}],"collection":[{"href":"https:\/\/sisu.ut.ee\/viitamiseabc\/wp-json\/wp\/v2\/pages"}],"about":[{"href":"https:\/\/sisu.ut.ee\/viitamiseabc\/wp-json\/wp\/v2\/types\/page"}],"author":[{"embeddable":true,"href":"https:\/\/sisu.ut.ee\/viitamiseabc\/wp-json\/wp\/v2\/users\/6"}],"replies":[{"embeddable":true,"href":"https:\/\/sisu.ut.ee\/viitamiseabc\/wp-json\/wp\/v2\/comments?post=7"}],"version-history":[{"count":1,"href":"https:\/\/sisu.ut.ee\/viitamiseabc\/wp-json\/wp\/v2\/pages\/7\/revisions"}],"predecessor-version":[{"id":161,"href":"https:\/\/sisu.ut.ee\/viitamiseabc\/wp-json\/wp\/v2\/pages\/7\/revisions\/161"}],"wp:attachment":[{"href":"https:\/\/sisu.ut.ee\/viitamiseabc\/wp-json\/wp\/v2\/media?parent=7"}],"curies":[{"name":"wp","href":"https:\/\/api.w.org\/{rel}","templated":true}]}}