{"id":6,"date":"2024-04-04T03:27:22","date_gmt":"2024-04-04T00:27:22","guid":{"rendered":"https:\/\/sisu.ut.ee\/viitamiseabc\/apa-viitamisstiil\/"},"modified":"2024-04-04T03:27:38","modified_gmt":"2024-04-04T00:27:38","slug":"apa-viitamisstiil","status":"publish","type":"page","link":"https:\/\/sisu.ut.ee\/viitamiseabc\/apa-viitamisstiil\/","title":{"rendered":"APA viitamisstiil"},"content":{"rendered":"<p><span>APA stiil on loodud 1929. aastal Ameerika Ps\u00fchholoogia Assotsiatsiooni poolt eesm\u00e4rgiga luua lihtne ja arusaadav reeglistik teaduspublikatsioonide struktureerimiseks ja vormistamiseks (What is APA Style, 2017). K\u00e4esoleval hetkel on kasutuses <strong>6. versioon<\/strong> APA publikatsioonide loomise juhendraamatust <\/span><span><a href=\"http:\/\/www.apastyle.org\/manual\/index.aspx\" target=\"_blank\" rel=\"noopener\">http:\/\/www.apastyle.org\/manual\/index.aspx<\/a><\/span><\/p>\n<p><span><strong>NB!<\/strong> K\u00e4esolevas \u00f5piobjektis on viited ja kirjed vormistatud veidi kohandatud APA stiilis, mis toetub eesti keele grammatika reeglitele ja tavadele.\u00a0<\/span><\/p>\n<p><span>APA viitamisreeglid tuginevad <\/span><span><strong>autor-aasta<\/strong> s\u00fcsteemile. See t\u00e4hendab,\u00a0<\/span><span>et tekstisiseselt m\u00e4rgitakse \u00e4ra kasutatud allika autori perekonnanimi ja selle loomise aasta: (Rogalevit\u0161, 2017).<\/span><\/p>\n<p><span>Viide tuleb lisada igale l\u00f5igule v\u00f5i lausele, mis ei ole t\u00f6\u00f6 autori enda kirjutatud v\u00f5i v\u00e4lja m\u00f5eldud v\u00f5i mille formuleerimisel kasutate teise autori m\u00f5tteid ja ideid. L\u00f5igule viitamisel pannakse viide peale punkti; lausele viitamisel lisatakse viide lause l\u00f5ppu, enne punkti v\u00f5i lause keskele, olenevalt teksti formuleerimisest (Ainsaar, 2016), n\u00e4iteks:<\/span><\/p>\n<ol>\n<li>\n<p><span>Teadlaste arvates ei huvita hindajaid sisu kvaliteet, pigem on nad orienteeritud m\u00f5\u00f5dikutele (Uustalu, 2013).<\/span><\/p>\n<\/li>\n<li>\n<p><span>Uustalu (2013) mainib, et teadlaste arvates \u2026.<\/span><\/p>\n<\/li>\n<li>\n<p><span>2013. aastal kirjutas Uustalu, et \u2026..<\/span><\/p>\n<\/li>\n<\/ol>\n<p><span>Tsitaadi puhul tuleb v\u00e4lja tuua ka lehek\u00fclje number, kust tsitaat p\u00e4rineb. Number lisatakse aasta j\u00e4rel, eraldades see kooloniga:<\/span><\/p>\n<p><span>Uustalu (2013:15) \u00fctleb, et \u201c\u2026..\u201d. Lehek\u00fclje number saab olla eraldatud ka komaga: Uustalu (2013, lk 15) \u00fctleb, et \u201c\u2026\u201d.<\/span><\/p>\n<p><strong>NB!<\/strong><span> Ei ole vahet, kas tsitaat p\u00e4rineb paberv\u00e4ljaandest v\u00f5i veebilehelt, viidata tuleb igal juhul! Veebilehe puhul tuleb samuti m\u00e4rkida autor ja aasta (kasv\u00f5i lehek\u00fclje viimane uuendamise v\u00f5i vaatamise aasta).<\/span><\/p>\n<p><span>Kui materjali autor ei ole m\u00e4rgitud, tuleb viidata selle pealkirjale ja aastale. Uurige siiski allikat hoolikalt, autorina saab m\u00e4rkida ka asutust v\u00f5i veebilehe omaniku.<\/span><\/p>\n<p><strong>Allpool v\u00e4ike \u00fclevaade kahest v\u00f5imalikust tekstisisese viitamise stiilist erineva autorite arvu ja liigi puhul.<\/strong><\/p>\n<div>\n<table class=\"table table-hover\">\n<tbody>\n<tr>\n<td>\n<p><strong>Kellele viitan<\/strong><\/p>\n<\/td>\n<td>\n<p><strong>Viitamise vormistus 1, esmasel mainimisel<\/strong><\/p>\n<\/td>\n<td>\n<p><strong>Viitamise vormistus 1 edaspidisel kasutamisel<\/strong><\/p>\n<\/td>\n<td>\n<p><strong>Viitamise vormistus 2, esmasel mainimisel<\/strong><\/p>\n<\/td>\n<td>\n<p><strong>Viitamise vormistus 2 edaspidisel kasutamisel<\/strong><\/p>\n<\/td>\n<\/tr>\n<tr>\n<td>\n<p><span>\u00dcks t\u00f6\u00f6 ja \u00fcks autor<\/span><\/p>\n<\/td>\n<td>\n<p><span>Tamm (2017)<\/span><\/p>\n<\/td>\n<td>\n<p><span>Tamm (2017)<\/span><\/p>\n<\/td>\n<td>\n<p><span>(Tamm, 2017)<\/span><\/p>\n<\/td>\n<td>\n<p><span>(Tamm, 2017)<\/span><\/p>\n<\/td>\n<\/tr>\n<tr>\n<td>\n<p><span>\u00dcks t\u00f6\u00f6 ja kaks autorit<\/span><\/p>\n<\/td>\n<td>\n<p><span>Tamm ja Saar (2017)<\/span><\/p>\n<\/td>\n<td>\n<p><span>Tamm ja Saar (2017)<\/span><\/p>\n<\/td>\n<td>\n<p><span>(Tamm &amp; Saar, 2017)<\/span><\/p>\n<\/td>\n<td>\n<p><span>(Tamm &amp; Saar, 2017)<\/span><\/p>\n<\/td>\n<\/tr>\n<tr>\n<td>\n<p><span>\u00dcks t\u00f6\u00f6 ja kolm autorit<\/span><\/p>\n<\/td>\n<td>\n<p><span>Tamm, Saar ja Kask (2017)<\/span><\/p>\n<\/td>\n<td>\n<p><span>Tamm et al. (2017)<\/span><\/p>\n<\/td>\n<td>\n<p><span>(Tamm, Saar &amp; Kask, 2017)<\/span><\/p>\n<\/td>\n<td>\n<p><span>(Tamm et al., 2017)<\/span><\/p>\n<\/td>\n<\/tr>\n<tr>\n<td>\n<p><span>\u00dcks t\u00f6\u00f6 ja enam kui 6 autorit<\/span><\/p>\n<\/td>\n<td>\n<p><span>Tamm et al. (2017)<\/span><\/p>\n<\/td>\n<td>\n<p><span>Tamm et al. (2017)<\/span><\/p>\n<\/td>\n<td>\n<p><span>(Tamm et al., 2017)<\/span><\/p>\n<\/td>\n<td>\n<p><span>(Tamm et al., 2017)<\/span><\/p>\n<\/td>\n<\/tr>\n<tr>\n<td>\n<p><span>Asutus\/grupp autorina (abbreviatuuriga)<\/span><\/p>\n<\/td>\n<td>\n<p><span>Eesti Rahvusringh\u00e4\u00e4ling (ERR, 2016)<\/span><\/p>\n<\/td>\n<td>\n<p><span>ERR (2016)<\/span><\/p>\n<\/td>\n<td>\n<p><span>(Eesti Rahvusringh\u00e4\u00e4ling [ERR], 2016)<\/span><\/p>\n<\/td>\n<td>\n<p><span>(ERR, 2016)<\/span><\/p>\n<\/td>\n<\/tr>\n<tr>\n<td>\n<p><span>Asutus\/grupp autorina t\u00e4isnimega<\/span><\/p>\n<\/td>\n<td>\n<p><span>Tallinna \u00dclikool (2010)<\/span><\/p>\n<\/td>\n<td>\n<p><span>Tallinna \u00dclikool (2010)<\/span><\/p>\n<\/td>\n<td>\n<p><span>(Tallinna \u00dclikool, 2010)<\/span><\/p>\n<\/td>\n<td>\n<p><span>(Tallinna \u00dclikool, 2010)<\/span><\/p>\n<\/td>\n<\/tr>\n<tr>\n<td>\n<p><span>Ilma autorita teos<\/span><\/p>\n<p><span>(sulgudes on teose pealkiri ja aasta)<\/span><\/p>\n<\/td>\n<td>\n<p><span>Solving the Y2K Problem (1997)<\/span><\/p>\n<\/td>\n<td>\n<p><span>Solving the Y2K Problem (1997)<\/span><\/p>\n<\/td>\n<td>\n<p><span>(Solving the Y2K Problem, 1997)<\/span><\/p>\n<\/td>\n<td>\n<p><span>(Solving the Y2K Problem, 1997)<\/span><\/p>\n<\/td>\n<\/tr>\n<\/tbody>\n<\/table>\n<\/div>\n","protected":false},"excerpt":{"rendered":"<p>APA stiil on loodud 1929. aastal Ameerika Ps\u00fchholoogia Assotsiatsiooni poolt eesm\u00e4rgiga luua lihtne ja arusaadav reeglistik teaduspublikatsioonide struktureerimiseks ja vormistamiseks (What is APA Style, 2017). K\u00e4esoleval hetkel on kasutuses 6. versioon APA publikatsioonide loomise juhendraamatust http:\/\/www.apastyle.org\/manual\/index.aspx NB! K\u00e4esolevas \u00f5piobjektis on &#8230;<\/p>\n","protected":false},"author":6,"featured_media":0,"parent":0,"menu_order":0,"comment_status":"closed","ping_status":"closed","template":"","meta":{"_acf_changed":false,"inline_featured_image":false,"footnotes":""},"class_list":["post-6","page","type-page","status-publish","hentry"],"acf":[],"_links":{"self":[{"href":"https:\/\/sisu.ut.ee\/viitamiseabc\/wp-json\/wp\/v2\/pages\/6","targetHints":{"allow":["GET"]}}],"collection":[{"href":"https:\/\/sisu.ut.ee\/viitamiseabc\/wp-json\/wp\/v2\/pages"}],"about":[{"href":"https:\/\/sisu.ut.ee\/viitamiseabc\/wp-json\/wp\/v2\/types\/page"}],"author":[{"embeddable":true,"href":"https:\/\/sisu.ut.ee\/viitamiseabc\/wp-json\/wp\/v2\/users\/6"}],"replies":[{"embeddable":true,"href":"https:\/\/sisu.ut.ee\/viitamiseabc\/wp-json\/wp\/v2\/comments?post=6"}],"version-history":[{"count":1,"href":"https:\/\/sisu.ut.ee\/viitamiseabc\/wp-json\/wp\/v2\/pages\/6\/revisions"}],"predecessor-version":[{"id":160,"href":"https:\/\/sisu.ut.ee\/viitamiseabc\/wp-json\/wp\/v2\/pages\/6\/revisions\/160"}],"wp:attachment":[{"href":"https:\/\/sisu.ut.ee\/viitamiseabc\/wp-json\/wp\/v2\/media?parent=6"}],"curies":[{"name":"wp","href":"https:\/\/api.w.org\/{rel}","templated":true}]}}