{"id":5,"date":"2024-04-04T03:27:22","date_gmt":"2024-04-04T00:27:22","guid":{"rendered":"https:\/\/sisu.ut.ee\/viitamiseabc\/lisalugemist\/"},"modified":"2024-04-04T03:27:38","modified_gmt":"2024-04-04T00:27:38","slug":"lisalugemist","status":"publish","type":"page","link":"https:\/\/sisu.ut.ee\/viitamiseabc\/lisalugemist\/","title":{"rendered":"Lisalugemist"},"content":{"rendered":"<p><span>Plagiaadi v\u00e4ltimine ja viitamine. (2017). Tartu \u00dclikool.\u00a0 Vaadatud\u00a0\u00a007.09.2017. <a href=\"https:\/\/sisu.ut.ee\/plagiaat_viitamine\/avaleht\" target=\"_blank\" rel=\"noopener\">https:\/\/sisu.ut.ee\/plagiaat_viitamine\/avaleht<\/a>\u00a0<\/span><\/p>\n<p><span>P\u00f5ldoja, H. (2016).\u00a0\u00d5ppematerjalide autori\u00f5igus. Vaadatud\u00a0 07.09.2017\u00a0<a href=\"https:\/\/oppematerjalid.wordpress.com\/oppematerjalid\/oppematerjalide-autorioigus\/\" target=\"_blank\" rel=\"noopener\">https:\/\/oppematerjalid.wordpress.com\/oppematerjalid\/oppematerjalide-autorioigus\/<\/a>\u00a0<\/span><\/p>\n<p>P\u00f5ldoja, H., Laanpere, M. (2016).\u00a0Allikmaterjalidele viitamine. Vaadatud\u00a0 07.09.2017\u00a0<a href=\"https:\/\/oppematerjalid.wordpress.com\/oppematerjalid\/arhiiv\/allikmaterjalidele-viitamine\/\" target=\"_blank\" rel=\"noopener\">https:\/\/oppematerjalid.wordpress.com\/oppematerjalid\/arhiiv\/allikmaterjalidele-viitamine\/<\/a><\/p>\n<p>Maadvere, I. (2017).\u00a0Teiste autorite t\u00f6\u00f6de ja litsentside kasutamine \u00f5ppet\u00f6\u00f6s.\u00a0Vaadatud\u00a0 07.09.2017\u00a0<a href=\"https:\/\/sisu.ut.ee\/autorioigused\" target=\"_blank\" rel=\"noopener\">https:\/\/sisu.ut.ee\/autorioigused<\/a><\/p>\n<p>Maadvere, I. (2012).\u00a0Uurimist\u00f6\u00f6 GAGis: viitamine (MS Word 2010).\u00a0Vaadatud\u00a0 07.09.2017\u00a0<a href=\"https:\/\/www.youtube.com\/watch?v=V8-jVFvQ77k\" target=\"_blank\" rel=\"noopener\">https:\/\/www.youtube.com\/watch?v=V8-jVFvQ77k<\/a>\u00a0<\/p>\n","protected":false},"excerpt":{"rendered":"<p>Plagiaadi v\u00e4ltimine ja viitamine. (2017). Tartu \u00dclikool.\u00a0 Vaadatud\u00a0\u00a007.09.2017. https:\/\/sisu.ut.ee\/plagiaat_viitamine\/avaleht\u00a0 P\u00f5ldoja, H. (2016).\u00a0\u00d5ppematerjalide autori\u00f5igus. Vaadatud\u00a0 07.09.2017\u00a0https:\/\/oppematerjalid.wordpress.com\/oppematerjalid\/oppematerjalide-autorioigus\/\u00a0 P\u00f5ldoja, H., Laanpere, M. (2016).\u00a0Allikmaterjalidele viitamine. Vaadatud\u00a0 07.09.2017\u00a0https:\/\/oppematerjalid.wordpress.com\/oppematerjalid\/arhiiv\/allikmaterjalidele-viitamine\/ Maadvere, I. (2017).\u00a0Teiste autorite t\u00f6\u00f6de ja litsentside kasutamine \u00f5ppet\u00f6\u00f6s.\u00a0Vaadatud\u00a0 07.09.2017\u00a0https:\/\/sisu.ut.ee\/autorioigused Maadvere, I. (2012).\u00a0Uurimist\u00f6\u00f6 GAGis: viitamine (MS Word &#8230;<\/p>\n","protected":false},"author":6,"featured_media":0,"parent":0,"menu_order":0,"comment_status":"closed","ping_status":"closed","template":"","meta":{"_acf_changed":false,"inline_featured_image":false,"footnotes":""},"class_list":["post-5","page","type-page","status-publish","hentry"],"acf":[],"_links":{"self":[{"href":"https:\/\/sisu.ut.ee\/viitamiseabc\/wp-json\/wp\/v2\/pages\/5","targetHints":{"allow":["GET"]}}],"collection":[{"href":"https:\/\/sisu.ut.ee\/viitamiseabc\/wp-json\/wp\/v2\/pages"}],"about":[{"href":"https:\/\/sisu.ut.ee\/viitamiseabc\/wp-json\/wp\/v2\/types\/page"}],"author":[{"embeddable":true,"href":"https:\/\/sisu.ut.ee\/viitamiseabc\/wp-json\/wp\/v2\/users\/6"}],"replies":[{"embeddable":true,"href":"https:\/\/sisu.ut.ee\/viitamiseabc\/wp-json\/wp\/v2\/comments?post=5"}],"version-history":[{"count":1,"href":"https:\/\/sisu.ut.ee\/viitamiseabc\/wp-json\/wp\/v2\/pages\/5\/revisions"}],"predecessor-version":[{"id":159,"href":"https:\/\/sisu.ut.ee\/viitamiseabc\/wp-json\/wp\/v2\/pages\/5\/revisions\/159"}],"wp:attachment":[{"href":"https:\/\/sisu.ut.ee\/viitamiseabc\/wp-json\/wp\/v2\/media?parent=5"}],"curies":[{"name":"wp","href":"https:\/\/api.w.org\/{rel}","templated":true}]}}