{"id":41,"date":"2024-04-04T03:27:24","date_gmt":"2024-04-04T00:27:24","guid":{"rendered":"https:\/\/sisu.ut.ee\/viitamiseabc\/viitamise-abc\/"},"modified":"2024-04-04T03:27:37","modified_gmt":"2024-04-04T00:27:37","slug":"viitamise-abc","status":"publish","type":"page","link":"https:\/\/sisu.ut.ee\/viitamiseabc\/viitamise-abc\/","title":{"rendered":"Viitamise eesm\u00e4rk ja p\u00f5him\u00f5tted"},"content":{"rendered":"<p>Me kasutame oma t\u00f6\u00f6des palju erinevate autorite loodud tekste, fotosid, ideid, v\u00e4iteid, andmeid jm. Seega peame me teistele autoritele viitama, lisades oma t\u00f6\u00f6sse info kasutatu kohta.<\/p>\n<p>Allikmaterjalidele viitamine on osa t\u00e4nap\u00e4evasest digip\u00e4devusest. K\u00f5ige rangemad n\u00f5uded viitamisele on teadusmaailmas, kuid autori \u00e4ra m\u00e4rkimine on asjakohane ka sotsiaalmeedias v\u00f5i ajaveebis, sel juhul v\u00f5ib reegleid olla v\u00e4hem.<\/p>\n<p><strong><br class=\"kix-line-break\">Miks viidata?<\/strong><\/p>\n<p>Oma t\u00f6\u00f6s eristatakse teiste m\u00f5tted ja loodud materjalid selgelt ning viidatakse nende autoritele.<\/p>\n<ul>\n<li>Viitamine \u00a0n\u00e4itab lugupidamist teise autori suhtes, on teda tunnustav.<\/li>\n<li>Annab \u00a0loodule usaldusv\u00e4\u00e4rsust ja n\u00e4itab, et argumente toetavad selged t\u00f5endid.<\/li>\n<li>Korrektne viide aitab vajadusel tagasi p\u00f6\u00f6rduda algallika juurde, kui n\u00e4iteks on vaja kontrollida andmeid.<\/li>\n<li>T\u00e4psed ja asjakohased viited aitavad v\u00e4ltida s\u00fc\u00fcdistusi plagiaadist.<\/li>\n<\/ul>\n<p><br class=\"kix-line-break\">Autori\u00f5iguse seaduses \u00a7-s 19 on kirjas, et kui \u00a0teost kasutatakse vabalt \u00a0teaduslikel, hariduslikel, informatsioonilistel ja \u00f5igusem\u00f5istmise eesm\u00e4rkidel, tuleb kindlasti \u00e4ra n\u00e4idata teose autori nimi, teose nimetus ja avaldamisallikas. (Autori\u00f5iguse seadus, 2017)<\/p>\n<p><strong>Millised andmed vajavad viitamist?<\/strong><\/p>\n<ul>\n<li>Teiste autorite tekstimaterjalid. Neid kasutakse kas neid tsiteerides v\u00f5i refereerides.<\/li>\n<\/ul>\n<p><strong>Tsitaat:<\/strong> s\u00f5nas\u00f5naline v\u00e4ljav\u00f5te mingist tekstist viitega autorile v\u00f5i allikale. Viide m\u00e4rgitakse kohe peale lause l\u00f5pu jutum\u00e4rke.<\/p>\n<p>N\u00e4iteks: Lennart Meri on \u00f6elnud: \u201dInimene kui \u00f5ppimisv\u00f5imeline olevus liigub tuntud minevikust tundmatusse tulevikku.\u201d (Meri, 1976)<\/p>\n<p><strong>Refereerimine:<\/strong> vabas vormis teise autori seisukohtade edasiandmine oma so\u0303nadega. Sellisel juhul jutuma\u0308rke ei kasutata ja viidatakse kindlasti algallikale vo\u0303i autorile.\u00a0<\/p>\n<p>Viidata tuleb teiste autorite poolt loodud<\/p>\n<ul>\n<li>andmed<\/li>\n<li>graafikud, tabelid, video, multimeedia jne<\/li>\n<li>fotod ja illustratsioone<\/li>\n<li>ideed v\u00f5i m\u00f5isted<\/li>\n<li>teooriad<\/li>\n<li>arvamust v\u00f5i anal\u00fc\u00fcsi<\/li>\n<li>muusikat v\u00f5i muud esitusmeediat<\/li>\n<li>arvuti kood<\/li>\n<li>kujundused, joonised v\u00f5i plaanid<\/li>\n<\/ul>\n<p>Kui t\u00f6\u00f6s on kasutatud teiste autorite loomingut ilma, et neile viidataks, siis on tegu loomevarguse ehk <strong>plagiaadiga<\/strong>. Vaid laialt levinud teadmiste puhul, n\u00e4iteks et Eestis on 15 maakonda, ei ole viite puudumine viga. Samuti ei pea viitama valemitele.<\/p>\n<p>\u00a0<strong>Viitamise p\u00f5him\u00f5tted<\/strong><\/p>\n<p>1. Kogu t\u00f6\u00f6s kasutatakse \u00fchtset viitamisstiili.<\/p>\n<p>2. Viide koosneb kahest osast:<\/p>\n<ul>\n<li>\n<p>tekstisisene viide;<\/p>\n<\/li>\n<li>\n<p>viitekirje kasutatud kirjanduse loetelus.<\/p>\n<\/li>\n<\/ul>\n<p>3. Teiste autorite loomingule tuleb viidata ka esitluses, videos jms.<\/p>\n<p>Selleks, et digitaalsed materjalid oleksid kiirelt leitavad, kasutatakse nende loomisel metaandmeid. Viitamisel on olulised andmed autori(te) nimi, pealkiri, mis t\u00fc\u00fcpi materjaliga on tegu, millal materjal loodi\/muudeti, veebilehe aadress. \u00c4rge unustage oma loodud materjalidele lisamast andmeid autori ja t\u00f6\u00f6 kohta!<\/p>\n","protected":false},"excerpt":{"rendered":"<p>Me kasutame oma t\u00f6\u00f6des palju erinevate autorite loodud tekste, fotosid, ideid, v\u00e4iteid, andmeid jm. Seega peame me teistele autoritele viitama, lisades oma t\u00f6\u00f6sse info kasutatu kohta. Allikmaterjalidele viitamine on osa t\u00e4nap\u00e4evasest digip\u00e4devusest. K\u00f5ige rangemad n\u00f5uded viitamisele on teadusmaailmas, kuid autori &#8230;<\/p>\n","protected":false},"author":6,"featured_media":0,"parent":0,"menu_order":0,"comment_status":"closed","ping_status":"closed","template":"","meta":{"_acf_changed":false,"inline_featured_image":false,"footnotes":""},"class_list":["post-41","page","type-page","status-publish","hentry"],"acf":[],"_links":{"self":[{"href":"https:\/\/sisu.ut.ee\/viitamiseabc\/wp-json\/wp\/v2\/pages\/41","targetHints":{"allow":["GET"]}}],"collection":[{"href":"https:\/\/sisu.ut.ee\/viitamiseabc\/wp-json\/wp\/v2\/pages"}],"about":[{"href":"https:\/\/sisu.ut.ee\/viitamiseabc\/wp-json\/wp\/v2\/types\/page"}],"author":[{"embeddable":true,"href":"https:\/\/sisu.ut.ee\/viitamiseabc\/wp-json\/wp\/v2\/users\/6"}],"replies":[{"embeddable":true,"href":"https:\/\/sisu.ut.ee\/viitamiseabc\/wp-json\/wp\/v2\/comments?post=41"}],"version-history":[{"count":1,"href":"https:\/\/sisu.ut.ee\/viitamiseabc\/wp-json\/wp\/v2\/pages\/41\/revisions"}],"predecessor-version":[{"id":143,"href":"https:\/\/sisu.ut.ee\/viitamiseabc\/wp-json\/wp\/v2\/pages\/41\/revisions\/143"}],"wp:attachment":[{"href":"https:\/\/sisu.ut.ee\/viitamiseabc\/wp-json\/wp\/v2\/media?parent=41"}],"curies":[{"name":"wp","href":"https:\/\/api.w.org\/{rel}","templated":true}]}}