{"id":40,"date":"2024-04-04T03:27:24","date_gmt":"2024-04-04T00:27:24","guid":{"rendered":"https:\/\/sisu.ut.ee\/viitamiseabc\/avaleht\/"},"modified":"2024-04-11T18:19:43","modified_gmt":"2024-04-11T15:19:43","slug":"avaleht","status":"publish","type":"page","link":"https:\/\/sisu.ut.ee\/viitamiseabc\/","title":{"rendered":"Avaleht"},"content":{"rendered":"<h1 style=\"text-align: center;\">\u00d5piobjekt\u00a0\u201c<strong style=\"color: inherit; font-family: inherit;\">Viitamise ABC<\/strong>\u201d\u00a0(ingl <em style=\"color: inherit; font-family: inherit;\">ABC of Referencing<\/em>)<\/h1>\n<p style=\"text-align: left;\"><strong>Autorid<\/strong>:\u00a0Veronika Rogalevit\u0161 (Tallinna \u00dclikool), Siret Lahemaa (Lauka P\u00f5hikool)<\/p>\n<div id=\"content-panels\" class=\"at-panel gpanel panel-display content clearfix\">\n<div class=\"region region-content-top  \">\n<div id=\"block-os-pages-main-content\" class=\"block block-os-pages contextual-links-region\">\n<div class=\"content\">\n<div id=\"node-15221\" class=\"node node-page clearfix\">\n<div class=\"content\">\n<div class=\"field field-name-body field-type-text-with-summary field-label-hidden\">\n<div class=\"field-items\">\n<div class=\"field-item even\">\n<p><strong>Eesm\u00e4rk:<\/strong>\u00a0tutvustada viitamise p\u00f5him\u00f5tteid ja eesm\u00e4rke, erinevaid viitamiss\u00fcsteeme ja reegleid; \u00f5petada tekstisisest viitamist ja kasutatud allikate loetelu vormistamist enamlevinud viitamiss\u00fcsteemide alusel; tutvustada viitehaldusprogramme.<\/p>\n<p><strong>Sihtr\u00fchm<\/strong>: k\u00f5ikide haridusastmete \u00f5petajad jm huvlised.<\/p>\n<p><strong>Vajalikud eelteadmised:<\/strong>\u00a0\u00a0tekstit\u00f6\u00f6tlustarkvara (MS Word, Google Dokumendid, Pages vms) kasutamise oskus kesktasemel.<\/p>\n<p><strong>Maht:<\/strong>\u00a06 akadeemilist tundi ehk umbes 270 minutit \u00f5ppija t\u00f6\u00f6d teemade ja \u00f5piv\u00e4ljundite omandamiseks.<\/p>\n<p><strong>\u00d5pitulemused\u00a0\u00a0<\/strong><\/p>\n<p>\u00d5piobjekti l\u00e4binu<\/p>\n<ul>\n<li>m\u00f5istab viitamise olulisust ja oskab \u00fcles leida olulised metaandmed kasutatavate allikate kohta;<\/li>\n<li>oskab viidata teistele allikatele oma materjali sees (numbriline viitamine nt), kirjete vormistamisel kasutab v\u00e4hemalt kolme kasutatud allika komponenti: pealkiri, autor, aasta (Autori\u00f5iguse seaduse n\u00f5ue);<\/li>\n<li>tunneb ja eristab APA ja MLA viitamiss\u00fcsteeme ning oskab neid kasutada;<\/li>\n<li>oskab kasutada kahte erinevat viitehaldusprogrammi kirjete loomiseks ja haldamiseks.<\/li>\n<\/ul>\n<p><strong>\u00d5piobjekti loomise aeg:<\/strong>\u00a0september 2017<\/p>\n<p><a href=\"http:\/\/creativecommons.org\/licenses\/by-nc\/4.0\/\" rel=\"license\"><img decoding=\"async\" style=\"border-width: 0px; margin: 10px 0px; vertical-align: top;\" src=\"https:\/\/i.creativecommons.org\/l\/by-nc\/4.0\/88x31.png\" alt=\"Creative Commons License\"><\/a><\/p>\n<\/div>\n<div class=\"field-item even\">This work is licensed under a <a href=\"https:\/\/creativecommons.org\/licenses\/by-nc\/4.0\/\" target=\"_blank\" rel=\"noopener\">Creative Commons Attribution-NonCommercial 4.0 International License<\/a>.<\/div>\n<div class=\"field-item even\"><\/div>\n<div class=\"field-item even\">\n<p>\u00d5piobjektide loomist projekti \u201eTargalt internetis\u201c raames kaasrahastab 50% ulatuses Euroopa Komisjoni Euroopa \u00dchendamise Rahastu.<\/p>\n<p><img loading=\"lazy\" decoding=\"async\" width=\"522\" height=\"59\" class=\"alignnone wp-image-64\" style=\"margin-right: 10px; margin-left: 10px;\" title=\"ee_cef_0.png\" src=\"https:\/\/sisu.ut.ee\/wp-content\/uploads\/sites\/227\/ee_cef_0.png\" alt=\"logo\" srcset=\"https:\/\/sisu.ut.ee\/wp-content\/uploads\/sites\/227\/ee_cef_0.png 522w, https:\/\/sisu.ut.ee\/wp-content\/uploads\/sites\/227\/ee_cef_0-300x34.png 300w\" sizes=\"auto, (max-width: 522px) 100vw, 522px\"><img loading=\"lazy\" decoding=\"async\" width=\"450\" height=\"87\" class=\"alignnone wp-image-65\" style=\"margin-top: 5px; margin-bottom: 5px;\" title=\"targalt-internetis-logo.jpg\" src=\"https:\/\/sisu.ut.ee\/wp-content\/uploads\/sites\/227\/targalt-internetis-logo.jpg\" alt=\"Targalt internetis logo\" srcset=\"https:\/\/sisu.ut.ee\/wp-content\/uploads\/sites\/227\/targalt-internetis-logo.jpg 450w, https:\/\/sisu.ut.ee\/wp-content\/uploads\/sites\/227\/targalt-internetis-logo-300x58.jpg 300w\" sizes=\"auto, (max-width: 450px) 100vw, 450px\"><img loading=\"lazy\" decoding=\"async\" class=\"alignnone wp-image-66\" title=\"hitsa_logo.jpg\" src=\"https:\/\/sisu.ut.ee\/wp-content\/uploads\/sites\/227\/hitsa_logo.jpg\" alt=\"HITSA logo\" width=\"367\" height=\"146\" srcset=\"https:\/\/sisu.ut.ee\/wp-content\/uploads\/sites\/227\/hitsa_logo.jpg 1081w, https:\/\/sisu.ut.ee\/wp-content\/uploads\/sites\/227\/hitsa_logo-300x119.jpg 300w, https:\/\/sisu.ut.ee\/wp-content\/uploads\/sites\/227\/hitsa_logo-1024x407.jpg 1024w, https:\/\/sisu.ut.ee\/wp-content\/uploads\/sites\/227\/hitsa_logo-768x305.jpg 768w\" sizes=\"auto, (max-width: 367px) 100vw, 367px\"><\/p>\n<p><strong>Vaata ka teisi projekti \u201cTargalt internetis\u201d raames loodud \u00f5piobjekte:<\/strong><\/p>\n<ul>\n<li><a style=\"background-color: #ffffff;\" href=\"https:\/\/sisu.ut.ee\/autorioigused\" target=\"_blank\" rel=\"noopener\">Teiste autorite t\u00f6\u00f6de ja litsentside kasutamine \u00f5ppet\u00f6\u00f6s<\/a><\/li>\n<li><a style=\"background-color: #ffffff;\" href=\"https:\/\/sisu.ut.ee\/nutiturva\" target=\"_blank\" rel=\"noopener\">Nutiseadmete turvalisus<\/a><\/li>\n<li><a style=\"background-color: #ffffff;\" href=\"https:\/\/sisu.ut.ee\/autentimine\" target=\"_blank\" rel=\"noopener\">Erinevad autentimisviisid<\/a><\/li>\n<li><a style=\"background-color: #ffffff;\" href=\"https:\/\/sisu.ut.ee\/minuandmed\" target=\"_blank\" rel=\"noopener\">Kus on minu andmed?<\/a><\/li>\n<\/ul>\n<\/div>\n<\/div>\n<\/div>\n<\/div>\n<\/div>\n<\/div>\n<\/div>\n<\/div>\n<\/div>\n","protected":false},"excerpt":{"rendered":"<p>\u00d5piobjekt\u00a0\u201cViitamise ABC\u201d\u00a0(ingl ABC of Referencing) Autorid:\u00a0Veronika Rogalevit\u0161 (Tallinna \u00dclikool), Siret Lahemaa (Lauka P\u00f5hikool) Eesm\u00e4rk:\u00a0tutvustada viitamise p\u00f5him\u00f5tteid ja eesm\u00e4rke, erinevaid viitamiss\u00fcsteeme ja reegleid; \u00f5petada tekstisisest viitamist ja kasutatud allikate loetelu vormistamist enamlevinud viitamiss\u00fcsteemide alusel; tutvustada viitehaldusprogramme. Sihtr\u00fchm: k\u00f5ikide haridusastmete \u00f5petajad jm &#8230;<\/p>\n","protected":false},"author":6,"featured_media":0,"parent":0,"menu_order":0,"comment_status":"closed","ping_status":"closed","template":"","meta":{"_acf_changed":false,"inline_featured_image":false,"footnotes":""},"class_list":["post-40","page","type-page","status-publish","hentry"],"acf":[],"_links":{"self":[{"href":"https:\/\/sisu.ut.ee\/viitamiseabc\/wp-json\/wp\/v2\/pages\/40","targetHints":{"allow":["GET"]}}],"collection":[{"href":"https:\/\/sisu.ut.ee\/viitamiseabc\/wp-json\/wp\/v2\/pages"}],"about":[{"href":"https:\/\/sisu.ut.ee\/viitamiseabc\/wp-json\/wp\/v2\/types\/page"}],"author":[{"embeddable":true,"href":"https:\/\/sisu.ut.ee\/viitamiseabc\/wp-json\/wp\/v2\/users\/6"}],"replies":[{"embeddable":true,"href":"https:\/\/sisu.ut.ee\/viitamiseabc\/wp-json\/wp\/v2\/comments?post=40"}],"version-history":[{"count":3,"href":"https:\/\/sisu.ut.ee\/viitamiseabc\/wp-json\/wp\/v2\/pages\/40\/revisions"}],"predecessor-version":[{"id":199,"href":"https:\/\/sisu.ut.ee\/viitamiseabc\/wp-json\/wp\/v2\/pages\/40\/revisions\/199"}],"wp:attachment":[{"href":"https:\/\/sisu.ut.ee\/viitamiseabc\/wp-json\/wp\/v2\/media?parent=40"}],"curies":[{"name":"wp","href":"https:\/\/api.w.org\/{rel}","templated":true}]}}