{"id":30,"date":"2024-04-04T03:27:24","date_gmt":"2024-04-04T00:27:24","guid":{"rendered":"https:\/\/sisu.ut.ee\/viitamiseabc\/praktika-0\/"},"modified":"2024-04-04T03:27:37","modified_gmt":"2024-04-04T00:27:37","slug":"praktika-0","status":"publish","type":"page","link":"https:\/\/sisu.ut.ee\/viitamiseabc\/praktika-0\/","title":{"rendered":"\u041f\u0440\u0430\u043a\u0442\u0438\u0447\u0435\u0441\u043a\u043e\u0435 \u0437\u0430\u0434\u0430\u043d\u0438\u0435"},"content":{"rendered":"<p>\u041a\u043e\u0440\u0440\u0435\u043a\u0442\u043d\u043e \u043e\u0444\u043e\u0440\u043c\u0438\u0442\u0435 \u0441\u043b\u0435\u0434\u0443\u044e\u0449\u0438\u0435 \u0438\u0441\u0442\u043e\u0447\u043d\u0438\u043a\u0438.\u00a0<\/p>\n<p><strong>NB!<\/strong>\u00a0\u041a\u0430\u0436\u0434\u044b\u0439 \u043e\u0442\u0432\u0435\u0442 \u0432\u043d\u043e\u0441\u0438\u0442\u0435 \u0432 \u043e\u0442\u0434\u0435\u043b\u044c\u043d\u043e\u0435 \u043e\u043a\u043e\u0448\u043a\u043e \u0438 \u043d\u0430\u0436\u0438\u043c\u0430\u0439\u0442\u0435\u00a0 \u043d\u0430 \u043a\u043d\u043e\u043f\u043a\u0443\u00a0\u201cKontrolli!\u201d.<\/p>\n<p>1. \u041e\u043f\u0438\u0441\u0430\u043d\u0438\u0435 \u043a\u043d\u0438\u0433\u0438 \u0432 \u0441\u0442\u0438\u043b\u0435\u00a0<strong>APA<\/strong>\u00a0\u201c<em>Vanade tsivilisatsioonide fantastiline maailm<\/em>\u201d <a href=\"https:\/\/www.apollo.ee\/vanade-tsivilisatsioonide-fantastiline-maailm.html\" target=\"_blank\" rel=\"noopener\">https:\/\/www.apollo.ee\/vanade-tsivilisatsioonide-fantastiline-maailm.html<\/a><\/p>\n<div class=\"valem-ta\"><\/div>\n<p><\/p><div class=\"accordion mb-3\">\n        <div class=\"accordion-item accordion-item--white\">\n        <h2 class=\"accordion-header\" id=\"accordion-69d347044c068-heading\">\n            <button class=\"accordion-button collapsed\" type=\"button\" data-bs-toggle=\"collapse\" data-bs-target=\"#accordion-69d347044c068-collapse\" aria-expanded=\"true\" aria-controls=\"accordion-69d347044c068-collapse\"><span>\u041f\u0440\u043e\u0432\u0435\u0440\u044c<\/span><\/button>\n        <\/h2>\n        <div id=\"accordion-69d347044c068-collapse\" class=\"accordion-collapse collapse\" aria-labelledby=\"accordion-69d347044c068-heading\">\n            <div class=\"accordion-body\"><em>Vanade tsivilisatsioonide fantastiline maailm<\/em>. (2017). Tallinn: Tea Kirjastus.<\/div>\n        <\/div>\n        <\/div>\n    <\/div>\n<p>2. \u041e\u043f\u0438\u0441\u0430\u043d\u0438\u0435 \u0441\u0442\u0430\u0442\u044c\u0438 \u0432 \u0441\u0442\u0438\u043b\u0435\u00a0<strong>MLA<\/strong>\u00a0\u201c<em>Loomade l\u00e4bip\u00e4\u00e4suteed ja nende kasutamine Eestis<\/em>\u201d\u00a0<a href=\"http:\/\/akadeemiake.ee\/2017\/06\/loomade-labipaasuteed-ja-nende-kasutamine-eestis\/\" target=\"_blank\" rel=\"noopener\">http:\/\/akadeemiake.ee\/2017\/06\/loomade-labipaasuteed-ja-nende-kasutamine-eestis\/<\/a>\u00a0<\/p>\n<div class=\"valem-ta1\"><\/div>\n<p><\/p><div class=\"accordion mb-3\">\n        <div class=\"accordion-item accordion-item--white\">\n        <h2 class=\"accordion-header\" id=\"accordion-69d347044c06e-heading\">\n            <button class=\"accordion-button collapsed\" type=\"button\" data-bs-toggle=\"collapse\" data-bs-target=\"#accordion-69d347044c06e-collapse\" aria-expanded=\"true\" aria-controls=\"accordion-69d347044c06e-collapse\"><span>\u041f\u0440\u043e\u0432\u0435\u0440\u044c<\/span><\/button>\n        <\/h2>\n        <div id=\"accordion-69d347044c06e-collapse\" class=\"accordion-collapse collapse\" aria-labelledby=\"accordion-69d347044c06e-heading\">\n            <div class=\"accordion-body\"><span>Blomerius, Marie\u00a0H. \u201cLoomade l\u00e4bip\u00e4\u00e4suteed ja nende kasutamine Eestis.\u201d\u00a0<\/span><em>Akadeemiake<\/em><span>, II,\u00a02017, akadeemiake.ee\/2017\/06\/loomade-labipaasuteed-ja-nende-kasutamine-eestis\/. \u0414\u0430\u0442\u0430 \u043e\u0431\u0440\u0430\u0449\u0435\u043d\u0438\u044f 05.09.2017.<\/span><\/div>\n        <\/div>\n        <\/div>\n    <\/div>\n<p>3. \u0417\u0430\u043f\u0438\u0441\u044c\u00a0 \u043d\u0430 \u0432\u0435\u0431-\u0441\u0442\u0440\u0430\u043d\u0438\u0446\u0435 \u0432 \u0441\u0442\u0438\u043b\u0435\u00a0<strong>APA<\/strong>\u00a0\u201c<em>Otsimootorid\u201d<\/em>\u00a0<a href=\"http:\/\/infokirjaoskus.weebly.com\/otsimootorid.html\" target=\"_blank\" rel=\"noopener\">http:\/\/infokirjaoskus.weebly.com\/otsimootorid.html<\/a><\/p>\n<div class=\"valem-ta2\"><\/div>\n<p><\/p><div class=\"accordion mb-3\">\n        <div class=\"accordion-item accordion-item--white\">\n        <h2 class=\"accordion-header\" id=\"accordion-69d347044c070-heading\">\n            <button class=\"accordion-button collapsed\" type=\"button\" data-bs-toggle=\"collapse\" data-bs-target=\"#accordion-69d347044c070-collapse\" aria-expanded=\"true\" aria-controls=\"accordion-69d347044c070-collapse\"><span>\u041f\u0440\u043e\u0432\u0435\u0440\u044c<\/span><\/button>\n        <\/h2>\n        <div id=\"accordion-69d347044c070-collapse\" class=\"accordion-collapse collapse\" aria-labelledby=\"accordion-69d347044c070-heading\">\n            <div class=\"accordion-body\">H\u00e4rmask,\u00a0A., Tuisk,\u00a0E., &amp; Pael,\u00a0J. (2017). <em>Otsimootorid<\/em>. \u0414\u0430\u0442\u0430 \u043e\u0431\u0440\u0430\u0449\u0435\u043d\u0438\u044f 05.09.2017 http:\/\/infokirjaoskus.weebly.com\/otsimootorid.html <\/div>\n        <\/div>\n        <\/div>\n    <\/div>\n","protected":false},"excerpt":{"rendered":"<p>\u041a\u043e\u0440\u0440\u0435\u043a\u0442\u043d\u043e \u043e\u0444\u043e\u0440\u043c\u0438\u0442\u0435 \u0441\u043b\u0435\u0434\u0443\u044e\u0449\u0438\u0435 \u0438\u0441\u0442\u043e\u0447\u043d\u0438\u043a\u0438.\u00a0 NB!\u00a0\u041a\u0430\u0436\u0434\u044b\u0439 \u043e\u0442\u0432\u0435\u0442 \u0432\u043d\u043e\u0441\u0438\u0442\u0435 \u0432 \u043e\u0442\u0434\u0435\u043b\u044c\u043d\u043e\u0435 \u043e\u043a\u043e\u0448\u043a\u043e \u0438 \u043d\u0430\u0436\u0438\u043c\u0430\u0439\u0442\u0435\u00a0 \u043d\u0430 \u043a\u043d\u043e\u043f\u043a\u0443\u00a0\u201cKontrolli!\u201d. 1. \u041e\u043f\u0438\u0441\u0430\u043d\u0438\u0435 \u043a\u043d\u0438\u0433\u0438 \u0432 \u0441\u0442\u0438\u043b\u0435\u00a0APA\u00a0\u201cVanade tsivilisatsioonide fantastiline maailm\u201d https:\/\/www.apollo.ee\/vanade-tsivilisatsioonide-fantastiline-maailm.html \u041f\u0440\u043e\u0432\u0435\u0440\u044c Vanade tsivilisatsioonide fantastiline maailm. (2017). Tallinn: Tea Kirjastus. 2. \u041e\u043f\u0438\u0441\u0430\u043d\u0438\u0435 \u0441\u0442\u0430\u0442\u044c\u0438 \u0432 \u0441\u0442\u0438\u043b\u0435\u00a0MLA\u00a0\u201cLoomade l\u00e4bip\u00e4\u00e4suteed ja nende &#8230;<\/p>\n","protected":false},"author":6,"featured_media":0,"parent":0,"menu_order":0,"comment_status":"closed","ping_status":"closed","template":"","meta":{"_acf_changed":false,"inline_featured_image":false,"footnotes":""},"class_list":["post-30","page","type-page","status-publish","hentry"],"acf":[],"_links":{"self":[{"href":"https:\/\/sisu.ut.ee\/viitamiseabc\/wp-json\/wp\/v2\/pages\/30","targetHints":{"allow":["GET"]}}],"collection":[{"href":"https:\/\/sisu.ut.ee\/viitamiseabc\/wp-json\/wp\/v2\/pages"}],"about":[{"href":"https:\/\/sisu.ut.ee\/viitamiseabc\/wp-json\/wp\/v2\/types\/page"}],"author":[{"embeddable":true,"href":"https:\/\/sisu.ut.ee\/viitamiseabc\/wp-json\/wp\/v2\/users\/6"}],"replies":[{"embeddable":true,"href":"https:\/\/sisu.ut.ee\/viitamiseabc\/wp-json\/wp\/v2\/comments?post=30"}],"version-history":[{"count":1,"href":"https:\/\/sisu.ut.ee\/viitamiseabc\/wp-json\/wp\/v2\/pages\/30\/revisions"}],"predecessor-version":[{"id":132,"href":"https:\/\/sisu.ut.ee\/viitamiseabc\/wp-json\/wp\/v2\/pages\/30\/revisions\/132"}],"wp:attachment":[{"href":"https:\/\/sisu.ut.ee\/viitamiseabc\/wp-json\/wp\/v2\/media?parent=30"}],"curies":[{"name":"wp","href":"https:\/\/api.w.org\/{rel}","templated":true}]}}