{"id":3,"date":"2024-04-04T03:27:22","date_gmt":"2024-04-04T00:27:22","guid":{"rendered":"https:\/\/sisu.ut.ee\/viitamiseabc\/viitehaldustarkvara-kasutamine\/"},"modified":"2024-04-04T03:27:38","modified_gmt":"2024-04-04T00:27:38","slug":"viitehaldustarkvara-kasutamine","status":"publish","type":"page","link":"https:\/\/sisu.ut.ee\/viitamiseabc\/viitehaldustarkvara-kasutamine\/","title":{"rendered":"Viitehaldustarkvara kasutamine"},"content":{"rendered":"<div>T\u00e4nap\u00e4eval on mitmeid tehnilisi abivahendeid viitekirjete koostamiseks ja kasutatud allikate haldamiseks. Nende kasutamine s\u00e4\u00e4stab palju aega ja me ei pea muretsema v\u00f5imalike vormistusvigade p\u00e4rast. T\u00f5si, enamus nende poolt loodud kirjetest on ingliskeelsed ning \u00fcht-teist tuleb meil muuta k\u00e4sitsi.<\/div>\n<div><\/div>\n<div>Kirjete koostamise v\u00f5imalused on sisse ehitatud <strong>MS Wordi<\/strong>, neid saab paigaldada Google\u2019i dokumentide tekstiredaktorisse, lisaks saab kasutada eraldiseisvaid rakendusi, nagu n\u00e4iteks<\/div>\n<div>\n<ul>\n<li><a href=\"http:\/\/www.citationmachine.net\" target=\"_blank\" rel=\"noopener\">Citation Machine<\/a>,<\/li>\n<li><a style=\"background-color: #ffffff\" href=\"http:\/\/www.citefast.com\/\" target=\"_blank\" rel=\"noopener\">Citefast<\/a>,\u00a0<\/li>\n<li><a style=\"background-color: #ffffff\" href=\"http:\/\/www.easybib.com\/\" target=\"_blank\" title=\"easybib\" rel=\"noopener\">EasyBib<\/a>,<\/li>\n<li><a style=\"background-color: #ffffff\" href=\"http:\/\/www.citethisforme.com\/\" target=\"_blank\" title=\"cite\" rel=\"noopener\">Cite This For Me<\/a> jpt,<\/li>\n<li><a href=\"https:\/\/www.mendeley.com\/\" target=\"_blank\" title=\"https:\/\/www.mendeley.com\/\" rel=\"noopener\">Mendely<\/a> (mitmefunktsionaalne, sobib \u00fcli\u00f5pilasele, teadlasele, \u00f5ppej\u00f5ule),<\/li>\n<li><a href=\"https:\/\/www.zotero.org\/\" target=\"_blank\" title=\"https:\/\/www.zotero.org\/\" rel=\"noopener\">Zotero<\/a>\u00a0(mitmefunktsionaalne ja vajab paigaldamist).<\/li>\n<\/ul>\n<p>K\u00e4esoleva teema all tutvume m\u00f5nega neist l\u00e4hemalt ning uurime nende v\u00f5imalusi.<\/p><\/div>\n<div><\/div>\n<div>Teema v\u00f5tab kokku \u00fcks harjutus ja v\u00e4ike enesekontrollitest,\u00a0<\/div>\n<div><\/div>\n<p>\u00a0<\/p>\n","protected":false},"excerpt":{"rendered":"<p>T\u00e4nap\u00e4eval on mitmeid tehnilisi abivahendeid viitekirjete koostamiseks ja kasutatud allikate haldamiseks. Nende kasutamine s\u00e4\u00e4stab palju aega ja me ei pea muretsema v\u00f5imalike vormistusvigade p\u00e4rast. T\u00f5si, enamus nende poolt loodud kirjetest on ingliskeelsed ning \u00fcht-teist tuleb meil muuta k\u00e4sitsi. Kirjete koostamise &#8230;<\/p>\n","protected":false},"author":6,"featured_media":0,"parent":0,"menu_order":0,"comment_status":"closed","ping_status":"closed","template":"","meta":{"_acf_changed":false,"inline_featured_image":false,"footnotes":""},"class_list":["post-3","page","type-page","status-publish","hentry"],"acf":[],"_links":{"self":[{"href":"https:\/\/sisu.ut.ee\/viitamiseabc\/wp-json\/wp\/v2\/pages\/3","targetHints":{"allow":["GET"]}}],"collection":[{"href":"https:\/\/sisu.ut.ee\/viitamiseabc\/wp-json\/wp\/v2\/pages"}],"about":[{"href":"https:\/\/sisu.ut.ee\/viitamiseabc\/wp-json\/wp\/v2\/types\/page"}],"author":[{"embeddable":true,"href":"https:\/\/sisu.ut.ee\/viitamiseabc\/wp-json\/wp\/v2\/users\/6"}],"replies":[{"embeddable":true,"href":"https:\/\/sisu.ut.ee\/viitamiseabc\/wp-json\/wp\/v2\/comments?post=3"}],"version-history":[{"count":1,"href":"https:\/\/sisu.ut.ee\/viitamiseabc\/wp-json\/wp\/v2\/pages\/3\/revisions"}],"predecessor-version":[{"id":157,"href":"https:\/\/sisu.ut.ee\/viitamiseabc\/wp-json\/wp\/v2\/pages\/3\/revisions\/157"}],"wp:attachment":[{"href":"https:\/\/sisu.ut.ee\/viitamiseabc\/wp-json\/wp\/v2\/media?parent=3"}],"curies":[{"name":"wp","href":"https:\/\/api.w.org\/{rel}","templated":true}]}}