{"id":29,"date":"2024-04-04T03:27:24","date_gmt":"2024-04-04T00:27:24","guid":{"rendered":"https:\/\/sisu.ut.ee\/viitamiseabc\/%d1%81%d0%bf%d0%b8%d1%81%d0%be%d0%ba-%d0%b8%d1%81%d0%bf%d0%be%d0%bb%d1%8c%d0%b7%d1%83%d0%b5%d0%bc%d1%8b%d1%85-%d0%b8%d1%81%d1%82%d0%be%d1%87%d0%bd%d0%b8%d0%ba%d0%be%d0%b2-mla\/"},"modified":"2024-04-04T03:27:37","modified_gmt":"2024-04-04T00:27:37","slug":"%d1%81%d0%bf%d0%b8%d1%81%d0%be%d0%ba-%d0%b8%d1%81%d0%bf%d0%be%d0%bb%d1%8c%d0%b7%d1%83%d0%b5%d0%bc%d1%8b%d1%85-%d0%b8%d1%81%d1%82%d0%be%d1%87%d0%bd%d0%b8%d0%ba%d0%be%d0%b2-mla","status":"publish","type":"page","link":"https:\/\/sisu.ut.ee\/viitamiseabc\/%d1%81%d0%bf%d0%b8%d1%81%d0%be%d0%ba-%d0%b8%d1%81%d0%bf%d0%be%d0%bb%d1%8c%d0%b7%d1%83%d0%b5%d0%bc%d1%8b%d1%85-%d0%b8%d1%81%d1%82%d0%be%d1%87%d0%bd%d0%b8%d0%ba%d0%be%d0%b2-mla\/","title":{"rendered":"\u0421\u043f\u0438\u0441\u043e\u043a \u0438\u0441\u043f\u043e\u043b\u044c\u0437\u0443\u0435\u043c\u044b\u0445 \u0438\u0441\u0442\u043e\u0447\u043d\u0438\u043a\u043e\u0432 &#8211; MLA"},"content":{"rendered":"<p style=\"text-align: justify\">\u0418\u0441\u043f\u043e\u043b\u044c\u0437\u043e\u0432\u0430\u043d\u043d\u044b\u0435 \u0438\u0441\u0442\u043e\u0447\u043d\u0438\u043a\u0438 \u0434\u043e\u043b\u0436\u043d\u044b \u0431\u044b\u0442\u044c \u043e\u043f\u0438\u0441\u0430\u043d\u044b \u0432 \u0443\u043a\u0430\u0437\u0430\u043d\u043d\u043e\u043c \u043f\u043e\u0440\u044f\u0434\u043a\u0435 (Works Cited, 2016):<\/p>\n<ol style=\"text-align: justify\">\n<li>\n<p><strong>\u0410\u0432\u0442\u043e\u0440<\/strong>: \u0424\u0430\u043c\u0438\u043b\u0438\u044f, \u0418\u043c\u044f.<\/p>\n<\/li>\n<li>\n<p><strong>\u041d\u0430\u0437\u0432\u0430\u043d\u0438\u0435 \u043f\u0440\u043e\u0438\u0437\u0432\u0435\u0434\u0435\u043d\u0438\u044f\/\u0441\u0442\u0430\u0442\u044c\u0438:<\/strong> \u201c\u041d\u0430\u0437\u0432\u0430\u043d\u0438\u0435\u201d.<\/p>\n<\/li>\n<li>\n<p><strong>\u041d\u0430\u0437\u0432\u0430\u043d\u0438\u0435 \u043f\u0443\u0431\u043b\u0438\u043a\u0430\u0446\u0438\u0438:<\/strong> \u043d\u0430\u0437\u0432\u0430\u043d\u0438\u0435 \u0433\u0430\u0437\u0435\u0442\u044b\/\u0436\u0443\u0440\u043d\u0430\u043b\u0430\/\u0441\u0431\u043e\u0440\u043d\u0438\u043a\u0430,<\/p>\n<\/li>\n<li>\n<p><strong>\u0414\u0440\u0443\u0433\u0438\u0435 \u0443\u0447\u0430\u0441\u0442\u043d\u0438\u043a\u0438:<\/strong> \u0420\u0435\u0434\u0430\u0442\u043e\u0440(\u044b) \u2013 \u0422\u043e\u043b\u044c\u043a\u043e \u0434\u043b\u044f \u0441\u0431\u043e\u0440\u043d\u0438\u043a\u043e\u0432 \u0438\u043b\u0438 \u0434\u0440\u0443\u0433\u0438\u0445 \u0441\u043e\u0432\u043c\u0435\u0441\u0442\u043d\u044b\u0445 \u0440\u0430\u0431\u043e\u0442!<\/p>\n<\/li>\n<li>\n<p><strong>\u0412\u0435\u0440\u0441\u0438\u044f \u0438\u043b\u0438 \u043d\u043e\u043c\u0435\u0440 \u0438\u0437\u0434\u0430\u043d\u0438\u044f<\/strong>: 2,<\/p>\n<\/li>\n<li>\n<p><strong>\u041d\u043e\u043c\u0435\u0440<\/strong>: 3,<\/p>\n<\/li>\n<li>\n<p><strong>\u0418\u0437\u0434\u0430\u0442\u0435\u043b\u044c\u0441\u0442\u0432\u043e<\/strong>: Avita,<\/p>\n<\/li>\n<li>\n<p><strong>\u0414\u0430\u0442\u0430 \u0432\u044b\u043f\u0443\u0441\u043a\u0430<\/strong>: 2017,<\/p>\n<\/li>\n<li>\n<p><strong>\u041d\u043e\u043c\u0435\u0440\u0430 \u0441\u0442\u0440\u0430\u043d\u0438\u0446 \u0438\u043b\u0438 \u043c\u0435\u0441\u0442\u043e\u043f\u043e\u043b\u043e\u0436\u0435\u043d\u0438\u0435 \u0432 \u0432\u0438\u0434\u0435 \u0441\u0441\u044b\u043b\u043a\u0438<\/strong>: \u0441\u0442\u0440. 8-11.<\/p>\n<\/li>\n<\/ol>\n<p style=\"text-align: justify\">\u0412 \u0438\u0442\u043e\u0433\u0435 \u0437\u0430\u043f\u0438\u0441\u044c \u0444\u043e\u0440\u043c\u0438\u0440\u0443\u0435\u0442\u0441\u044f \u0441\u043b\u0435\u0434\u0443\u044e\u0449\u0438\u043c \u043e\u0431\u0440\u0430\u0437\u043e\u043c:<\/p>\n<p style=\"text-align: justify\">\u0418\u043c\u044f, \u0424\u0430\u043c\u0438\u043b\u0438\u044f. \u201c\u0417\u0430\u0433\u043e\u043b\u043e\u0432\u043e\u043a.\u201d \u041d\u0430\u0437\u0432\u0430\u043d\u0438\u0435 \u043f\u0443\u0431\u043b\u0438\u043a\u0430\u0446\u0438\u0438, \u0424\u0430\u043c\u0438\u043b\u0438\u044f \u0440\u0435\u0434\u0430\u043a\u0442\u043e\u0440\u0430, \u0418\u0437\u0434\u0430\u0442\u0435\u043b\u044c\u0441\u0442\u0432\u043e, 2017, \u0441\u0442\u0440. 8-11.<\/p>\n<p style=\"text-align: justify\"><strong>\u041f\u0440\u0438\u043c\u0435\u0440\u044b<\/strong>:<\/p>\n<ul style=\"text-align: justify\">\n<li>\n<p><strong>\u041a\u043d\u0438\u0433\u0430<\/strong>: Hargla, Indrek. Raudr\u00e4stiku aeg. Raudhammas, 2016.<\/p>\n<\/li>\n<li>\n<p><strong>\u041a\u043d\u0438\u0433\u0430 \u0441 \u0434\u0432\u0443\u043c\u044f \u0430\u0432\u0442\u043e\u0440\u0430\u043c\u0438:<\/strong> Lukner, Heli ja Mare M\u00fc\u00fcrsepp. F\u00fc\u00fcbits. Tammeraamat, 2017. NB! \u0412\u0442\u043e\u0440\u043e\u0439 \u0430\u0432\u0442\u043e\u0440 \u0432 \u0432\u0438\u0434\u0435 \u0418\u043c\u044f \u0424\u0430\u043c\u0438\u043b\u0438\u044f!<\/p>\n<\/li>\n<li>\n<p><strong>\u041a\u043d\u0438\u0433\u0430 \u0441 \u0442\u0440\u0435\u043c\u044f \u0438 \u0431\u043e\u043b\u043b\u0435 \u0430\u0432\u0442\u043e\u0440\u0430\u043c\u0438<\/strong>: Volmer, Daisy, et al. Praktiline sotsiaalfarmaatsia: ravimsuhtlemine apteegis. Tartu \u00dclikooli Kirjastus, 2017.<\/p>\n<\/li>\n<li>\n<p><strong>\u041e\u0440\u0433\u0430\u043d\u0438\u0437\u0430\u0446\u0438\u044f \u043a\u0430\u043a \u0430\u0432\u0442\u043e\u0440:<\/strong> USA Allergia Assotsiatsioon. Laste allergia. Random House, 1998.<\/p>\n<\/li>\n<li>\n<p><strong>\u0421\u0442\u0430\u0442\u044c\u044f \u0432 \u0436\u0443\u0440\u043d\u0430\u043b\u0435:<\/strong> Zernask, Mai. \u201cSeenes\u00fcgis\u201d. Hea Laps, 11, 2016, \u0441\u0442\u0440. 14-15.<\/p>\n<\/li>\n<li>\n<p><strong>\u0421\u0442\u0430\u0442\u044c\u044f \u0432 \u0433\u0430\u0437\u0435\u0442\u0435:<\/strong> Juurak, Raivo. \u201cHaldusreformi p\u00f5nevad p\u00e4evad\u201d. \u00d5petajate leht, 18.08.2017, \u0441\u0442\u0440. 2.<\/p>\n<\/li>\n<li>\n<p><strong>\u0422\u0430\u0436\u0435 \u0441\u0442\u0430\u0442\u044c\u044f \u0432 \u0438\u043d\u0442\u0435\u0440\u043d\u0435\u0442\u0435<\/strong>: Juurak, Raivo. \u201cHaldusreformi p\u00f5nevad p\u00e4evad\u201d. \u00d5petajate leht, 18.08.2017, <a href=\"http:\/\/opleht.ee\/2017\/08\/haldusreformi-ponevad-paevad\/\">http:\/\/opleht.ee\/2017\/08\/haldusreformi-ponevad-paevad\/<\/a> \u041f\u0440\u043e\u0441\u043c\u043e\u0442\u0440\u0435\u043d\u043e 21.08.2017.<\/p>\n<\/li>\n<li>\n<p><strong>\u0421\u0442\u0430\u0442\u044c\u044f \u0431\u0435\u0437 \u0430\u0432\u0442\u043e\u0440\u0430:<\/strong> \u201cGlobaalne soojenemine avaldab m\u00f5ju: Gr\u00f6\u00f6nimaa turism\u201d Turismo, 26.05.2007, \u0441\u0442\u0440. 82.<\/p>\n<\/li>\n<li>\n<p><strong>\u041d\u0430\u0443\u0447\u043d\u0430\u044f \u0441\u0442\u0430\u0442\u044c\u044f \u043d\u0430 \u0430\u043d\u0433\u043b\u0438\u0439\u0441\u043a\u043e\u043c \u044f\u0437\u044b\u043a\u0435<\/strong>: Bagchi, Alaknanda. \u201cConflicting Nationalisms: The Voice of the Subaltern in Mahasweta Devi\u2019s Bashai Tudu.\u201d Tulsa Studies in Women\u2019s Literature, vol. 15, no. 1, 1996, pp. 41-50.<\/p>\n<\/li>\n<li>\n<p><strong>\u0422\u0435\u043a\u0441\u0442 \u0431\u0435\u0437 \u0430\u0432\u0442\u043e\u0440\u0430 \u0432 \u0438\u043d\u0442\u0435\u0440\u043d\u0435\u0442\u0435:<\/strong> \u201c\u00dclikool arutles Arvamusfestivalil\u201d. Tallinna \u00dclikooli veebileht, <a href=\"http:\/\/www.tlu.ee\/et\/uudised\/4375\/ulikool-arutleb-arvamusfestivalil\">http:\/\/www.tlu.ee\/et\/uudised\/4375\/ulikool-arutleb-arvamusfestivalil<\/a> \u041f\u0440\u043e\u0441\u043c\u043e\u0442\u0440\u0435\u043d\u043e 21.08.2017.<\/p>\n<\/li>\n<li>\n<p><strong>\u0421\u0442\u0430\u0442\u044c\u044f \u043d\u0430 \u0441\u0430\u0439\u0442\u0435:<\/strong> Palmiste, Greete. \u201c\u00dclikoolid pole suutnud oma teadmisi ministeeriumiteni viia\u201d. ERR Novaator, 12.08.2018. <a href=\"http:\/\/novaator.err.ee\/612612\/ulikoolid-pole-suutnud-oma-teadmisi-ministeeriumiteni-viia\">http:\/\/novaator.err.ee\/612612\/ulikoolid-pole-suutnud-oma-teadmisi-ministeeriumiteni-viia<\/a> \u041f\u0440\u043e\u0441\u043c\u043e\u0442\u0440\u0435\u043d\u043e 21.08.2017.<\/p>\n<\/li>\n<li>\n<p><strong>\u0421\u0442\u0430\u0442\u044c\u044f \u0432 \u043f\u0435\u0440\u0438\u043e\u0434\u0438\u0447\u0435\u0441\u043a\u043e\u0439 \u044d\u043b\u0435\u043a\u0442\u0440\u043e\u043d\u043d\u043e\u0439 \u043f\u0443\u0431\u043b\u0438\u043a\u0430\u0446\u0438\u0438<\/strong> (\u0436\u0443\u0440\u043d\u0430\u043b, \u0433\u0430\u0437\u0435\u0442\u0430): Tammepuu, Kadri. \u201cPatsient j\u00e4\u00e4b kaotajaks\u201d. \u00c4rip\u00e4ev, 20.08.2017. <a href=\"http:\/\/www.aripaev.ee\/arvamused\/2017\/08\/20\/kadri-tammepuu-patsient-jaab-kaotajaks\">http:\/\/www.aripaev.ee\/arvamused\/2017\/08\/20\/kadri-tammepuu-patsient-jaab-kaotajaks<\/a> \u041f\u0440\u043e\u0441\u043c\u043e\u0442\u0440\u0435\u043d\u043e 21.08.2017<\/p>\n<\/li>\n<li>\n<p><strong>\u0412\u0438\u0434\u0435\u043e \u0432 \u0438\u043d\u0442\u0435\u0440\u043d\u0435\u0442\u0435:<\/strong> \u201c1 minuti loeng \u2013 Mis on l\u00f5pmatus? (Mart Abel)\u201d. Video YouTube\u2019is. \u041f\u0440\u043e\u0441\u043c\u043e\u0442\u0440\u0435\u043d\u043e \u00dclikool. \u041e\u043f\u0443\u0431\u043b\u0438\u043a\u043e\u0432\u0430\u043d\u043e 06.02.2017 <a href=\"https:\/\/www.youtube.com\/watch?v=DMNZbP7z-fI\">https:\/\/www.youtube.com\/watch?v=DMNZbP7z-fI<\/a> Vaadatud 21.08.2017.<\/p>\n<\/li>\n<li>\n<p><strong>\u0418\u0437\u043e\u0431\u0440\u0430\u0436\u0435\u043d\u0438\u0435 \u00a0\u0432 \u0438\u043d\u0442\u0435\u0440\u043d\u0435\u0442\u0435:<\/strong> Richter, Sarah. \u201cWolf in Sheep\u2019s Clothing\u201d. 2017. Pixabay. <a href=\"https:\/\/pixabay.com\/en\/wolf-in-sheep-s-clothing-wolf-sheep-2577813\/\">https:\/\/pixabay.com\/en\/wolf-in-sheep-s-clothing-wolf-sheep-2577813\/<\/a> \u041f\u0440\u043e\u0441\u043c\u043e\u0442\u0440\u0435\u043d\u043e 21.08.2017.<\/p>\n<\/li>\n<\/ul>\n<p style=\"text-align: justify\"><strong>NB!<\/strong> \u0412 \u0441\u043b\u0443\u0447\u0430\u0435 \u0441 \u0441\u043e\u043e\u0431\u0449\u0435\u043d\u0438\u044f\u043c\u0438 \u00a0\u0432 \u0431\u043b\u043e\u0433\u0430\u0445, \u0438\u0437\u043e\u0431\u0440\u0430\u0436\u0435\u043d\u0438\u044f\u043c\u0438 \u0438 \u0432\u0438\u0434\u0435\u043e\u0440\u043e\u043b\u0438\u043a\u0430\u043c\u0438 \u043d\u0430\u0434\u043e \u043f\u043e\u043f\u0440\u043e\u0431\u043e\u0432\u0430\u0442\u044c \u0432\u044b\u044f\u0441\u043d\u0438\u0442\u044c, \u043d\u0430\u0441\u0442\u043e\u044f\u0449\u0435\u0435 \u0438\u043c\u044f \u0430\u0432\u0442\u043e\u0440\u0430 (\u043d\u0430\u043f\u0440\u0438\u043c\u0435\u0440, \u043d\u0430\u0436\u0430\u0432 \u043d\u0430 \u0438\u043c\u044f \u043f\u043e\u043b\u044c\u0437\u043e\u0432\u0430\u0442\u0435\u043b\u044f). \u0415\u0441\u043b\u0438 \u043e\u0441\u0442\u0430\u0435\u0442\u0441\u044f \u043d\u0435\u044f\u0441\u043d\u044b\u043c, \u0443\u043a\u0430\u0437\u0430\u0442\u044c \u0438\u043c\u044f \u043f\u043e\u043b\u044c\u0437\u043e\u0432\u0430\u0442\u0435\u043b\u044f.<\/p>\n<div style=\"text-align: justify\"><\/div>\n","protected":false},"excerpt":{"rendered":"<p>\u0418\u0441\u043f\u043e\u043b\u044c\u0437\u043e\u0432\u0430\u043d\u043d\u044b\u0435 \u0438\u0441\u0442\u043e\u0447\u043d\u0438\u043a\u0438 \u0434\u043e\u043b\u0436\u043d\u044b \u0431\u044b\u0442\u044c \u043e\u043f\u0438\u0441\u0430\u043d\u044b \u0432 \u0443\u043a\u0430\u0437\u0430\u043d\u043d\u043e\u043c \u043f\u043e\u0440\u044f\u0434\u043a\u0435 (Works Cited, 2016): \u0410\u0432\u0442\u043e\u0440: \u0424\u0430\u043c\u0438\u043b\u0438\u044f, \u0418\u043c\u044f. \u041d\u0430\u0437\u0432\u0430\u043d\u0438\u0435 \u043f\u0440\u043e\u0438\u0437\u0432\u0435\u0434\u0435\u043d\u0438\u044f\/\u0441\u0442\u0430\u0442\u044c\u0438: \u201c\u041d\u0430\u0437\u0432\u0430\u043d\u0438\u0435\u201d. \u041d\u0430\u0437\u0432\u0430\u043d\u0438\u0435 \u043f\u0443\u0431\u043b\u0438\u043a\u0430\u0446\u0438\u0438: \u043d\u0430\u0437\u0432\u0430\u043d\u0438\u0435 \u0433\u0430\u0437\u0435\u0442\u044b\/\u0436\u0443\u0440\u043d\u0430\u043b\u0430\/\u0441\u0431\u043e\u0440\u043d\u0438\u043a\u0430, \u0414\u0440\u0443\u0433\u0438\u0435 \u0443\u0447\u0430\u0441\u0442\u043d\u0438\u043a\u0438: \u0420\u0435\u0434\u0430\u0442\u043e\u0440(\u044b) \u2013 \u0422\u043e\u043b\u044c\u043a\u043e \u0434\u043b\u044f \u0441\u0431\u043e\u0440\u043d\u0438\u043a\u043e\u0432 \u0438\u043b\u0438 \u0434\u0440\u0443\u0433\u0438\u0445 \u0441\u043e\u0432\u043c\u0435\u0441\u0442\u043d\u044b\u0445 \u0440\u0430\u0431\u043e\u0442! \u0412\u0435\u0440\u0441\u0438\u044f \u0438\u043b\u0438 \u043d\u043e\u043c\u0435\u0440 \u0438\u0437\u0434\u0430\u043d\u0438\u044f: 2, \u041d\u043e\u043c\u0435\u0440: 3, \u0418\u0437\u0434\u0430\u0442\u0435\u043b\u044c\u0441\u0442\u0432\u043e: &#8230;<\/p>\n","protected":false},"author":6,"featured_media":0,"parent":0,"menu_order":0,"comment_status":"closed","ping_status":"closed","template":"","meta":{"_acf_changed":false,"inline_featured_image":false,"footnotes":""},"class_list":["post-29","page","type-page","status-publish","hentry"],"acf":[],"_links":{"self":[{"href":"https:\/\/sisu.ut.ee\/viitamiseabc\/wp-json\/wp\/v2\/pages\/29","targetHints":{"allow":["GET"]}}],"collection":[{"href":"https:\/\/sisu.ut.ee\/viitamiseabc\/wp-json\/wp\/v2\/pages"}],"about":[{"href":"https:\/\/sisu.ut.ee\/viitamiseabc\/wp-json\/wp\/v2\/types\/page"}],"author":[{"embeddable":true,"href":"https:\/\/sisu.ut.ee\/viitamiseabc\/wp-json\/wp\/v2\/users\/6"}],"replies":[{"embeddable":true,"href":"https:\/\/sisu.ut.ee\/viitamiseabc\/wp-json\/wp\/v2\/comments?post=29"}],"version-history":[{"count":1,"href":"https:\/\/sisu.ut.ee\/viitamiseabc\/wp-json\/wp\/v2\/pages\/29\/revisions"}],"predecessor-version":[{"id":131,"href":"https:\/\/sisu.ut.ee\/viitamiseabc\/wp-json\/wp\/v2\/pages\/29\/revisions\/131"}],"wp:attachment":[{"href":"https:\/\/sisu.ut.ee\/viitamiseabc\/wp-json\/wp\/v2\/media?parent=29"}],"curies":[{"name":"wp","href":"https:\/\/api.w.org\/{rel}","templated":true}]}}