{"id":24,"date":"2024-04-04T03:27:23","date_gmt":"2024-04-04T00:27:23","guid":{"rendered":"https:\/\/sisu.ut.ee\/viitamiseabc\/%d0%bf%d1%80%d0%b0%d0%ba%d1%82%d0%b8%d0%ba%d1%83%d0%b9%d1%82%d0%b5\/"},"modified":"2024-04-04T03:27:38","modified_gmt":"2024-04-04T00:27:38","slug":"%d0%bf%d1%80%d0%b0%d0%ba%d1%82%d0%b8%d0%ba%d1%83%d0%b9%d1%82%d0%b5","status":"publish","type":"page","link":"https:\/\/sisu.ut.ee\/viitamiseabc\/%d0%bf%d1%80%d0%b0%d0%ba%d1%82%d0%b8%d0%ba%d1%83%d0%b9%d1%82%d0%b5\/","title":{"rendered":"\u041f\u0440\u0430\u043a\u0442\u0438\u0447\u0435\u0441\u043a\u043e\u0435 \u0437\u0430\u0434\u0430\u043d\u0438\u0435"},"content":{"rendered":"<p>\u0418\u0441\u043f\u043e\u043b\u044c\u0437\u0443\u044f \u043f\u0440\u0438\u0432\u0435\u0434\u0451\u043d\u043d\u044b\u0435 \u0432\u044b\u0448\u0435 \u043f\u0440\u0438\u043c\u0435\u0440\u044b, \u043d\u0430\u0439\u0434\u0438\u0442\u0435 \u0438 \u0443\u043a\u0430\u0436\u0438\u0442\u0435 \u0430\u0432\u0442\u043e\u0440\u0430, \u043d\u0430\u0437\u0432\u0430\u043d\u0438\u0435, \u0434\u0430\u0442\u0443 \u0441\u043e\u0437\u0434\u0430\u043d\u0438\u044f \u0438\u043b\u0438 \u043f\u043e\u0441\u043b\u0435\u0434\u043d\u0435\u0433\u043e \u0438\u0437\u043c\u0435\u043d\u0435\u043d\u0438\u044f. \u041a\u0430\u0436\u0434\u044b\u0439 \u043e\u0442\u0432\u0435\u0442 \u0432\u0432\u043e\u0434\u0438\u0442\u0435 \u0432 \u043e\u043a\u043d\u043e \u0438 \u043d\u0430\u0436\u0438\u043c\u0430\u0439\u0442\u0435 \u043a\u043d\u043e\u043f\u043a\u0443\u00a0\u201cKontrolli!\u201d. \u041f\u043e\u0441\u043b\u0435 \u043a\u0430\u0436\u0434\u043e\u0433\u043e \u0432\u0430\u0448\u0435\u0433\u043e \u043e\u0442\u0432\u0435\u0442\u0430, \u043d\u0438\u0436\u0435 \u0431\u0443\u0434\u0435\u0442 \u043f\u043e\u044f\u0432\u043b\u044f\u0442\u044c\u0441\u044f \u0432\u0435\u0440\u043d\u044b\u0439 \u043e\u0442\u0432\u0435\u0442.\u00a0<\/p>\n<p>1. \u041f\u043e\u0441\u0442 \u0432 \u0431\u043b\u043e\u0433\u0435\u00a0<a href=\"https:\/\/oppematerjalid.wordpress.com\/oppematerjalid\/oppematerjalide-autorioigus\/\" target=\"_blank\" rel=\"noopener\">https:\/\/oppematerjalid.wordpress.com\/oppematerjalid\/oppematerjalide-autorioigus\/<\/a><\/p>\n<div class=\"valem-ta1\"><\/div>\n<p><span><div class=\"accordion mb-3\">\n        <div class=\"accordion-item accordion-item--white\">\n        <h2 class=\"accordion-header\" id=\"accordion-69d9908c81ebc-heading\">\n            <button class=\"accordion-button collapsed\" type=\"button\" data-bs-toggle=\"collapse\" data-bs-target=\"#accordion-69d9908c81ebc-collapse\" aria-expanded=\"true\" aria-controls=\"accordion-69d9908c81ebc-collapse\"><span>\u041f\u0440\u043e\u0432\u0435\u0440\u044c<\/span><\/button>\n        <\/h2>\n        <div id=\"accordion-69d9908c81ebc-collapse\" class=\"accordion-collapse collapse\" aria-labelledby=\"accordion-69d9908c81ebc-heading\">\n            <div class=\"accordion-body\"> Hans P\u00f5ldoja, \u00d5ppematerjalide autori\u00f5igus, 04.04.2016\u00a0<\/div>\n        <\/div>\n        <\/div>\n    <\/div><\/span><\/p>\n<p><span>2. \u0421\u0442\u0430\u0442\u044c\u044f \u0432 \u0438\u043d\u0442\u0435\u0440\u043d\u0435\u0442\u0435\u00a0<\/span><span><a style=\"background-color: #ffffff\" href=\"http:\/\/arileht.delfi.ee\/archive\/eestis-levinumad-sirmikuliigid-kuidas-metsas-ara-tunda?id=59314038\" target=\"_blank\" rel=\"noopener\">http:\/\/arileht.delfi.ee\/archive\/eestis-levinumad-sirmikuliigid-kuidas-metsas-ara-tunda?id=59314038<\/a><\/span><\/p>\n<div class=\"valem-ta2\"><\/div>\n<p><span><div class=\"accordion mb-3\">\n        <div class=\"accordion-item accordion-item--white\">\n        <h2 class=\"accordion-header\" id=\"accordion-69d9908c81ec2-heading\">\n            <button class=\"accordion-button collapsed\" type=\"button\" data-bs-toggle=\"collapse\" data-bs-target=\"#accordion-69d9908c81ec2-collapse\" aria-expanded=\"true\" aria-controls=\"accordion-69d9908c81ec2-collapse\"><span>\u041f\u0440\u043e\u0432\u0435\u0440\u044c<\/span><\/button>\n        <\/h2>\n        <div id=\"accordion-69d9908c81ec2-collapse\" class=\"accordion-collapse collapse\" aria-labelledby=\"accordion-69d9908c81ec2-heading\">\n            <div class=\"accordion-body\"> T\u00f5nu Ploompuu,\u00a0<span>Eestis levinumad sirmikuliigid \u2014 kuidas metsas \u00e4ra tunda, 07.10.2011\u00a0<\/span><\/div>\n        <\/div>\n        <\/div>\n    <\/div><\/span><\/p>\n<p><span><a style=\"background-color: #ffffff\" href=\"http:\/\/arileht.delfi.ee\/archive\/eestis-levinumad-sirmikuliigid-kuidas-metsas-ara-tunda?id=59314038\"><\/a><\/span><span>3. \u0414\u043e\u043a\u0443\u043c\u0435\u043d\u0442 \u0432 \u0438\u043d\u0442\u0435\u0440\u043d\u0435\u0442\u0435\u00a0<\/span><a style=\"background-color: #ffffff\" href=\"https:\/\/www.mkm.ee\/sites\/default\/files\/kokkuvotlik_versioon_-_ettevotluse_edendamine_kohalikes_omavalitsustes.pdf\" target=\"_blank\" rel=\"noopener\"><span>https:\/\/www.mkm.ee\/sites\/default\/files\/kokkuvotlik_versioon_-_ettevotluse_edendamine_kohalikes_omavalitsustes.pdf<\/span><\/a><\/p>\n<div class=\"valem-ta3\"><\/div>\n<p><span><div class=\"accordion mb-3\">\n        <div class=\"accordion-item accordion-item--white\">\n        <h2 class=\"accordion-header\" id=\"accordion-69d9908c81ec4-heading\">\n            <button class=\"accordion-button collapsed\" type=\"button\" data-bs-toggle=\"collapse\" data-bs-target=\"#accordion-69d9908c81ec4-collapse\" aria-expanded=\"true\" aria-controls=\"accordion-69d9908c81ec4-collapse\"><span>\u041f\u0440\u043e\u0432\u0435\u0440\u044c<\/span><\/button>\n        <\/h2>\n        <div id=\"accordion-69d9908c81ec4-collapse\" class=\"accordion-collapse collapse\" aria-labelledby=\"accordion-69d9908c81ec4-heading\">\n            <div class=\"accordion-body\"> Anette J\u00e4rvp\u00f5ld, Kristel Taal,\u00a0Uuring \u201eKohaliku omavalitsuse roll- ja koost\u00f6\u00f6 ettev\u00f5tluse edendamisel\u201c, 2015\u00a0\u00a0<\/div>\n        <\/div>\n        <\/div>\n    <\/div><\/span><\/p>\n<p><span>4. \u0412\u0438\u0434\u0435\u043e https:\/\/youtu.be\/aAwvI9STPFE\u00a0<\/span><\/p>\n<div class=\"valem-ta4\"><\/div>\n<p><span><div class=\"accordion mb-3\">\n        <div class=\"accordion-item accordion-item--white\">\n        <h2 class=\"accordion-header\" id=\"accordion-69d9908c81ec6-heading\">\n            <button class=\"accordion-button collapsed\" type=\"button\" data-bs-toggle=\"collapse\" data-bs-target=\"#accordion-69d9908c81ec6-collapse\" aria-expanded=\"true\" aria-controls=\"accordion-69d9908c81ec6-collapse\"><span>\u041f\u0440\u043e\u0432\u0435\u0440\u044c<\/span><\/button>\n        <\/h2>\n        <div id=\"accordion-69d9908c81ec6-collapse\" class=\"accordion-collapse collapse\" aria-labelledby=\"accordion-69d9908c81ec6-heading\">\n            <div class=\"accordion-body\"> Indrid Maadvere, Petukirjad, 7.02.2017\u00a0<\/div>\n        <\/div>\n        <\/div>\n    <\/div><\/span><\/p>\n<p>5. \u041f\u0440\u0435\u0437\u0435\u043d\u0442\u0430\u0446\u0438\u044f\u00a0\u0432 \u0438\u043d\u0442\u0435\u0440\u043d\u0435\u0442\u0435\u00a0<a href=\"https:\/\/www.slideshare.net\/Panja20\/lille-meisterdamine\" target=\"_blank\" rel=\"noopener\">https:\/\/www.slideshare.net\/Panja20\/lille-meisterdamine<\/a><\/p>\n<div class=\"valem-ta5\"><\/div>\n<p><span><div class=\"accordion mb-3\">\n        <div class=\"accordion-item accordion-item--white\">\n        <h2 class=\"accordion-header\" id=\"accordion-69d9908c81ec8-heading\">\n            <button class=\"accordion-button collapsed\" type=\"button\" data-bs-toggle=\"collapse\" data-bs-target=\"#accordion-69d9908c81ec8-collapse\" aria-expanded=\"true\" aria-controls=\"accordion-69d9908c81ec8-collapse\"><span>\u041f\u0440\u043e\u0432\u0435\u0440\u044c<\/span><\/button>\n        <\/h2>\n        <div id=\"accordion-69d9908c81ec8-collapse\" class=\"accordion-collapse collapse\" aria-labelledby=\"accordion-69d9908c81ec8-heading\">\n            <div class=\"accordion-body\"> <span>Anna T\u0161ern\u00f5\u0161uk, Lille meisterdamine, 7.03.2016\u00a0<\/span><\/div>\n        <\/div>\n        <\/div>\n    <\/div><\/span><\/p>\n<p><span>6. \u041f\u0435\u0440\u0435\u0434\u0430\u0447\u0430\u00a0<\/span><a href=\"https:\/\/arhiiv.err.ee\/vaata\/teadus-kolme-minutiga-inimkeele-dunaamika\" target=\"_blank\" rel=\"noopener\"><span>https:\/\/arhiiv.err.ee\/vaata\/teadus-kolme-minutiga-inimkeele-dunaamika<\/span><\/a><span> <\/span><\/p>\n<div class=\"valem-ta6\"><\/div>\n<p><\/p><div class=\"accordion mb-3\">\n        <div class=\"accordion-item accordion-item--white\">\n        <h2 class=\"accordion-header\" id=\"accordion-69d9908c81eca-heading\">\n            <button class=\"accordion-button collapsed\" type=\"button\" data-bs-toggle=\"collapse\" data-bs-target=\"#accordion-69d9908c81eca-collapse\" aria-expanded=\"true\" aria-controls=\"accordion-69d9908c81eca-collapse\"><span>\u041f\u0440\u043e\u0432\u0435\u0440\u044c<\/span><\/button>\n        <\/h2>\n        <div id=\"accordion-69d9908c81eca-collapse\" class=\"accordion-collapse collapse\" aria-labelledby=\"accordion-69d9908c81eca-heading\">\n            <div class=\"accordion-body\"> Osula, K. (2015).\u00a0<em>Viitamine<\/em>. Vaadatud 29.08.2017 <a href=\"http:\/\/www.tlu.ee\/~kairio\/ktpk\/ut\/viitamine.pdf\" target=\"_blank\" rel=\"noopener\">http:\/\/www.tlu.ee\/~kairio\/ktpk\/ut\/viitamine.pdf<\/a>. <\/div>\n        <\/div>\n        <\/div>\n    <\/div>\n<p><span><span><span>7. \u0424\u043e\u0442\u043e\u0433\u0440\u0430\u0444\u0438\u044f\u00a0<\/span><a href=\"https:\/\/flic.kr\/p\/9igRBf\" target=\"_blank\" rel=\"noopener\"><span>https:\/\/flic.kr\/p\/9igRBf<\/span><\/a><span> <\/span><\/span><\/span><\/p>\n<div class=\"valem-ta7\"><\/div>\n<p><span><div class=\"accordion mb-3\">\n        <div class=\"accordion-item accordion-item--white\">\n        <h2 class=\"accordion-header\" id=\"accordion-69d9908c81ecb-heading\">\n            <button class=\"accordion-button collapsed\" type=\"button\" data-bs-toggle=\"collapse\" data-bs-target=\"#accordion-69d9908c81ecb-collapse\" aria-expanded=\"true\" aria-controls=\"accordion-69d9908c81ecb-collapse\"><span>\u041f\u0440\u043e\u0432\u0435\u0440\u044c<\/span><\/button>\n        <\/h2>\n        <div id=\"accordion-69d9908c81ecb-collapse\" class=\"accordion-collapse collapse\" aria-labelledby=\"accordion-69d9908c81ecb-heading\">\n            <div class=\"accordion-body\"> Paulius, Tallinn, 13.02.2011\u00a0<\/div>\n        <\/div>\n        <\/div>\n    <\/div><\/span><\/p>\n","protected":false},"excerpt":{"rendered":"<p>\u0418\u0441\u043f\u043e\u043b\u044c\u0437\u0443\u044f \u043f\u0440\u0438\u0432\u0435\u0434\u0451\u043d\u043d\u044b\u0435 \u0432\u044b\u0448\u0435 \u043f\u0440\u0438\u043c\u0435\u0440\u044b, \u043d\u0430\u0439\u0434\u0438\u0442\u0435 \u0438 \u0443\u043a\u0430\u0436\u0438\u0442\u0435 \u0430\u0432\u0442\u043e\u0440\u0430, \u043d\u0430\u0437\u0432\u0430\u043d\u0438\u0435, \u0434\u0430\u0442\u0443 \u0441\u043e\u0437\u0434\u0430\u043d\u0438\u044f \u0438\u043b\u0438 \u043f\u043e\u0441\u043b\u0435\u0434\u043d\u0435\u0433\u043e \u0438\u0437\u043c\u0435\u043d\u0435\u043d\u0438\u044f. \u041a\u0430\u0436\u0434\u044b\u0439 \u043e\u0442\u0432\u0435\u0442 \u0432\u0432\u043e\u0434\u0438\u0442\u0435 \u0432 \u043e\u043a\u043d\u043e \u0438 \u043d\u0430\u0436\u0438\u043c\u0430\u0439\u0442\u0435 \u043a\u043d\u043e\u043f\u043a\u0443\u00a0\u201cKontrolli!\u201d. \u041f\u043e\u0441\u043b\u0435 \u043a\u0430\u0436\u0434\u043e\u0433\u043e \u0432\u0430\u0448\u0435\u0433\u043e \u043e\u0442\u0432\u0435\u0442\u0430, \u043d\u0438\u0436\u0435 \u0431\u0443\u0434\u0435\u0442 \u043f\u043e\u044f\u0432\u043b\u044f\u0442\u044c\u0441\u044f \u0432\u0435\u0440\u043d\u044b\u0439 \u043e\u0442\u0432\u0435\u0442.\u00a0 1. \u041f\u043e\u0441\u0442 \u0432 \u0431\u043b\u043e\u0433\u0435\u00a0https:\/\/oppematerjalid.wordpress.com\/oppematerjalid\/oppematerjalide-autorioigus\/ \u041f\u0440\u043e\u0432\u0435\u0440\u044c Hans P\u00f5ldoja, \u00d5ppematerjalide autori\u00f5igus, &#8230;<\/p>\n","protected":false},"author":6,"featured_media":0,"parent":0,"menu_order":0,"comment_status":"closed","ping_status":"closed","template":"","meta":{"_acf_changed":false,"inline_featured_image":false,"footnotes":""},"class_list":["post-24","page","type-page","status-publish","hentry"],"acf":[],"_links":{"self":[{"href":"https:\/\/sisu.ut.ee\/viitamiseabc\/wp-json\/wp\/v2\/pages\/24","targetHints":{"allow":["GET"]}}],"collection":[{"href":"https:\/\/sisu.ut.ee\/viitamiseabc\/wp-json\/wp\/v2\/pages"}],"about":[{"href":"https:\/\/sisu.ut.ee\/viitamiseabc\/wp-json\/wp\/v2\/types\/page"}],"author":[{"embeddable":true,"href":"https:\/\/sisu.ut.ee\/viitamiseabc\/wp-json\/wp\/v2\/users\/6"}],"replies":[{"embeddable":true,"href":"https:\/\/sisu.ut.ee\/viitamiseabc\/wp-json\/wp\/v2\/comments?post=24"}],"version-history":[{"count":1,"href":"https:\/\/sisu.ut.ee\/viitamiseabc\/wp-json\/wp\/v2\/pages\/24\/revisions"}],"predecessor-version":[{"id":153,"href":"https:\/\/sisu.ut.ee\/viitamiseabc\/wp-json\/wp\/v2\/pages\/24\/revisions\/153"}],"wp:attachment":[{"href":"https:\/\/sisu.ut.ee\/viitamiseabc\/wp-json\/wp\/v2\/media?parent=24"}],"curies":[{"name":"wp","href":"https:\/\/api.w.org\/{rel}","templated":true}]}}