{"id":200,"date":"2024-04-11T21:46:18","date_gmt":"2024-04-11T18:46:18","guid":{"rendered":"https:\/\/sisu.ut.ee\/viitamiseabc\/test-teadmiste-kinnistamiseks-teemal-viitamine-ja-viitamistiilid\/"},"modified":"2024-04-11T21:46:18","modified_gmt":"2024-04-11T18:46:18","slug":"test-teadmiste-kinnistamiseks-teemal-viitamine-ja-viitamistiilid","status":"publish","type":"page","link":"https:\/\/sisu.ut.ee\/viitamiseabc\/test-teadmiste-kinnistamiseks-teemal-viitamine-ja-viitamistiilid\/","title":{"rendered":"Test teadmiste kinnistamiseks teemal &#8220;Viitamine ja viitamistiilid&#8221;"},"content":{"rendered":"<div id=\"watupro_quiz\" class=\"quiz-area single-page-quiz\">\n<p id=\"submittingExam1\" style=\"display:none;text-align:center;\"><img loading=\"lazy\" decoding=\"async\" src=\"https:\/\/sisu.ut.ee\/wp-content\/plugins\/watupro\/img\/loading.gif\" width=\"16\" height=\"16\"><\/p>\n\n<div class=\"watupro-exam-description\" id=\"description-quiz-1\"><p>Koostasime automaatse tagasisidega testi, et saaksid teada, kuidas antud teema sai omandatud. Testi v\u00f5id sooritada nii palju kordi, kui soovid. Edu!<\/p>\n<\/div>\n\n<form action=\"\" method=\"post\" class=\"quiz-form\" id=\"quiz-1\" enctype=\"multipart\/form-data\">\n<div class=\"watu-question \" id=\"question-1\" style=\";\"><div id=\"questionWrap-1\" class=\"   watupro-question-id-5\">\n\t\t\t<div class=\"question-content\"><div><p><strong>Numbrilise viitamise puhul peab kasutatud allikate loetelu esitama nende esmakordse esinemise j\u00e4rjekorras ja nummerdatult, mitte alfabeetiliselt.<\/strong><\/p><\/div><input type=\"hidden\" name=\"question_id[]\" id=\"qID_1\" value=\"5\" class=\"watupro-question-id\"><input type=\"hidden\" id=\"answerType5\" class=\"answerTypeCnt1\" value=\"radio\"><!-- end question-content--><\/div><div class=\"question-choices watupro-choices-columns \" id=\"questionChoices5\"><div class=\"watupro-question-choice  \" dir=\"auto\"><input type=\"radio\" name=\"answer-5[]\" id=\"answer-id-14\" class=\"answer   answerof-5 \" value=\"14\"><label for=\"answer-id-14\" id=\"answer-label-14\" class=\" answer\"><span>True<\/span><\/label><\/div><div class=\"watupro-question-choice  \" dir=\"auto\"><input type=\"radio\" name=\"answer-5[]\" id=\"answer-id-15\" class=\"answer   answerof-5 \" value=\"15\"><label for=\"answer-id-15\" id=\"answer-label-15\" class=\" answer\"><span>False<\/span><\/label><\/div><!-- end question-choices--><\/div><!-- end questionWrap--><\/div><\/div><div class=\"watu-question \" id=\"question-2\" style=\";\"><div id=\"questionWrap-2\" class=\"   watupro-question-id-2\">\n\t\t\t<div class=\"question-content\"><div><p><strong>Kuidas nimetatakse teise isiku poolt loodud t\u00f6\u00f6 v\u00f5i selle osa avaldamist oma t\u00f6\u00f6s enda nime all (ilma viitamata)? Vastus sisesta nimetavas k\u00e4\u00e4ndes.<\/strong><\/p><\/div><input type=\"hidden\" name=\"question_id[]\" id=\"qID_2\" value=\"2\" class=\"watupro-question-id\"><input type=\"hidden\" id=\"answerType2\" class=\"answerTypeCnt2\" value=\"textarea\"><!-- end question-content--><\/div><div class=\"question-choices \" id=\"questionChoices2\"><p><textarea name=\"answer-2[]\" id=\"textarea_q_2\" class=\"watupro-textarea-medium\" rows=\"5\" cols=\"80\"><\/textarea>\n<\/p><!-- end question-choices--><\/div><!-- end questionWrap--><\/div><\/div><div class=\"watu-question \" id=\"question-3\" style=\";\"><div id=\"questionWrap-3\" class=\"   watupro-question-id-6\">\n\t\t\t<div class=\"question-content\"><div><p><strong>Mida lisada tekstisisesesse viitesse APA stiili puhul, kui ei ole teada kasutatud allika autorit?<\/strong><\/p><\/div><input type=\"hidden\" name=\"question_id[]\" id=\"qID_3\" value=\"6\" class=\"watupro-question-id\"><input type=\"hidden\" id=\"answerType6\" class=\"answerTypeCnt3\" value=\"radio\"><!-- end question-content--><\/div><div class=\"question-choices watupro-choices-columns \" id=\"questionChoices6\"><div class=\"watupro-question-choice  \" dir=\"auto\"><input type=\"radio\" name=\"answer-6[]\" id=\"answer-id-19\" class=\"answer   answerof-6 \" value=\"19\"><label for=\"answer-id-19\" id=\"answer-label-19\" class=\" answer\"><span><p>V\u00f5ib lisada allika numbri nurksulgudes<\/p><\/span><\/label><\/div><div class=\"watupro-question-choice  \" dir=\"auto\"><input type=\"radio\" name=\"answer-6[]\" id=\"answer-id-20\" class=\"answer   answerof-6 \" value=\"20\"><label for=\"answer-id-20\" id=\"answer-label-20\" class=\" answer\"><span><p>Siis ei pea viitama<\/p><\/span><\/label><\/div><div class=\"watupro-question-choice  \" dir=\"auto\"><input type=\"radio\" name=\"answer-6[]\" id=\"answer-id-17\" class=\"answer   answerof-6 \" value=\"17\"><label for=\"answer-id-17\" id=\"answer-label-17\" class=\" answer\"><span><p>pealkiri v\u00f5i pealkirja esimesed s\u00f5nad ja aasta: (Pealkiri, 2017)<\/p><\/span><\/label><\/div><div class=\"watupro-question-choice  \" dir=\"auto\"><input type=\"radio\" name=\"answer-6[]\" id=\"answer-id-18\" class=\"answer   answerof-6 \" value=\"18\"><label for=\"answer-id-18\" id=\"answer-label-18\" class=\" answer\"><span><p>allika link: (http:\/\/veebiaadress.ee)<\/p><\/span><\/label><\/div><div class=\"watupro-question-choice  \" dir=\"auto\"><input type=\"radio\" name=\"answer-6[]\" id=\"answer-id-16\" class=\"answer   answerof-6 \" value=\"16\"><label for=\"answer-id-16\" id=\"answer-label-16\" class=\" answer\"><span><p>ainult aasta: (2017)<\/p><\/span><\/label><\/div><!-- end question-choices--><\/div><!-- end questionWrap--><\/div><\/div><div class=\"watu-question \" id=\"question-4\" style=\";\"><div id=\"questionWrap-4\" class=\"   watupro-question-id-7\">\n\t\t\t<div class=\"question-content\"><div><p><strong>Kui veebist leitud pildil on autorinimeks kasutajanimi, siis seda viitamisel ei lisata.<\/strong><\/p><\/div><input type=\"hidden\" name=\"question_id[]\" id=\"qID_4\" value=\"7\" class=\"watupro-question-id\"><input type=\"hidden\" id=\"answerType7\" class=\"answerTypeCnt4\" value=\"radio\"><!-- end question-content--><\/div><div class=\"question-choices watupro-choices-columns \" id=\"questionChoices7\"><div class=\"watupro-question-choice  \" dir=\"auto\"><input type=\"radio\" name=\"answer-7[]\" id=\"answer-id-21\" class=\"answer   answerof-7 \" value=\"21\"><label for=\"answer-id-21\" id=\"answer-label-21\" class=\" answer\"><span>True<\/span><\/label><\/div><div class=\"watupro-question-choice  \" dir=\"auto\"><input type=\"radio\" name=\"answer-7[]\" id=\"answer-id-22\" class=\"answer   answerof-7 \" value=\"22\"><label for=\"answer-id-22\" id=\"answer-label-22\" class=\" answer\"><span>False<\/span><\/label><\/div><!-- end question-choices--><\/div><!-- end questionWrap--><\/div><\/div><div class=\"watu-question \" id=\"question-5\" style=\";\"><div id=\"questionWrap-5\" class=\"   watupro-question-id-4\">\n\t\t\t<div class=\"question-content\"><div><p><strong>Millised neist on viitamisstiilid?<\/strong><\/p><\/div><input type=\"hidden\" name=\"question_id[]\" id=\"qID_5\" value=\"4\" class=\"watupro-question-id\"><input type=\"hidden\" id=\"answerType4\" class=\"answerTypeCnt5\" value=\"checkbox\"><!-- end question-content--><\/div><div class=\"question-choices watupro-choices-columns \" id=\"questionChoices4\"><div class=\"watupro-question-choice  \" dir=\"auto\"><input type=\"checkbox\" name=\"answer-4[]\" id=\"answer-id-9\" class=\"answer   answerof-4 \" value=\"9\"><label for=\"answer-id-9\" id=\"answer-label-9\" class=\" answer\"><span><p>MLA<\/p><\/span><\/label><\/div><div class=\"watupro-question-choice  \" dir=\"auto\"><input type=\"checkbox\" name=\"answer-4[]\" id=\"answer-id-8\" class=\"answer   answerof-4 \" value=\"8\"><label for=\"answer-id-8\" id=\"answer-label-8\" class=\" answer\"><span><p>APA<\/p><\/span><\/label><\/div><div class=\"watupro-question-choice  \" dir=\"auto\"><input type=\"checkbox\" name=\"answer-4[]\" id=\"answer-id-12\" class=\"answer   answerof-4 \" value=\"12\"><label for=\"answer-id-12\" id=\"answer-label-12\" class=\" answer\"><span><p>San Francisco<\/p><\/span><\/label><\/div><div class=\"watupro-question-choice  \" dir=\"auto\"><input type=\"checkbox\" name=\"answer-4[]\" id=\"answer-id-10\" class=\"answer   answerof-4 \" value=\"10\"><label for=\"answer-id-10\" id=\"answer-label-10\" class=\" answer\"><span><p>Chicago<\/p><\/span><\/label><\/div><div class=\"watupro-question-choice  \" dir=\"auto\"><input type=\"checkbox\" name=\"answer-4[]\" id=\"answer-id-11\" class=\"answer   answerof-4 \" value=\"11\"><label for=\"answer-id-11\" id=\"answer-label-11\" class=\" answer\"><span><p>Dublin<\/p><\/span><\/label><\/div><div class=\"watupro-question-choice  \" dir=\"auto\"><input type=\"checkbox\" name=\"answer-4[]\" id=\"answer-id-13\" class=\"answer   answerof-4 \" value=\"13\"><label for=\"answer-id-13\" id=\"answer-label-13\" class=\" answer\"><span><p>ALA<\/p><\/span><\/label><\/div><!-- end question-choices--><\/div><!-- end questionWrap--><\/div><\/div><div class=\"watu-question \" id=\"question-6\" style=\";\"><div id=\"questionWrap-6\" class=\"   watupro-question-id-9\">\n\t\t\t<div class=\"question-content\"><div><p><strong>Viitama ei pea<\/strong><\/p><\/div><input type=\"hidden\" name=\"question_id[]\" id=\"qID_6\" value=\"9\" class=\"watupro-question-id\"><input type=\"hidden\" id=\"answerType9\" class=\"answerTypeCnt6\" value=\"checkbox\"><!-- end question-content--><\/div><div class=\"question-choices watupro-choices-columns \" id=\"questionChoices9\"><div class=\"watupro-question-choice  \" dir=\"auto\"><input type=\"checkbox\" name=\"answer-9[]\" id=\"answer-id-28\" class=\"answer   answerof-9 \" value=\"28\"><label for=\"answer-id-28\" id=\"answer-label-28\" class=\" answer\"><span><p>Loengus kuuldud informatsioonile<\/p><\/span><\/label><\/div><div class=\"watupro-question-choice  \" dir=\"auto\"><input type=\"checkbox\" name=\"answer-9[]\" id=\"answer-id-29\" class=\"answer   answerof-9 \" value=\"29\"><label for=\"answer-id-29\" id=\"answer-label-29\" class=\" answer\"><span><p>Maakonna vapi autorile<\/p><\/span><\/label><\/div><div class=\"watupro-question-choice  \" dir=\"auto\"><input type=\"checkbox\" name=\"answer-9[]\" id=\"answer-id-30\" class=\"answer   answerof-9 \" value=\"30\"><label for=\"answer-id-30\" id=\"answer-label-30\" class=\" answer\"><span><p>\u00d5petajalt kuuldud m\u00e4rkusele<\/p><\/span><\/label><\/div><div class=\"watupro-question-choice  \" dir=\"auto\"><input type=\"checkbox\" name=\"answer-9[]\" id=\"answer-id-31\" class=\"answer   answerof-9 \" value=\"31\"><label for=\"answer-id-31\" id=\"answer-label-31\" class=\" answer\"><span><p>Ajaveebi postitusele<\/p><\/span><\/label><\/div><!-- end question-choices--><\/div><!-- end questionWrap--><\/div><\/div><div class=\"watu-question \" id=\"question-7\" style=\";\"><div id=\"questionWrap-7\" class=\"   watupro-question-id-1\">\n\t\t\t<div class=\"question-content\"><div><p><strong>Millised allikaandmed peavad olema v\u00e4lja toodud selle kirjes Autori\u00f5iguse seaduse j\u00e4rgi, kui me kasutame seda teaduslikel ja hariduslikel eesm\u00e4rkidel?<\/strong><\/p><\/div><input type=\"hidden\" name=\"question_id[]\" id=\"qID_7\" value=\"1\" class=\"watupro-question-id\"><input type=\"hidden\" id=\"answerType1\" class=\"answerTypeCnt7\" value=\"radio\"><!-- end question-content--><\/div><div class=\"question-choices watupro-choices-columns \" id=\"questionChoices1\"><div class=\"watupro-question-choice  \" dir=\"auto\"><input type=\"radio\" name=\"answer-1[]\" id=\"answer-id-2\" class=\"answer   answerof-1 \" value=\"2\"><label for=\"answer-id-2\" id=\"answer-label-2\" class=\" answer\"><span><p>Autor, pealkiri ja avaldamisallikas<\/p><\/span><\/label><\/div><div class=\"watupro-question-choice  \" dir=\"auto\"><input type=\"radio\" name=\"answer-1[]\" id=\"answer-id-4\" class=\"answer   answerof-1 \" value=\"4\"><label for=\"answer-id-4\" id=\"answer-label-4\" class=\" answer\"><span><p>Allikaandmete avaldamine ei ole kohustuslik<\/p><\/span><\/label><\/div><div class=\"watupro-question-choice  \" dir=\"auto\"><input type=\"radio\" name=\"answer-1[]\" id=\"answer-id-1\" class=\"answer   answerof-1 \" value=\"1\"><label for=\"answer-id-1\" id=\"answer-label-1\" class=\" answer\"><span><p>Autor ja pealkiri<\/p><\/span><\/label><\/div><div class=\"watupro-question-choice  \" dir=\"auto\"><input type=\"radio\" name=\"answer-1[]\" id=\"answer-id-3\" class=\"answer   answerof-1 \" value=\"3\"><label for=\"answer-id-3\" id=\"answer-label-3\" class=\" answer\"><span><p>Pealkiri ja avaldamisallikas<\/p><\/span><\/label><\/div><!-- end question-choices--><\/div><!-- end questionWrap--><\/div><\/div><div class=\"watu-question \" id=\"question-8\" style=\";\"><div id=\"questionWrap-8\" class=\"   watupro-question-id-8\">\n\t\t\t<div class=\"question-content\"><div><p><strong>Millistele teiste autorite t\u00f6\u00f6dele peab viitama?<\/strong><\/p><\/div><input type=\"hidden\" name=\"question_id[]\" id=\"qID_8\" value=\"8\" class=\"watupro-question-id\"><input type=\"hidden\" id=\"answerType8\" class=\"answerTypeCnt8\" value=\"checkbox\"><!-- end question-content--><\/div><div class=\"question-choices watupro-choices-columns \" id=\"questionChoices8\"><div class=\"watupro-question-choice  \" dir=\"auto\"><input type=\"checkbox\" name=\"answer-8[]\" id=\"answer-id-23\" class=\"answer   answerof-8 \" value=\"23\"><label for=\"answer-id-23\" id=\"answer-label-23\" class=\" answer\"><span><p>Andmed<\/p><\/span><\/label><\/div><div class=\"watupro-question-choice  \" dir=\"auto\"><input type=\"checkbox\" name=\"answer-8[]\" id=\"answer-id-24\" class=\"answer   answerof-8 \" value=\"24\"><label for=\"answer-id-24\" id=\"answer-label-24\" class=\" answer\"><span><p>Teooriad<\/p><\/span><\/label><\/div><div class=\"watupro-question-choice  \" dir=\"auto\"><input type=\"checkbox\" name=\"answer-8[]\" id=\"answer-id-25\" class=\"answer   answerof-8 \" value=\"25\"><label for=\"answer-id-25\" id=\"answer-label-25\" class=\" answer\"><span><p>Joonised<\/p><\/span><\/label><\/div><div class=\"watupro-question-choice  \" dir=\"auto\"><input type=\"checkbox\" name=\"answer-8[]\" id=\"answer-id-26\" class=\"answer   answerof-8 \" value=\"26\"><label for=\"answer-id-26\" id=\"answer-label-26\" class=\" answer\"><span><p>Graafikud<\/p><\/span><\/label><\/div><div class=\"watupro-question-choice  \" dir=\"auto\"><input type=\"checkbox\" name=\"answer-8[]\" id=\"answer-id-27\" class=\"answer   answerof-8 \" value=\"27\"><label for=\"answer-id-27\" id=\"answer-label-27\" class=\" answer\"><span><p>M\u00f5isted<\/p><\/span><\/label><\/div><!-- end question-choices--><\/div><!-- end questionWrap--><\/div><\/div><div class=\"watu-question \" id=\"question-9\" style=\";\"><div id=\"questionWrap-9\" class=\"   watupro-question-id-3\">\n\t\t\t<div class=\"question-content\"><div><p><strong>APA viitamisstiili kasutatakse ainult ps\u00fchholoogia valdkonnas.<\/strong><\/p><\/div><input type=\"hidden\" name=\"question_id[]\" id=\"qID_9\" value=\"3\" class=\"watupro-question-id\"><input type=\"hidden\" id=\"answerType3\" class=\"answerTypeCnt9\" value=\"radio\"><!-- end question-content--><\/div><div class=\"question-choices watupro-choices-columns \" id=\"questionChoices3\"><div class=\"watupro-question-choice  \" dir=\"auto\"><input type=\"radio\" name=\"answer-3[]\" id=\"answer-id-6\" class=\"answer   answerof-3 \" value=\"6\"><label for=\"answer-id-6\" id=\"answer-label-6\" class=\" answer\"><span>True<\/span><\/label><\/div><div class=\"watupro-question-choice  \" dir=\"auto\"><input type=\"radio\" name=\"answer-3[]\" id=\"answer-id-7\" class=\"answer   answerof-3 \" value=\"7\"><label for=\"answer-id-7\" id=\"answer-label-7\" class=\" answer\"><span>False<\/span><\/label><\/div><!-- end question-choices--><\/div><!-- end questionWrap--><\/div><\/div><div style=\"display:none\" id=\"question-10\">\n\t<div class=\"question-content\">\n\t\t<img loading=\"lazy\" decoding=\"async\" src=\"https:\/\/sisu.ut.ee\/wp-content\/plugins\/watupro\/img\/loading.gif\" width=\"16\" height=\"16\" alt=\"Loading...\" title=\"Loading...\">\u00a0Loading...\t<\/div>\n<\/div>\n\n<br>\n\t\n\t\t\t<div class=\"watupro_buttons flex \" id=\"watuPROButtons1\">\n\t\t  <div id=\"prev-question\" style=\"display:none;\"><input type=\"button\" value=\"&lt; Previous\" onclick=\"WatuPRO.nextQuestion(event, 'previous');\"><\/div>\t\t  \t\t  \t\t   \n\t\t   \t  \t\t<div><input type=\"button\" name=\"action\" class=\"watupro-submit-button\" onclick=\"WatuPRO.submitResult(event)\" id=\"action-button\" value=\"Vaata tulemusi\">\n\t\t<\/div>\n\t\t<\/div>\n\t\t\n\t<input type=\"hidden\" name=\"quiz_id\" value=\"1\" id=\"watuPROExamID\">\n\t<input type=\"hidden\" name=\"start_time\" id=\"startTime\" value=\"2026-04-13 01:20:04\">\n\t<input type=\"hidden\" name=\"start_timestamp\" id=\"startTimeStamp\" value=\"1776043204\">\n\t<input type=\"hidden\" name=\"question_ids\" value=\"\">\n\t<input type=\"hidden\" name=\"watupro_questions\" value=\"5:14,15 | 2:5 | 6:19,20,17,18,16 | 7:21,22 | 4:9,8,12,10,11,13 | 9:28,29,30,31 | 1:2,4,1,3 | 8:23,24,25,26,27 | 3:6,7\">\n\t<input type=\"hidden\" name=\"no_ajax\" value=\"0\">\t\t\t<\/form>\n\t<p>\u00a0<\/p>\n<\/div>\n\n<script type=\"text\/javascript\">\n\/\/jQuery(document).ready(function(){\ndocument.addEventListener(\"DOMContentLoaded\", function(event) { \t\nvar question_ids = \"5,2,6,7,4,9,1,8,3\";\nWatuPROSettings[1] = {};\nWatuPRO.qArr = question_ids.split(',');\nWatuPRO.exam_id = 1;\t    \nWatuPRO.post_id = 200;\nWatuPRO.store_progress = 1;\nWatuPRO.curCatPage = 1;\nWatuPRO.requiredIDs=\"0\".split(\",\");\nWatuPRO.hAppID = \"0.69893000 1776032404\";\nvar url = \"https:\/\/sisu.ut.ee\/wp-content\/plugins\/watupro\/show_exam.php\";\nWatuPRO.examMode = 1;\nWatuPRO.siteURL=\"https:\/\/sisu.ut.ee\/viitamiseabc\/wp-admin\/admin-ajax.php\";\nWatuPRO.emailIsNotRequired = 0;\nWatuPRO.perDecade = 10;\nWatuPROIntel.init(1);\nWatuPRO.inCategoryPages=1;});    \t \n<\/script>\n\n","protected":false},"excerpt":{"rendered":"","protected":false},"author":6,"featured_media":0,"parent":0,"menu_order":0,"comment_status":"closed","ping_status":"closed","template":"","meta":{"_acf_changed":false,"inline_featured_image":false,"footnotes":""},"class_list":["post-200","page","type-page","status-publish","hentry"],"acf":[],"_links":{"self":[{"href":"https:\/\/sisu.ut.ee\/viitamiseabc\/wp-json\/wp\/v2\/pages\/200","targetHints":{"allow":["GET"]}}],"collection":[{"href":"https:\/\/sisu.ut.ee\/viitamiseabc\/wp-json\/wp\/v2\/pages"}],"about":[{"href":"https:\/\/sisu.ut.ee\/viitamiseabc\/wp-json\/wp\/v2\/types\/page"}],"author":[{"embeddable":true,"href":"https:\/\/sisu.ut.ee\/viitamiseabc\/wp-json\/wp\/v2\/users\/6"}],"replies":[{"embeddable":true,"href":"https:\/\/sisu.ut.ee\/viitamiseabc\/wp-json\/wp\/v2\/comments?post=200"}],"version-history":[{"count":0,"href":"https:\/\/sisu.ut.ee\/viitamiseabc\/wp-json\/wp\/v2\/pages\/200\/revisions"}],"wp:attachment":[{"href":"https:\/\/sisu.ut.ee\/viitamiseabc\/wp-json\/wp\/v2\/media?parent=200"}],"curies":[{"name":"wp","href":"https:\/\/api.w.org\/{rel}","templated":true}]}}