{"id":16,"date":"2024-04-04T03:27:23","date_gmt":"2024-04-04T00:27:23","guid":{"rendered":"https:\/\/sisu.ut.ee\/viitamiseabc\/harjutame-koos-0\/"},"modified":"2024-04-04T03:27:38","modified_gmt":"2024-04-04T00:27:38","slug":"harjutame-koos-0","status":"publish","type":"page","link":"https:\/\/sisu.ut.ee\/viitamiseabc\/harjutame-koos-0\/","title":{"rendered":"Harjutame koos"},"content":{"rendered":"<p>Palun looge <strong>APA stiilis<\/strong> viitekirje, kasutades m\u00f5nda viitekirjete loomise rakenduse abi j\u00e4rgmisele allikale:\u00a0<a href=\"http:\/\/prillidestpriiks.weebly.com\/silm-ja-naumlgemine.html\" target=\"_blank\" rel=\"noopener\">http:\/\/prillidestpriiks.weebly.com\/silm-ja-naumlgemine.html<\/a>.<\/p>\n<p>Valmis kirje sisestage allpool olevasse kasti. Esitage eraldi ridadele nii viimistletud (teie poolt korda tehtud) kirje kui ka tarkvara poolt loodud algne kirje.\u00a0<\/p>\n<div class=\"valem-ta\"><\/div>\n<p><\/p><div class=\"accordion mb-3\">\n        <div class=\"accordion-item accordion-item--white\">\n        <h2 class=\"accordion-header\" id=\"accordion-69e19323dc98a-heading\">\n            <button class=\"accordion-button collapsed\" type=\"button\" data-bs-toggle=\"collapse\" data-bs-target=\"#accordion-69e19323dc98a-collapse\" aria-expanded=\"true\" aria-controls=\"accordion-69e19323dc98a-collapse\">Kontrolli<\/button>\n        <\/h2>\n        <div id=\"accordion-69e19323dc98a-collapse\" class=\"accordion-collapse collapse\" aria-labelledby=\"accordion-69e19323dc98a-heading\">\n            <div class=\"accordion-body\"><strong>1) Viimistletud variant:<\/strong> <span>Prillidest Priiks. (2017). Silma ehitus. Vaadatud http:\/\/prillidestpriiks.weebly.com\/silm-ja-naumlgemine.html 04.09.2017; <\/span>\n<p><span>2) <strong>Viimistlemata kirje 1 (Citefast):<\/strong> <span>Prillidest Priiks. (n.d.). Silm ja n\u00e4gemine \u2013 Prillidest Priiks. Retrieved from http:\/\/prillidestpriiks.weebly.com\/silm-ja-naumlgemine.html<\/span>\u00a0<\/span><\/p>\n<p><span>3) <strong>Viimistlemata kirje 2 (CitationMachine)<\/strong>:\u00a0<span>Silm ja n\u00e4gemine. (n.d.). Retrieved September 04, 2017, from http:\/\/prillidestpriiks.weebly.com\/silm-ja-naumlgemine.html.\u00a0<\/span><\/span><\/p>\n<p><span><strong>Kommentaar<\/strong>: esimese variandi puhul on autoriks asutus v\u00f5i veebilehe autor \u201cPrillidest priiks\u201d, teine variant oleks autor v\u00e4lja j\u00e4tta ja teha kirje ainult pealkirjast. M\u00f5lemad variandid sobivad.\u00a0<\/span>.<\/p><\/div>\n        <\/div>\n        <\/div>\n    <\/div>\n","protected":false},"excerpt":{"rendered":"<p>Palun looge APA stiilis viitekirje, kasutades m\u00f5nda viitekirjete loomise rakenduse abi j\u00e4rgmisele allikale:\u00a0http:\/\/prillidestpriiks.weebly.com\/silm-ja-naumlgemine.html. Valmis kirje sisestage allpool olevasse kasti. Esitage eraldi ridadele nii viimistletud (teie poolt korda tehtud) kirje kui ka tarkvara poolt loodud algne kirje.\u00a0 Kontrolli 1) Viimistletud variant: &#8230;<\/p>\n","protected":false},"author":6,"featured_media":0,"parent":0,"menu_order":0,"comment_status":"closed","ping_status":"closed","template":"","meta":{"_acf_changed":false,"inline_featured_image":false,"footnotes":""},"class_list":["post-16","page","type-page","status-publish","hentry"],"acf":[],"_links":{"self":[{"href":"https:\/\/sisu.ut.ee\/viitamiseabc\/wp-json\/wp\/v2\/pages\/16","targetHints":{"allow":["GET"]}}],"collection":[{"href":"https:\/\/sisu.ut.ee\/viitamiseabc\/wp-json\/wp\/v2\/pages"}],"about":[{"href":"https:\/\/sisu.ut.ee\/viitamiseabc\/wp-json\/wp\/v2\/types\/page"}],"author":[{"embeddable":true,"href":"https:\/\/sisu.ut.ee\/viitamiseabc\/wp-json\/wp\/v2\/users\/6"}],"replies":[{"embeddable":true,"href":"https:\/\/sisu.ut.ee\/viitamiseabc\/wp-json\/wp\/v2\/comments?post=16"}],"version-history":[{"count":1,"href":"https:\/\/sisu.ut.ee\/viitamiseabc\/wp-json\/wp\/v2\/pages\/16\/revisions"}],"predecessor-version":[{"id":145,"href":"https:\/\/sisu.ut.ee\/viitamiseabc\/wp-json\/wp\/v2\/pages\/16\/revisions\/145"}],"wp:attachment":[{"href":"https:\/\/sisu.ut.ee\/viitamiseabc\/wp-json\/wp\/v2\/media?parent=16"}],"curies":[{"name":"wp","href":"https:\/\/api.w.org\/{rel}","templated":true}]}}