{"id":15,"date":"2024-04-04T03:27:23","date_gmt":"2024-04-04T00:27:23","guid":{"rendered":"https:\/\/sisu.ut.ee\/viitamiseabc\/harjutame-koos\/"},"modified":"2024-04-04T03:27:38","modified_gmt":"2024-04-04T00:27:38","slug":"harjutame-koos","status":"publish","type":"page","link":"https:\/\/sisu.ut.ee\/viitamiseabc\/harjutame-koos\/","title":{"rendered":"Harjutame koos"},"content":{"rendered":"<p>Palun koosta t\u00e4iskirjed j\u00e4rgmistele allikatele.<\/p>\n<p><strong>NB!<\/strong>\u00a0Iga kirje sisesta eraldi tekstikasti, kui on valmis, vajuta nupule\u00a0<span>\u201cKontrolli\u201d.<\/span><\/p>\n<p>1. <strong>APA\u00a0<\/strong>stiilis kirje raamatule \u201c<em>Vanade tsivilisatsioonide fantastiline maailm<\/em>\u201d <a href=\"https:\/\/www.apollo.ee\/vanade-tsivilisatsioonide-fantastiline-maailm.html\" target=\"_blank\" rel=\"noopener\">https:\/\/www.apollo.ee\/vanade-tsivilisatsioonide-fantastiline-maailm.html<\/a><\/p>\n<div class=\"valem-ta\"><\/div>\n<p><\/p><div class=\"accordion mb-3\">\n        <div class=\"accordion-item accordion-item--white\">\n        <h2 class=\"accordion-header\" id=\"accordion-69d3d029b1ec1-heading\">\n            <button class=\"accordion-button collapsed\" type=\"button\" data-bs-toggle=\"collapse\" data-bs-target=\"#accordion-69d3d029b1ec1-collapse\" aria-expanded=\"true\" aria-controls=\"accordion-69d3d029b1ec1-collapse\">Kontrolli<\/button>\n        <\/h2>\n        <div id=\"accordion-69d3d029b1ec1-collapse\" class=\"accordion-collapse collapse\" aria-labelledby=\"accordion-69d3d029b1ec1-heading\">\n            <div class=\"accordion-body\"><em>Vanade tsivilisatsioonide fantastiline maailm<\/em>. (2017). Tallinn: Tea Kirjastus.<\/div>\n        <\/div>\n        <\/div>\n    <\/div>\n<p>2. <strong>MLA\u00a0<\/strong>stiilis kirje artiklile \u201c<em>Loomade l\u00e4bip\u00e4\u00e4suteed ja nende kasutamine Eestis<\/em>\u201d\u00a0<a href=\"http:\/\/akadeemiake.ee\/2017\/06\/loomade-labipaasuteed-ja-nende-kasutamine-eestis\/\" target=\"_blank\" rel=\"noopener\">http:\/\/akadeemiake.ee\/2017\/06\/loomade-labipaasuteed-ja-nende-kasutamine-eestis\/<\/a>\u00a0<\/p>\n<div class=\"valem-ta1\"><\/div>\n<p><\/p><div class=\"accordion mb-3\">\n        <div class=\"accordion-item accordion-item--white\">\n        <h2 class=\"accordion-header\" id=\"accordion-69d3d029b1ec7-heading\">\n            <button class=\"accordion-button collapsed\" type=\"button\" data-bs-toggle=\"collapse\" data-bs-target=\"#accordion-69d3d029b1ec7-collapse\" aria-expanded=\"true\" aria-controls=\"accordion-69d3d029b1ec7-collapse\">Kontrolli<\/button>\n        <\/h2>\n        <div id=\"accordion-69d3d029b1ec7-collapse\" class=\"accordion-collapse collapse\" aria-labelledby=\"accordion-69d3d029b1ec7-heading\">\n            <div class=\"accordion-body\"><span>Blomerius, Marie\u00a0H. \u201cLoomade l\u00e4bip\u00e4\u00e4suteed ja nende kasutamine Eestis.\u201d\u00a0<\/span><em>Akadeemiake<\/em><span>, II,\u00a02017, akadeemiake.ee\/2017\/06\/loomade-labipaasuteed-ja-nende-kasutamine-eestis\/. Vaadatud 05.09.2017.<\/span><\/div>\n        <\/div>\n        <\/div>\n    <\/div>\n<p>3. <strong>APA\u00a0<\/strong>stiilis kirje veebilehele \u201c<em>Otsimootorid\u201d<\/em>\u00a0<a href=\"http:\/\/infokirjaoskus.weebly.com\/otsimootorid.html\" target=\"_blank\" rel=\"noopener\">http:\/\/infokirjaoskus.weebly.com\/otsimootorid.html<\/a><\/p>\n<div class=\"valem-ta2\"><\/div>\n<p><\/p><div class=\"accordion mb-3\">\n        <div class=\"accordion-item accordion-item--white\">\n        <h2 class=\"accordion-header\" id=\"accordion-69d3d029b1eca-heading\">\n            <button class=\"accordion-button collapsed\" type=\"button\" data-bs-toggle=\"collapse\" data-bs-target=\"#accordion-69d3d029b1eca-collapse\" aria-expanded=\"true\" aria-controls=\"accordion-69d3d029b1eca-collapse\">Kontrolli<\/button>\n        <\/h2>\n        <div id=\"accordion-69d3d029b1eca-collapse\" class=\"accordion-collapse collapse\" aria-labelledby=\"accordion-69d3d029b1eca-heading\">\n            <div class=\"accordion-body\">H\u00e4rmask,\u00a0A., Tuisk,\u00a0E., &amp; Pael,\u00a0J. (2017). <em>Otsimootorid<\/em>. Vaadatud 05.09.2017 http:\/\/infokirjaoskus.weebly.com\/otsimootorid.html <\/div>\n        <\/div>\n        <\/div>\n    <\/div>\n","protected":false},"excerpt":{"rendered":"<p>Palun koosta t\u00e4iskirjed j\u00e4rgmistele allikatele. NB!\u00a0Iga kirje sisesta eraldi tekstikasti, kui on valmis, vajuta nupule\u00a0\u201cKontrolli\u201d. 1. APA\u00a0stiilis kirje raamatule \u201cVanade tsivilisatsioonide fantastiline maailm\u201d https:\/\/www.apollo.ee\/vanade-tsivilisatsioonide-fantastiline-maailm.html Kontrolli Vanade tsivilisatsioonide fantastiline maailm. (2017). Tallinn: Tea Kirjastus. 2. MLA\u00a0stiilis kirje artiklile \u201cLoomade l\u00e4bip\u00e4\u00e4suteed ja &#8230;<\/p>\n","protected":false},"author":6,"featured_media":0,"parent":0,"menu_order":0,"comment_status":"closed","ping_status":"closed","template":"","meta":{"_acf_changed":false,"inline_featured_image":false,"footnotes":""},"class_list":["post-15","page","type-page","status-publish","hentry"],"acf":[],"_links":{"self":[{"href":"https:\/\/sisu.ut.ee\/viitamiseabc\/wp-json\/wp\/v2\/pages\/15","targetHints":{"allow":["GET"]}}],"collection":[{"href":"https:\/\/sisu.ut.ee\/viitamiseabc\/wp-json\/wp\/v2\/pages"}],"about":[{"href":"https:\/\/sisu.ut.ee\/viitamiseabc\/wp-json\/wp\/v2\/types\/page"}],"author":[{"embeddable":true,"href":"https:\/\/sisu.ut.ee\/viitamiseabc\/wp-json\/wp\/v2\/users\/6"}],"replies":[{"embeddable":true,"href":"https:\/\/sisu.ut.ee\/viitamiseabc\/wp-json\/wp\/v2\/comments?post=15"}],"version-history":[{"count":1,"href":"https:\/\/sisu.ut.ee\/viitamiseabc\/wp-json\/wp\/v2\/pages\/15\/revisions"}],"predecessor-version":[{"id":144,"href":"https:\/\/sisu.ut.ee\/viitamiseabc\/wp-json\/wp\/v2\/pages\/15\/revisions\/144"}],"wp:attachment":[{"href":"https:\/\/sisu.ut.ee\/viitamiseabc\/wp-json\/wp\/v2\/media?parent=15"}],"curies":[{"name":"wp","href":"https:\/\/api.w.org\/{rel}","templated":true}]}}