{"id":13,"date":"2024-04-04T03:27:22","date_gmt":"2024-04-04T00:27:22","guid":{"rendered":"https:\/\/sisu.ut.ee\/viitamiseabc\/easybib-rakendus-google-dokumendis\/"},"modified":"2024-04-04T03:27:38","modified_gmt":"2024-04-04T00:27:38","slug":"easybib-rakendus-google-dokumendis","status":"publish","type":"page","link":"https:\/\/sisu.ut.ee\/viitamiseabc\/easybib-rakendus-google-dokumendis\/","title":{"rendered":"EasyBib rakendus Google dokumendis"},"content":{"rendered":"<p>Kui loote oma materjale Google dokumentides (<em><strong>Google Docs<\/strong><\/em>) ning soovite allikate haldusega tegeleda just seal, siis teil on v\u00f5imalik tasuta paigaldada \u00fcks v\u00e4ike ja mugav kirjete koostamise rakendus <strong>EasyBib<\/strong>.\u00a0<\/p>\n<p>Selleks avage kas olemasolev v\u00f5i uus Google dokument ning v\u00f5tke men\u00fc\u00fcst \u201cPistikprogrammid\u201d valiku <strong>Hangi pistikprogrammid<\/strong>:<\/p>\n<p><img loading=\"lazy\" decoding=\"async\" width=\"680\" height=\"311\" class=\"alignnone wp-image-56\" src=\"https:\/\/sisu.ut.ee\/wp-content\/uploads\/sites\/227\/easybibpistikprogramm.png\" title=\"easybibpistikprogramm.png\" alt=\"googledocs\" srcset=\"https:\/\/sisu.ut.ee\/wp-content\/uploads\/sites\/227\/easybibpistikprogramm.png 680w, https:\/\/sisu.ut.ee\/wp-content\/uploads\/sites\/227\/easybibpistikprogramm-300x137.png 300w\" sizes=\"auto, (max-width: 680px) 100vw, 680px\"><\/p>\n<p>N\u00fc\u00fcd otsige \u00fcles nime j\u00e4rgi EasyBib programm ja liitke see oma Google dokumentidega: kl\u00f5psake selle peal ja siis vajutage nupule<strong> +Tasuta.<\/strong><\/p>\n<p><img loading=\"lazy\" decoding=\"async\" width=\"915\" height=\"499\" class=\"alignnone wp-image-57\" src=\"https:\/\/sisu.ut.ee\/wp-content\/uploads\/sites\/227\/easybibotsing.png\" title=\"easybibotsing.png\" alt=\"paigaldus\" srcset=\"https:\/\/sisu.ut.ee\/wp-content\/uploads\/sites\/227\/easybibotsing.png 915w, https:\/\/sisu.ut.ee\/wp-content\/uploads\/sites\/227\/easybibotsing-300x164.png 300w, https:\/\/sisu.ut.ee\/wp-content\/uploads\/sites\/227\/easybibotsing-768x419.png 768w\" sizes=\"auto, (max-width: 915px) 100vw, 915px\"><\/p>\n<p><img loading=\"lazy\" decoding=\"async\" width=\"165\" height=\"48\" class=\"alignnone wp-image-58\" src=\"https:\/\/sisu.ut.ee\/wp-content\/uploads\/sites\/227\/tasuta.png\" title=\"tasuta.png\" alt=\"tasuta\"><\/p>\n<p>N\u00fc\u00fcd k\u00fcsitakse, millise google-konto alla te seda soovite \u2013 valige sobiv, ja siis uuritakse, kas lubate EasyBib tootjal teatud teiega seotud andmeid kasutada, vajutage \u201c<strong>Luban<\/strong>\u201c, Ja ongi programm paigaldatud!<\/p>\n<p>Programmi avamiseks peate minema men\u00fc\u00fcsse <strong>Pistikprogrammid<\/strong> ja sellel kl\u00f5psama:<\/p>\n<p><img loading=\"lazy\" decoding=\"async\" width=\"523\" height=\"175\" class=\"alignnone wp-image-59\" src=\"https:\/\/sisu.ut.ee\/wp-content\/uploads\/sites\/227\/managebibliography.png\" title=\"managebibliography.png\" alt=\"manage bibliography\" srcset=\"https:\/\/sisu.ut.ee\/wp-content\/uploads\/sites\/227\/managebibliography.png 523w, https:\/\/sisu.ut.ee\/wp-content\/uploads\/sites\/227\/managebibliography-300x100.png 300w\" sizes=\"auto, (max-width: 523px) 100vw, 523px\"><\/p>\n","protected":false},"excerpt":{"rendered":"<p>Kui loote oma materjale Google dokumentides (Google Docs) ning soovite allikate haldusega tegeleda just seal, siis teil on v\u00f5imalik tasuta paigaldada \u00fcks v\u00e4ike ja mugav kirjete koostamise rakendus EasyBib.\u00a0 Selleks avage kas olemasolev v\u00f5i uus Google dokument ning v\u00f5tke men\u00fc\u00fcst &#8230;<\/p>\n","protected":false},"author":6,"featured_media":0,"parent":0,"menu_order":0,"comment_status":"closed","ping_status":"closed","template":"","meta":{"_acf_changed":false,"inline_featured_image":false,"footnotes":""},"class_list":["post-13","page","type-page","status-publish","hentry"],"acf":[],"_links":{"self":[{"href":"https:\/\/sisu.ut.ee\/viitamiseabc\/wp-json\/wp\/v2\/pages\/13","targetHints":{"allow":["GET"]}}],"collection":[{"href":"https:\/\/sisu.ut.ee\/viitamiseabc\/wp-json\/wp\/v2\/pages"}],"about":[{"href":"https:\/\/sisu.ut.ee\/viitamiseabc\/wp-json\/wp\/v2\/types\/page"}],"author":[{"embeddable":true,"href":"https:\/\/sisu.ut.ee\/viitamiseabc\/wp-json\/wp\/v2\/users\/6"}],"replies":[{"embeddable":true,"href":"https:\/\/sisu.ut.ee\/viitamiseabc\/wp-json\/wp\/v2\/comments?post=13"}],"version-history":[{"count":1,"href":"https:\/\/sisu.ut.ee\/viitamiseabc\/wp-json\/wp\/v2\/pages\/13\/revisions"}],"predecessor-version":[{"id":167,"href":"https:\/\/sisu.ut.ee\/viitamiseabc\/wp-json\/wp\/v2\/pages\/13\/revisions\/167"}],"wp:attachment":[{"href":"https:\/\/sisu.ut.ee\/viitamiseabc\/wp-json\/wp\/v2\/media?parent=13"}],"curies":[{"name":"wp","href":"https:\/\/api.w.org\/{rel}","templated":true}]}}