{"id":12,"date":"2024-04-04T03:27:22","date_gmt":"2024-04-04T00:27:22","guid":{"rendered":"https:\/\/sisu.ut.ee\/viitamiseabc\/citefast\/"},"modified":"2024-04-04T03:27:38","modified_gmt":"2024-04-04T00:27:38","slug":"citefast","status":"publish","type":"page","link":"https:\/\/sisu.ut.ee\/viitamiseabc\/citefast\/","title":{"rendered":"Citefast"},"content":{"rendered":"<p><strong>Citefast<\/strong> on samuti veebip\u00f5hine kirjete genereerimise vahend, mis asub aadressil\u00a0<a href=\"http:\/\/www.citefast.com\/?s=APA\" target=\"_blank\" rel=\"noopener\">http:\/\/www.citefast.com\/?s=APA<\/a>.<\/p>\n<p>1. K\u00f5igepealt tuleb valida soovitud viitamisstiil ja allikat\u00fc\u00fcp, millele soovite kirjet:<\/p>\n<p><img loading=\"lazy\" decoding=\"async\" width=\"661\" height=\"163\" class=\"alignnone wp-image-51\" src=\"https:\/\/sisu.ut.ee\/wp-content\/uploads\/sites\/227\/citefast.png\" title=\"citefast.png\" alt=\"citefast\" srcset=\"https:\/\/sisu.ut.ee\/wp-content\/uploads\/sites\/227\/citefast.png 661w, https:\/\/sisu.ut.ee\/wp-content\/uploads\/sites\/227\/citefast-300x74.png 300w\" sizes=\"auto, (max-width: 661px) 100vw, 661px\"><\/p>\n<p>2. Seej\u00e4rel saab sisestada allika andmeid. Meie n\u00e4ite puhul on video aadress teada, seega v\u00f5ib sisestada kohe video aadressi ja vajutada luubi ehk <strong>Otsi<\/strong>-nupule:<\/p>\n<p><img loading=\"lazy\" decoding=\"async\" width=\"617\" height=\"145\" class=\"alignnone wp-image-54\" src=\"https:\/\/sisu.ut.ee\/wp-content\/uploads\/sites\/227\/citefast_onlinevideo.png\" title=\"citefast_onlinevideo.png\" alt=\"onlinevideo\" srcset=\"https:\/\/sisu.ut.ee\/wp-content\/uploads\/sites\/227\/citefast_onlinevideo.png 617w, https:\/\/sisu.ut.ee\/wp-content\/uploads\/sites\/227\/citefast_onlinevideo-300x71.png 300w\" sizes=\"auto, (max-width: 617px) 100vw, 617px\"><\/p>\n<p>3. Peale otsingut kuvatakse teile nii palju infot, kui s\u00fcsteem oli v\u00f5imeline leidma, edasi sisestate juba ise puudu- olevad andmed:<\/p>\n<p><img loading=\"lazy\" decoding=\"async\" width=\"618\" height=\"559\" class=\"alignnone wp-image-52\" src=\"https:\/\/sisu.ut.ee\/wp-content\/uploads\/sites\/227\/kasistsilisamine.png\" title=\"kasistsilisamine.png\" alt=\"citefastmanual\" srcset=\"https:\/\/sisu.ut.ee\/wp-content\/uploads\/sites\/227\/kasistsilisamine.png 618w, https:\/\/sisu.ut.ee\/wp-content\/uploads\/sites\/227\/kasistsilisamine-300x271.png 300w\" sizes=\"auto, (max-width: 618px) 100vw, 618px\"><\/p>\n<p>Peale salvestamist avaneb paremal pool valmis kirje koos eksportimise ja kopeerimise v\u00f5imalustega. Kirjet saab eksportida Wordi failina v\u00f5i lihtsalt kopeerida ja kleepda enda materjali. Kui teil on ainult \u00fcks kirje, siis v\u00f5ib seda lihtsalt kopeerida, kui aga koostate Citefasti abil mitme allika kirjeid, tekib teil terve loetelu ja siis v\u00f5ib juba eksportida <strong>Wordi\u00a0<\/strong>failina.<\/p>\n<p>Lisaks saab kopeerida tekstisisest viidet (<em>In-text<\/em>):<\/p>\n<p><img loading=\"lazy\" decoding=\"async\" width=\"637\" height=\"365\" class=\"alignnone wp-image-53\" src=\"https:\/\/sisu.ut.ee\/wp-content\/uploads\/sites\/227\/citefastexport.png\" title=\"citefastexport.png\" alt=\"exportfast\" srcset=\"https:\/\/sisu.ut.ee\/wp-content\/uploads\/sites\/227\/citefastexport.png 637w, https:\/\/sisu.ut.ee\/wp-content\/uploads\/sites\/227\/citefastexport-300x172.png 300w\" sizes=\"auto, (max-width: 637px) 100vw, 637px\"><\/p>\n<p><span><strong>NB<\/strong>!<\/span>\u00a0\u00c4rge unustage, et kirje peab v\u00f5tma eestikeelse vormi \u2013 natuke on vaja seda toimetada.<\/p>\n<p><strong>Kasutajakonto loomine<\/strong><\/p>\n<p>Kui soovite oma kirjeid ja allikate loetelusid s\u00e4ilitada ja hoida Citefastis, looge sinna konto, siis s\u00e4ilivad k\u00f5ik teie kirjed ja allikad kenasti ja on n\u00e4htavad peale sisse logimist. Igale allikate loetelule (<em>Bibliography<\/em>) saab anda oma pealkirja ja k\u00e4sitleda\/eksportida neid vastavalt soovile:<\/p>\n<p><img loading=\"lazy\" decoding=\"async\" width=\"615\" height=\"475\" class=\"alignnone wp-image-55\" src=\"https:\/\/sisu.ut.ee\/wp-content\/uploads\/sites\/227\/allikate_loetelu_citefast.png\" title=\"allikate_loetelu_citefast.png\" alt=\"allikadcitefast\" srcset=\"https:\/\/sisu.ut.ee\/wp-content\/uploads\/sites\/227\/allikate_loetelu_citefast.png 615w, https:\/\/sisu.ut.ee\/wp-content\/uploads\/sites\/227\/allikate_loetelu_citefast-300x232.png 300w\" sizes=\"auto, (max-width: 615px) 100vw, 615px\"><\/p>\n","protected":false},"excerpt":{"rendered":"<p>Citefast on samuti veebip\u00f5hine kirjete genereerimise vahend, mis asub aadressil\u00a0http:\/\/www.citefast.com\/?s=APA. 1. K\u00f5igepealt tuleb valida soovitud viitamisstiil ja allikat\u00fc\u00fcp, millele soovite kirjet: 2. Seej\u00e4rel saab sisestada allika andmeid. Meie n\u00e4ite puhul on video aadress teada, seega v\u00f5ib sisestada kohe video aadressi &#8230;<\/p>\n","protected":false},"author":6,"featured_media":0,"parent":0,"menu_order":0,"comment_status":"closed","ping_status":"closed","template":"","meta":{"_acf_changed":false,"inline_featured_image":false,"footnotes":""},"class_list":["post-12","page","type-page","status-publish","hentry"],"acf":[],"_links":{"self":[{"href":"https:\/\/sisu.ut.ee\/viitamiseabc\/wp-json\/wp\/v2\/pages\/12","targetHints":{"allow":["GET"]}}],"collection":[{"href":"https:\/\/sisu.ut.ee\/viitamiseabc\/wp-json\/wp\/v2\/pages"}],"about":[{"href":"https:\/\/sisu.ut.ee\/viitamiseabc\/wp-json\/wp\/v2\/types\/page"}],"author":[{"embeddable":true,"href":"https:\/\/sisu.ut.ee\/viitamiseabc\/wp-json\/wp\/v2\/users\/6"}],"replies":[{"embeddable":true,"href":"https:\/\/sisu.ut.ee\/viitamiseabc\/wp-json\/wp\/v2\/comments?post=12"}],"version-history":[{"count":1,"href":"https:\/\/sisu.ut.ee\/viitamiseabc\/wp-json\/wp\/v2\/pages\/12\/revisions"}],"predecessor-version":[{"id":166,"href":"https:\/\/sisu.ut.ee\/viitamiseabc\/wp-json\/wp\/v2\/pages\/12\/revisions\/166"}],"wp:attachment":[{"href":"https:\/\/sisu.ut.ee\/viitamiseabc\/wp-json\/wp\/v2\/media?parent=12"}],"curies":[{"name":"wp","href":"https:\/\/api.w.org\/{rel}","templated":true}]}}