{"id":10,"date":"2024-04-04T03:27:22","date_gmt":"2024-04-04T00:27:22","guid":{"rendered":"https:\/\/sisu.ut.ee\/viitamiseabc\/kirjete-loomine-ms-wordis\/"},"modified":"2024-04-04T03:27:38","modified_gmt":"2024-04-04T00:27:38","slug":"kirjete-loomine-ms-wordis","status":"publish","type":"page","link":"https:\/\/sisu.ut.ee\/viitamiseabc\/kirjete-loomine-ms-wordis\/","title":{"rendered":"Kirjete loomine MS Wordis"},"content":{"rendered":"<p>Kui te loote oma materjali Wordis, on seal mugav abimees kohe olemas: <em><strong>References<\/strong><\/em>-vahelehel (eestikeelses versioonis \u201c<strong>Viited<\/strong>\u201c) on v\u00f5imalik lisada nii tekstisiseseid viiteid kui dokumendi l\u00f5ppu \u201cKasutatud kirjanduse loetelu\u201d soovitud stiilis (nt APA).\u00a0<\/p>\n<p>K\u00f5igepealt tuleb asetada kursor kohta, kuhu soovite lisada viite ja siis kl\u00f5psata <strong>Insert Citation<\/strong>\u00a0&gt; <strong>Add New Source (ee \u201cLisa viide\u201d)<\/strong>:<\/p>\n<p><img loading=\"lazy\" decoding=\"async\" width=\"569\" height=\"193\" class=\"alignnone wp-image-44\" src=\"https:\/\/sisu.ut.ee\/wp-content\/uploads\/sites\/227\/kirje_lisamine_word.png\" title=\"kirje_lisamine_word.png\" alt=\"kirje\" srcset=\"https:\/\/sisu.ut.ee\/wp-content\/uploads\/sites\/227\/kirje_lisamine_word.png 569w, https:\/\/sisu.ut.ee\/wp-content\/uploads\/sites\/227\/kirje_lisamine_word-300x102.png 300w\" sizes=\"auto, (max-width: 569px) 100vw, 569px\"><\/p>\n<p>Sisestage k\u00f5ik vajalikud andmed kasutatava allika kohta, mis teil on teada, valides eelnevalt allika t\u00fc\u00fcp (raamat, artikkel, veebileht jne). Kui see on tehtud, vajutage <strong>OK<\/strong>:<\/p>\n<p><img loading=\"lazy\" decoding=\"async\" width=\"710\" height=\"302\" class=\"alignnone wp-image-47\" src=\"https:\/\/sisu.ut.ee\/wp-content\/uploads\/sites\/227\/word_raamat.png\" title=\"word\" alt=\"word\" srcset=\"https:\/\/sisu.ut.ee\/wp-content\/uploads\/sites\/227\/word_raamat.png 710w, https:\/\/sisu.ut.ee\/wp-content\/uploads\/sites\/227\/word_raamat-300x128.png 300w\" sizes=\"auto, (max-width: 710px) 100vw, 710px\"><\/p>\n<p>N\u00fc\u00fcd ilmub teksti sisse viide, mida saate vajadusel kohendada ja muuta. K\u00f5ige t\u00e4htsam on aga see, et \u00e4sja sisestatud andmed on salvestatud ning hiljem kasutatakse neid kasutatud allikate loetelu loomisel.<\/p>\n<p><strong>NB!<\/strong> Autori sisestamisel tuleb k\u00f5igepealt kirjutada perekonnanimi, lisada koma ja siis eesnimi, siis tuleb ka viide korrektne. Nt veebilehe puhul oleks see nii:<\/p>\n<p><img loading=\"lazy\" decoding=\"async\" width=\"690\" height=\"340\" class=\"alignnone wp-image-45\" src=\"https:\/\/sisu.ut.ee\/wp-content\/uploads\/sites\/227\/websiteword.png\" title=\"websiteword.png\" alt=\"webword\" srcset=\"https:\/\/sisu.ut.ee\/wp-content\/uploads\/sites\/227\/websiteword.png 690w, https:\/\/sisu.ut.ee\/wp-content\/uploads\/sites\/227\/websiteword-300x148.png 300w\" sizes=\"auto, (max-width: 690px) 100vw, 690px\"><\/p>\n<p><strong>Tekstisisene viide<\/strong> n\u00e4eb v\u00e4lja siis selline:\u00a0<\/p>\n<p>(Jaaksaar, 2010)<\/p>\n<p>j<strong>a APA stiilis kirje<\/strong> selline:<\/p>\n<p>Jaaksaar, K. (2010, 11 1). <em>Viitamine kirjalikes t\u00f6\u00f6des<\/em>. Retrieved from Slideshare: <a href=\"https:\/\/www.slideshare.net\/katsv\/viitamine-kirjalikes-tdes\" target=\"_blank\" rel=\"noopener\">https:\/\/www.slideshare.net\/katsv\/viitamine-kirjalikes-tdes<\/a>\u00a0<\/p>\n<p>Kirjeid saab lisada kl\u00f5psates samas <strong>References<\/strong>\u00a0(e.k. <strong>Viited<\/strong>) vahelehel nupule <strong>Bibliography <\/strong>(eesti keeles<strong> Bibliograafia<\/strong>):<\/p>\n<p><img loading=\"lazy\" decoding=\"async\" width=\"499\" height=\"260\" class=\"alignnone wp-image-46\" src=\"https:\/\/sisu.ut.ee\/wp-content\/uploads\/sites\/227\/bibliography.png\" title=\"bibliography.png\" alt=\"bibliograafiaWord\" srcset=\"https:\/\/sisu.ut.ee\/wp-content\/uploads\/sites\/227\/bibliography.png 499w, https:\/\/sisu.ut.ee\/wp-content\/uploads\/sites\/227\/bibliography-300x156.png 300w\" sizes=\"auto, (max-width: 499px) 100vw, 499px\"><\/p>\n<p>Ilmselt panite t\u00e4hele, et kirje vormistatakse inglise keeles ja tuleb natuke \u00fcht-teist muuta. N\u00e4iteks eelpool oleva veebilehe kirje peaks tegelikult v\u00e4lja n\u00e4gema selline:<\/p>\n<ul>\n<li>Jaaksaar, K. (2010).\u00a0<em>Viitamine kirjalikes t\u00f6\u00f6des<\/em>. Vaadatud 24.08.2017 <a href=\"https:\/\/www.slideshare.net\/katsv\/viitamine-kirjalikes-tdes\" target=\"_blank\" rel=\"noopener\">https:\/\/www.slideshare.net\/katsv\/viitamine-kirjalikes-tdes<\/a> \u00a0<\/li>\n<\/ul>\n<p><strong>NB!<\/strong> Allika pealkiri v\u00f5ib, aga ei pea olema kursiivis.<\/p>\n","protected":false},"excerpt":{"rendered":"<p>Kui te loote oma materjali Wordis, on seal mugav abimees kohe olemas: References-vahelehel (eestikeelses versioonis \u201cViited\u201c) on v\u00f5imalik lisada nii tekstisiseseid viiteid kui dokumendi l\u00f5ppu \u201cKasutatud kirjanduse loetelu\u201d soovitud stiilis (nt APA).\u00a0 K\u00f5igepealt tuleb asetada kursor kohta, kuhu soovite lisada &#8230;<\/p>\n","protected":false},"author":6,"featured_media":0,"parent":0,"menu_order":0,"comment_status":"closed","ping_status":"closed","template":"","meta":{"_acf_changed":false,"inline_featured_image":false,"footnotes":""},"class_list":["post-10","page","type-page","status-publish","hentry"],"acf":[],"_links":{"self":[{"href":"https:\/\/sisu.ut.ee\/viitamiseabc\/wp-json\/wp\/v2\/pages\/10","targetHints":{"allow":["GET"]}}],"collection":[{"href":"https:\/\/sisu.ut.ee\/viitamiseabc\/wp-json\/wp\/v2\/pages"}],"about":[{"href":"https:\/\/sisu.ut.ee\/viitamiseabc\/wp-json\/wp\/v2\/types\/page"}],"author":[{"embeddable":true,"href":"https:\/\/sisu.ut.ee\/viitamiseabc\/wp-json\/wp\/v2\/users\/6"}],"replies":[{"embeddable":true,"href":"https:\/\/sisu.ut.ee\/viitamiseabc\/wp-json\/wp\/v2\/comments?post=10"}],"version-history":[{"count":1,"href":"https:\/\/sisu.ut.ee\/viitamiseabc\/wp-json\/wp\/v2\/pages\/10\/revisions"}],"predecessor-version":[{"id":164,"href":"https:\/\/sisu.ut.ee\/viitamiseabc\/wp-json\/wp\/v2\/pages\/10\/revisions\/164"}],"wp:attachment":[{"href":"https:\/\/sisu.ut.ee\/viitamiseabc\/wp-json\/wp\/v2\/media?parent=10"}],"curies":[{"name":"wp","href":"https:\/\/api.w.org\/{rel}","templated":true}]}}