{"id":8,"date":"2024-04-04T06:58:44","date_gmt":"2024-04-04T03:58:44","guid":{"rendered":"https:\/\/sisu.ut.ee\/vesiniku-ja-taastuvenergeetika-keskus\/taastuvenergeetika-testlaborid-0\/"},"modified":"2024-04-04T06:58:51","modified_gmt":"2024-04-04T03:58:51","slug":"taastuvenergeetika-testlaborid-0","status":"publish","type":"page","link":"https:\/\/sisu.ut.ee\/vesiniku-ja-taastuvenergeetika-keskus\/taastuvenergeetika-testlaborid-0\/","title":{"rendered":"Taastuvenergeetika testlaborid"},"content":{"rendered":"<ul>\n<li>\n\t\tSuperkondensaatorite labor\n\t<\/li>\n<li>\n\t\tNa-ioon- ja Li-ioon patareide testlabor\n\t<\/li>\n<li>\n\t\tVesiniku ja metaani adsorbeerivate materjalide\/seadmete testlabor\n\t<\/li>\n<li>\n\t\tPol\u00fcmeer elektrol\u00fc\u00fct-membraan k\u00fctuseelementide \/elektrol\u00fc\u00fcserite testlabor\n\t<\/li>\n<li>\n\t\tTahkeoksiidsete k\u00fctuseelementide\/elektrol\u00fc\u00fcserite testlabor\n\t<\/li>\n<li>\n\t\tCO<sub>2<\/sub>\u00a0ja H<sub>2<\/sub>O kaas\/koosredutseerimise testlabor s\u00fcnteesgaasi\/s\u00fcnteesk\u00fctuse tootmiseks (\u201epower to X\u201c ehk elekter suvaliseks reagendiks) ja s\u00fcsinikdioksiidi kogumise, salvestamise ja v\u00e4\u00e4rindamise (inglisekeelne l\u00fchend CCSU) uurimiseks.\n\t<\/li>\n<\/ul>\n<p>\n\t<img decoding=\"async\" alt=\"\" src=\"https:\/\/sisu.ut.ee\/wp-content\/uploads\/sites\/466\/kutuseelementide_labor.jpg\" style=\"width: 600px;height: 370px\"><br>K\u00fctuseelementide kooste- ja testlabor (foto: Liivi J\u00e4rve)<\/p>\n","protected":false},"excerpt":{"rendered":"<p>Superkondensaatorite labor Na-ioon- ja Li-ioon patareide testlabor Vesiniku ja metaani adsorbeerivate materjalide\/seadmete testlabor Pol\u00fcmeer elektrol\u00fc\u00fct-membraan k\u00fctuseelementide \/elektrol\u00fc\u00fcserite testlabor Tahkeoksiidsete k\u00fctuseelementide\/elektrol\u00fc\u00fcserite testlabor CO2\u00a0ja H2O kaas\/koosredutseerimise testlabor s\u00fcnteesgaasi\/s\u00fcnteesk\u00fctuse tootmiseks (\u201epower to X\u201c ehk elekter suvaliseks reagendiks) ja s\u00fcsinikdioksiidi kogumise, salvestamise ja v\u00e4\u00e4rindamise &#8230;<\/p>\n","protected":false},"author":84,"featured_media":0,"parent":0,"menu_order":0,"comment_status":"closed","ping_status":"closed","template":"","meta":{"_acf_changed":false,"inline_featured_image":false,"footnotes":""},"class_list":["post-8","page","type-page","status-publish","hentry"],"acf":[],"_links":{"self":[{"href":"https:\/\/sisu.ut.ee\/vesiniku-ja-taastuvenergeetika-keskus\/wp-json\/wp\/v2\/pages\/8","targetHints":{"allow":["GET"]}}],"collection":[{"href":"https:\/\/sisu.ut.ee\/vesiniku-ja-taastuvenergeetika-keskus\/wp-json\/wp\/v2\/pages"}],"about":[{"href":"https:\/\/sisu.ut.ee\/vesiniku-ja-taastuvenergeetika-keskus\/wp-json\/wp\/v2\/types\/page"}],"author":[{"embeddable":true,"href":"https:\/\/sisu.ut.ee\/vesiniku-ja-taastuvenergeetika-keskus\/wp-json\/wp\/v2\/users\/84"}],"replies":[{"embeddable":true,"href":"https:\/\/sisu.ut.ee\/vesiniku-ja-taastuvenergeetika-keskus\/wp-json\/wp\/v2\/comments?post=8"}],"version-history":[{"count":1,"href":"https:\/\/sisu.ut.ee\/vesiniku-ja-taastuvenergeetika-keskus\/wp-json\/wp\/v2\/pages\/8\/revisions"}],"predecessor-version":[{"id":27,"href":"https:\/\/sisu.ut.ee\/vesiniku-ja-taastuvenergeetika-keskus\/wp-json\/wp\/v2\/pages\/8\/revisions\/27"}],"wp:attachment":[{"href":"https:\/\/sisu.ut.ee\/vesiniku-ja-taastuvenergeetika-keskus\/wp-json\/wp\/v2\/media?parent=8"}],"curies":[{"name":"wp","href":"https:\/\/api.w.org\/{rel}","templated":true}]}}