{"id":5,"date":"2024-04-04T06:58:44","date_gmt":"2024-04-04T03:58:44","guid":{"rendered":"https:\/\/sisu.ut.ee\/vesiniku-ja-taastuvenergeetika-keskus\/tehnoloogiline-oskusteave\/"},"modified":"2024-04-04T06:58:51","modified_gmt":"2024-04-04T03:58:51","slug":"tehnoloogiline-oskusteave","status":"publish","type":"page","link":"https:\/\/sisu.ut.ee\/vesiniku-ja-taastuvenergeetika-keskus\/tehnoloogiline-oskusteave\/","title":{"rendered":"Tehnoloogiline oskusteave"},"content":{"rendered":"<h4>\n\tMaterjalide arendus ja testimine<br>\n<\/h4>\n<ul>\n<li>\n\t\tSuperkondensaatorite \u00fchikrakkude ja s\u00fcsteemide materjalide arendus ja testimine\n\t<\/li>\n<li>\n\t\tLi-ioon- ja Na-ioonpatareide ning teiste patareide \u00fchikrakkude ja komplekteeritud patareide testimine\n\t<\/li>\n<li>\n\t\tVesinikku ja metaani absorbeerivate ning keemiliselt vesinikku siduvate materjalide arendamine ja testimine\n\t<\/li>\n<li>\n\t\tK\u00fctuseelementide materjalide arendamine ja testimine\n<ul>\n<li>\n\t\t\t\t5 kuni 100 cm<sup>2<\/sup> \u00fchikrakkude testimine ja ajalise stabiilsuse anal\u00fc\u00fcs\n\t\t\t<\/li>\n<li>\n\t\t\t\tkomplekteeritud k\u00fctuseelementide testimine ja ajalise stabiilsuse anal\u00fc\u00fcs\n\t\t\t<\/li>\n<li>\n\t\t\t\tTahkeoksiidsed nii hapnik- kui ka prootonjuht-membraaniga k\u00fctuseelemendid (SOFC)\n\t\t\t<\/li>\n<li>\n\t\t\t\tProotonjuht-membraaniga k\u00fctuseelemendid (PEMFC)\n\t\t\t<\/li>\n<li>\n\t\t\t\tAnioonvahetus-membraaniga k\u00fctuseelemendid (AVMFC)\n\t\t\t<\/li>\n<\/ul>\n<\/li>\n<\/ul>\n<ul>\n<li>\n\t\tElektrol\u00fc\u00fcserite materjalide arendus ja testimine\n<ul>\n<li>\n\t\t\t\t5 kuni 100 cm<sup>2<\/sup> \u00fchikrakkude testimine ja ajalise stabiilsuse anal\u00fc\u00fcs\n\t\t\t<\/li>\n<li>\n\t\t\t\tkomplekteeritud rakkude m\u00f5\u00f5tmised ja ajalise stab<ins cite=\"mailto:Enn%20Lust\" datetime=\"2020-12-01T12:34\">i<\/ins>ilsuse anal\u00fc\u00fcs:\n\t\t\t<\/li>\n<li>\n\t\t\t\tProotonjuhtivusega elektrol\u00fc\u00fcser (PEMEL),\n\t\t\t<\/li>\n<li>\n\t\t\t\tLeeliselise elektrol\u00fc\u00fcdiga elektrol\u00fc\u00fcser (AEL),\n\t\t\t<\/li>\n<li>\n\t\t\t\tTahkeoksiidne (hapniku ja prootonjuhtivusega ning sega ioonjuhtivusega) elektrol\u00fc\u00fcser (SOEL)\n\t\t\t<\/li>\n<li>\n\t\t\t\tS\u00fcsinikdioksiidi ja vee koosredutseerimise elektrol\u00fc\u00fcseri anal\u00fc\u00fcs ja s\u00fcnteesgaasi\/s\u00fcnteesk\u00fctuste koostise m\u00e4\u00e4ramine.\n\t\t\t<\/li>\n<\/ul>\n<\/li>\n<\/ul>\n<h4>\n\tMaterjalide anal\u00fc\u00fcsi meetodid<br>\n<\/h4>\n<ul>\n<li>\n\t\tEripinna ja poorsuse (pooride jaotuse) m\u00e4\u00e4ramine\n<ul>\n<li>\n\t\t\t\tGaaside (H2, CH4 jpt.) adsorptsioon\/absorptsioon\n\t\t\t<\/li>\n<li>\n\t\t\t\tTemperatuur-programmeeritud desorptsioon\n\t\t\t<\/li>\n<li>\n\t\t\t\tTermogravimeetriline anal\u00fc\u00fcs\n\t\t\t<\/li>\n<li>\n\t\t\t\tIn situ elektrokeemiline dilatomeetria\n\t\t\t<\/li>\n<li>\n\t\t\t\tOperando elektrokeemiline k\u00f5rgtemperatuurne XRD anal\u00fc\u00fcs\n\t\t\t<\/li>\n<li>\n\t\t\t\tFIB-TOF-SIMS anal\u00fc\u00fcs\n\t\t\t<\/li>\n<li>\n\t\t\t\tFIB-SEM-EDX anal\u00fc\u00fcs\n\t\t\t<\/li>\n<\/ul>\n<\/li>\n<li>\n\t\tL\u00e4htematerjalide (pastade) reomeetriline anal\u00fc\u00fcs\n\t<\/li>\n<li>\n\t\tOperando XPS anal\u00fc\u00fc\u00fcs,\n\t<\/li>\n<li>\n\t\tHR-TEM ja EELS, SAED XPS anal\u00fc\u00fcs,\n\t<\/li>\n<li>\n\t\tRaman ananal\u00fc\u00fcs,\n\t<\/li>\n<li>\n\t\tIR (FTIR, SNIFTIR, jt) anal\u00fc\u00fcs\n\t<\/li>\n<li>\n\t\tK\u00fctuseelementide ja elektrol\u00fc\u00fcserite operando gaasikromatograafia-massispektromeetria\n\t<\/li>\n<li>\n\t\tElektrokeemilise impedantsi spektroskoopia\n\t<\/li>\n<li>\n\t\tkonstantse vooluga laadimise\/t\u00fchjenemise uuringud\n\t<\/li>\n<li>\n\t\tkonstantse v\u00f5imsusega energiatiheduse anal\u00fc\u00fcs\n\t<\/li>\n<li>\n\t\tp\u00f6\u00f6rleva ketaselektroodi meetod\n\t<\/li>\n<li>\n\t\tts\u00fckliline voltamperomeetria\n\t<\/li>\n<\/ul>\n<h4>\n\tSimultatsioonid ja tulemuste modelleerimine<br>\n<\/h4>\n<ul>\n<li>\n\t\tMaterjalide 3D-anal\u00fc\u00fcs (FIB-TOF-SIMS, FIB-SEM, operando XRD, operando XPS)\n\t<\/li>\n<li>\n\t\tPoorsete materjalide poorsuse ja poorse struktuuri anal\u00fc\u00fcs\n\t<\/li>\n<li>\n\t\tImpedantsspektroskoopia andmete anal\u00fc\u00fcs\n\t<\/li>\n<li>\n\t\tSoojuspaisumise ja dilatomeetria andmete anal\u00fc\u00fcs\n\t<\/li>\n<li>\n\t\tKoondid (koondanal\u00fc\u00fcsid) materjalide f\u00fc\u00fcsikaliste ja elektrokeemiliste omaduste kohta\n\t<\/li>\n<\/ul>\n","protected":false},"excerpt":{"rendered":"<p>Materjalide arendus ja testimine Superkondensaatorite \u00fchikrakkude ja s\u00fcsteemide materjalide arendus ja testimine Li-ioon- ja Na-ioonpatareide ning teiste patareide \u00fchikrakkude ja komplekteeritud patareide testimine Vesinikku ja metaani absorbeerivate ning keemiliselt vesinikku siduvate materjalide arendamine ja testimine K\u00fctuseelementide materjalide arendamine ja testimine &#8230;<\/p>\n","protected":false},"author":84,"featured_media":0,"parent":0,"menu_order":0,"comment_status":"closed","ping_status":"closed","template":"","meta":{"_acf_changed":false,"inline_featured_image":false,"footnotes":""},"class_list":["post-5","page","type-page","status-publish","hentry"],"acf":[],"_links":{"self":[{"href":"https:\/\/sisu.ut.ee\/vesiniku-ja-taastuvenergeetika-keskus\/wp-json\/wp\/v2\/pages\/5","targetHints":{"allow":["GET"]}}],"collection":[{"href":"https:\/\/sisu.ut.ee\/vesiniku-ja-taastuvenergeetika-keskus\/wp-json\/wp\/v2\/pages"}],"about":[{"href":"https:\/\/sisu.ut.ee\/vesiniku-ja-taastuvenergeetika-keskus\/wp-json\/wp\/v2\/types\/page"}],"author":[{"embeddable":true,"href":"https:\/\/sisu.ut.ee\/vesiniku-ja-taastuvenergeetika-keskus\/wp-json\/wp\/v2\/users\/84"}],"replies":[{"embeddable":true,"href":"https:\/\/sisu.ut.ee\/vesiniku-ja-taastuvenergeetika-keskus\/wp-json\/wp\/v2\/comments?post=5"}],"version-history":[{"count":1,"href":"https:\/\/sisu.ut.ee\/vesiniku-ja-taastuvenergeetika-keskus\/wp-json\/wp\/v2\/pages\/5\/revisions"}],"predecessor-version":[{"id":24,"href":"https:\/\/sisu.ut.ee\/vesiniku-ja-taastuvenergeetika-keskus\/wp-json\/wp\/v2\/pages\/5\/revisions\/24"}],"wp:attachment":[{"href":"https:\/\/sisu.ut.ee\/vesiniku-ja-taastuvenergeetika-keskus\/wp-json\/wp\/v2\/media?parent=5"}],"curies":[{"name":"wp","href":"https:\/\/api.w.org\/{rel}","templated":true}]}}