{"id":4,"date":"2024-04-04T06:58:44","date_gmt":"2024-04-04T03:58:44","guid":{"rendered":"https:\/\/sisu.ut.ee\/vesiniku-ja-taastuvenergeetika-keskus\/vtek-eesmargid\/"},"modified":"2024-04-04T06:58:51","modified_gmt":"2024-04-04T03:58:51","slug":"vtek-eesmargid","status":"publish","type":"page","link":"https:\/\/sisu.ut.ee\/vesiniku-ja-taastuvenergeetika-keskus\/vtek-eesmargid\/","title":{"rendered":"VTEK eesm\u00e4rgid"},"content":{"rendered":"<ul>\n<li>\n\t\tVTEK <b>aitab kaasa<\/b> senise \u00fclimalt saastava ja elukeskkonda hukutava\u00a0 energeetika-, transpordi-, keemiat\u00f6\u00f6stuse ning k\u00fcttemajandus moderniseerimisele.\n\t<\/li>\n<li>\n\t\tVTEK <b>teadvustab<\/b>, et parim v\u00f5imalus toodetavate kasvuhoonegaaside ja muude keskkonda saastavate gaaside emissioonide v\u00e4hendamine on v\u00f5imalik ainult tuule-ja p\u00e4ikeseenergeetika ulatusliku laiendamisega, millega peab vaieldamatult kaasnema nii l\u00fchiajaline kui ka sesoonne energia(kandjate) salvestamine.\n\t<\/li>\n<li>\n\t\tVTEK <b>tegeleb<\/b> vesiniku ja teiste energiakandjate tootmise, salvestuse, transpordi <b>integreerimisega<\/b> k\u00f5rgefektiivse taastuvenergeetika lahendustesse\n\t<\/li>\n<li>\n\t\tVTEK <b>koondab<\/b> piirkonna <b>parimaid<\/b> teaduslikul uurimist\u00f6\u00f6l ja v\u00e4ikemahulistel rakendustel p\u00f5hinevaid energiatehnoloogia alaseid <b>teadmisi<\/b> ning juurutamiskogemusi\n\t<\/li>\n<li>\n\t\tVTEK <b>aitab t\u00f5sta<\/b> Eesti <b>innovatiivsete ettev\u00f5tete potentsiaali<\/b>, teadmisi ja tehnoloogilist taset, osalemaks \u00fcha tihenevas \u00fclemaailmses konkurentsis taastuvenergeetika rakendamisel\n\t<\/li>\n<li>\n\t\tVTEK <b>soodustab<\/b> teadus-arendusasutuste, ettev\u00f5tete ja avaliku sektori <b>koost\u00f6\u00f6d<\/b> erinevate <b>rohep\u00f6\u00f6rde teostamiseks<\/b> loodud fondidest\u00a0 vahendite hankimisel ja kasutamisel \u00a0saastevaba energeetika \u00fclesehitamiseks.\n\t<\/li>\n<li>\n\t\tVTEK <b>loob<\/b> vesinikutehnoloogiaid rakendavatele ettev\u00f5tetele <b>ligip\u00e4\u00e4su spetsiifilisele oskusteabele<\/b> ja uurimisv\u00f5imalustele\n\t<\/li>\n<li>\n\t\tVTEK <b>panustab elukestvasse \u00f5ppesse<\/b> vesiniku ja taastuvenergeetika vallas\n\t<\/li>\n<\/ul>\n","protected":false},"excerpt":{"rendered":"<p>VTEK aitab kaasa senise \u00fclimalt saastava ja elukeskkonda hukutava\u00a0 energeetika-, transpordi-, keemiat\u00f6\u00f6stuse ning k\u00fcttemajandus moderniseerimisele. VTEK teadvustab, et parim v\u00f5imalus toodetavate kasvuhoonegaaside ja muude keskkonda saastavate gaaside emissioonide v\u00e4hendamine on v\u00f5imalik ainult tuule-ja p\u00e4ikeseenergeetika ulatusliku laiendamisega, millega peab vaieldamatult kaasnema &#8230;<\/p>\n","protected":false},"author":84,"featured_media":0,"parent":0,"menu_order":0,"comment_status":"closed","ping_status":"closed","template":"","meta":{"_acf_changed":false,"inline_featured_image":false,"footnotes":""},"class_list":["post-4","page","type-page","status-publish","hentry"],"acf":[],"_links":{"self":[{"href":"https:\/\/sisu.ut.ee\/vesiniku-ja-taastuvenergeetika-keskus\/wp-json\/wp\/v2\/pages\/4","targetHints":{"allow":["GET"]}}],"collection":[{"href":"https:\/\/sisu.ut.ee\/vesiniku-ja-taastuvenergeetika-keskus\/wp-json\/wp\/v2\/pages"}],"about":[{"href":"https:\/\/sisu.ut.ee\/vesiniku-ja-taastuvenergeetika-keskus\/wp-json\/wp\/v2\/types\/page"}],"author":[{"embeddable":true,"href":"https:\/\/sisu.ut.ee\/vesiniku-ja-taastuvenergeetika-keskus\/wp-json\/wp\/v2\/users\/84"}],"replies":[{"embeddable":true,"href":"https:\/\/sisu.ut.ee\/vesiniku-ja-taastuvenergeetika-keskus\/wp-json\/wp\/v2\/comments?post=4"}],"version-history":[{"count":1,"href":"https:\/\/sisu.ut.ee\/vesiniku-ja-taastuvenergeetika-keskus\/wp-json\/wp\/v2\/pages\/4\/revisions"}],"predecessor-version":[{"id":23,"href":"https:\/\/sisu.ut.ee\/vesiniku-ja-taastuvenergeetika-keskus\/wp-json\/wp\/v2\/pages\/4\/revisions\/23"}],"wp:attachment":[{"href":"https:\/\/sisu.ut.ee\/vesiniku-ja-taastuvenergeetika-keskus\/wp-json\/wp\/v2\/media?parent=4"}],"curies":[{"name":"wp","href":"https:\/\/api.w.org\/{rel}","templated":true}]}}