{"id":3,"date":"2024-04-04T06:58:44","date_gmt":"2024-04-04T03:58:44","guid":{"rendered":"https:\/\/sisu.ut.ee\/vesiniku-ja-taastuvenergeetika-keskus\/avaleht\/"},"modified":"2025-03-20T09:57:11","modified_gmt":"2025-03-20T07:57:11","slug":"avaleht","status":"publish","type":"page","link":"https:\/\/sisu.ut.ee\/vesiniku-ja-taastuvenergeetika-keskus\/","title":{"rendered":"Avaleht"},"content":{"rendered":"<h2>VTEKi ellukutsumise p\u00f5hjused<img loading=\"lazy\" decoding=\"async\" width=\"904\" height=\"717\" class=\"alignnone wp-image-11\" style=\"width: 400px; height: 317px; float: right;\" title=\"10.02.2020 - Auve Tech Tartu \u00dclikool allkirjastasid koost\u00f6\u00f6lepingu mille eesm\u00e4rgiks on v\u00e4lja arendada vesiniku j\u00f5ul t\u00f6\u00f6tav isejuhtiv s\u00f5iduk  (foto: Andres Tennus)\" src=\"https:\/\/sisu.ut.ee\/wp-content\/uploads\/sites\/466\/vesinikubuss.jpg\" alt=\"vesinikubuss\" srcset=\"https:\/\/sisu.ut.ee\/wp-content\/uploads\/sites\/466\/vesinikubuss.jpg 904w, https:\/\/sisu.ut.ee\/wp-content\/uploads\/sites\/466\/vesinikubuss-300x238.jpg 300w, https:\/\/sisu.ut.ee\/wp-content\/uploads\/sites\/466\/vesinikubuss-768x609.jpg 768w\" sizes=\"auto, (max-width: 904px) 100vw, 904px\"><\/h2>\n<p>Euroopa Liidu energeetika arengukavad n\u00e4evad ette 2030. aastaks kasvuhoonegaaside ja muude saastavate ning inimeste tervist kahjustavate gaaside genereerimise drastilist \u2013 kuni 55%-list v\u00e4hendamist ja nn s\u00fcsinikneutraalsuse saavutamise 2050. aastaks.<\/p>\n<p>Sama suundumustega on ka Eesti ja teiste L\u00e4\u00e4nemereriikide energeetika arengukavad.<\/p>\n<p>Nende eesm\u00e4rkide saavutamiseks on vaja praegusest oluliselt suuremat tuule- ja p\u00e4ikeseenergia kasutamist, mis oma ts\u00fcklilisuse t\u00f5ttu vajavad uudset energia salvestamise strateegiat.<\/p>\n<p>Vesinik on mitmete uudsete energiaallikate k\u00fctus, aga seda saab kasutada ka energia salvestamiseks.<\/p>\n<p>L\u00e4hitulevikus peaks algama ka Eesti vesiniku kui energiakandaja teekaardi koostamise protsess, mis viiks p\u00e4rast valmimist Eesti eesrindlike energiatehnoloogiat arendavate riikide \u00fchisesse k\u00f5rgtehnoloogilisse perre(Saksamaa, Holland, Taani, Rootsi).<\/p>\n<p>VTEK teadlased, ettev\u00f5tted ning huvitatud omavalitsused on asunud intensiivselt sellealast kompetentsi ja tootmisv\u00f5imsusi arendama.<\/p>\n<h2>VTEK roll<\/h2>\n<p>VTEK annab nii teadusliku, tehnoloogilist kui ka rakenduslikku tuge asjast huvitatud ettev\u00f5tjatele, omavalitsustele ja erasektorile, v\u00f5imaldades vastavate lepingute alusel ja koolitatud operaatorite toetusel kasutada meie uurimislaboreid ning seni kogutud innovatiivset teavet.<\/p>\n<p>Tulenevalt v\u00e4ga laialdastest teadus- ja arenduskontaktidest Euroopa ja kogu maailma teadus&amp;arenduskeskuste ja ettev\u00f5tetega, suudab VTEK anda igak\u00fclgsetet teavet kogu taastuvenergeetika probleemide vallas, kaasarvatud uuringud rahvusvahelistes tuumiklaborites.<\/p>\n<p>VTEK on huvitatud uute k\u00f5rgtehnoloogiliste materjalide ja seadmete \u00fchisest arendamisest v\u00e4ga erinevatele vesiniku- ja muudele innovaatiliste energiatehnoloogia seadmetele, nagu superkondensaatorid, Na- v\u00f5i Li-ioon patareid, poorsed adsorbendid ning h\u00fcdriididel p\u00f5hinevad komposiitmaterjalid vesiniku salvestamiseks, madala-, keskmise- ning k\u00f5rgtemperatuursed k\u00fctuseelemendid ja elektrol\u00fc\u00fcserid.<\/p>\n","protected":false},"excerpt":{"rendered":"<p>VTEKi ellukutsumise p\u00f5hjused Euroopa Liidu energeetika arengukavad n\u00e4evad ette 2030. aastaks kasvuhoonegaaside ja muude saastavate ning inimeste tervist kahjustavate gaaside genereerimise drastilist \u2013 kuni 55%-list v\u00e4hendamist ja nn s\u00fcsinikneutraalsuse saavutamise 2050. aastaks. Sama suundumustega on ka Eesti ja teiste L\u00e4\u00e4nemereriikide &#8230;<\/p>\n","protected":false},"author":84,"featured_media":0,"parent":0,"menu_order":0,"comment_status":"closed","ping_status":"closed","template":"","meta":{"_acf_changed":false,"inline_featured_image":false,"footnotes":""},"class_list":["post-3","page","type-page","status-publish","hentry"],"acf":[],"_links":{"self":[{"href":"https:\/\/sisu.ut.ee\/vesiniku-ja-taastuvenergeetika-keskus\/wp-json\/wp\/v2\/pages\/3","targetHints":{"allow":["GET"]}}],"collection":[{"href":"https:\/\/sisu.ut.ee\/vesiniku-ja-taastuvenergeetika-keskus\/wp-json\/wp\/v2\/pages"}],"about":[{"href":"https:\/\/sisu.ut.ee\/vesiniku-ja-taastuvenergeetika-keskus\/wp-json\/wp\/v2\/types\/page"}],"author":[{"embeddable":true,"href":"https:\/\/sisu.ut.ee\/vesiniku-ja-taastuvenergeetika-keskus\/wp-json\/wp\/v2\/users\/84"}],"replies":[{"embeddable":true,"href":"https:\/\/sisu.ut.ee\/vesiniku-ja-taastuvenergeetika-keskus\/wp-json\/wp\/v2\/comments?post=3"}],"version-history":[{"count":2,"href":"https:\/\/sisu.ut.ee\/vesiniku-ja-taastuvenergeetika-keskus\/wp-json\/wp\/v2\/pages\/3\/revisions"}],"predecessor-version":[{"id":68,"href":"https:\/\/sisu.ut.ee\/vesiniku-ja-taastuvenergeetika-keskus\/wp-json\/wp\/v2\/pages\/3\/revisions\/68"}],"wp:attachment":[{"href":"https:\/\/sisu.ut.ee\/vesiniku-ja-taastuvenergeetika-keskus\/wp-json\/wp\/v2\/media?parent=3"}],"curies":[{"name":"wp","href":"https:\/\/api.w.org\/{rel}","templated":true}]}}