{"id":10,"date":"2024-04-04T06:58:44","date_gmt":"2024-04-04T03:58:44","guid":{"rendered":"https:\/\/sisu.ut.ee\/vesiniku-ja-taastuvenergeetika-keskus\/teenused-ja-partnerite-noustamine-1\/"},"modified":"2024-04-04T06:58:52","modified_gmt":"2024-04-04T03:58:52","slug":"teenused-ja-partnerite-noustamine-1","status":"publish","type":"page","link":"https:\/\/sisu.ut.ee\/vesiniku-ja-taastuvenergeetika-keskus\/teenused-ja-partnerite-noustamine-1\/","title":{"rendered":"Teenused ja partnerite n\u00f5ustamine"},"content":{"rendered":"<ul>\n<li>\n\t\tKlientide koolitused ja konsultatsioonid taastuvenergeetika s\u00fcsteemide komplekteerimiseks\n\t<\/li>\n<li>\n\t\tKonsultatsioonid vesiniku-energeetiliste s\u00fcsteemide komplekteerimiseks \u2013 materjalid ja komponentide parameetrid\n\t<\/li>\n<li>\n\t\tOhutustehnika-alased treeningud ja juhendite koostamine\n\t<\/li>\n<li>\n\t\tAbi projektide kirjutamisel ja kaitsmisel\n\t<\/li>\n<li>\n\t\tKonsultatsioonid ringmajanduse k\u00e4ivitamiseks\n\t<\/li>\n<li>\n\t\tVajadusel aitame v\u00e4lisekspertide ja koost\u00f6\u00f6partnerite leidmisel EL-st, USAst, Jaapanist jne.\n\t<\/li>\n<\/ul>\n","protected":false},"excerpt":{"rendered":"<p>Klientide koolitused ja konsultatsioonid taastuvenergeetika s\u00fcsteemide komplekteerimiseks Konsultatsioonid vesiniku-energeetiliste s\u00fcsteemide komplekteerimiseks \u2013 materjalid ja komponentide parameetrid Ohutustehnika-alased treeningud ja juhendite koostamine Abi projektide kirjutamisel ja kaitsmisel Konsultatsioonid ringmajanduse k\u00e4ivitamiseks Vajadusel aitame v\u00e4lisekspertide ja koost\u00f6\u00f6partnerite leidmisel EL-st, USAst, Jaapanist jne.<\/p>\n","protected":false},"author":84,"featured_media":0,"parent":0,"menu_order":0,"comment_status":"closed","ping_status":"closed","template":"","meta":{"_acf_changed":false,"inline_featured_image":false,"footnotes":""},"class_list":["post-10","page","type-page","status-publish","hentry"],"acf":[],"_links":{"self":[{"href":"https:\/\/sisu.ut.ee\/vesiniku-ja-taastuvenergeetika-keskus\/wp-json\/wp\/v2\/pages\/10","targetHints":{"allow":["GET"]}}],"collection":[{"href":"https:\/\/sisu.ut.ee\/vesiniku-ja-taastuvenergeetika-keskus\/wp-json\/wp\/v2\/pages"}],"about":[{"href":"https:\/\/sisu.ut.ee\/vesiniku-ja-taastuvenergeetika-keskus\/wp-json\/wp\/v2\/types\/page"}],"author":[{"embeddable":true,"href":"https:\/\/sisu.ut.ee\/vesiniku-ja-taastuvenergeetika-keskus\/wp-json\/wp\/v2\/users\/84"}],"replies":[{"embeddable":true,"href":"https:\/\/sisu.ut.ee\/vesiniku-ja-taastuvenergeetika-keskus\/wp-json\/wp\/v2\/comments?post=10"}],"version-history":[{"count":1,"href":"https:\/\/sisu.ut.ee\/vesiniku-ja-taastuvenergeetika-keskus\/wp-json\/wp\/v2\/pages\/10\/revisions"}],"predecessor-version":[{"id":29,"href":"https:\/\/sisu.ut.ee\/vesiniku-ja-taastuvenergeetika-keskus\/wp-json\/wp\/v2\/pages\/10\/revisions\/29"}],"wp:attachment":[{"href":"https:\/\/sisu.ut.ee\/vesiniku-ja-taastuvenergeetika-keskus\/wp-json\/wp\/v2\/media?parent=10"}],"curies":[{"name":"wp","href":"https:\/\/api.w.org\/{rel}","templated":true}]}}