{"id":26,"date":"2024-04-04T06:07:14","date_gmt":"2024-04-04T03:07:14","guid":{"rendered":"https:\/\/sisu.ut.ee\/velle-toll\/contact\/"},"modified":"2024-08-30T11:38:44","modified_gmt":"2024-08-30T08:38:44","slug":"contact","status":"publish","type":"page","link":"https:\/\/sisu.ut.ee\/velle-toll\/contact\/","title":{"rendered":"Contact"},"content":{"rendered":"<p><span style=\"font-size: 16px;\"><strong><span style=\"color: #696969;\">Velle Toll\u00a0\u00a0<\/span> \u00a0<\/strong><br>\n<a href=\"mailto:velle.toll@ut.ee\">velle.toll@ut.ee<\/a><br>\nAssociate Professor in Climate Physics<br>\n<a title=\"\" href=\"https:\/\/www.google.com\/maps\/place\/Tartu+%C3%9Clikooli+f%C3%BC%C3%BCsika+instituut\/@58.3661737,26.6785215,14z\/data=!4m5!3m4!1s0x46eb371033923261:0xa2e364f739d2dd7!8m2!3d58.3663217!4d26.6906504\" target=\"_blank\" rel=\"noopener\" data-url=\"https:\/\/www.google.com\/maps\/place\/Tartu+\u00dclikooli+f\u00fc\u00fcsika+instituut\/@58.3661737,26.6785215,14z\/data=!4m5!3m4!1s0x46eb371033923261:0xa2e364f739d2dd7!8m2!3d58.3663217!4d26.6906504\">W.Ostwaldi 1<\/a> (room nr A408)<br>\nTartu 50411 Estonia<\/span><\/p>\n<p><span style=\"font-size: 16px;\">mobile: +372 53951001<\/span><\/p>\n<p><span style=\"font-size: 16px;\">Centre for Climate Research<br>\nInstitute of Physics<br>\nUniversity of Tartu<\/span><\/p>\n","protected":false},"excerpt":{"rendered":"<p>Velle Toll\u00a0\u00a0 \u00a0 velle.toll@ut.ee Associate Professor in Climate Physics W.Ostwaldi 1 (room nr A408) Tartu 50411 Estonia mobile: +372 53951001 Centre for Climate Research Institute of Physics University of Tartu<\/p>\n","protected":false},"author":227,"featured_media":0,"parent":0,"menu_order":0,"comment_status":"closed","ping_status":"closed","template":"","meta":{"_acf_changed":false,"inline_featured_image":false,"footnotes":""},"class_list":["post-26","page","type-page","status-publish","hentry"],"acf":[],"_links":{"self":[{"href":"https:\/\/sisu.ut.ee\/velle-toll\/wp-json\/wp\/v2\/pages\/26","targetHints":{"allow":["GET"]}}],"collection":[{"href":"https:\/\/sisu.ut.ee\/velle-toll\/wp-json\/wp\/v2\/pages"}],"about":[{"href":"https:\/\/sisu.ut.ee\/velle-toll\/wp-json\/wp\/v2\/types\/page"}],"author":[{"embeddable":true,"href":"https:\/\/sisu.ut.ee\/velle-toll\/wp-json\/wp\/v2\/users\/227"}],"replies":[{"embeddable":true,"href":"https:\/\/sisu.ut.ee\/velle-toll\/wp-json\/wp\/v2\/comments?post=26"}],"version-history":[{"count":6,"href":"https:\/\/sisu.ut.ee\/velle-toll\/wp-json\/wp\/v2\/pages\/26\/revisions"}],"predecessor-version":[{"id":352,"href":"https:\/\/sisu.ut.ee\/velle-toll\/wp-json\/wp\/v2\/pages\/26\/revisions\/352"}],"wp:attachment":[{"href":"https:\/\/sisu.ut.ee\/velle-toll\/wp-json\/wp\/v2\/media?parent=26"}],"curies":[{"name":"wp","href":"https:\/\/api.w.org\/{rel}","templated":true}]}}