{"id":9,"date":"2024-04-04T06:59:16","date_gmt":"2024-04-04T03:59:16","guid":{"rendered":"https:\/\/sisu.ut.ee\/veda\/arutelud\/"},"modified":"2024-04-04T06:59:22","modified_gmt":"2024-04-04T03:59:22","slug":"arutelud","status":"publish","type":"page","link":"https:\/\/sisu.ut.ee\/veda\/arutelud\/","title":{"rendered":"Arutelup\u00e4ev &#8220;Digip\u00e4devused humanitaarias: mis, kuidas ja miks?&#8221;"},"content":{"rendered":"<p class=\"title\" id=\"page-title\" style=\"text-align: justify\">\n\t<em>Tartu \u00dclikooli humanitaarteaduste ja kunstide valdkonna infokirjas<\/em> 04.11.2020 ilmunud \u00fclevaade:\n<\/p>\n<div class=\"block block-system block-main block-system-main odd block-without-title\" id=\"block-system-main\">\n<div class=\"block-inner clearfix\">\n<div class=\"content clearfix\">\n<div class=\"node node-short-news clearfix\" id=\"node-2647811\">\n<div class=\"content\">\n<div class=\"field field-name-body field-type-text-with-summary field-label-hidden\">\n<div class=\"field-items\">\n<div class=\"field-item even\">\n<p dir=\"ltr\" style=\"line-height: 1.38;margin-top: 12pt;margin-bottom: 0pt;text-align: justify\">\n\t\t\t\t\t\t\t\t\t<span><span style=\"11pt;Arial;vertical-align:baseline\">30. oktoobril korraldasid digihumanitaaria ja info\u00fchiskonna keskus ning maailma keelte ja kultuuride kolled\u017e <\/span><\/span><a data-url=\"http:\/\/digihum.ut.ee\/event\/arutelup%C3%A4ev-digip%C3%A4devused-humanitaarias-mis-kuidas-ja-miks-valdkonna-%C3%B5ppej%C3%B5ududele\" href=\"http:\/\/digihum.ut.ee\/event\/arutelup%C3%A4ev-digip%C3%A4devused-humanitaarias-mis-kuidas-ja-miks-valdkonna-%C3%B5ppej%C3%B5ududele\" target=\"_blank\" title=\"\" rel=\"noopener\"><span style=\"11pt;Arial;text-decoration:underline;vertical-align:baseline\">HV \u00f5ppej\u00f5udude arutelup\u00e4eva \u201eDigip\u00e4devused humanitaarias: mis, kuidas ja miks?\u201c<\/span><\/a><span><span style=\"11pt;Arial;vertical-align:baseline\">. Digip\u00e4devused on osa tulevikuoskustest, mille s\u00fcsteemne arendamine on \u00fclikooli uues <\/span><\/span><a data-url=\"https:\/\/www.ut.ee\/sites\/default\/files\/www_ut\/tu_arengukava_a2025.pdf\" href=\"https:\/\/www.ut.ee\/sites\/default\/files\/www_ut\/tu_arengukava_a2025.pdf\" target=\"_blank\" title=\"\" rel=\"noopener\"><span style=\"11pt;Arial;text-decoration:underline;vertical-align:baseline\">arengukavas<\/span><\/a><span><span style=\"11pt;Arial;vertical-align:baseline\"> nimetatud kui \u00fcks prioriteete. Paraku ei ole sugugi selge, mis laadi digip\u00e4devusi on humanitaarias vaja, mida peaksime \u00f5petama ning kuidas seda k\u00f5ige efektiivsemalt teha. Arutelup\u00e4eva keskmes olidki k\u00fcsimused <\/span><span style=\"11pt;Arial;font-weight:700;vertical-align:baseline\">mis<\/span><span style=\"11pt;Arial;vertical-align:baseline\"> on digip\u00e4devused, <\/span><span style=\"11pt;Arial;font-weight:700;vertical-align:baseline\">kuidas<\/span><span style=\"11pt;Arial;vertical-align:baseline\"> neid \u00f5petada, <\/span><span style=\"11pt;Arial;font-weight:700;vertical-align:baseline\">miks <\/span><span style=\"11pt;Arial;vertical-align:baseline\">\u00fcldse neid \u00f5petada ja ka <\/span><span style=\"11pt;Arial;font-weight:700;vertical-align:baseline\">kes<\/span><span style=\"11pt;Arial;vertical-align:baseline\"> peaks neid \u00f5petama. J\u00e4rgnevalt teeme v\u00e4ikese kokkuv\u00f5tte r\u00e4\u00e4gitust.<\/span><\/span>\n\t\t\t\t\t\t\t\t<\/p>\n<p dir=\"ltr\" style=\"line-height: 1.38;margin-top: 12pt;margin-bottom: 0pt;text-align: justify\">\n\t\t\t\t\t\t\t\t\t<span id=\"docs-internal-guid-decfad91-7fff-e9de-b3fb-718f0089fedb\"><span style=\"11pt;Arial;font-weight:700;vertical-align:baseline\">Mis on digip\u00e4devused? <\/span><\/span>\n\t\t\t\t\t\t\t\t<\/p>\n<p dir=\"ltr\" style=\"line-height: 1.38;margin-top: 12pt;margin-bottom: 0pt;text-align: justify\">\n\t\t\t\t\t\t\t\t\t<span id=\"docs-internal-guid-decfad91-7fff-e9de-b3fb-718f0089fedb\"><span style=\"11pt;Arial;vertical-align:baseline\">Arutelup\u00e4eval oli juttu kahel tasemel digip\u00e4devustest: <\/span><span style=\"11pt;Arial;font-weight:700;vertical-align:baseline\">\u00fcld- ja erialaspetsiifilised p\u00e4devused<\/span><span style=\"11pt;Arial;vertical-align:baseline\">. \u00dcldp\u00e4devusi, mis peaksid olema k\u00f5igil \u00fcli\u00f5pilastel, on proovitud defineerida ja m\u00f5\u00f5ta Euroopa Liidus v\u00e4lja t\u00f6\u00f6tatud <\/span><\/span><a data-url=\"https:\/\/ec.europa.eu\/jrc\/en\/digcomp\/digital-competence-framework\" href=\"https:\/\/ec.europa.eu\/jrc\/en\/digcomp\/digital-competence-framework\" target=\"_blank\" title=\"\" rel=\"noopener\"><span style=\"11pt;Arial;text-decoration:underline;vertical-align:baseline\">DigCompi raamistiku<\/span><\/a><span><span style=\"11pt;Arial;vertical-align:baseline\"> abil. \u00dcldp\u00e4devused sisaldavad osaoskusi, n\u00e4iteks info otsimine, selle kriitiline hindamine, kommunikatsioon tehnoloogiliste vahendite abil, sisuloome (sh teadlikkus autori\u00f5igustest, ka programmeerimisest), k\u00fcberohutus ja probleemilahendusoskus tehnoloogia kasutamisel.\u00a0<\/span><\/span>\n\t\t\t\t\t\t\t\t<\/p>\n<p dir=\"ltr\" style=\"line-height: 1.38;margin-top: 12pt;margin-bottom: 0pt;text-align: justify\">\n\t\t\t\t\t\t\t\t\t<span><span style=\"11pt;Arial;vertical-align:baseline\">Kui <\/span><span style=\"11pt;Arial;font-weight:700;vertical-align:baseline\">\u00fcldised digip\u00e4devused<\/span><span style=\"11pt;Arial;vertical-align:baseline\"> omandatakse suuresti varasemates kooliastmetes, siis \u00fclikoolis on oluline s\u00fcvendada <\/span><span style=\"11pt;Arial;font-weight:700;vertical-align:baseline\">info(allikate) kriitilise hindamise oskust<\/span><span style=\"11pt;Arial;vertical-align:baseline\"> ning teadlikkust <\/span><span style=\"11pt;Arial;font-weight:700;vertical-align:baseline\">autori\u00f5igustest <\/span><span style=\"11pt;Arial;vertical-align:baseline\">ja <\/span><span style=\"11pt;Arial;font-weight:700;vertical-align:baseline\">infoturbest<\/span><span style=\"11pt;Arial;vertical-align:baseline\">. HV sisseastujate digip\u00e4devuste testist ilmnes, et just neis valdkondades on meie \u00fcli\u00f5pilaste teadlikkus suhteliselt madal.\u00a0<\/span><\/span>\n\t\t\t\t\t\t\t\t<\/p>\n<p dir=\"ltr\" style=\"line-height: 1.38;margin-top: 12pt;margin-bottom: 0pt;text-align: justify\">\n\t\t\t\t\t\t\t\t\t<span id=\"docs-internal-guid-decfad91-7fff-e9de-b3fb-718f0089fedb\"><span style=\"11pt;Arial;font-weight:700;vertical-align:baseline\">Erialaspetsiifilised digip\u00e4devused <\/span><span style=\"11pt;Arial;vertical-align:baseline\">humanitaarias tulenevad \u00fchelt poolt erialast, n\u00e4iteks on t\u00f5lketeaduses vaja tunda t\u00f5lkem\u00e4lusid. Teisalt kuuluvad need m\u00e4rks\u00f5na <\/span><a href=\"http:\/\/digihum.ut.ee\/event\/arutelup%C3%A4ev-digip%C3%A4devused-humanitaarias-mis-kuidas-ja-miks-valdkonna-%C3%B5ppej%C3%B5ududele\" style=\"text-decoration:none\"><span style=\"11pt;Arial;font-weight:700;vertical-align:baseline\">\u201e<\/span><\/a><span style=\"11pt;Arial;font-weight:700;vertical-align:baseline\">digihumanitaaria<\/span><a href=\"http:\/\/digihum.ut.ee\/event\/arutelup%C3%A4ev-digip%C3%A4devused-humanitaarias-mis-kuidas-ja-miks-valdkonna-%C3%B5ppej%C3%B5ududele\" style=\"text-decoration:none\"><span style=\"11pt;Arial;font-weight:700;vertical-align:baseline\">\u201c<\/span><\/a><span style=\"11pt;Arial;vertical-align:baseline\"> alla, mida arutelup\u00e4eval defineeriti ennek\u00f5ike andmep\u00f5hise humanitaariana. Siia kuulub ka humanitaarteaduste andmete t\u00f6\u00f6tlemise ja anal\u00fc\u00fcsimise oskus.\u00a0<\/span><\/span>\n\t\t\t\t\t\t\t\t<\/p>\n<p dir=\"ltr\" style=\"line-height: 1.38;margin-top: 12pt;margin-bottom: 0pt;text-align: justify\">\n\t\t\t\t\t\t\t\t\t<span id=\"docs-internal-guid-decfad91-7fff-e9de-b3fb-718f0089fedb\"><span style=\"11pt;Arial;vertical-align:baseline\">\u00dclikoolis peaksime k\u00f5igile \u00fcli\u00f5pilastele kindlasti pakkuma esmast kokkupuudet <\/span><span style=\"11pt;Arial;font-weight:700;vertical-align:baseline\">programmeerimisega<\/span><span style=\"11pt;Arial;vertical-align:baseline\">, et m\u00f5ista, mis see on ja kuidas see \u00fcli\u00f5pilasele sobib. Programmeerida v\u00f5ib mitmel moel ja tasemel ning iga\u00fcks ei pea hakkama programmeerijaks <\/span><span style=\"11pt;Arial;vertical-align:baseline\">\u2013,<\/span><span style=\"11pt;Arial;vertical-align:baseline\"> aga paljud v\u00f5ivad sellega kokku puutuda m\u00f5ne t\u00f6\u00f6 tellija v\u00f5i vahendajana.\u00a0<\/span><\/span>\n\t\t\t\t\t\t\t\t<\/p>\n<p dir=\"ltr\" style=\"line-height: 1.38;margin-top: 12pt;margin-bottom: 0pt;text-align: justify\">\n\t\t\t\t\t\t\t\t\t<span id=\"docs-internal-guid-decfad91-7fff-e9de-b3fb-718f0089fedb\"><span style=\"11pt;Arial;font-weight:700;vertical-align:baseline\">Kuidas \u00f5petada?<\/span><\/span>\n\t\t\t\t\t\t\t\t<\/p>\n<p dir=\"ltr\" style=\"line-height: 1.38;margin-top: 12pt;margin-bottom: 0pt;text-align: justify\">\n\t\t\t\t\t\t\t\t\t<span id=\"docs-internal-guid-decfad91-7fff-e9de-b3fb-718f0089fedb\"><span style=\"11pt;Arial;vertical-align:baseline\">Olulisena j\u00e4i k\u00f5rvu, et peaksime esmalt \u00fcli\u00f5pilastele selgitama digip\u00e4devuste <\/span><span style=\"11pt;Arial;font-weight:700;vertical-align:baseline\">vajalikkust <\/span><span style=\"11pt;Arial;vertical-align:baseline\">ja ise \u00f5ppej\u00f5ududena tekitama selle vajaduse \u00f5ppet\u00f6\u00f6s, n\u00f5udes teatud oskuste pidevat rakendamist. Seejuures tuleb \u00f5petada ja arendada <\/span><span style=\"11pt;Arial;font-weight:700;vertical-align:baseline\">\u00fcldistusoskust<\/span><span style=\"11pt;Arial;vertical-align:baseline\"> (\u00fches kohas \u00f5pitut saab teises rakendada); <\/span><span style=\"11pt;Arial;font-weight:700;vertical-align:baseline\">digitaalset kohanemisv\u00f5imet<\/span><span style=\"11pt;Arial;vertical-align:baseline\"> (eri keskkondade kasutamine); <\/span><span style=\"11pt;Arial;font-weight:700;vertical-align:baseline\">digitaalset kirjaoskust <\/span><span style=\"11pt;Arial;vertical-align:baseline\">(sh DigCompi raamistiku osaoskused);<\/span><span style=\"11pt;Arial;font-weight:700;vertical-align:baseline\"> julgust<\/span><span style=\"11pt;Arial;vertical-align:baseline\"> nupule vajutada ja katsetada; oskust otsida ja lugeda <\/span><span style=\"11pt;Arial;font-weight:700;vertical-align:baseline\">juhendeid<\/span><span style=\"11pt;Arial;vertical-align:baseline\"> v\u00f5i vaadata \u00f5ppevideoid. Peaksime rohkem suunama \u00fcli\u00f5pilasi m\u00f5tlema oma \u00fcldoskuste kujunemise \u00fcle, sest \u00fclekantavad oskused ei kandu ise \u00fcle. Nende omandamine on t\u00f5hus just eriala sisuga integreeritult.<\/span><\/span>\n\t\t\t\t\t\t\t\t<\/p>\n<p dir=\"ltr\" style=\"line-height: 1.38;margin-top: 12pt;margin-bottom: 0pt;text-align: justify\">\n\t\t\t\t\t\t\t\t\t<span><span style=\"11pt;Arial;vertical-align:baseline\">HV sisseastujate k\u00fcsitlusest selgus, et \u00fcli\u00f5pilased veedavad palju aega internetis, ent suure osa sellest sotsiaalmeedias, filme vaadates v\u00f5i muusikat kuulates. Internetis oldud aega saaksime \u00f5ppej\u00f5ududena paremini \u00e4ra kasutada, pakkudes sihip\u00e4rasemat sisu. Lisaks v\u00f5iksime \u00fcle vaadata oma ootused \u00fcli\u00f5pilastele, n\u00e4iteks lugemiseks PDF-artikleid pakkudes on oht \u00f5petada \u00f5pitud abitust, kui k\u00f5ik artiklid ise v\u00e4lja otsime ja k\u00e4ttesaadavaks teeme. <\/span><span style=\"11pt;Arial;font-weight:700;vertical-align:baseline\">Infop\u00e4devuse <\/span><span style=\"11pt;Arial;vertical-align:baseline\">\u00f5ppimiseks on T\u00dc raamatukogul <\/span><\/span><a data-url=\"https:\/\/utlib.ut.ee\/erialainfootsingu-e-kursused-moodles\" href=\"https:\/\/utlib.ut.ee\/erialainfootsingu-e-kursused-moodles\" target=\"_blank\" title=\"\" rel=\"noopener\"><span style=\"11pt;Arial;text-decoration:underline;vertical-align:baseline\">e-kursused<\/span><\/a><span><span style=\"11pt;Arial;vertical-align:baseline\">, mille on \u00fcli\u00f5pilased h\u00e4sti vastu v\u00f5tnud.<\/span><\/span>\n\t\t\t\t\t\t\t\t<\/p>\n<p dir=\"ltr\" style=\"line-height: 1.38;margin-top: 12pt;margin-bottom: 0pt;text-align: justify\">\n\t\t\t\t\t\t\t\t\t<span id=\"docs-internal-guid-decfad91-7fff-e9de-b3fb-718f0089fedb\"><span style=\"11pt;Arial;vertical-align:baseline\">Arvestada tuleb <\/span><span style=\"11pt;Arial;font-weight:700;vertical-align:baseline\">erialaspetsiifiliste<\/span><span style=\"11pt;Arial;vertical-align:baseline\"> digitaalsete keskkondade, vahendite ja s\u00f5navaraga, mille tundmist ja kasutamist tuleks erialati harjutada. Hea vorm oma erialateadmiste ja digioskuste rakendamiseks ning meeskonnat\u00f6\u00f6oskuste arendamiseks on <\/span><span style=\"11pt;Arial;font-weight:700;vertical-align:baseline\">h\u00e4katonid<\/span><span style=\"11pt;Arial;vertical-align:baseline\">.\u00a0<\/span><\/span>\n\t\t\t\t\t\t\t\t<\/p>\n<p dir=\"ltr\" style=\"line-height: 1.38;margin-top: 12pt;margin-bottom: 0pt;text-align: justify\">\n\t\t\t\t\t\t\t\t\t<span id=\"docs-internal-guid-decfad91-7fff-e9de-b3fb-718f0089fedb\"><span style=\"11pt;Arial;vertical-align:baseline\">Erialateadmiste ja digioskuste l\u00f5imimiseks on HV bakalaureuse\u00f5ppe jaoks loodud <\/span><\/span><a data-url=\"http:\/\/digihum.ut.ee\/k%C3%B5rvaleriala\" href=\"http:\/\/digihum.ut.ee\/k%C3%B5rvaleriala\" target=\"_blank\" title=\"\" rel=\"noopener\"><span style=\"11pt;Arial;font-weight:700;text-decoration:underline;vertical-align:baseline\">digihumanitaaria k\u00f5rvaleriala<\/span><\/a><span><span style=\"11pt;Arial;vertical-align:baseline\">, mille leiab eesti ja soome-ugri keeleteaduse \u00f5ppekava alt. K\u00f5rvaleriala eesm\u00e4rk on \u00f5petada ja tutvustada vahendeid, mis on vajalikud humanitaarteaduste andmete t\u00f6\u00f6tluseks ja anal\u00fc\u00fcsiks.<\/span><\/span>\n\t\t\t\t\t\t\t\t<\/p>\n<p dir=\"ltr\" style=\"line-height: 1.38;margin-top: 12pt;margin-bottom: 0pt;text-align: justify\">\n\t\t\t\t\t\t\t\t\t<span id=\"docs-internal-guid-decfad91-7fff-e9de-b3fb-718f0089fedb\"><span style=\"11pt;Arial;font-weight:700;vertical-align:baseline\">Miks? Millised v\u00e4ljundid t\u00f6\u00f6turul?<\/span><\/span>\n\t\t\t\t\t\t\t\t<\/p>\n<p dir=\"ltr\" style=\"line-height: 1.38;margin-top: 12pt;margin-bottom: 0pt;text-align: justify\">\n\t\t\t\t\t\t\t\t\t<span id=\"docs-internal-guid-decfad91-7fff-e9de-b3fb-718f0089fedb\"><span style=\"11pt;Arial;vertical-align:baseline\">Arutasime ka seda, kus meie praegune l\u00f5petaja t\u00f6\u00f6le hakkab ja kas tema digip\u00e4devused on piisavad, et ajaga kaasas k\u00e4ia. T\u00f5desime, et peaksime enam teadma, kuhu meie l\u00f5petajad t\u00f6\u00f6le l\u00e4hevad ja mida t\u00f6\u00f6andjad ootavad. T\u00f6\u00f6andjak\u00fcsitlusi on l\u00e4bi viidud, aga <\/span><span style=\"11pt;Arial;font-weight:700;vertical-align:baseline\">oodatavate digip\u00e4devuste<\/span><span style=\"11pt;Arial;vertical-align:baseline\"> kohta on raske vastust saada, sest selleks peaks digip\u00e4devused t\u00e4pselt defineerima, samuti muutuvad konkreetsed oodatavad p\u00e4devused kogu aeg. Seega peaksime \u00fclikoolist kaasa andma ennek\u00f5ike esmase teadmiste ja oskuste pagasi, aga ka valmisoleku pidevalt juurde \u00f5ppida. \u00dchiskond ootab meie l\u00f5petajalt <\/span><span style=\"11pt;Arial;font-weight:700;vertical-align:baseline\">innovaatilisust<\/span><span style=\"11pt;Arial;vertical-align:baseline\">, oskust uutmoodi k\u00fcsimusi esitada ja lahendusi otsida.<\/span><\/span>\n\t\t\t\t\t\t\t\t<\/p>\n<p dir=\"ltr\" style=\"line-height: 1.38;margin-top: 12pt;margin-bottom: 0pt;text-align: justify\">\n\t\t\t\t\t\t\t\t\t<span id=\"docs-internal-guid-decfad91-7fff-e9de-b3fb-718f0089fedb\"><span style=\"11pt;Arial;vertical-align:baseline\">Humanitaarerialade l\u00f5petajate jaoks on <\/span><\/span><a data-url=\"https:\/\/www.instar.ee\/#survey\" href=\"https:\/\/www.instar.ee\/#survey\" target=\"_blank\" title=\"\" rel=\"noopener\"><span style=\"11pt;Arial;text-decoration:underline;vertical-align:baseline\">atraktiivseimad t\u00f6\u00f6andjad<\/span><\/a><span><span style=\"11pt;Arial;vertical-align:baseline\"> praegu <\/span><span style=\"11pt;Arial;font-weight:700;vertical-align:baseline\">riigisektoris<\/span><span style=\"11pt;Arial;vertical-align:baseline\">. HV \u00fcli\u00f5pilased v\u00f5iksid aga olla <\/span><span style=\"11pt;Arial;font-weight:700;vertical-align:baseline\">teadlikumad ja enesekindlamad<\/span><span style=\"11pt;Arial;vertical-align:baseline\">, et nad on oodatud ka <\/span><span style=\"11pt;Arial;font-weight:700;vertical-align:baseline\">erasektoris<\/span><span style=\"11pt;Arial;vertical-align:baseline\">, sh <\/span><span style=\"11pt;Arial;font-weight:700;vertical-align:baseline\">tehnoloogiaettev\u00f5tetes<\/span><span style=\"11pt;Arial;vertical-align:baseline\">,<\/span><span style=\"11pt;Arial;font-weight:700;vertical-align:baseline\"> <\/span><span style=\"11pt;Arial;vertical-align:baseline\">et tehnoloogia areneks koost\u00f6\u00f6s humanitaaridega.<\/span><\/span>\n\t\t\t\t\t\t\t\t<\/p>\n<p dir=\"ltr\" style=\"line-height: 1.38;margin-top: 12pt;margin-bottom: 0pt;text-align: justify\">\n\t\t\t\t\t\t\t\t\t<span id=\"docs-internal-guid-decfad91-7fff-e9de-b3fb-718f0089fedb\"><span style=\"11pt;Arial;vertical-align:baseline\">Loodetavasti leidis iga kohapeale tulija v\u00f5i veebis osaleja m\u00f5ne v\u00e4\u00e4rt m\u00f5tte, mida oma \u00f5ppet\u00f6\u00f6s rakendada. Kindlasti vajab teema edasist k\u00e4sitlemist nii valdkonnas kui ka \u00fclikoolis laiemalt. T\u00e4name k\u00f5iki esinejaid oma kogemust jagamast ja HITSA projekte \u00fcritust toetamast.<\/span><\/span>\n\t\t\t\t\t\t\t\t<\/p>\n<p dir=\"ltr\" style=\"line-height: 1.38;margin-top: 12pt;margin-bottom: 0pt;text-align: justify\">\n\t\t\t\t\t\t\t\t\t<em><span><span style=\"11pt;Arial;vertical-align:baseline\">Tekst:<\/span><\/span><span id=\"docs-internal-guid-decfad91-7fff-e9de-b3fb-718f0089fedb\"><span style=\"11pt;Arial;font-style:italic;vertical-align:baseline\"> Jane Klavan, Marge K\u00e4sper, Liina Lindstr\u00f6m, Merje Miliste, Ann Siiman<\/span><\/span><\/em>\n\t\t\t\t\t\t\t\t<\/p>\n<\/div>\n<\/div>\n<\/div>\n<\/div>\n<\/div>\n<\/div>\n<\/div>\n<\/div>\n","protected":false},"excerpt":{"rendered":"<p>Tartu \u00dclikooli humanitaarteaduste ja kunstide valdkonna infokirjas 04.11.2020 ilmunud \u00fclevaade: 30. oktoobril korraldasid digihumanitaaria ja info\u00fchiskonna keskus ning maailma keelte ja kultuuride kolled\u017e HV \u00f5ppej\u00f5udude arutelup\u00e4eva \u201eDigip\u00e4devused humanitaarias: mis, kuidas ja miks?\u201c. Digip\u00e4devused on osa tulevikuoskustest, mille s\u00fcsteemne arendamine on &#8230;<\/p>\n","protected":false},"author":215,"featured_media":0,"parent":0,"menu_order":0,"comment_status":"closed","ping_status":"closed","template":"","meta":{"_acf_changed":false,"inline_featured_image":false,"footnotes":""},"class_list":["post-9","page","type-page","status-publish","hentry"],"acf":[],"_links":{"self":[{"href":"https:\/\/sisu.ut.ee\/veda\/wp-json\/wp\/v2\/pages\/9","targetHints":{"allow":["GET"]}}],"collection":[{"href":"https:\/\/sisu.ut.ee\/veda\/wp-json\/wp\/v2\/pages"}],"about":[{"href":"https:\/\/sisu.ut.ee\/veda\/wp-json\/wp\/v2\/types\/page"}],"author":[{"embeddable":true,"href":"https:\/\/sisu.ut.ee\/veda\/wp-json\/wp\/v2\/users\/215"}],"replies":[{"embeddable":true,"href":"https:\/\/sisu.ut.ee\/veda\/wp-json\/wp\/v2\/comments?post=9"}],"version-history":[{"count":1,"href":"https:\/\/sisu.ut.ee\/veda\/wp-json\/wp\/v2\/pages\/9\/revisions"}],"predecessor-version":[{"id":41,"href":"https:\/\/sisu.ut.ee\/veda\/wp-json\/wp\/v2\/pages\/9\/revisions\/41"}],"wp:attachment":[{"href":"https:\/\/sisu.ut.ee\/veda\/wp-json\/wp\/v2\/media?parent=9"}],"curies":[{"name":"wp","href":"https:\/\/api.w.org\/{rel}","templated":true}]}}