{"id":7,"date":"2024-04-04T06:59:16","date_gmt":"2024-04-04T03:59:16","guid":{"rendered":"https:\/\/sisu.ut.ee\/veda\/kogemusseminarid\/"},"modified":"2024-04-04T06:59:22","modified_gmt":"2024-04-04T03:59:22","slug":"kogemusseminarid","status":"publish","type":"page","link":"https:\/\/sisu.ut.ee\/veda\/kogemusseminarid\/","title":{"rendered":"Kogemusseminarid"},"content":{"rendered":"<div>\n\t\u00a0\n<\/div>\n<div>\n\tKolled\u017ei digip\u00e4devus-kogemusseminaride sarja j\u00e4tkuna kutsusime 15. sept 2021 kiirete arengute \u00fcle reflekteerima kolled\u017ei legendaarse emeriitdotsendi, mitme s\u00f5naraamatu autori, leksikograafi Enn Veldi.\n<\/div>\n<div>\n\t\u00a0\n<\/div>\n<div>\n\t<b>Enn Veldi: \u201c\u00d5pipoisina digikogemusi omandamas \u2013 leksikograafi vaatenurk\u201d<\/b>\n<\/div>\n<div>\n\t\u00a0\n<\/div>\n<div>\n\t<b>15. septembril 2021 (14.15, Liivi 4-308)<\/b>\n<\/div>\n<div>\n\tMaterjalid:\n<\/div>\n<div>\n\t<span class=\"file media-element file-os-files-link\" data-file_info=\"%7B%22fid%22:%2264751%22,%22view_mode%22:%22os_files_link%22,%22type%22:%22media%22%7D\"><img decoding=\"async\" alt=\"\" class=\"file-icon\" src=\"\/profiles\/openscholar\/modules\/os\/modules\/os_files\/icons\/application-pdf.svg\"> <a href=\"https:\/\/sisu.ut.ee\/wp-content\/uploads\/sites\/468\/2021_opipoisina_digikogemusi_omandamas.pdf\">2021_opipoisina_digikogemusi_omandamas.pdf<\/a><\/span>\n<\/div>\n<p>\n\t\u00a0\n<\/p>\n<p>\n\t<em>2020\/2021 \u00f5-a kogemusvahetuse sundis pandeemia virtuaalseks, kuid andis samas v\u00f5imaluse seminare lindistada. Lindistused avanevad seminaride pealkirjadele klikkides.\u00a0<\/em>\n<\/p>\n<hr>\n<h4>\n\t16. aprillil 2021<br>\n<\/h4>\n<p>\n\t<strong><a data-url=\"https:\/\/bbb.ut.ee\/playback\/presentation\/2.0\/playback.html?meetingId=bfb89515b6b9c455f3c029603722d2d91bdfff57-1618557198022\" href=\"https:\/\/bbb.ut.ee\/playback\/presentation\/2.0\/playback.html?meetingId=bfb89515b6b9c455f3c029603722d2d91bdfff57-1618557198022\" target=\"_blank\" title=\"\" rel=\"noopener\">Digitaalsed s\u00f5naraamatud<\/a><\/strong>:\u00a0kes ja kuidas neid koostab ning kuidas veebis\u00f5naraamatuid veelgi oskuslikumalt kasutada, mida v\u00f5imaldab kompleksp\u00e4ringu liides?\u00a0Oma kogemusi jagavad<strong> Anne Arold<\/strong> ja <strong>Vincent Dautancourt<\/strong>. Anne Arold on Baltisaksa-saksa-eesti-l\u00e4ti s\u00f5naraamatu veebiversiooni \u00fcks toimetajatest. Vincent Dautancourt on suure eesti-prantsuse s\u00f5naraamatu (GDEF) \u00fcks koostajatest.\n<\/p>\n<hr>\n<h4>\n\t19. m\u00e4rtsil 2021<br>\n<\/h4>\n<p>\n\t<strong><a data-url=\"https:\/\/bbb.ut.ee\/playback\/presentation\/2.0\/playback.html?meetingId=bfb89515b6b9c455f3c029603722d2d91bdfff57-1616140722436\" href=\"https:\/\/bbb.ut.ee\/playback\/presentation\/2.0\/playback.html?meetingId=bfb89515b6b9c455f3c029603722d2d91bdfff57-1616140722436\" target=\"_blank\" title=\"\" rel=\"noopener\">Digitaalsed ressursid ja t\u00f6\u00f6riistad t\u00f5lke\u00f5petuses ja kirjutamisel<\/a>.<\/strong>\n<\/p>\n<p>\n\t<strong>Reelika Saar<\/strong> t\u00f5lke\u00f5petuse ja -uuringute osakonnast r\u00e4\u00e4gib teemal \u201c<strong>T\u00f5lkijate digip\u00e4devus ja kuidas seda koduseinte vahel arendada<\/strong>\u201d ehk t\u00f5lkeabitarkvara ning t\u00f5lkijatele vajalike termini-\/andmebaaside kasutamise \u00f5petamine veebi\u00f5ppe vormis.\n<\/p>\n<p>\n\tHispaania keele ja lingvistika lektor\u00a0<strong>Mari Kruse <\/strong>j\u00e4tkab inglise keeles:<em>\u00a0<strong>Using keyloggers to study writing processes: Inputlog<\/strong>.\u00a0Inputlog is a powerful, yet simple tool that offers many different analyses: on pauses, revisions, sources, fluency, etc. In this talk, I will share my experiences with it for investigating multilingual writing processes, also reflecting on other methods that have been used for writing process research.<\/em>\n<\/p>\n<hr>\n<h4>\n\t19. veebruaril 2021<br>\n<\/h4>\n<p>\n\t<strong><a data-url=\"https:\/\/bbb.ut.ee\/playback\/presentation\/2.0\/playback.html?meetingId=bfb89515b6b9c455f3c029603722d2d91bdfff57-1613720784531\" href=\"https:\/\/bbb.ut.ee\/playback\/presentation\/2.0\/playback.html?meetingId=bfb89515b6b9c455f3c029603722d2d91bdfff57-1613720784531\" target=\"_blank\" title=\"\" rel=\"noopener\">Lihtne ja praktiline tekstit\u00f6\u00f6tlus UNIXi abil. <\/a><\/strong>\n<\/p>\n<p>\n\tMeie r\u00f5\u00f5msameelne norra keele ja kirjanduse k\u00fclalislektor ning eesti luuletaja <strong>\u00d8yvind Rang\u00f8y<\/strong> tutvustab meile <strong>oma<\/strong> <strong>digifilosoofiat lihtsa ja praktilise tekstit\u00f6\u00f6tluse vallas<\/strong>.\n<\/p>\n<p>\n\t\u00d8yvindilt tutvustuseks:\u00a0\u201cUNIX on koos Linuxi ja teiste variantidega terve operatsioonis\u00fcsteemide pere \u2013 aga ka filosoofia: \u00e4ra tee suuri rakendusi. Tee v\u00e4ikseid spetsiifilisi t\u00f6\u00f6riistu, mis t\u00f6\u00f6tavad h\u00e4sti koos, et neid saaks kombineerida \u2013 ja tee nad nii, et nad toimivad tekstiga, sest tekst on universaalne liides.\u00a0Oot, oot, terve tekstit\u00f6\u00f6tlemise filosoofia? Aga miks me siis rohkem sellest ei tea? Varsti teame.\u201d\n<\/p>\n<hr>\n<h4>\n\t29. jaanuaril 2021<br>\n<\/h4>\n<p>\n\t<strong><a data-url=\"https:\/\/bbb.ut.ee\/playback\/presentation\/2.0\/playback.html?meetingId=bfb89515b6b9c455f3c029603722d2d91bdfff57-1611905247344\" href=\"https:\/\/bbb.ut.ee\/playback\/presentation\/2.0\/playback.html?meetingId=bfb89515b6b9c455f3c029603722d2d91bdfff57-1611905247344\" target=\"_blank\" title=\"\" rel=\"noopener\">Kirjanduskorpused ja nende anal\u00fc\u00fcsivahendid<\/a>.\u00a0<\/strong>\n<\/p>\n<p>\n\t<strong>Antonina Martynenko<\/strong> tutvustab veebis k\u00e4ttesaadavaid kirjanduskorpusi ja vahendeid nende anal\u00fc\u00fcsimiseks: \u201cExploring literary corpora with online tools: possibilities and limitations\u201d\n<\/p>\n<hr>\n<h4>\n\t11. detsembril 2020<br>\n<\/h4>\n<p>\n\t<strong><a data-url=\"https:\/\/bbb.ut.ee\/playback\/presentation\/2.0\/playback.html?meetingId=bfb89515b6b9c455f3c029603722d2d91bdfff57-1607674013406\" href=\"https:\/\/bbb.ut.ee\/playback\/presentation\/2.0\/playback.html?meetingId=bfb89515b6b9c455f3c029603722d2d91bdfff57-1607674013406\" target=\"_blank\" title=\"\" rel=\"noopener\">Keelekorpustest keele\u00f5ppes<\/a>.\u00a0<\/strong>\n<\/p>\n<p>\n\t<strong>Marge K\u00e4sper <\/strong>tutvustab n\u00e4iteid, kuidas kasutada korpusp\u00e4ringus\u00fcsteemi <strong>SketchEngine <\/strong>(erinevad \u00f5pi- jm korpused; tekstin\u00e4ited, kollokatsioonid, s\u00fcntaksi- ja morfoloogiap\u00e4ringud).\n<\/p>\n<p>\n\t\u00d5ppedisainer <strong>Marju Piir<\/strong> r\u00e4\u00e4gib\u00a0e-kursuse miinimumn\u00f5uetest\u00a0ja hindamistabeli seadistamisest.\n<\/p>\n<hr>\n<h4>\n\t13. novembril 2020<br>\n<\/h4>\n<p>\n\t<strong><a data-url=\"https:\/\/bbb.ut.ee\/playback\/presentation\/2.0\/playback.html?meetingId=bfb89515b6b9c455f3c029603722d2d91bdfff57-1605254592706\" href=\"https:\/\/bbb.ut.ee\/playback\/presentation\/2.0\/playback.html?meetingId=bfb89515b6b9c455f3c029603722d2d91bdfff57-1605254592706\" target=\"_blank\" title=\"\" rel=\"noopener\">Digitaalsed suhtlus- ja tekstikeskkonnad keele ja kultuuri \u00f5petamisel<\/a><\/strong>.\n<\/p>\n<p>\n\t<strong>Virginia Rap\u00fan Mombiela<\/strong>:\u00a0\u201c<strong>Teaching Spanish in a Digital Context: Cultural Projects<\/strong>\u201c.\u00a0The tools I\u2019m going to talk about are izi.travel (to create audio guides), Facebook (as a space in which to contribute with real language samples), Zeemaps (to create collaborative maps), Google Sites (to create an exhibition on line) and Madmagz to create a collaborative digital magazine.\u00a0\n<\/p>\n<p>\n\t<strong>Kadri Novikov<\/strong> tutvustab\u00a0<strong>Perseus Digital Library <\/strong>ja <strong>Lexicity <\/strong>keskkondade erinevaid v\u00f5imalusi (tekstid, s\u00f5nastikud, vormim\u00e4\u00e4rajad, grammatikad, grammatikatabelid, sekundaarkirjandus).\u00a0M\u00f5lemas leidub huvitavat ka mitte-klassikutele (nii romanistidele, slavistidele kui germanistidele jt).\u00a0\n<\/p>\n<hr>\n<h4>\n\t16. oktoobril 2020<br>\n<\/h4>\n<p>\n\t<strong><a data-url=\"https:\/\/bbb.ut.ee\/playback\/presentation\/2.0\/playback.html?meetingId=bfb89515b6b9c455f3c029603722d2d91bdfff57-1602831658988\" href=\"https:\/\/bbb.ut.ee\/playback\/presentation\/2.0\/playback.html?meetingId=bfb89515b6b9c455f3c029603722d2d91bdfff57-1602831658988\" target=\"_blank\" title=\"\" rel=\"noopener\">S\u00f5navara \u00f5petamise ja treenimise nippe<\/a>.<\/strong>\n<\/p>\n<p>\n\t<strong>Kaidi Kriisa<\/strong> \u201cKuidas serveri \u00fclekoormuse, kehva interneti\u00fchenduse ja koroonakevade\u00a0tingimustes luua mugavalt ja lihtsalt kvaliteetseid videoloenguid? Veste, kuidas OBS Studio p\u00e4\u00e4stis minu semestri.\u201d\u00a0\u00a0\n<\/p>\n<p>\n\t<strong>Reet Alas<\/strong> tutvustab veebiplatvormi\u00a0<strong>Quizlet<\/strong> kui keelekursuse lahutamatut osa s\u00f5navara \u00f5ppimisel ja kordamisel ning\u00a0<strong>Antonina Kostina<\/strong> platvormi <strong>kypsis.com<\/strong>.\n<\/p>\n<hr>\n<h4>\n\t<span style=\"color:#000000\">Sissejuhatav seminar septembris 2020<\/span><br>\n<\/h4>\n<p>\n\t<span style=\"color:#000000\">Digip\u00e4devustest \u00fcldiselt ja v\u00f5\u00f5rkeelte v\u00f5tmes, plaanis olevatest opiobjektidest ja kolleegilt kolleegile kogemusi kevadise koroonasemestri \u00f5ppetundidest.\u00a0Edasine, virtuaalne seminariruum:\u00a0<\/span><a data-url=\"https:\/\/button.ut.ee\/b\/mer-yyw-mfp-jna\" href=\"https:\/\/button.ut.ee\/b\/mer-yyw-mfp-jna\" target=\"_blank\" title=\"\" rel=\"noopener\">link virtuaalsesse seminariruumi \u00fclikooli BBBs<\/a><span style=\"color:#000000\">.<\/span>\n<\/p>\n<p>\n\t<span style=\"color:#0099cc\"><em>T\u00dc maailma keelte ja kultuuride kolled\u017ei kogemusseminarid\u00a0toimusid\u00a0Hariduse Infotehnoloogia Sihtasutuse IT Akadeemia programmi toel.<\/em><\/span><\/p>\n","protected":false},"excerpt":{"rendered":"<p>\u00a0 Kolled\u017ei digip\u00e4devus-kogemusseminaride sarja j\u00e4tkuna kutsusime 15. sept 2021 kiirete arengute \u00fcle reflekteerima kolled\u017ei legendaarse emeriitdotsendi, mitme s\u00f5naraamatu autori, leksikograafi Enn Veldi. \u00a0 Enn Veldi: \u201c\u00d5pipoisina digikogemusi omandamas \u2013 leksikograafi vaatenurk\u201d \u00a0 15. septembril 2021 (14.15, Liivi 4-308) Materjalid: 2021_opipoisina_digikogemusi_omandamas.pdf &#8230;<\/p>\n","protected":false},"author":215,"featured_media":0,"parent":0,"menu_order":0,"comment_status":"closed","ping_status":"closed","template":"","meta":{"_acf_changed":false,"inline_featured_image":false,"footnotes":""},"class_list":["post-7","page","type-page","status-publish","hentry"],"acf":[],"_links":{"self":[{"href":"https:\/\/sisu.ut.ee\/veda\/wp-json\/wp\/v2\/pages\/7","targetHints":{"allow":["GET"]}}],"collection":[{"href":"https:\/\/sisu.ut.ee\/veda\/wp-json\/wp\/v2\/pages"}],"about":[{"href":"https:\/\/sisu.ut.ee\/veda\/wp-json\/wp\/v2\/types\/page"}],"author":[{"embeddable":true,"href":"https:\/\/sisu.ut.ee\/veda\/wp-json\/wp\/v2\/users\/215"}],"replies":[{"embeddable":true,"href":"https:\/\/sisu.ut.ee\/veda\/wp-json\/wp\/v2\/comments?post=7"}],"version-history":[{"count":1,"href":"https:\/\/sisu.ut.ee\/veda\/wp-json\/wp\/v2\/pages\/7\/revisions"}],"predecessor-version":[{"id":43,"href":"https:\/\/sisu.ut.ee\/veda\/wp-json\/wp\/v2\/pages\/7\/revisions\/43"}],"wp:attachment":[{"href":"https:\/\/sisu.ut.ee\/veda\/wp-json\/wp\/v2\/media?parent=7"}],"curies":[{"name":"wp","href":"https:\/\/api.w.org\/{rel}","templated":true}]}}