{"id":6,"date":"2024-04-04T06:59:16","date_gmt":"2024-04-04T03:59:16","guid":{"rendered":"https:\/\/sisu.ut.ee\/veda\/meie-mudel\/"},"modified":"2024-04-04T06:59:22","modified_gmt":"2024-04-04T03:59:22","slug":"meie-mudel","status":"publish","type":"page","link":"https:\/\/sisu.ut.ee\/veda\/meie-mudel\/","title":{"rendered":"Kolled\u017ei \u00f5ppekavade digitaalse kirjaoskuse mudel"},"content":{"rendered":"<p>\r\n\t<img loading=\"lazy\" decoding=\"async\" width=\"1043\" height=\"526\" class=\"alignnone wp-image-24\" src=\"https:\/\/sisu.ut.ee\/wp-content\/uploads\/sites\/468\/dkmudel_01.jpg\" title=\"dkmudel_01.jpg\" alt=\"m\" srcset=\"https:\/\/sisu.ut.ee\/wp-content\/uploads\/sites\/468\/dkmudel_01.jpg 1043w, https:\/\/sisu.ut.ee\/wp-content\/uploads\/sites\/468\/dkmudel_01-300x151.jpg 300w, https:\/\/sisu.ut.ee\/wp-content\/uploads\/sites\/468\/dkmudel_01-1024x516.jpg 1024w, https:\/\/sisu.ut.ee\/wp-content\/uploads\/sites\/468\/dkmudel_01-768x387.jpg 768w\" sizes=\"auto, (max-width: 1043px) 100vw, 1043px\">\r\n<\/p>\r\n\r\n<p>\r\n\t\u00a0\r\n<\/p>\r\n\r\n<p>\r\n\t<em><span style=\"color:#0099cc\">T\u00dc maailma keelte ja kultuuride kolled\u017ei \u00f5ppekavade digitaalse kirjaoskuse mudel on valminud Hariduse Infotehnoloogia Sihtasutuse IT Akadeemia programmi toel.<\/span><\/em>\r\n<\/p>\r\n\r\n<p>\r\n\t\u00a0\r\n<\/p>\r\n\r\n<p>\r\n\t\u00a0\r\n<\/p>\r\n<br><div class=\"wp-block-group attached-files-group is-layout-constrained wp-block-group-is-layout-constrained\"><div class=\"wp-block-file\"><a href=\"https:\/\/sisu.ut.ee\/wp-content\/uploads\/sites\/468\/koll_mudel.pdf\" target=\"_blank\" rel=\"noreferrer noopener\">koll_mudel.pdf<\/a><\/div><\/div>","protected":false},"excerpt":{"rendered":"<p>\u00a0 T\u00dc maailma keelte ja kultuuride kolled\u017ei \u00f5ppekavade digitaalse kirjaoskuse mudel on valminud Hariduse Infotehnoloogia Sihtasutuse IT Akadeemia programmi toel. \u00a0 \u00a0<\/p>\n","protected":false},"author":215,"featured_media":0,"parent":0,"menu_order":0,"comment_status":"closed","ping_status":"closed","template":"","meta":{"_acf_changed":false,"inline_featured_image":false,"footnotes":""},"class_list":["post-6","page","type-page","status-publish","hentry"],"acf":[],"_links":{"self":[{"href":"https:\/\/sisu.ut.ee\/veda\/wp-json\/wp\/v2\/pages\/6","targetHints":{"allow":["GET"]}}],"collection":[{"href":"https:\/\/sisu.ut.ee\/veda\/wp-json\/wp\/v2\/pages"}],"about":[{"href":"https:\/\/sisu.ut.ee\/veda\/wp-json\/wp\/v2\/types\/page"}],"author":[{"embeddable":true,"href":"https:\/\/sisu.ut.ee\/veda\/wp-json\/wp\/v2\/users\/215"}],"replies":[{"embeddable":true,"href":"https:\/\/sisu.ut.ee\/veda\/wp-json\/wp\/v2\/comments?post=6"}],"version-history":[{"count":2,"href":"https:\/\/sisu.ut.ee\/veda\/wp-json\/wp\/v2\/pages\/6\/revisions"}],"predecessor-version":[{"id":50,"href":"https:\/\/sisu.ut.ee\/veda\/wp-json\/wp\/v2\/pages\/6\/revisions\/50"}],"wp:attachment":[{"href":"https:\/\/sisu.ut.ee\/veda\/wp-json\/wp\/v2\/media?parent=6"}],"curies":[{"name":"wp","href":"https:\/\/api.w.org\/{rel}","templated":true}]}}