{"id":5,"date":"2024-04-04T06:59:16","date_gmt":"2024-04-04T03:59:16","guid":{"rendered":"https:\/\/sisu.ut.ee\/veda\/koolitused\/"},"modified":"2024-04-04T06:59:22","modified_gmt":"2024-04-04T03:59:22","slug":"koolitused","status":"publish","type":"page","link":"https:\/\/sisu.ut.ee\/veda\/koolitused\/","title":{"rendered":"Koolitused"},"content":{"rendered":"<p>\n\t\u00a0\n<\/p>\n<div style=\"Calibri,Arial,Helvetica,sans-serif,serif,EmojiFont;12pt\">\n<p>\n\t\t<strong>S\u00f5naveebi ja Ekilexi v\u00f5imalused<\/strong>\n\t<\/p>\n<p>\n\t\t14. mail 2021 kl 10.15-12.00 tutvustasid <strong>Jelena Kallas <\/strong>ja <strong>Kristina Koppel <\/strong>Eesti Keele Instituudist <strong><a href=\"https:\/\/sonaveeb.ee\/\" target=\"_blank\" title=\"\" rel=\"noopener\">S\u00f5naveebi <\/a>ja <a href=\"https:\/\/ekilex.eki.ee\/\" target=\"_blank\" title=\"\" rel=\"noopener\">Ekilexi <\/a>v\u00f5imalusi v\u00f5\u00f5rkeelte ja eesti keele vahel tegutsejaile <\/strong>Seminar on j\u00e4relkuulatav <a data-url=\"https:\/\/bbb.ut.ee\/playback\/presentation\/2.0\/playback.html?meetingId=bfb89515b6b9c455f3c029603722d2d91bdfff57-1620974591561\" href=\"https:\/\/bbb.ut.ee\/playback\/presentation\/2.0\/playback.html?meetingId=bfb89515b6b9c455f3c029603722d2d91bdfff57-1620974591561\" target=\"_blank\" title=\"\" rel=\"noopener\">siit<\/a>, kuid, nagu r\u00f5hutasid k\u00fclalised, pidage silmas, et EKI arendused on pidevas ja kiires muutumises!\n\t<\/p>\n<p>\n\t\t\u00a0\n\t<\/p>\n<p>\n\t\t<strong>French school of logometry and its vocabulary and discourse analysis program Hyperbase <\/strong>\n\t<\/p>\n<p>\n\t\t21. mail 2021 kl 10.15-12.00 (Zoomis)\u00a0\u00a0tutvustas <strong>Laurent Vanni<\/strong> Nice\u2019i \u00dclikoolist Prantsusmaalt (Universit\u00e9 de Nice, l\u2019Universit\u00e9 Nice Sophia Antipolis, l\u2019UMR Bases, Corpus, Langage) inglise keeles prantsuse logomeetria koolkonda ja selle arendatavat <strong>s\u00f5navara- ja diskursuseanal\u00fc\u00fcsi programmi <a href=\"http:\/\/hyperbase.unice.fr\/hyperbase\/\" target=\"_blank\" title=\"\" rel=\"noopener\">Hyperbase<\/a>. <\/strong>Anal\u00fc\u00fcsi rakendusi: presidentide k\u00f5ned, kirjandustekstid, jne.\u00a0 <span>Seminari info <\/span><span>ja materjalid: marge.kasper (\u00e4t) ut.ee.<\/span>\n\t<\/p>\n<p>\n\t\t<em>On May 21, from 10:15 to 12:00, Laurent Vanni from the University of Nice in France (Universit\u00e9 de Nice, Universit\u00e9 Nice Sophia Antipolis, l\u2019UMR Bases, Corpus, Langage) offered a presentation in English about the French school of logometry and its vocabulary and discourse analysis program <\/em><a href=\"http:\/\/hyperbase.unice.fr\/hyperbase\/\" target=\"_blank\" title=\"\" rel=\"noopener\">Hyperbase<\/a><em>. Speeches of presidents, literary texts or other texts could be analyzed.\u00a0<\/em><span>Info and<\/span><span> materials: marge.kasper (\u00e4t) ut.ee.<\/span>\n\t<\/p>\n<\/div>\n<p>\n\t\u00a0\n<\/p>\n<div style=\"Calibri,Arial,Helvetica,sans-serif,serif,EmojiFont;12pt\">\n\t<span><strong>Iramuteq et l\u2019analyse outill\u00e9e des corpus<\/strong><\/span>\n<\/div>\n<div style=\"Calibri,Arial,Helvetica,sans-serif,serif,EmojiFont;12pt\">\n\t\u00a0\n<\/div>\n<div style=\"Calibri,Arial,Helvetica,sans-serif,serif,EmojiFont;12pt\">\n\t11.mail 2021 kl 12.15-14.00 (Zoomis) tutvustus \u00fcks prantsuse digihumanitaaria eestvedajaid\u00a0<span><a data-auth=\"NotApplicable\" data-linkindex=\"0\" href=\"https:\/\/albinwagener.wixsite.com\/awagener\" rel=\"noopener noreferrer\" target=\"_blank\" title=\"https:\/\/albinwagener.wixsite.com\/awagener\">Albin Wagener<\/a> prantsuse keeles teksti- ja diskursuseanal\u00fc\u00fcsi v\u00f5imalusi <\/span><a data-url=\"http:\/\/www.iramuteq.org\/Members\/pierre.ratinaud\/news\/nouvelle-version-iramuteq-0-7-alpha-2\" href=\"http:\/\/www.iramuteq.org\/Members\/pierre.ratinaud\/news\/nouvelle-version-iramuteq-0-7-alpha-2\" target=\"_blank\" title=\"\" rel=\"noopener\">programmiga Iramuteq<\/a><span>. Seminari <\/span><a data-url=\"https:\/\/www.facebook.com\/photo\/?fbid=10159639201847053&amp;set=a.10150110186927053\" href=\"https:\/\/www.facebook.com\/photo\/?fbid=10159639201847053&amp;set=a.10150110186927053\" target=\"_blank\" title=\"\" rel=\"noopener\">info <\/a><span>ja materjalid: marge.kasper (\u00e4t) ut.ee. \u00a0 <\/span>\n<\/div>\n<p>\n\t\u00a0\n<\/p>\n<p>\n\t<span style=\"color:#0099cc\"><em>K\u00f5ik koolitused toimusid Hariduse Infotehnoloogia Sihtasutuse IT Akadeemia programmi toel.<\/em><\/span>\n<\/p>\n<p>\n\t\u00a0\n<\/p>\n<p>\n\t\u00a0<\/p>\n","protected":false},"excerpt":{"rendered":"<p>\u00a0 S\u00f5naveebi ja Ekilexi v\u00f5imalused 14. mail 2021 kl 10.15-12.00 tutvustasid Jelena Kallas ja Kristina Koppel Eesti Keele Instituudist S\u00f5naveebi ja Ekilexi v\u00f5imalusi v\u00f5\u00f5rkeelte ja eesti keele vahel tegutsejaile Seminar on j\u00e4relkuulatav siit, kuid, nagu r\u00f5hutasid k\u00fclalised, pidage silmas, et &#8230;<\/p>\n","protected":false},"author":215,"featured_media":0,"parent":0,"menu_order":0,"comment_status":"closed","ping_status":"closed","template":"","meta":{"_acf_changed":false,"inline_featured_image":false,"footnotes":""},"class_list":["post-5","page","type-page","status-publish","hentry"],"acf":[],"_links":{"self":[{"href":"https:\/\/sisu.ut.ee\/veda\/wp-json\/wp\/v2\/pages\/5","targetHints":{"allow":["GET"]}}],"collection":[{"href":"https:\/\/sisu.ut.ee\/veda\/wp-json\/wp\/v2\/pages"}],"about":[{"href":"https:\/\/sisu.ut.ee\/veda\/wp-json\/wp\/v2\/types\/page"}],"author":[{"embeddable":true,"href":"https:\/\/sisu.ut.ee\/veda\/wp-json\/wp\/v2\/users\/215"}],"replies":[{"embeddable":true,"href":"https:\/\/sisu.ut.ee\/veda\/wp-json\/wp\/v2\/comments?post=5"}],"version-history":[{"count":1,"href":"https:\/\/sisu.ut.ee\/veda\/wp-json\/wp\/v2\/pages\/5\/revisions"}],"predecessor-version":[{"id":45,"href":"https:\/\/sisu.ut.ee\/veda\/wp-json\/wp\/v2\/pages\/5\/revisions\/45"}],"wp:attachment":[{"href":"https:\/\/sisu.ut.ee\/veda\/wp-json\/wp\/v2\/media?parent=5"}],"curies":[{"name":"wp","href":"https:\/\/api.w.org\/{rel}","templated":true}]}}