{"id":4,"date":"2024-05-14T12:42:52","date_gmt":"2024-05-14T09:42:52","guid":{"rendered":"https:\/\/sisu.ut.ee\/veda\/avaleht\/"},"modified":"2024-05-14T12:44:29","modified_gmt":"2024-05-14T09:44:29","slug":"avaleht","status":"publish","type":"page","link":"https:\/\/sisu.ut.ee\/veda\/","title":{"rendered":"Avaleht"},"content":{"rendered":"<p>\n\t<span style=\"font-size:14px\"><span style=\"font-family:Arial,Helvetica,sans-serif\"><span lang=\"ET\">Tere tulemast !<\/span><\/span><\/span>\n<\/p>\n<p>\n\t<span style=\"font-size:14px\"><span style=\"font-family:Arial,Helvetica,sans-serif\"><span lang=\"ET\">T\u00e4nap\u00e4evases suuresti digitaalsete ressursside ja vahendite kaudu toimivas maailmas on hariduses \u00fcha enam teemaks t\u00f5usnud nende ressursside efektiivne ja m\u00f5testatud kasutamine.\u00a0 Mida h\u00f5lmab endas laiemalt digip\u00e4devuse m\u00f5iste ja milliste mudelite abil on p\u00fc\u00fctud seda kirjeldada, saab lugeda Haridus- ja Noorteameti lehek\u00fcljelt <\/span><a data-url=\"https:\/\/digipadevus.ee\/digipadevus-ja-digipadevusmudel\/\" href=\"https:\/\/digipadevus.ee\/digipadevus-ja-digipadevusmudel\/\" target=\"_blank\" title=\"digipadevus.ee\" rel=\"noopener\">digipadevus.ee<\/a><span lang=\"ET\"> ning Tartu \u00dclikooli erialade-\u00fcleselt <\/span><a data-url=\"https:\/\/sisu.ut.ee\/digipadevus\/avaleht\" href=\"https:\/\/sisu.ut.ee\/digipadevus\/avaleht\" target=\"_blank\" title=\"\" rel=\"noopener\">digip\u00e4devuse lehestikult.<\/a><span lang=\"ET\"> Mis, kuidas ja miks r\u00e4\u00e4kida digip\u00e4devustest humanitaaria valdkonnas, arutlesime koos Tartu \u00dclikooli digihumanitaaria ja info\u00fchiskonna keskusega (vt <\/span><a data-url=\"https:\/\/sisu.ut.ee\/veda\/arutelud\" href=\"https:\/\/sisu.ut.ee\/veda\/arutelud\" title=\"\">Digip\u00e4devused humanitaarias<\/a><span lang=\"ET\">). <\/span><\/span><\/span>\n<\/p>\n<p>\n\t<span style=\"font-size:14px\"><span style=\"font-family:Arial,Helvetica,sans-serif\"><span lang=\"ET\">Selle lehek\u00fcljele on loonud Haridus-ja noorteameti IT Akadeemia toetusel Tartu \u00fclikooli maailma keelte ja kultuuride kolled\u017ei arendusprojekt\u00a0<\/span><\/span><\/span><span><span><span lang=\"ET\">2020-2021<\/span><\/span><\/span><span style=\"font-size:14px\"><span style=\"font-family:Arial,Helvetica,sans-serif\"><span lang=\"ET\"> \u201cV\u00f5\u00f5rkeeltega seotud erialaste digip\u00e4devuste arendamine T\u00dc maailma keelte ja kultuuride kolled\u017eis\u201d\u00a0 (VEDA). <\/span>Et kaardistada ja arendada v\u00f5\u00f5rkeele ja -kultuuride \u00f5petamisel vajalikke erialaseid digip\u00e4devusi, oleme alustanud oma t\u00f6iste kogemuste jagamisest (<a data-url=\"https:\/\/sisu.ut.ee\/veda\/kogemusseminarid\" href=\"https:\/\/sisu.ut.ee\/veda\/kogemusseminarid\" title=\"\">Kogemusseminarid<\/a>), samuti oleme siia lehele koondamas praktilisi erialaseid \u00f5ppematerjale (<a data-url=\"https:\/\/sisu.ut.ee\/veda\/%C3%B5piobjektid\" href=\"https:\/\/sisu.ut.ee\/veda\/%C3%B5piobjektid\" title=\"\">\u00d5pivara<\/a>). Rahvusvahelise kogemuse kaasamiseks leidis aset arutelup\u00e4ev <a data-url=\" https:\/\/sisu.ut.ee\/veda\/digital-practices-workshop\" href=\"https:\/\/sisu.ut.ee\/veda\/digital-practices-workshop\" target=\"_blank\" title=\"\" rel=\"noopener\">Digital practices workshop<\/a><span lang=\"ET\"> ning VEDA tegemisi oleme tutvustanud ka Eesti laiemale publikule (<\/span><a data-url=\"https:\/\/sisu.ut.ee\/veda\/veda-tegemistest\" href=\"https:\/\/sisu.ut.ee\/veda\/veda-tegemistest\" target=\"_blank\" title=\"\" rel=\"noopener\">VEDA tegemistest<\/a><span lang=\"ET\">).<\/span><\/span><\/span>\n<\/p>\n<p>\n\t\u00a0\n<\/p>\n<p>\n\t\u00a0\n<\/p>\n<p>\n\t<span style=\"font-size:14px\"><span style=\"font-family:Arial,Helvetica,sans-serif\">Kasulikku uurimist soovides,<\/span><\/span>\n<\/p>\n<p>\n\t<span style=\"font-size:14px\"><span style=\"font-family:Arial,Helvetica,sans-serif\">Marge K\u00e4sper ja Merje Miliste,\u00a0 VEDA vedajad<\/span><\/span>\n<\/p>\n<p>\n\t\u00a0\n<\/p>\n<p class=\"MsoNoSpacing\">\n\t\u00a0\n<\/p>\n<p class=\"MsoNoSpacing\">\n\t<em><span>The events and materials gathered on this site in the Discipline Specific Digital Competencies Project at <\/span> the University of Tartu College of Foreign Languages and Cultures<span> have been supported by the Education and Youth Board of Estonia through <span style=\"text-decoration:none\"><span>IT Academy program (2020-2021).<\/span><\/span><\/span><\/em>\n<\/p>\n<p class=\"MsoNoSpacing\">\n\t<img loading=\"lazy\" decoding=\"async\" width=\"1883\" height=\"614\" class=\"alignnone wp-image-20\" src=\"https:\/\/sisu.ut.ee\/wp-content\/uploads\/sites\/468\/haridus-_ja_noorteamet_vapp_est_rgb_03.jpg\" title=\"haridus-_ja_noorteamet_vapp_est_rgb_03.jpg\" alt=\"j\" srcset=\"https:\/\/sisu.ut.ee\/wp-content\/uploads\/sites\/468\/haridus-_ja_noorteamet_vapp_est_rgb_03.jpg 1883w, https:\/\/sisu.ut.ee\/wp-content\/uploads\/sites\/468\/haridus-_ja_noorteamet_vapp_est_rgb_03-300x98.jpg 300w, https:\/\/sisu.ut.ee\/wp-content\/uploads\/sites\/468\/haridus-_ja_noorteamet_vapp_est_rgb_03-1024x334.jpg 1024w, https:\/\/sisu.ut.ee\/wp-content\/uploads\/sites\/468\/haridus-_ja_noorteamet_vapp_est_rgb_03-768x250.jpg 768w, https:\/\/sisu.ut.ee\/wp-content\/uploads\/sites\/468\/haridus-_ja_noorteamet_vapp_est_rgb_03-1536x501.jpg 1536w\" sizes=\"auto, (max-width: 1883px) 100vw, 1883px\"><img loading=\"lazy\" decoding=\"async\" width=\"1000\" height=\"292\" class=\"alignnone wp-image-21\" src=\"https:\/\/sisu.ut.ee\/wp-content\/uploads\/sites\/468\/it_akadeemia_logo_rgb_02.jpg\" title=\"it_akadeemia_logo_rgb_02.jpg\" alt=\"h\" srcset=\"https:\/\/sisu.ut.ee\/wp-content\/uploads\/sites\/468\/it_akadeemia_logo_rgb_02.jpg 1000w, https:\/\/sisu.ut.ee\/wp-content\/uploads\/sites\/468\/it_akadeemia_logo_rgb_02-300x88.jpg 300w, https:\/\/sisu.ut.ee\/wp-content\/uploads\/sites\/468\/it_akadeemia_logo_rgb_02-768x224.jpg 768w\" sizes=\"auto, (max-width: 1000px) 100vw, 1000px\">\n<\/p>\n<p>\n\t\u00a0\n<\/p>\n\n\n\n<figure class=\"wp-block-gallery has-nested-images columns-3 is-cropped wp-block-gallery-1 is-layout-flex wp-block-gallery-is-layout-flex\">\n<figure class=\"wp-block-image size-large\"><a href=\"https:\/\/sisu.ut.ee\/wp-content\/uploads\/sites\/468\/harno_logo.png\"><img decoding=\"async\" data-id=\"11\" src=\"https:\/\/sisu.ut.ee\/wp-content\/uploads\/sites\/468\/harno_logo.png\" alt=\"\" class=\"wp-ima&lt;\/figcaption&gt;&lt;\/figure&gt;\n\n\n\n&lt;figure class=\" wp-block-image size-large><\/a><a href=\"https:\/\/sisu.ut.ee\/wp-content\/uploads\/sites\/468\/harno_logo.gif\"><img decoding=\"async\" data-id=\"12\" src=\"https:\/\/sisu.ut.ee\/wp-content\/uploads\/sites\/468\/harno_logo.gif\" alt=\"\" class=\"wp-ima&lt;\/figcaption&gt;&lt;\/figure&gt;\n\n\n\n&lt;figure class=\" wp-block-image size-large><\/a><a href=\"https:\/\/sisu.ut.ee\/wp-content\/uploads\/sites\/468\/harno_logo.png\"><img decoding=\"async\" data-id=\"11\" src=\"https:\/\/sisu.ut.ee\/wp-content\/uploads\/sites\/468\/harno_logo.png\" alt=\"\" class=\"wp-ima&lt;\/figcaption&gt;&lt;\/figure&gt;\n\n\n\n&lt;figure class=\" wp-block-image size-large><\/a><a href=\"https:\/\/sisu.ut.ee\/wp-content\/uploads\/sites\/468\/harno_logo.png\"><img decoding=\"async\" data-id=\"11\" src=\"https:\/\/sisu.ut.ee\/wp-content\/uploads\/sites\/468\/harno_logo.png\" alt=\"\" class=\"wp-ima&lt;\/figcaption&gt;&lt;\/figure&gt;\n\n\n\n&lt;figure class=\" wp-block-image size-large><\/a><a href=\"https:\/\/sisu.ut.ee\/wp-content\/uploads\/sites\/468\/haridus-_ja_noorteamet_vapp_est_rgb.jpg\"><img decoding=\"async\" data-id=\"16\" src=\"https:\/\/sisu.ut.ee\/wp-content\/uploads\/sites\/468\/haridus-_ja_noorteamet_vapp_est_rgb.jpg\" alt=\"\" class=\"wp-ima&lt;\/figcaption&gt;&lt;\/figure&gt;\n\n\n\n&lt;figure class=\" wp-block-image size-large><\/a><a href=\"https:\/\/sisu.ut.ee\/wp-content\/uploads\/sites\/468\/it_akadeemia_logo_rgb.jpg\"><img decoding=\"async\" data-id=\"17\" src=\"https:\/\/sisu.ut.ee\/wp-content\/uploads\/sites\/468\/it_akadeemia_logo_rgb.jpg\" alt=\"\" class=\"wp-ima&lt;\/figcaption&gt;&lt;\/figure&gt;\n&lt;\/figure&gt;\n\n\n&lt;\/p&gt;\n\n\n&lt;div class=\" wp-block-group attached-files-group is-layout-constrained wp-block-group-is-layout-constrained>\n<div class=\"wp-block-file\"><a id=\"wp-block-file--media-56b7de56-e9bc-4036-a093-79c7c934791c\" href=\"https:\/\/sisu.ut.ee\/wp-content\/uploads\/sites\/468\/hna_est.pdf\" target=\"_blank\" rel=\"noreferrer noopener\">hna_est.pdf<\/a><\/div>\n\n<\/a><\/figure><\/figure>","protected":false},"excerpt":{"rendered":"<p>Tere tulemast ! T\u00e4nap\u00e4evases suuresti digitaalsete ressursside ja vahendite kaudu toimivas maailmas on hariduses \u00fcha enam teemaks t\u00f5usnud nende ressursside efektiivne ja m\u00f5testatud kasutamine.\u00a0 Mida h\u00f5lmab endas laiemalt digip\u00e4devuse m\u00f5iste ja milliste mudelite abil on p\u00fc\u00fctud seda kirjeldada, saab lugeda &#8230;<\/p>\n","protected":false},"author":215,"featured_media":0,"parent":0,"menu_order":0,"comment_status":"closed","ping_status":"closed","template":"","meta":{"_acf_changed":false,"inline_featured_image":false,"footnotes":""},"class_list":["post-4","page","type-page","status-publish","hentry"],"acf":[],"_links":{"self":[{"href":"https:\/\/sisu.ut.ee\/veda\/wp-json\/wp\/v2\/pages\/4","targetHints":{"allow":["GET"]}}],"collection":[{"href":"https:\/\/sisu.ut.ee\/veda\/wp-json\/wp\/v2\/pages"}],"about":[{"href":"https:\/\/sisu.ut.ee\/veda\/wp-json\/wp\/v2\/types\/page"}],"author":[{"embeddable":true,"href":"https:\/\/sisu.ut.ee\/veda\/wp-json\/wp\/v2\/users\/215"}],"replies":[{"embeddable":true,"href":"https:\/\/sisu.ut.ee\/veda\/wp-json\/wp\/v2\/comments?post=4"}],"version-history":[{"count":5,"href":"https:\/\/sisu.ut.ee\/veda\/wp-json\/wp\/v2\/pages\/4\/revisions"}],"predecessor-version":[{"id":59,"href":"https:\/\/sisu.ut.ee\/veda\/wp-json\/wp\/v2\/pages\/4\/revisions\/59"}],"wp:attachment":[{"href":"https:\/\/sisu.ut.ee\/veda\/wp-json\/wp\/v2\/media?parent=4"}],"curies":[{"name":"wp","href":"https:\/\/api.w.org\/{rel}","templated":true}]}}