{"id":10,"date":"2024-04-04T06:59:16","date_gmt":"2024-04-04T03:59:16","guid":{"rendered":"https:\/\/sisu.ut.ee\/veda\/veda-tegemistest\/"},"modified":"2024-04-04T06:59:22","modified_gmt":"2024-04-04T03:59:22","slug":"veda-tegemistest","status":"publish","type":"page","link":"https:\/\/sisu.ut.ee\/veda\/veda-tegemistest\/","title":{"rendered":"VEDA tegemistest"},"content":{"rendered":"<p>V\u00f5\u00f5rkeele\u00f5petusele p\u00fchendatud numbris 22. jaanuaril 2021 kajastas VEDA tegemisi ka \u00d5petajate Leht. Pealkirjale klikkides leiab artikli \u201c<a href=\"https:\/\/opleht.ee\/2021\/01\/veda-veab-ulikoolis-keeleerialade-digipadevust\/\" title=\"VEDA veab \u00fclikoolis keeleerialade digip\u00e4devust\">VEDA veab \u00fclikoolis keeleerialade digip\u00e4devust<\/a>\u201c.<\/p>\n","protected":false},"excerpt":{"rendered":"<p>V\u00f5\u00f5rkeele\u00f5petusele p\u00fchendatud numbris 22. jaanuaril 2021 kajastas VEDA tegemisi ka \u00d5petajate Leht. Pealkirjale klikkides leiab artikli \u201cVEDA veab \u00fclikoolis keeleerialade digip\u00e4devust\u201c.<\/p>\n","protected":false},"author":215,"featured_media":0,"parent":0,"menu_order":0,"comment_status":"closed","ping_status":"closed","template":"","meta":{"_acf_changed":false,"inline_featured_image":false,"footnotes":""},"class_list":["post-10","page","type-page","status-publish","hentry"],"acf":[],"_links":{"self":[{"href":"https:\/\/sisu.ut.ee\/veda\/wp-json\/wp\/v2\/pages\/10","targetHints":{"allow":["GET"]}}],"collection":[{"href":"https:\/\/sisu.ut.ee\/veda\/wp-json\/wp\/v2\/pages"}],"about":[{"href":"https:\/\/sisu.ut.ee\/veda\/wp-json\/wp\/v2\/types\/page"}],"author":[{"embeddable":true,"href":"https:\/\/sisu.ut.ee\/veda\/wp-json\/wp\/v2\/users\/215"}],"replies":[{"embeddable":true,"href":"https:\/\/sisu.ut.ee\/veda\/wp-json\/wp\/v2\/comments?post=10"}],"version-history":[{"count":1,"href":"https:\/\/sisu.ut.ee\/veda\/wp-json\/wp\/v2\/pages\/10\/revisions"}],"predecessor-version":[{"id":40,"href":"https:\/\/sisu.ut.ee\/veda\/wp-json\/wp\/v2\/pages\/10\/revisions\/40"}],"wp:attachment":[{"href":"https:\/\/sisu.ut.ee\/veda\/wp-json\/wp\/v2\/media?parent=10"}],"curies":[{"name":"wp","href":"https:\/\/api.w.org\/{rel}","templated":true}]}}