{"id":27,"date":"2024-08-30T17:55:23","date_gmt":"2024-08-30T14:55:23","guid":{"rendered":"https:\/\/sisu.ut.ee\/vares\/?page_id=27"},"modified":"2024-11-07T18:11:15","modified_gmt":"2024-11-07T16:11:15","slug":"kontakt","status":"publish","type":"page","link":"https:\/\/sisu.ut.ee\/vares\/kontakt\/","title":{"rendered":"Kontakt"},"content":{"rendered":"<p><\/p>\n\n\n\n<p>V\u00f5ta meiega \u00fchendust!<\/p>\n\n\n\n<p>Liina Lindstr\u00f6m<br><a href=\"liina.lindstrom@ut.ee\">liina.lindstrom@ut.ee<br><\/a><br>Jakobi 2-443<br>Eesti ja \u00fcldkeeleteaduse instituut<br>Tartu \u00dclikool<br>51005 Tartu<br><\/p>\n","protected":false},"excerpt":{"rendered":"<p>V\u00f5ta meiega \u00fchendust! Liina Lindstr\u00f6mliina.lindstrom@ut.eeJakobi 2-443Eesti ja \u00fcldkeeleteaduse instituutTartu \u00dclikool51005 Tartu<\/p>\n","protected":false},"author":165,"featured_media":0,"parent":0,"menu_order":0,"comment_status":"closed","ping_status":"closed","template":"","meta":{"_acf_changed":false,"inline_featured_image":false,"_EventAllDay":false,"_EventTimezone":"","_EventStartDate":"","_EventEndDate":"","_EventStartDateUTC":"","_EventEndDateUTC":"","_EventShowMap":false,"_EventShowMapLink":false,"_EventURL":"","_EventCost":"","_EventCostDescription":"","_EventCurrencySymbol":"","_EventCurrencyCode":"","_EventCurrencyPosition":"","_EventDateTimeSeparator":"","_EventTimeRangeSeparator":"","_EventOrganizerID":[],"_EventVenueID":[],"_OrganizerEmail":"","_OrganizerPhone":"","_OrganizerWebsite":"","_VenueAddress":"","_VenueCity":"","_VenueCountry":"","_VenueProvince":"","_VenueState":"","_VenueZip":"","_VenuePhone":"","_VenueURL":"","_VenueStateProvince":"","_VenueLat":"","_VenueLng":"","_VenueShowMap":false,"_VenueShowMapLink":false,"footnotes":""},"class_list":["post-27","page","type-page","status-publish","hentry"],"acf":[],"_links":{"self":[{"href":"https:\/\/sisu.ut.ee\/vares\/wp-json\/wp\/v2\/pages\/27","targetHints":{"allow":["GET"]}}],"collection":[{"href":"https:\/\/sisu.ut.ee\/vares\/wp-json\/wp\/v2\/pages"}],"about":[{"href":"https:\/\/sisu.ut.ee\/vares\/wp-json\/wp\/v2\/types\/page"}],"author":[{"embeddable":true,"href":"https:\/\/sisu.ut.ee\/vares\/wp-json\/wp\/v2\/users\/165"}],"replies":[{"embeddable":true,"href":"https:\/\/sisu.ut.ee\/vares\/wp-json\/wp\/v2\/comments?post=27"}],"version-history":[{"count":6,"href":"https:\/\/sisu.ut.ee\/vares\/wp-json\/wp\/v2\/pages\/27\/revisions"}],"predecessor-version":[{"id":138,"href":"https:\/\/sisu.ut.ee\/vares\/wp-json\/wp\/v2\/pages\/27\/revisions\/138"}],"wp:attachment":[{"href":"https:\/\/sisu.ut.ee\/vares\/wp-json\/wp\/v2\/media?parent=27"}],"curies":[{"name":"wp","href":"https:\/\/api.w.org\/{rel}","templated":true}]}}