{"id":20,"date":"2024-08-30T17:45:50","date_gmt":"2024-08-30T14:45:50","guid":{"rendered":"https:\/\/sisu.ut.ee\/vares\/?page_id=20"},"modified":"2025-01-06T12:45:56","modified_gmt":"2025-01-06T10:45:56","slug":"uudised","status":"publish","type":"page","link":"https:\/\/sisu.ut.ee\/vares\/uudised\/","title":{"rendered":"Uudised"},"content":{"rendered":"<p><\/p>\n\n\n\n<div class=\"wp-block-columns is-layout-flex wp-container-core-columns-is-layout-9d6595d7 wp-block-columns-is-layout-flex\">\n<div class=\"wp-block-column is-layout-flow wp-block-column-is-layout-flow\" style=\"flex-basis:100%\"><ul class=\"wp-block-latest-posts__list is-grid columns-5 wp-block-latest-posts\"><li><a class=\"wp-block-latest-posts__post-title\" href=\"https:\/\/sisu.ut.ee\/vares\/inimkonelejate-ja-keelemudelite-valikud-eru-kevadkonverentsil\/\">Inimk\u00f5nelejate ja keelemudelite valikud ER\u00dc kevadkonverentsil<\/a><div class=\"wp-block-latest-posts__post-excerpt\">24. aprillil pidasid Triin Aasa, Maarja-Liisa Pilvik ja Liina Lindstr\u00f6m Eesti Rakenduslingvistika \u00dchingu 23. kevadkonverentsil Eesti Keele Instituudis ettekande, milles \u2026<\/div><\/li>\n<li><a class=\"wp-block-latest-posts__post-title\" href=\"https:\/\/sisu.ut.ee\/vares\/keeleteemad-eesti-humanitaarteaduste-aastakonverentsil\/\">Keeleteemad Eesti humanitaarteaduste aastakonverentsil<\/a><div class=\"wp-block-latest-posts__post-excerpt\">8.\u201310. aprillini 2026 pidasid Eesti humanitaarteadlased j\u00e4rjekorras juba teist aastakonverentsi, sedapuhku Tartus Eesti Rahva Muuseumis ja Tartu \u00dclikoolis. VarEse t\u00f6\u00f6r\u00fchm \u2026<\/div><\/li>\n<li><a class=\"wp-block-latest-posts__post-title\" href=\"https:\/\/sisu.ut.ee\/vares\/ropendamine-annab-vabanemise-tunde\/\">Ropendamine annab vabanemise tunde<\/a><div class=\"wp-block-latest-posts__post-excerpt\">Liina Lindstr\u00f6m r\u00e4\u00e4kis ERRis, miks ja kuidas eestlased ropendavad.<\/div><\/li>\n<li><a class=\"wp-block-latest-posts__post-title\" href=\"https:\/\/sisu.ut.ee\/vares\/eestlasi-hairivad-eesti-keelt-kasutades-voorkeelsed-sonad\/\">Eestlasi h\u00e4irivad eesti keelt kasutades v\u00f5\u00f5rkeelsed s\u00f5nad<\/a><div class=\"wp-block-latest-posts__post-excerpt\">Maarja-Liisa Pilvik r\u00e4\u00e4kis Novaatoris sellest, millist t\u00fc\u00fcpi keelekasutus k\u00f5ige enam eestlasi h\u00e4irib.<\/div><\/li>\n<li><a class=\"wp-block-latest-posts__post-title\" href=\"https:\/\/sisu.ut.ee\/vares\/tee-tippu-algab-uudishimust\/\">Tee tippu algab uudishimust<\/a><div class=\"wp-block-latest-posts__post-excerpt\">Margetta Pajuste r\u00e4\u00e4kis Tartu \u00dclikooli veebilehel, kuidas ta osaleb programmi \u201cTalendid Tartusse!\u201d kaudu projektis \u201cEesti keele morfos\u00fcntaktiline varieerumine\u201d ja mida \u2026<\/div><\/li>\n<\/ul>\n\n\n<div class=\"wp-block-buttons is-layout-flex wp-block-buttons-is-layout-flex\">\n<div class=\"wp-block-button is-style-outline is-style-outline--1\"><a class=\"wp-block-button__link wp-element-button\" href=\"https:\/\/sisu.ut.ee\/vares\/arhiiv\/\">Vaata vanemaid postitusi<\/a><\/div>\n<\/div>\n<\/div>\n<\/div>\n\n\n\n<p><\/p>\n\n\n\n<p><\/p>\n","protected":false},"excerpt":{"rendered":"","protected":false},"author":165,"featured_media":0,"parent":0,"menu_order":0,"comment_status":"closed","ping_status":"closed","template":"","meta":{"_acf_changed":false,"inline_featured_image":false,"_EventAllDay":false,"_EventTimezone":"","_EventStartDate":"","_EventEndDate":"","_EventStartDateUTC":"","_EventEndDateUTC":"","_EventShowMap":false,"_EventShowMapLink":false,"_EventURL":"","_EventCost":"","_EventCostDescription":"","_EventCurrencySymbol":"","_EventCurrencyCode":"","_EventCurrencyPosition":"","_EventDateTimeSeparator":"","_EventTimeRangeSeparator":"","_EventOrganizerID":[],"_EventVenueID":[],"_OrganizerEmail":"","_OrganizerPhone":"","_OrganizerWebsite":"","_VenueAddress":"","_VenueCity":"","_VenueCountry":"","_VenueProvince":"","_VenueState":"","_VenueZip":"","_VenuePhone":"","_VenueURL":"","_VenueStateProvince":"","_VenueLat":"","_VenueLng":"","_VenueShowMap":false,"_VenueShowMapLink":false,"footnotes":""},"class_list":["post-20","page","type-page","status-publish","hentry"],"acf":[],"_links":{"self":[{"href":"https:\/\/sisu.ut.ee\/vares\/wp-json\/wp\/v2\/pages\/20","targetHints":{"allow":["GET"]}}],"collection":[{"href":"https:\/\/sisu.ut.ee\/vares\/wp-json\/wp\/v2\/pages"}],"about":[{"href":"https:\/\/sisu.ut.ee\/vares\/wp-json\/wp\/v2\/types\/page"}],"author":[{"embeddable":true,"href":"https:\/\/sisu.ut.ee\/vares\/wp-json\/wp\/v2\/users\/165"}],"replies":[{"embeddable":true,"href":"https:\/\/sisu.ut.ee\/vares\/wp-json\/wp\/v2\/comments?post=20"}],"version-history":[{"count":22,"href":"https:\/\/sisu.ut.ee\/vares\/wp-json\/wp\/v2\/pages\/20\/revisions"}],"predecessor-version":[{"id":312,"href":"https:\/\/sisu.ut.ee\/vares\/wp-json\/wp\/v2\/pages\/20\/revisions\/312"}],"wp:attachment":[{"href":"https:\/\/sisu.ut.ee\/vares\/wp-json\/wp\/v2\/media?parent=20"}],"curies":[{"name":"wp","href":"https:\/\/api.w.org\/{rel}","templated":true}]}}