{"id":2,"date":"2024-08-30T14:08:06","date_gmt":"2024-08-30T14:08:06","guid":{"rendered":"https:\/\/sisu.ut.ee\/vares\/?page_id=2"},"modified":"2024-11-07T17:09:44","modified_gmt":"2024-11-07T15:09:44","slug":"demoleht","status":"publish","type":"page","link":"https:\/\/sisu.ut.ee\/vares\/","title":{"rendered":"Avaleht"},"content":{"rendered":"<p><\/p>\n\n\n\n<p>Projektis \u201c<strong>Eesti keele morfos\u00fcntaktiline varieerumine (VarEs)<\/strong>\u201d anal\u00fc\u00fcsime t\u00e4nap\u00e4eva eesti keele morfos\u00fcntaktilist varieerumist, selle murdetausta ning keelekorralduse m\u00f5ju varieerumisele. Kasutame peamiselt t\u00e4nap\u00e4eva eesti keele korpustest saadavaid andmeid, mille p\u00f5hjal mudeldame k\u00f5nelejate keelelisi valikuid s\u00f5ltuvalt erinevatest lingvistilistest, sotsiaalsetest ja kognitiivsetest teguritest. Lisaks uurime projekti k\u00e4igus keelekasutajate suhtumist varieerumisse ning varieerumise ja keelekorralduse m\u00f5ju keele produtseerimisele, t\u00f6\u00f6tlemisele ja m\u00f5istmisele, et teada saada, kas ja milline keeleline varieerumine keelekasutajatele probleeme tekitab. Projekti tulemusena loodame pakkuda sisendit nii keelekorraldusele kui ka keele\u00f5ppele ning t\u00f5sta \u00fchiskonnas \u00fcldist teadlikkust eesti keele mitmekesisuse osas.<\/p>\n\n\n\n<hr class=\"wp-block-separator has-alpha-channel-opacity\">\n\n\n\n<p>Projekt (<a href=\"https:\/\/www.etis.ee\/Portal\/Projects\/Display\/9c4b3f32-c33c-45a8-a0f1-202050e510d5\">EKKD-TA2<\/a>) kestab 2024-2027 ning seda rahastab haridus- ja teadusministeerium riikliku programmi \u201cEesti keel ja kultuurim\u00e4lu digiajastul\u201d kaudu.<\/p>\n","protected":false},"excerpt":{"rendered":"<p>Projektis \u201cEesti keele morfos\u00fcntaktiline varieerumine (VarEs)\u201d anal\u00fc\u00fcsime t\u00e4nap\u00e4eva eesti keele morfos\u00fcntaktilist varieerumist, selle murdetausta ning keelekorralduse m\u00f5ju varieerumisele. Kasutame peamiselt t\u00e4nap\u00e4eva eesti keele korpustest saadavaid andmeid, mille p\u00f5hjal mudeldame k\u00f5nelejate keelelisi valikuid s\u00f5ltuvalt erinevatest lingvistilistest, sotsiaalsetest ja kognitiivsetest teguritest. Lisaks &#8230;<\/p>\n","protected":false},"author":165,"featured_media":0,"parent":0,"menu_order":0,"comment_status":"closed","ping_status":"open","template":"","meta":{"_acf_changed":false,"inline_featured_image":false,"_EventAllDay":false,"_EventTimezone":"","_EventStartDate":"","_EventEndDate":"","_EventStartDateUTC":"","_EventEndDateUTC":"","_EventShowMap":false,"_EventShowMapLink":false,"_EventURL":"","_EventCost":"","_EventCostDescription":"","_EventCurrencySymbol":"","_EventCurrencyCode":"","_EventCurrencyPosition":"","_EventDateTimeSeparator":"","_EventTimeRangeSeparator":"","_EventOrganizerID":[],"_EventVenueID":[],"_OrganizerEmail":"","_OrganizerPhone":"","_OrganizerWebsite":"","_VenueAddress":"","_VenueCity":"","_VenueCountry":"","_VenueProvince":"","_VenueState":"","_VenueZip":"","_VenuePhone":"","_VenueURL":"","_VenueStateProvince":"","_VenueLat":"","_VenueLng":"","_VenueShowMap":false,"_VenueShowMapLink":false,"footnotes":""},"class_list":["post-2","page","type-page","status-publish","hentry"],"acf":[],"_links":{"self":[{"href":"https:\/\/sisu.ut.ee\/vares\/wp-json\/wp\/v2\/pages\/2","targetHints":{"allow":["GET"]}}],"collection":[{"href":"https:\/\/sisu.ut.ee\/vares\/wp-json\/wp\/v2\/pages"}],"about":[{"href":"https:\/\/sisu.ut.ee\/vares\/wp-json\/wp\/v2\/types\/page"}],"author":[{"embeddable":true,"href":"https:\/\/sisu.ut.ee\/vares\/wp-json\/wp\/v2\/users\/165"}],"replies":[{"embeddable":true,"href":"https:\/\/sisu.ut.ee\/vares\/wp-json\/wp\/v2\/comments?post=2"}],"version-history":[{"count":11,"href":"https:\/\/sisu.ut.ee\/vares\/wp-json\/wp\/v2\/pages\/2\/revisions"}],"predecessor-version":[{"id":113,"href":"https:\/\/sisu.ut.ee\/vares\/wp-json\/wp\/v2\/pages\/2\/revisions\/113"}],"wp:attachment":[{"href":"https:\/\/sisu.ut.ee\/vares\/wp-json\/wp\/v2\/media?parent=2"}],"curies":[{"name":"wp","href":"https:\/\/api.w.org\/{rel}","templated":true}]}}