{"id":163,"date":"2024-11-07T19:20:13","date_gmt":"2024-11-07T17:20:13","guid":{"rendered":"https:\/\/sisu.ut.ee\/vares\/?page_id=163"},"modified":"2024-11-27T13:59:03","modified_gmt":"2024-11-27T11:59:03","slug":"kraaksumisi","status":"publish","type":"page","link":"https:\/\/sisu.ut.ee\/vares\/kraaksumisi\/","title":{"rendered":"Kraaksumisi"},"content":{"rendered":"<ul style=\"padding-right:0;padding-left:0;\" class=\"wp-block-latest-posts__list is-grid columns-4 wp-block-latest-posts has-small-font-size\"><li><a class=\"wp-block-latest-posts__post-title\" href=\"https:\/\/sisu.ut.ee\/vares\/tee-tippu-algab-uudishimust\/\">Tee tippu algab uudishimust<\/a><div class=\"wp-block-latest-posts__post-full-content\"><!-- wp:image {\"id\":367,\"width\":\"144px\",\"height\":\"auto\",\"sizeSlug\":\"full\",\"linkDestination\":\"none\"} -->\n<figure class=\"wp-block-image size-full is-resized\"><img loading=\"lazy\" decoding=\"async\" width=\"518\" height=\"526\" src=\"https:\/\/sisu.ut.ee\/wp-content\/uploads\/sites\/789\/ringlogo_est_eng_sinine.png\" alt=\"\" class=\"wp-image-367\" style=\"width:144px;height:auto\" srcset=\"https:\/\/sisu.ut.ee\/wp-content\/uploads\/sites\/789\/ringlogo_est_eng_sinine.png 518w, https:\/\/sisu.ut.ee\/wp-content\/uploads\/sites\/789\/ringlogo_est_eng_sinine-295x300.png 295w\" sizes=\"auto, (max-width: 518px) 100vw, 518px\"><\/figure>\n<!-- \/wp:image -->\n\n<!-- wp:paragraph -->\n<p><strong>Margetta Pajuste<\/strong> r\u00e4\u00e4kis <a href=\"https:\/\/ut.ee\/et\/uudis\/tee-tippu-algab-uudishimust\">Tartu \u00dclikooli veebilehel<\/a>, kuidas ta osaleb programmi \u201cTalendid Tartusse!\u201d kaudu projektis \u201cEesti keele morfos\u00fcntaktiline varieerumine\u201d ja mida ta seal t\u00e4psemalt uurib.<\/p>\n<!-- \/wp:paragraph --><\/div><\/li>\n<li><a class=\"wp-block-latest-posts__post-title\" href=\"https:\/\/sisu.ut.ee\/vares\/lounaeesti-keel-vajab-keeleseaduse-toetust\/\">L\u00f5unaeesti keel vajab keeleseaduse toetust<\/a><div class=\"wp-block-latest-posts__post-full-content\"><!-- wp:image {\"id\":347,\"width\":\"188px\",\"height\":\"auto\",\"sizeSlug\":\"full\",\"linkDestination\":\"none\"} -->\n<figure class=\"wp-block-image size-full is-resized\"><img loading=\"lazy\" decoding=\"async\" width=\"300\" height=\"300\" src=\"https:\/\/sisu.ut.ee\/wp-content\/uploads\/sites\/789\/Novaator_logo-2.png\" alt=\"\" class=\"wp-image-347\" style=\"width:188px;height:auto\" srcset=\"https:\/\/sisu.ut.ee\/wp-content\/uploads\/sites\/789\/Novaator_logo-2.png 300w, https:\/\/sisu.ut.ee\/wp-content\/uploads\/sites\/789\/Novaator_logo-2-150x150.png 150w\" sizes=\"auto, (max-width: 300px) 100vw, 300px\"><\/figure>\n<!-- \/wp:image -->\n\n<!-- wp:paragraph -->\n<p><strong>Helen Plado <\/strong>ja <strong>Liina Lindstr\u00f6m<\/strong> kirjutasid <a href=\"https:\/\/novaator.err.ee\/1609598735\/helen-plado-ja-liina-lindstrom-lounaeesti-keel-vajab-keeleseaduse-toetust\">Novaatoris<\/a> sellest, miks l\u00f5unaeesti keel vajab eraldi t\u00e4helepanu, missugune on l\u00f5unaeesti keele seisund t\u00e4nap\u00e4eval ja kuidas l\u00f5unaeesti keelt keeleseaduses k\u00e4sitleda.<\/p>\n<!-- \/wp:paragraph --><\/div><\/li>\n<li><a class=\"wp-block-latest-posts__post-title\" href=\"https:\/\/sisu.ut.ee\/vares\/poodi-man-helen-plado-kirega-keeletiidusest\/\">Poodi man Helen Plado: kirega keeletiid\u00fcsest<\/a><div class=\"wp-block-latest-posts__post-full-content\"><!-- wp:image {\"id\":341,\"width\":\"199px\",\"height\":\"auto\",\"sizeSlug\":\"full\",\"linkDestination\":\"none\"} -->\n<figure class=\"wp-block-image size-full is-resized\"><img loading=\"lazy\" decoding=\"async\" width=\"640\" height=\"640\" src=\"https:\/\/sisu.ut.ee\/wp-content\/uploads\/sites\/789\/Poodi_man_pilt-1.jpg\" alt=\"\" class=\"wp-image-341\" style=\"width:199px;height:auto\" srcset=\"https:\/\/sisu.ut.ee\/wp-content\/uploads\/sites\/789\/Poodi_man_pilt-1.jpg 640w, https:\/\/sisu.ut.ee\/wp-content\/uploads\/sites\/789\/Poodi_man_pilt-1-300x300.jpg 300w, https:\/\/sisu.ut.ee\/wp-content\/uploads\/sites\/789\/Poodi_man_pilt-1-150x150.jpg 150w\" sizes=\"auto, (max-width: 640px) 100vw, 640px\"><\/figure>\n<!-- \/wp:image -->\n\n<!-- wp:paragraph -->\n<p><strong>Helen Plado<\/strong> k\u00e4is v\u00f5rukeelses taskuh\u00e4\u00e4lingus <a href=\"https:\/\/open.spotify.com\/episode\/36fRpgt0Lsthg8yXTfbEqU\">Poodi man<\/a> r\u00e4\u00e4kimas v\u00f5ru keele sugulusest teiste soome-ugri keeltega, v\u00f5ru keele ja teiste l\u00f5unaeesti keelte suhetest, v\u00f5ru keele grammatika kirjutamisest, raamatute lugemisest ning inglise keele m\u00f5judest.<\/p>\n<!-- \/wp:paragraph -->\n\n<!-- wp:paragraph -->\n<p>Taskuh\u00e4\u00e4lingut on v\u00f5imalik kuulata ka <a href=\"https:\/\/xn--helait-5ya.ee\/poodi-man-helen-plado-kirega-keeletiidusest\/?fbclid=IwY2xjawI-aphleHRuA2FlbQIxMAABHXSOKQxj6CtJiSvZ3vT9orCD6y2-QHPdyKBVHdlYa0E1vKORqvHt8nj7-Q_aem_mZIKt0yzc_VvwL3wUbNtrg\">Hel\u00fcaidast<\/a>.<\/p>\n<!-- \/wp:paragraph --><\/div><\/li>\n<li><a class=\"wp-block-latest-posts__post-title\" href=\"https:\/\/sisu.ut.ee\/vares\/osiga-voi-osita\/\">\u00d5Siga v\u00f5i \u00d5Sita?<\/a><div class=\"wp-block-latest-posts__post-full-content\"><!-- wp:image {\"id\":331,\"width\":\"277px\",\"height\":\"auto\",\"sizeSlug\":\"large\",\"linkDestination\":\"none\"} -->\n<figure class=\"wp-block-image size-large is-resized\"><img loading=\"lazy\" decoding=\"async\" width=\"1024\" height=\"488\" src=\"https:\/\/sisu.ut.ee\/wp-content\/uploads\/sites\/789\/Impulss_logo-1024x488.jpg\" alt=\"\" class=\"wp-image-331\" style=\"width:277px;height:auto\" srcset=\"https:\/\/sisu.ut.ee\/wp-content\/uploads\/sites\/789\/Impulss_logo-1024x488.jpg 1024w, https:\/\/sisu.ut.ee\/wp-content\/uploads\/sites\/789\/Impulss_logo-300x143.jpg 300w, https:\/\/sisu.ut.ee\/wp-content\/uploads\/sites\/789\/Impulss_logo-768x366.jpg 768w, https:\/\/sisu.ut.ee\/wp-content\/uploads\/sites\/789\/Impulss_logo.jpg 1363w\" sizes=\"auto, (max-width: 1024px) 100vw, 1024px\"><\/figure>\n<!-- \/wp:image -->\n\n<!-- wp:paragraph -->\n<p><strong>Liina Lindstr\u00f6m<\/strong> osales 7. jaanuaril eetris olnud saates Impulss \u201c\u00d5Siga v\u00f5i \u00d5Sita?\u201d.<\/p>\n<!-- \/wp:paragraph -->\n\n<!-- wp:paragraph -->\n<p>Saadet on v\u00f5imalik j\u00e4rele vaadata <a href=\"https:\/\/jupiter.err.ee\/1609556441\/impulss\" data-type=\"link\" data-id=\"https:\/\/jupiter.err.ee\/1609556441\/impulss\">siit<\/a>.<\/p>\n<!-- \/wp:paragraph --><\/div><\/li>\n<\/ul>\n\n\n<div class=\"wp-block-buttons is-layout-flex wp-block-buttons-is-layout-flex\">\n<div class=\"wp-block-button is-style-outline is-style-outline--1\"><a class=\"wp-block-button__link wp-element-button\" href=\"https:\/\/sisu.ut.ee\/vares\/arhiiv\">Vaata vanemaid kraaksumisi<\/a><\/div>\n<\/div>\n","protected":false},"excerpt":{"rendered":"","protected":false},"author":165,"featured_media":0,"parent":0,"menu_order":0,"comment_status":"closed","ping_status":"closed","template":"","meta":{"_acf_changed":false,"inline_featured_image":false,"_EventAllDay":false,"_EventTimezone":"","_EventStartDate":"","_EventEndDate":"","_EventStartDateUTC":"","_EventEndDateUTC":"","_EventShowMap":false,"_EventShowMapLink":false,"_EventURL":"","_EventCost":"","_EventCostDescription":"","_EventCurrencySymbol":"","_EventCurrencyCode":"","_EventCurrencyPosition":"","_EventDateTimeSeparator":"","_EventTimeRangeSeparator":"","_EventOrganizerID":[],"_EventVenueID":[],"_OrganizerEmail":"","_OrganizerPhone":"","_OrganizerWebsite":"","_VenueAddress":"","_VenueCity":"","_VenueCountry":"","_VenueProvince":"","_VenueState":"","_VenueZip":"","_VenuePhone":"","_VenueURL":"","_VenueStateProvince":"","_VenueLat":"","_VenueLng":"","_VenueShowMap":false,"_VenueShowMapLink":false,"footnotes":""},"class_list":["post-163","page","type-page","status-publish","hentry"],"acf":[],"_links":{"self":[{"href":"https:\/\/sisu.ut.ee\/vares\/wp-json\/wp\/v2\/pages\/163","targetHints":{"allow":["GET"]}}],"collection":[{"href":"https:\/\/sisu.ut.ee\/vares\/wp-json\/wp\/v2\/pages"}],"about":[{"href":"https:\/\/sisu.ut.ee\/vares\/wp-json\/wp\/v2\/types\/page"}],"author":[{"embeddable":true,"href":"https:\/\/sisu.ut.ee\/vares\/wp-json\/wp\/v2\/users\/165"}],"replies":[{"embeddable":true,"href":"https:\/\/sisu.ut.ee\/vares\/wp-json\/wp\/v2\/comments?post=163"}],"version-history":[{"count":10,"href":"https:\/\/sisu.ut.ee\/vares\/wp-json\/wp\/v2\/pages\/163\/revisions"}],"predecessor-version":[{"id":429,"href":"https:\/\/sisu.ut.ee\/vares\/wp-json\/wp\/v2\/pages\/163\/revisions\/429"}],"wp:attachment":[{"href":"https:\/\/sisu.ut.ee\/vares\/wp-json\/wp\/v2\/media?parent=163"}],"curies":[{"name":"wp","href":"https:\/\/api.w.org\/{rel}","templated":true}]}}