{"id":46,"date":"2024-04-04T05:00:27","date_gmt":"2024-04-04T02:00:27","guid":{"rendered":"https:\/\/sisu.ut.ee\/vaks\/u-0\/"},"modified":"2024-04-15T17:01:11","modified_gmt":"2024-04-15T14:01:11","slug":"u-0","status":"publish","type":"page","link":"https:\/\/sisu.ut.ee\/vaks\/u-0\/","title":{"rendered":"\u00dc"},"content":{"rendered":"<h4 class=\"wp-block-heading\">Vali s\u00f5na<\/h4>\n\n\n\n<p><a href=\"https:\/\/sisu.ut.ee\/vaks\/uldse\/\" data-type=\"post\" data-id=\"2113\">\u00fcldse<\/a>, <a href=\"https:\/\/sisu.ut.ee\/vaks\/ull-ulle-ult\/\" data-type=\"post\" data-id=\"2115\">\u00fcll<\/a>, <a href=\"https:\/\/sisu.ut.ee\/vaks\/ull-ulle-ult\/\" data-type=\"post\" data-id=\"2115\">\u00fclle<\/a>, <a href=\"https:\/\/sisu.ut.ee\/vaks\/ull-ulle-ult\/\" data-type=\"post\" data-id=\"2115\">\u00fclt<\/a>, <\/p>\n\n\n\n<p><a href=\"https:\/\/sisu.ut.ee\/vaks\/urgama\/\" data-type=\"post\" data-id=\"2119\">\u00fcrgama<\/a><\/p>\n","protected":false},"excerpt":{"rendered":"<p>Vali s\u00f5na \u00fcldse, \u00fcll, \u00fclle, \u00fclt, \u00fcrgama<\/p>\n","protected":false},"author":167,"featured_media":0,"parent":0,"menu_order":0,"comment_status":"closed","ping_status":"closed","template":"","meta":{"_acf_changed":false,"inline_featured_image":false,"footnotes":""},"class_list":["post-46","page","type-page","status-publish","hentry"],"acf":[],"_links":{"self":[{"href":"https:\/\/sisu.ut.ee\/vaks\/wp-json\/wp\/v2\/pages\/46","targetHints":{"allow":["GET"]}}],"collection":[{"href":"https:\/\/sisu.ut.ee\/vaks\/wp-json\/wp\/v2\/pages"}],"about":[{"href":"https:\/\/sisu.ut.ee\/vaks\/wp-json\/wp\/v2\/types\/page"}],"author":[{"embeddable":true,"href":"https:\/\/sisu.ut.ee\/vaks\/wp-json\/wp\/v2\/users\/167"}],"replies":[{"embeddable":true,"href":"https:\/\/sisu.ut.ee\/vaks\/wp-json\/wp\/v2\/comments?post=46"}],"version-history":[{"count":4,"href":"https:\/\/sisu.ut.ee\/vaks\/wp-json\/wp\/v2\/pages\/46\/revisions"}],"predecessor-version":[{"id":2710,"href":"https:\/\/sisu.ut.ee\/vaks\/wp-json\/wp\/v2\/pages\/46\/revisions\/2710"}],"wp:attachment":[{"href":"https:\/\/sisu.ut.ee\/vaks\/wp-json\/wp\/v2\/media?parent=46"}],"curies":[{"name":"wp","href":"https:\/\/api.w.org\/{rel}","templated":true}]}}