{"id":42,"date":"2024-04-04T05:00:27","date_gmt":"2024-04-04T02:00:27","guid":{"rendered":"https:\/\/sisu.ut.ee\/vaks\/o-1\/"},"modified":"2024-04-15T17:00:55","modified_gmt":"2024-04-15T14:00:55","slug":"o-1","status":"publish","type":"page","link":"https:\/\/sisu.ut.ee\/vaks\/o-1\/","title":{"rendered":"\u00d6"},"content":{"rendered":"<h4 class=\"wp-block-heading\">Vali s\u00f5na\u00a0<\/h4>\n\n\n\n<p><a href=\"https:\/\/sisu.ut.ee\/vaks\/amber\/\" data-type=\"post\" data-id=\"1674\">\u00f6mber<\/a>, <\/p>\n\n\n\n<p><a href=\"https:\/\/sisu.ut.ee\/vaks\/oo-oose-oosel\/\" data-type=\"post\" data-id=\"1948\">\u00f6\u00f6<\/a>, <a href=\"https:\/\/sisu.ut.ee\/vaks\/oo-oose-oosel\/\" data-type=\"post\" data-id=\"1948\">\u00f6\u00f6se<\/a>, <a href=\"https:\/\/sisu.ut.ee\/vaks\/oo-oose-oosel\/\" data-type=\"post\" data-id=\"1948\">\u00f6\u00f6sel<\/a><\/p>\n","protected":false},"excerpt":{"rendered":"<p>Vali s\u00f5na\u00a0 \u00f6mber, \u00f6\u00f6, \u00f6\u00f6se, \u00f6\u00f6sel<\/p>\n","protected":false},"author":167,"featured_media":0,"parent":0,"menu_order":0,"comment_status":"closed","ping_status":"closed","template":"","meta":{"_acf_changed":false,"inline_featured_image":false,"footnotes":""},"class_list":["post-42","page","type-page","status-publish","hentry"],"acf":[],"_links":{"self":[{"href":"https:\/\/sisu.ut.ee\/vaks\/wp-json\/wp\/v2\/pages\/42","targetHints":{"allow":["GET"]}}],"collection":[{"href":"https:\/\/sisu.ut.ee\/vaks\/wp-json\/wp\/v2\/pages"}],"about":[{"href":"https:\/\/sisu.ut.ee\/vaks\/wp-json\/wp\/v2\/types\/page"}],"author":[{"embeddable":true,"href":"https:\/\/sisu.ut.ee\/vaks\/wp-json\/wp\/v2\/users\/167"}],"replies":[{"embeddable":true,"href":"https:\/\/sisu.ut.ee\/vaks\/wp-json\/wp\/v2\/comments?post=42"}],"version-history":[{"count":4,"href":"https:\/\/sisu.ut.ee\/vaks\/wp-json\/wp\/v2\/pages\/42\/revisions"}],"predecessor-version":[{"id":2709,"href":"https:\/\/sisu.ut.ee\/vaks\/wp-json\/wp\/v2\/pages\/42\/revisions\/2709"}],"wp:attachment":[{"href":"https:\/\/sisu.ut.ee\/vaks\/wp-json\/wp\/v2\/media?parent=42"}],"curies":[{"name":"wp","href":"https:\/\/api.w.org\/{rel}","templated":true}]}}