{"id":39,"date":"2024-04-04T05:00:27","date_gmt":"2024-04-04T02:00:27","guid":{"rendered":"https:\/\/sisu.ut.ee\/vaks\/a-0\/"},"modified":"2024-04-15T16:49:23","modified_gmt":"2024-04-15T13:49:23","slug":"a-0","status":"publish","type":"page","link":"https:\/\/sisu.ut.ee\/vaks\/a-0\/","title":{"rendered":"\u00c4"},"content":{"rendered":"<h4 class=\"wp-block-heading\">Vali s\u00f5na<\/h4>\n\n\n\n<p><a href=\"https:\/\/sisu.ut.ee\/vaks\/aimama-aim-aime\/\" data-type=\"post\" data-id=\"1479\">\u00e4im<\/a>, <\/p>\n\n\n\n<p><a href=\"https:\/\/sisu.ut.ee\/vaks\/amber\/\" data-type=\"post\" data-id=\"1674\">\u00e4mber<\/a><\/p>\n","protected":false},"excerpt":{"rendered":"<p>Vali s\u00f5na \u00e4im, \u00e4mber<\/p>\n","protected":false},"author":167,"featured_media":0,"parent":0,"menu_order":0,"comment_status":"closed","ping_status":"closed","template":"","meta":{"_acf_changed":false,"inline_featured_image":false,"footnotes":""},"class_list":["post-39","page","type-page","status-publish","hentry"],"acf":[],"_links":{"self":[{"href":"https:\/\/sisu.ut.ee\/vaks\/wp-json\/wp\/v2\/pages\/39","targetHints":{"allow":["GET"]}}],"collection":[{"href":"https:\/\/sisu.ut.ee\/vaks\/wp-json\/wp\/v2\/pages"}],"about":[{"href":"https:\/\/sisu.ut.ee\/vaks\/wp-json\/wp\/v2\/types\/page"}],"author":[{"embeddable":true,"href":"https:\/\/sisu.ut.ee\/vaks\/wp-json\/wp\/v2\/users\/167"}],"replies":[{"embeddable":true,"href":"https:\/\/sisu.ut.ee\/vaks\/wp-json\/wp\/v2\/comments?post=39"}],"version-history":[{"count":4,"href":"https:\/\/sisu.ut.ee\/vaks\/wp-json\/wp\/v2\/pages\/39\/revisions"}],"predecessor-version":[{"id":2686,"href":"https:\/\/sisu.ut.ee\/vaks\/wp-json\/wp\/v2\/pages\/39\/revisions\/2686"}],"wp:attachment":[{"href":"https:\/\/sisu.ut.ee\/vaks\/wp-json\/wp\/v2\/media?parent=39"}],"curies":[{"name":"wp","href":"https:\/\/api.w.org\/{rel}","templated":true}]}}