{"id":36,"date":"2024-04-04T05:00:26","date_gmt":"2024-04-04T02:00:26","guid":{"rendered":"https:\/\/sisu.ut.ee\/vaks\/o-0\/"},"modified":"2024-04-15T17:00:37","modified_gmt":"2024-04-15T14:00:37","slug":"o-0","status":"publish","type":"page","link":"https:\/\/sisu.ut.ee\/vaks\/o-0\/","title":{"rendered":"\u00d5"},"content":{"rendered":"<h4 class=\"wp-block-heading\">Vali s\u00f5na<\/h4>\n\n\n\n<p><a href=\"https:\/\/sisu.ut.ee\/vaks\/odang-odangune\/\" data-type=\"post\" data-id=\"1940\">\u00f5dang<\/a>, <a href=\"https:\/\/sisu.ut.ee\/vaks\/odang-odangune\/\" data-type=\"post\" data-id=\"1940\">\u00f5dangune<\/a>, <\/p>\n\n\n\n<p><a href=\"https:\/\/sisu.ut.ee\/vaks\/oel-oelus-oelasti\/\" data-type=\"post\" data-id=\"1942\">\u00f5el<\/a>, <\/p>\n\n\n\n<p><a href=\"https:\/\/sisu.ut.ee\/vaks\/onnis\/\" data-type=\"post\" data-id=\"1946\">\u00f5nnis<\/a>,\u00a0<\/p>\n","protected":false},"excerpt":{"rendered":"<p>Vali s\u00f5na \u00f5dang, \u00f5dangune, \u00f5el, \u00f5nnis,\u00a0<\/p>\n","protected":false},"author":167,"featured_media":0,"parent":0,"menu_order":0,"comment_status":"closed","ping_status":"closed","template":"","meta":{"_acf_changed":false,"inline_featured_image":false,"footnotes":""},"class_list":["post-36","page","type-page","status-publish","hentry"],"acf":[],"_links":{"self":[{"href":"https:\/\/sisu.ut.ee\/vaks\/wp-json\/wp\/v2\/pages\/36","targetHints":{"allow":["GET"]}}],"collection":[{"href":"https:\/\/sisu.ut.ee\/vaks\/wp-json\/wp\/v2\/pages"}],"about":[{"href":"https:\/\/sisu.ut.ee\/vaks\/wp-json\/wp\/v2\/types\/page"}],"author":[{"embeddable":true,"href":"https:\/\/sisu.ut.ee\/vaks\/wp-json\/wp\/v2\/users\/167"}],"replies":[{"embeddable":true,"href":"https:\/\/sisu.ut.ee\/vaks\/wp-json\/wp\/v2\/comments?post=36"}],"version-history":[{"count":4,"href":"https:\/\/sisu.ut.ee\/vaks\/wp-json\/wp\/v2\/pages\/36\/revisions"}],"predecessor-version":[{"id":2708,"href":"https:\/\/sisu.ut.ee\/vaks\/wp-json\/wp\/v2\/pages\/36\/revisions\/2708"}],"wp:attachment":[{"href":"https:\/\/sisu.ut.ee\/vaks\/wp-json\/wp\/v2\/media?parent=36"}],"curies":[{"name":"wp","href":"https:\/\/api.w.org\/{rel}","templated":true}]}}