{"id":33,"date":"2024-04-04T05:00:26","date_gmt":"2024-04-04T02:00:26","guid":{"rendered":"https:\/\/sisu.ut.ee\/vaks\/s\/"},"modified":"2024-04-15T16:58:30","modified_gmt":"2024-04-15T13:58:30","slug":"s","status":"publish","type":"page","link":"https:\/\/sisu.ut.ee\/vaks\/s\/","title":{"rendered":"S"},"content":{"rendered":"<h4 class=\"wp-block-heading\">Vali s\u00f5na<\/h4>\n\n\n\n<p><a href=\"https:\/\/sisu.ut.ee\/vaks\/saajeldama\/\" data-type=\"post\" data-id=\"2045\">saajeldama<\/a>, <\/p>\n\n\n\n<p><a href=\"https:\/\/sisu.ut.ee\/vaks\/seemisker\/\" data-type=\"post\" data-id=\"2047\">seemisker<\/a>, <a href=\"https:\/\/sisu.ut.ee\/vaks\/sell\/\" data-type=\"post\" data-id=\"2049\">sell<\/a>, <a href=\"https:\/\/sisu.ut.ee\/vaks\/selts-seltsimees-seltskond\/\" data-type=\"post\" data-id=\"2053\">sels<\/a>, <a href=\"https:\/\/sisu.ut.ee\/vaks\/selskop\/\" data-type=\"post\" data-id=\"2051\">selschop<\/a>, <a href=\"https:\/\/sisu.ut.ee\/vaks\/selskop\/\" data-type=\"post\" data-id=\"2051\">selskop<\/a>, <a href=\"https:\/\/sisu.ut.ee\/vaks\/selts-seltsimees-seltskond\/\" data-type=\"post\" data-id=\"2053\">selts<\/a>, <a href=\"https:\/\/sisu.ut.ee\/vaks\/selts-seltsimees-seltskond\/\" data-type=\"post\" data-id=\"2053\">seltsimees \u2026<\/a>, <a href=\"https:\/\/sisu.ut.ee\/vaks\/serv\/\" data-type=\"post\" data-id=\"2055\">serv<\/a>, <\/p>\n\n\n\n<p><a href=\"https:\/\/sisu.ut.ee\/vaks\/sikk\/\" data-type=\"post\" data-id=\"2057\">sikk<\/a>, <a href=\"https:\/\/sisu.ut.ee\/vaks\/silp\/\" data-type=\"post\" data-id=\"2059\">silp<\/a>, <a href=\"https:\/\/sisu.ut.ee\/vaks\/siug\/\" data-type=\"post\" data-id=\"2061\">siug<\/a>, <\/p>\n\n\n\n<p><a href=\"https:\/\/sisu.ut.ee\/vaks\/lahing\/\" data-type=\"post\" data-id=\"1846\">slahing<\/a>, <\/p>\n\n\n\n<p><a href=\"https:\/\/sisu.ut.ee\/vaks\/huutler-suutler\/\" data-type=\"post\" data-id=\"1748\">suutler<\/a>, <\/p>\n\n\n\n<p><a href=\"https:\/\/sisu.ut.ee\/vaks\/sormus\/\" data-type=\"post\" data-id=\"2063\">s\u00f5rmus<\/a>, <\/p>\n\n\n\n<p><a href=\"https:\/\/sisu.ut.ee\/vaks\/sustma\/\" data-type=\"post\" data-id=\"2065\">s\u00f6\u00f6stma<\/a>, <a href=\"https:\/\/sisu.ut.ee\/vaks\/sustma\/\" data-type=\"post\" data-id=\"2065\">s\u00fcstma<\/a><\/p>\n","protected":false},"excerpt":{"rendered":"<p>Vali s\u00f5na saajeldama, seemisker, sell, sels, selschop, selskop, selts, seltsimees \u2026, serv, sikk, silp, siug, slahing, suutler, s\u00f5rmus, s\u00f6\u00f6stma, s\u00fcstma<\/p>\n","protected":false},"author":167,"featured_media":0,"parent":0,"menu_order":0,"comment_status":"closed","ping_status":"closed","template":"","meta":{"_acf_changed":false,"inline_featured_image":false,"footnotes":""},"class_list":["post-33","page","type-page","status-publish","hentry"],"acf":[],"_links":{"self":[{"href":"https:\/\/sisu.ut.ee\/vaks\/wp-json\/wp\/v2\/pages\/33","targetHints":{"allow":["GET"]}}],"collection":[{"href":"https:\/\/sisu.ut.ee\/vaks\/wp-json\/wp\/v2\/pages"}],"about":[{"href":"https:\/\/sisu.ut.ee\/vaks\/wp-json\/wp\/v2\/types\/page"}],"author":[{"embeddable":true,"href":"https:\/\/sisu.ut.ee\/vaks\/wp-json\/wp\/v2\/users\/167"}],"replies":[{"embeddable":true,"href":"https:\/\/sisu.ut.ee\/vaks\/wp-json\/wp\/v2\/comments?post=33"}],"version-history":[{"count":4,"href":"https:\/\/sisu.ut.ee\/vaks\/wp-json\/wp\/v2\/pages\/33\/revisions"}],"predecessor-version":[{"id":2704,"href":"https:\/\/sisu.ut.ee\/vaks\/wp-json\/wp\/v2\/pages\/33\/revisions\/2704"}],"wp:attachment":[{"href":"https:\/\/sisu.ut.ee\/vaks\/wp-json\/wp\/v2\/media?parent=33"}],"curies":[{"name":"wp","href":"https:\/\/api.w.org\/{rel}","templated":true}]}}