{"id":30,"date":"2024-04-04T05:00:26","date_gmt":"2024-04-04T02:00:26","guid":{"rendered":"https:\/\/sisu.ut.ee\/vaks\/n\/"},"modified":"2024-04-15T16:56:05","modified_gmt":"2024-04-15T13:56:05","slug":"n","status":"publish","type":"page","link":"https:\/\/sisu.ut.ee\/vaks\/n\/","title":{"rendered":"N"},"content":{"rendered":"<h4 class=\"wp-block-heading\">Vali s\u00f5na<\/h4>\n\n\n\n<p><a href=\"https:\/\/sisu.ut.ee\/vaks\/natt-a\/\" data-type=\"post\" data-id=\"1922\">natt : -a<\/a>, <a href=\"https:\/\/sisu.ut.ee\/vaks\/natt-u\/\" data-type=\"post\" data-id=\"1924\">natt : -u<\/a>, <\/p>\n\n\n\n<p><a href=\"https:\/\/sisu.ut.ee\/vaks\/neeger\/\" data-type=\"post\" data-id=\"1926\">neeger<\/a>, <a href=\"https:\/\/sisu.ut.ee\/vaks\/nekk\/\" data-type=\"post\" data-id=\"1928\">nekk<\/a>, <\/p>\n\n\n\n<p><a href=\"https:\/\/sisu.ut.ee\/vaks\/nikerdama-nikker\/\" data-type=\"post\" data-id=\"1930\">nikerdama<\/a>, <a href=\"https:\/\/sisu.ut.ee\/vaks\/nikerdama-nikker\/\" data-type=\"post\" data-id=\"1930\">nikker<\/a>, <a href=\"https:\/\/sisu.ut.ee\/vaks\/nilbe\/\" data-type=\"post\" data-id=\"1932\">nilb<\/a>, <a href=\"https:\/\/sisu.ut.ee\/vaks\/nilbe\/\" data-type=\"post\" data-id=\"1932\">nilbe<\/a>, <a href=\"https:\/\/sisu.ut.ee\/vaks\/nilbe\/\" data-type=\"post\" data-id=\"1932\">nilv<\/a>, <\/p>\n\n\n\n<p><a href=\"https:\/\/sisu.ut.ee\/vaks\/nuri-nurja\/\" data-type=\"post\" data-id=\"1934\">nuri<\/a>, <a href=\"https:\/\/sisu.ut.ee\/vaks\/nuri-nurja\/\" data-type=\"post\" data-id=\"1934\">nurja<\/a>, <a href=\"https:\/\/sisu.ut.ee\/vaks\/nurjatu\/\" data-type=\"post\" data-id=\"1936\">nurjatu<\/a>, <\/p>\n\n\n\n<p><a href=\"https:\/\/sisu.ut.ee\/vaks\/nadal\/\" data-type=\"post\" data-id=\"1918\">n\u00e4dal<\/a>, <a href=\"https:\/\/sisu.ut.ee\/vaks\/napik\/\" data-type=\"post\" data-id=\"1920\">n\u00e4pik<\/a><\/p>\n\n\n\n<h4 class=\"wp-block-heading\">\u00a0<\/h4>\n","protected":false},"excerpt":{"rendered":"<p>Vali s\u00f5na natt : -a, natt : -u, neeger, nekk, nikerdama, nikker, nilb, nilbe, nilv, nuri, nurja, nurjatu, n\u00e4dal, n\u00e4pik \u00a0<\/p>\n","protected":false},"author":167,"featured_media":0,"parent":0,"menu_order":0,"comment_status":"closed","ping_status":"closed","template":"","meta":{"_acf_changed":false,"inline_featured_image":false,"footnotes":""},"class_list":["post-30","page","type-page","status-publish","hentry"],"acf":[],"_links":{"self":[{"href":"https:\/\/sisu.ut.ee\/vaks\/wp-json\/wp\/v2\/pages\/30","targetHints":{"allow":["GET"]}}],"collection":[{"href":"https:\/\/sisu.ut.ee\/vaks\/wp-json\/wp\/v2\/pages"}],"about":[{"href":"https:\/\/sisu.ut.ee\/vaks\/wp-json\/wp\/v2\/types\/page"}],"author":[{"embeddable":true,"href":"https:\/\/sisu.ut.ee\/vaks\/wp-json\/wp\/v2\/users\/167"}],"replies":[{"embeddable":true,"href":"https:\/\/sisu.ut.ee\/vaks\/wp-json\/wp\/v2\/comments?post=30"}],"version-history":[{"count":4,"href":"https:\/\/sisu.ut.ee\/vaks\/wp-json\/wp\/v2\/pages\/30\/revisions"}],"predecessor-version":[{"id":2699,"href":"https:\/\/sisu.ut.ee\/vaks\/wp-json\/wp\/v2\/pages\/30\/revisions\/2699"}],"wp:attachment":[{"href":"https:\/\/sisu.ut.ee\/vaks\/wp-json\/wp\/v2\/media?parent=30"}],"curies":[{"name":"wp","href":"https:\/\/api.w.org\/{rel}","templated":true}]}}