{"id":291,"date":"2024-04-04T05:00:51","date_gmt":"2024-04-04T02:00:51","guid":{"rendered":"https:\/\/sisu.ut.ee\/vaks\/kulli-prillop\/"},"modified":"2024-04-08T19:00:05","modified_gmt":"2024-04-08T16:00:05","slug":"kulli-prillop","status":"publish","type":"page","link":"https:\/\/sisu.ut.ee\/vaks\/kulli-prillop\/","title":{"rendered":"K\u00fclli Prillop"},"content":{"rendered":"<table class=\"table table-hover\" border=\"0\" cellspacing=\"1\" cellpadding=\"1\">\n<tbody>\n<tr>\n<td>K\u00fclli Prillop on eesti fonoloogia teadur Tartu \u00dclikoolis.\n<p>Eesti vana kirjakeele uurimisega alustas ta 1997. aastal. Esialgu oli tema \u00fclesandeks niisuguse arvutitarkvara loomine, mille abil oleks lihtne 17. sajandi autorite tekste m\u00e4rgendada. Selle tarkvara abil ongi koostatud Georg M\u00fclleri, Heinrich Stahli ja Joachim Rossihniuse <a title=\"T\u00dc vana kirjakeele uurimisr\u00fchma v\u00e4ljaanded\" href=\"https:\/\/vakk.ut.ee\/valjaanded.php\" target=\"_blank\" rel=\"noopener\" data-url=\"https:\/\/vakk.ut.ee\/valjaanded.php\">s\u00f5nastikud<\/a> ning m\u00e4rgendatud hulk muidki vana kirjakeele tekste (vt <a title=\"Vana kirjakeele korpus\" href=\"https:\/\/vakk.ut.ee\/\" target=\"_blank\" rel=\"noopener\" data-url=\"https:\/\/vakk.ut.ee\/\">VAKK<\/a>).<\/p>\n<p>Hiljem on K\u00fclli Prillopi huvi keskmes olnud keelemuutuste kajastumine vanades kirjalikes allikates. Ta on uurinud nii h\u00e4\u00e4lduse, vormistiku kui ka t\u00e4henduste teisenemist aja jooksul.<\/p><\/td>\n<td><img loading=\"lazy\" decoding=\"async\" width=\"300\" height=\"300\" class=\"alignnone wp-image-437\" title=\"kylli.jpg\" src=\"https:\/\/sisu.ut.ee\/wp-content\/uploads\/sites\/351\/kylli.jpg\" alt=\"Kulli Prillop\" srcset=\"https:\/\/sisu.ut.ee\/wp-content\/uploads\/sites\/351\/kylli.jpg 300w, https:\/\/sisu.ut.ee\/wp-content\/uploads\/sites\/351\/kylli-150x150.jpg 150w\" sizes=\"auto, (max-width: 300px) 100vw, 300px\"><\/td>\n<\/tr>\n<\/tbody>\n<\/table>\n","protected":false},"excerpt":{"rendered":"<p>K\u00fclli Prillop on eesti fonoloogia teadur Tartu \u00dclikoolis. Eesti vana kirjakeele uurimisega alustas ta 1997. aastal. Esialgu oli tema \u00fclesandeks niisuguse arvutitarkvara loomine, mille abil oleks lihtne 17. sajandi autorite tekste m\u00e4rgendada. Selle tarkvara abil ongi koostatud Georg M\u00fclleri, Heinrich &#8230;<\/p>\n","protected":false},"author":167,"featured_media":0,"parent":0,"menu_order":0,"comment_status":"closed","ping_status":"closed","template":"","meta":{"_acf_changed":false,"inline_featured_image":false,"footnotes":""},"class_list":["post-291","page","type-page","status-publish","hentry"],"acf":[],"_links":{"self":[{"href":"https:\/\/sisu.ut.ee\/vaks\/wp-json\/wp\/v2\/pages\/291","targetHints":{"allow":["GET"]}}],"collection":[{"href":"https:\/\/sisu.ut.ee\/vaks\/wp-json\/wp\/v2\/pages"}],"about":[{"href":"https:\/\/sisu.ut.ee\/vaks\/wp-json\/wp\/v2\/types\/page"}],"author":[{"embeddable":true,"href":"https:\/\/sisu.ut.ee\/vaks\/wp-json\/wp\/v2\/users\/167"}],"replies":[{"embeddable":true,"href":"https:\/\/sisu.ut.ee\/vaks\/wp-json\/wp\/v2\/comments?post=291"}],"version-history":[{"count":2,"href":"https:\/\/sisu.ut.ee\/vaks\/wp-json\/wp\/v2\/pages\/291\/revisions"}],"predecessor-version":[{"id":1277,"href":"https:\/\/sisu.ut.ee\/vaks\/wp-json\/wp\/v2\/pages\/291\/revisions\/1277"}],"wp:attachment":[{"href":"https:\/\/sisu.ut.ee\/vaks\/wp-json\/wp\/v2\/media?parent=291"}],"curies":[{"name":"wp","href":"https:\/\/api.w.org\/{rel}","templated":true}]}}