{"id":28,"date":"2024-04-04T05:00:26","date_gmt":"2024-04-04T02:00:26","guid":{"rendered":"https:\/\/sisu.ut.ee\/vaks\/m\/"},"modified":"2024-04-15T16:55:41","modified_gmt":"2024-04-15T13:55:41","slug":"m","status":"publish","type":"page","link":"https:\/\/sisu.ut.ee\/vaks\/m\/","title":{"rendered":"M"},"content":{"rendered":"<h4 class=\"wp-block-heading\">Vali s\u00f5na<\/h4>\n\n\n\n<p><a href=\"https:\/\/sisu.ut.ee\/vaks\/miina\/\" data-type=\"post\" data-id=\"1898\">maanu<\/a>, <a href=\"https:\/\/sisu.ut.ee\/vaks\/masin\/\" data-type=\"post\" data-id=\"1894\">masin<\/a>, <\/p>\n\n\n\n<p><a href=\"https:\/\/sisu.ut.ee\/vaks\/meevikene\/\" data-type=\"post\" data-id=\"1896\">meevikene<\/a>, <\/p>\n\n\n\n<p><a href=\"https:\/\/sisu.ut.ee\/vaks\/miina\/\" data-type=\"post\" data-id=\"1898\">miina<\/a>, <a href=\"https:\/\/sisu.ut.ee\/vaks\/misjon-misjonar\/\" data-type=\"post\" data-id=\"1900\">misjon<\/a>, <a href=\"https:\/\/sisu.ut.ee\/vaks\/misjon-misjonar\/\" data-type=\"post\" data-id=\"1900\">misjon\u00e4r<\/a>, <\/p>\n\n\n\n<p><a href=\"https:\/\/sisu.ut.ee\/vaks\/muistma\/\" data-type=\"post\" data-id=\"1906\">muistma<\/a>, <a href=\"https:\/\/sisu.ut.ee\/vaks\/murjan\/\" data-type=\"post\" data-id=\"1910\">murjan<\/a>, <a href=\"https:\/\/sisu.ut.ee\/vaks\/risus-mursus\/\" data-type=\"post\" data-id=\"2033\">mursus<\/a>, <a href=\"https:\/\/sisu.ut.ee\/vaks\/musket\/\" data-type=\"post\" data-id=\"1912\">musket<\/a>, <a href=\"https:\/\/sisu.ut.ee\/vaks\/murjan\/\" data-type=\"post\" data-id=\"1910\">mustmaa rahvas<\/a>, <a href=\"https:\/\/sisu.ut.ee\/vaks\/muul\/\" data-type=\"post\" data-id=\"1914\">muul : -a<\/a>, <\/p>\n\n\n\n<p><a href=\"https:\/\/sisu.ut.ee\/vaks\/monistama-monistus\/\" data-type=\"post\" data-id=\"1902\">m\u00f5nistama<\/a>, <a href=\"https:\/\/sisu.ut.ee\/vaks\/monistama-monistus\/\" data-type=\"post\" data-id=\"1902\">m\u00f5nistus<\/a>, <a href=\"https:\/\/sisu.ut.ee\/vaks\/mooduma\/\" data-type=\"post\" data-id=\"1904\">m\u00f5\u00f5duma<\/a>, <\/p>\n\n\n\n<p><a href=\"https:\/\/sisu.ut.ee\/vaks\/maardlema-maardleja\/\" data-type=\"post\" data-id=\"1890\">m\u00e4\u00e4rdlema<\/a>, <a href=\"https:\/\/sisu.ut.ee\/vaks\/maardlema-maardleja\/\" data-type=\"post\" data-id=\"1890\">m\u00e4\u00e4rdleja<\/a>, <a href=\"https:\/\/sisu.ut.ee\/vaks\/maarima-maare\/\" data-type=\"post\" data-id=\"1892\">m\u00e4\u00e4rima<\/a>, <a href=\"https:\/\/sisu.ut.ee\/vaks\/maarima-maare\/\" data-type=\"post\" data-id=\"1892\">m\u00e4\u00e4re<\/a>, <\/p>\n\n\n\n<p><a href=\"https:\/\/sisu.ut.ee\/vaks\/mundrik\/\" data-type=\"post\" data-id=\"1908\">m\u00fcndrik<\/a>, <a href=\"https:\/\/sisu.ut.ee\/vaks\/muutnik\/\" data-type=\"post\" data-id=\"1916\">m\u00fc\u00fctnik<\/a><\/p>\n","protected":false},"excerpt":{"rendered":"<p>Vali s\u00f5na maanu, masin, meevikene, miina, misjon, misjon\u00e4r, muistma, murjan, mursus, musket, mustmaa rahvas, muul : -a, m\u00f5nistama, m\u00f5nistus, m\u00f5\u00f5duma, m\u00e4\u00e4rdlema, m\u00e4\u00e4rdleja, m\u00e4\u00e4rima, m\u00e4\u00e4re, m\u00fcndrik, m\u00fc\u00fctnik<\/p>\n","protected":false},"author":167,"featured_media":0,"parent":0,"menu_order":0,"comment_status":"closed","ping_status":"closed","template":"","meta":{"_acf_changed":false,"inline_featured_image":false,"footnotes":""},"class_list":["post-28","page","type-page","status-publish","hentry"],"acf":[],"_links":{"self":[{"href":"https:\/\/sisu.ut.ee\/vaks\/wp-json\/wp\/v2\/pages\/28","targetHints":{"allow":["GET"]}}],"collection":[{"href":"https:\/\/sisu.ut.ee\/vaks\/wp-json\/wp\/v2\/pages"}],"about":[{"href":"https:\/\/sisu.ut.ee\/vaks\/wp-json\/wp\/v2\/types\/page"}],"author":[{"embeddable":true,"href":"https:\/\/sisu.ut.ee\/vaks\/wp-json\/wp\/v2\/users\/167"}],"replies":[{"embeddable":true,"href":"https:\/\/sisu.ut.ee\/vaks\/wp-json\/wp\/v2\/comments?post=28"}],"version-history":[{"count":4,"href":"https:\/\/sisu.ut.ee\/vaks\/wp-json\/wp\/v2\/pages\/28\/revisions"}],"predecessor-version":[{"id":2698,"href":"https:\/\/sisu.ut.ee\/vaks\/wp-json\/wp\/v2\/pages\/28\/revisions\/2698"}],"wp:attachment":[{"href":"https:\/\/sisu.ut.ee\/vaks\/wp-json\/wp\/v2\/media?parent=28"}],"curies":[{"name":"wp","href":"https:\/\/api.w.org\/{rel}","templated":true}]}}