{"id":22,"date":"2024-04-04T05:00:25","date_gmt":"2024-04-04T02:00:25","guid":{"rendered":"https:\/\/sisu.ut.ee\/vaks\/j\/"},"modified":"2024-04-15T16:53:41","modified_gmt":"2024-04-15T13:53:41","slug":"j","status":"publish","type":"page","link":"https:\/\/sisu.ut.ee\/vaks\/j\/","title":{"rendered":"J"},"content":{"rendered":"<h4 class=\"wp-block-heading\">Vali s\u00f5na<\/h4>\n\n\n\n<p><a href=\"https:\/\/sisu.ut.ee\/vaks\/jaan-jaanipaev\/\" data-type=\"post\" data-id=\"1764\">jaan<\/a>, <a href=\"https:\/\/sisu.ut.ee\/vaks\/jaan-jaanipaev\/\" data-type=\"post\" data-id=\"1764\">jaanip\u00e4ev<\/a>, <a href=\"https:\/\/sisu.ut.ee\/vaks\/jaanalind\/\" data-type=\"post\" data-id=\"1762\">jaanalind<\/a>, <\/p>\n\n\n\n<p><a href=\"https:\/\/sisu.ut.ee\/vaks\/jellama\/\" data-type=\"post\" data-id=\"1766\">jellama<\/a>, <\/p>\n\n\n\n<p><a href=\"https:\/\/sisu.ut.ee\/vaks\/tabel\/\" data-type=\"post\" data-id=\"2067\">joonekiri<\/a>, <\/p>\n\n\n\n<p><a href=\"https:\/\/sisu.ut.ee\/vaks\/jultuma-jultunud\/\" data-type=\"post\" data-id=\"1770\">jultuma<\/a>, <a href=\"https:\/\/sisu.ut.ee\/vaks\/jultuma-jultunud\/\" data-type=\"post\" data-id=\"1770\">jultunud<\/a>, <a href=\"https:\/\/sisu.ut.ee\/vaks\/juurdlema\/\" data-type=\"post\" data-id=\"1772\">juurdlema<\/a>, <\/p>\n\n\n\n<p><a href=\"https:\/\/sisu.ut.ee\/vaks\/jolama\/\" data-type=\"post\" data-id=\"1768\">j\u00f5lama<\/a><\/p>\n\n\n\n<h4 class=\"wp-block-heading\">\u00a0<\/h4>\n","protected":false},"excerpt":{"rendered":"<p>Vali s\u00f5na jaan, jaanip\u00e4ev, jaanalind, jellama, joonekiri, jultuma, jultunud, juurdlema, j\u00f5lama \u00a0<\/p>\n","protected":false},"author":167,"featured_media":0,"parent":0,"menu_order":0,"comment_status":"closed","ping_status":"closed","template":"","meta":{"_acf_changed":false,"inline_featured_image":false,"footnotes":""},"class_list":["post-22","page","type-page","status-publish","hentry"],"acf":[],"_links":{"self":[{"href":"https:\/\/sisu.ut.ee\/vaks\/wp-json\/wp\/v2\/pages\/22","targetHints":{"allow":["GET"]}}],"collection":[{"href":"https:\/\/sisu.ut.ee\/vaks\/wp-json\/wp\/v2\/pages"}],"about":[{"href":"https:\/\/sisu.ut.ee\/vaks\/wp-json\/wp\/v2\/types\/page"}],"author":[{"embeddable":true,"href":"https:\/\/sisu.ut.ee\/vaks\/wp-json\/wp\/v2\/users\/167"}],"replies":[{"embeddable":true,"href":"https:\/\/sisu.ut.ee\/vaks\/wp-json\/wp\/v2\/comments?post=22"}],"version-history":[{"count":4,"href":"https:\/\/sisu.ut.ee\/vaks\/wp-json\/wp\/v2\/pages\/22\/revisions"}],"predecessor-version":[{"id":2695,"href":"https:\/\/sisu.ut.ee\/vaks\/wp-json\/wp\/v2\/pages\/22\/revisions\/2695"}],"wp:attachment":[{"href":"https:\/\/sisu.ut.ee\/vaks\/wp-json\/wp\/v2\/media?parent=22"}],"curies":[{"name":"wp","href":"https:\/\/api.w.org\/{rel}","templated":true}]}}