{"id":206,"date":"2024-04-04T05:00:43","date_gmt":"2024-04-04T02:00:43","guid":{"rendered":"https:\/\/sisu.ut.ee\/vaks\/sonasoov\/"},"modified":"2024-04-04T05:02:37","modified_gmt":"2024-04-04T02:02:37","slug":"sonasoov","status":"publish","type":"page","link":"https:\/\/sisu.ut.ee\/vaks\/sonasoov\/","title":{"rendered":"S\u00f5nasoov"},"content":{"rendered":"<p>\n\tAll oleva vormi kaudu saad s\u00f5nastiku koostajale teada anda, millise s\u00f5na v\u00f5iks j\u00e4rgmisena s\u00f5nastikku lisada. P\u00fc\u00fcame k\u00f5iki soove arvesse v\u00f5tta.\n<\/p>\n<p>\n\tKui vorm ei avane, kl\u00f5psa lingil <a data-url=\"https:\/\/docs.google.com\/forms\/d\/e\/1FAIpQLSdueq7dpHJY30IwKdpVU9fsUHlNnoSZct_DHzpBjw-X8I1cJQ\/viewform?usp=sf_link\" href=\"https:\/\/docs.google.com\/forms\/d\/e\/1FAIpQLSdueq7dpHJY30IwKdpVU9fsUHlNnoSZct_DHzpBjw-X8I1cJQ\/viewform?usp=sf_link\" target=\"_blank\" title=\"\" rel=\"noopener\">VAKS \u2013 Google Forms<\/a>.\n<\/p>\n<p><div class=\"video-placeholder-wrapper video-placeholder-wrapper--fixed\" style=\"height: 890px;\">\n\t\t\t    <div class=\"video-placeholder d-flex justify-content-center align-items-center\">\n\t\t\t        <div class=\"overlay text-white p-2 w-100 text-center d-block justify-content-center align-items-center\">\n\t\t\t            <div>Kolmandate osapoolte sisu n\u00e4gemiseks palun n\u00f5ustu k\u00fcpsistega.<\/div>\n\t\t\t            <button class=\"btn btn-secondary btn-sm mt-1 consent-change\">Muuda n\u00f5usolekut<\/button>\n\t\t\t        <\/div>\n\t\t\t    <\/div>\n\t\t\t<\/div>\n<\/p>\n","protected":false},"excerpt":{"rendered":"<p>All oleva vormi kaudu saad s\u00f5nastiku koostajale teada anda, millise s\u00f5na v\u00f5iks j\u00e4rgmisena s\u00f5nastikku lisada. P\u00fc\u00fcame k\u00f5iki soove arvesse v\u00f5tta. Kui vorm ei avane, kl\u00f5psa lingil VAKS \u2013 Google Forms. Kolmandate osapoolte sisu n\u00e4gemiseks palun n\u00f5ustu k\u00fcpsistega. Muuda n\u00f5usolekut<\/p>\n","protected":false},"author":167,"featured_media":0,"parent":0,"menu_order":0,"comment_status":"closed","ping_status":"closed","template":"","meta":{"_acf_changed":false,"inline_featured_image":false,"footnotes":""},"class_list":["post-206","page","type-page","status-publish","hentry"],"acf":[],"_links":{"self":[{"href":"https:\/\/sisu.ut.ee\/vaks\/wp-json\/wp\/v2\/pages\/206","targetHints":{"allow":["GET"]}}],"collection":[{"href":"https:\/\/sisu.ut.ee\/vaks\/wp-json\/wp\/v2\/pages"}],"about":[{"href":"https:\/\/sisu.ut.ee\/vaks\/wp-json\/wp\/v2\/types\/page"}],"author":[{"embeddable":true,"href":"https:\/\/sisu.ut.ee\/vaks\/wp-json\/wp\/v2\/users\/167"}],"replies":[{"embeddable":true,"href":"https:\/\/sisu.ut.ee\/vaks\/wp-json\/wp\/v2\/comments?post=206"}],"version-history":[{"count":1,"href":"https:\/\/sisu.ut.ee\/vaks\/wp-json\/wp\/v2\/pages\/206\/revisions"}],"predecessor-version":[{"id":1034,"href":"https:\/\/sisu.ut.ee\/vaks\/wp-json\/wp\/v2\/pages\/206\/revisions\/1034"}],"wp:attachment":[{"href":"https:\/\/sisu.ut.ee\/vaks\/wp-json\/wp\/v2\/media?parent=206"}],"curies":[{"name":"wp","href":"https:\/\/api.w.org\/{rel}","templated":true}]}}