{"id":197,"date":"2024-04-04T05:00:43","date_gmt":"2024-04-04T02:00:43","guid":{"rendered":"https:\/\/sisu.ut.ee\/vaks\/r\/"},"modified":"2024-04-15T16:58:05","modified_gmt":"2024-04-15T13:58:05","slug":"r","status":"publish","type":"page","link":"https:\/\/sisu.ut.ee\/vaks\/r\/","title":{"rendered":"R"},"content":{"rendered":"<h4 class=\"wp-block-heading\">Vali s\u00f5na<\/h4>\n\n\n\n<p><a href=\"https:\/\/sisu.ut.ee\/vaks\/raad-raatus\/\" data-type=\"post\" data-id=\"2014\">raad<\/a>, <a href=\"https:\/\/sisu.ut.ee\/vaks\/raad-raatus\/\" data-type=\"post\" data-id=\"2014\">raat<\/a>, <a href=\"https:\/\/sisu.ut.ee\/vaks\/raad-raatus\/\" data-type=\"post\" data-id=\"2014\">raatus<\/a>, <a href=\"https:\/\/sisu.ut.ee\/vaks\/rakett\/\" data-type=\"post\" data-id=\"2016\">rakett<\/a>, <a href=\"https:\/\/sisu.ut.ee\/vaks\/ramb-rammastama\/\" data-type=\"post\" data-id=\"2018\">ramb<\/a>, <a href=\"https:\/\/sisu.ut.ee\/vaks\/ramb-rammastama\/\" data-type=\"post\" data-id=\"2018\">rammastama \u2026<\/a>, <a href=\"https:\/\/sisu.ut.ee\/vaks\/ramp\/\" data-type=\"post\" data-id=\"2020\">ramp<\/a>, <a href=\"https:\/\/sisu.ut.ee\/vaks\/ratt\/\" data-type=\"post\" data-id=\"2023\">ratt<\/a>, <\/p>\n\n\n\n<p><a href=\"https:\/\/sisu.ut.ee\/vaks\/rebu\/\" data-type=\"post\" data-id=\"2025\">rebu<\/a>, <a href=\"https:\/\/sisu.ut.ee\/vaks\/reenanilind\/\" data-type=\"post\" data-id=\"2027\">reenanilind<\/a>, <a href=\"https:\/\/sisu.ut.ee\/vaks\/reig\/\" data-type=\"post\" data-id=\"2029\">reig<\/a>, <\/p>\n\n\n\n<p><a href=\"https:\/\/sisu.ut.ee\/vaks\/riis\/\" data-type=\"post\" data-id=\"2031\">riis<\/a>, <a href=\"https:\/\/sisu.ut.ee\/vaks\/rosolje\/\" data-type=\"post\" data-id=\"2039\">risoll<\/a>, <a href=\"https:\/\/sisu.ut.ee\/vaks\/risus-mursus\/\" data-type=\"post\" data-id=\"2033\">risus mursus<\/a>, <\/p>\n\n\n\n<p><a href=\"https:\/\/sisu.ut.ee\/vaks\/rong\/\" data-type=\"post\" data-id=\"2035\">rong<\/a>, <a href=\"https:\/\/sisu.ut.ee\/vaks\/rootskaar\/\" data-type=\"post\" data-id=\"2037\">rootsk\u00e4\u00e4r<\/a>, <a href=\"https:\/\/sisu.ut.ee\/vaks\/rosolje\/\" data-type=\"post\" data-id=\"2039\">rosolje<\/a>, <\/p>\n\n\n\n<p><a href=\"https:\/\/sisu.ut.ee\/vaks\/rustvanker\/\" data-type=\"post\" data-id=\"2041\">r\u00fcst(vanker)<\/a>, <a href=\"https:\/\/sisu.ut.ee\/vaks\/ruustama\/\" data-type=\"post\" data-id=\"2043\">r\u00fc\u00fcstama<\/a>\u00a0<\/p>\n","protected":false},"excerpt":{"rendered":"<p>Vali s\u00f5na raad, raat, raatus, rakett, ramb, rammastama \u2026, ramp, ratt, rebu, reenanilind, reig, riis, risoll, risus mursus, rong, rootsk\u00e4\u00e4r, rosolje, r\u00fcst(vanker), r\u00fc\u00fcstama\u00a0<\/p>\n","protected":false},"author":167,"featured_media":0,"parent":0,"menu_order":0,"comment_status":"closed","ping_status":"closed","template":"","meta":{"_acf_changed":false,"inline_featured_image":false,"footnotes":""},"class_list":["post-197","page","type-page","status-publish","hentry"],"acf":[],"_links":{"self":[{"href":"https:\/\/sisu.ut.ee\/vaks\/wp-json\/wp\/v2\/pages\/197","targetHints":{"allow":["GET"]}}],"collection":[{"href":"https:\/\/sisu.ut.ee\/vaks\/wp-json\/wp\/v2\/pages"}],"about":[{"href":"https:\/\/sisu.ut.ee\/vaks\/wp-json\/wp\/v2\/types\/page"}],"author":[{"embeddable":true,"href":"https:\/\/sisu.ut.ee\/vaks\/wp-json\/wp\/v2\/users\/167"}],"replies":[{"embeddable":true,"href":"https:\/\/sisu.ut.ee\/vaks\/wp-json\/wp\/v2\/comments?post=197"}],"version-history":[{"count":4,"href":"https:\/\/sisu.ut.ee\/vaks\/wp-json\/wp\/v2\/pages\/197\/revisions"}],"predecessor-version":[{"id":2703,"href":"https:\/\/sisu.ut.ee\/vaks\/wp-json\/wp\/v2\/pages\/197\/revisions\/2703"}],"wp:attachment":[{"href":"https:\/\/sisu.ut.ee\/vaks\/wp-json\/wp\/v2\/media?parent=197"}],"curies":[{"name":"wp","href":"https:\/\/api.w.org\/{rel}","templated":true}]}}