{"id":18,"date":"2024-04-04T05:00:25","date_gmt":"2024-04-04T02:00:25","guid":{"rendered":"https:\/\/sisu.ut.ee\/vaks\/h\/"},"modified":"2024-10-29T11:17:41","modified_gmt":"2024-10-29T09:17:41","slug":"h","status":"publish","type":"page","link":"https:\/\/sisu.ut.ee\/vaks\/h\/","title":{"rendered":"H"},"content":{"rendered":"<h4 class=\"wp-block-heading\">Vali s\u00f5na<\/h4>\n\n\n\n<p><a href=\"https:\/\/sisu.ut.ee\/vaks\/haamer\/\" data-type=\"post\" data-id=\"1708\">haamer<\/a>, <a href=\"https:\/\/sisu.ut.ee\/vaks\/haan\/\" data-type=\"post\" data-id=\"1710\">haan<\/a>, <a href=\"https:\/\/sisu.ut.ee\/vaks\/haaval\/\" data-type=\"post\" data-id=\"1712\">haava, <\/a><a href=\"https:\/\/sisu.ut.ee\/vaks\/haaval\/\" data-type=\"post\" data-id=\"1712\">haaval<\/a>, <a href=\"https:\/\/sisu.ut.ee\/vaks\/haaval\/\" data-type=\"post\" data-id=\"1712\">haavalt<\/a>, <a href=\"https:\/\/sisu.ut.ee\/vaks\/hagema\/\" data-type=\"post\" data-id=\"1714\">hagema<\/a>, <a href=\"https:\/\/sisu.ut.ee\/vaks\/haigur\/\" data-type=\"post\" data-id=\"1716\">haigur<\/a>, <a href=\"https:\/\/sisu.ut.ee\/vaks\/halastama-halestama\/\" data-type=\"post\" data-id=\"1718\">halastama<\/a>, <a href=\"https:\/\/sisu.ut.ee\/vaks\/halastama-halestama\/\" data-type=\"post\" data-id=\"1718\">halestama<\/a>, <a href=\"https:\/\/sisu.ut.ee\/vaks\/alp-alpimine\/\" data-type=\"post\" data-id=\"1467\">halp<\/a>, <a href=\"https:\/\/sisu.ut.ee\/vaks\/hani\/\" data-type=\"post\" data-id=\"1722\">hani<\/a>, <a href=\"https:\/\/sisu.ut.ee\/vaks\/antvark\/\" data-type=\"post\" data-id=\"1457\">hantverk<\/a>, <a href=\"https:\/\/sisu.ut.ee\/vaks\/hassee-hasseerima\/\" data-type=\"post\" data-id=\"1726\">hassee<\/a>, <a href=\"https:\/\/sisu.ut.ee\/vaks\/hassee-hasseerima\/\" data-type=\"post\" data-id=\"1726\">hasseerima<\/a>, <\/p>\n\n\n\n<p><a href=\"https:\/\/sisu.ut.ee\/vaks\/haigur\/\" data-type=\"post\" data-id=\"1716\">heger<\/a>, <a href=\"https:\/\/sisu.ut.ee\/vaks\/heilant\/\" data-type=\"post\" data-id=\"1728\">heilant<\/a>, <a href=\"https:\/\/sisu.ut.ee\/vaks\/helli\/\" data-type=\"post\" data-id=\"1730\">helli<\/a>, <a href=\"https:\/\/sisu.ut.ee\/vaks\/heris\/\" data-type=\"post\" data-id=\"1732\">heris<\/a>, <\/p>\n\n\n\n<p><a href=\"https:\/\/sisu.ut.ee\/vaks\/hilis\/\" data-type=\"post\" data-id=\"1734\">hilis<\/a>, <a href=\"https:\/\/sisu.ut.ee\/vaks\/helli\/\" data-type=\"post\" data-id=\"1730\">hillig\u00f6\u00f6st<\/a>, <a href=\"https:\/\/sisu.ut.ee\/vaks\/hirs\/\" data-type=\"post\" data-id=\"1736\">hirs<\/a>, <a href=\"https:\/\/sisu.ut.ee\/vaks\/histooria\/\" data-type=\"post\" data-id=\"1738\">histooria<\/a>,<\/p>\n\n\n\n<p><a href=\"https:\/\/sisu.ut.ee\/vaks\/holster\/\" data-type=\"post\" data-id=\"1740\">holster<\/a>, <\/p>\n\n\n\n<p><a href=\"https:\/\/sisu.ut.ee\/vaks\/hui\/\" data-type=\"post\" data-id=\"1744\">hui<\/a>, <a href=\"https:\/\/sisu.ut.ee\/vaks\/huupaapima\/\" data-type=\"post\" data-id=\"1746\">huupaapima<\/a>, <a href=\"https:\/\/sisu.ut.ee\/vaks\/huutler-suutler\/\" data-type=\"post\" data-id=\"1748\">huutler<\/a>, <\/p>\n\n\n\n<p><a href=\"https:\/\/sisu.ut.ee\/vaks\/hamm\/\" data-type=\"post\" data-id=\"1720\">h\u00e4mm<\/a>, <a href=\"https:\/\/sisu.ut.ee\/vaks\/hamm\/\" data-type=\"post\" data-id=\"1720\">h\u00e4mmema<\/a>, <a href=\"https:\/\/sisu.ut.ee\/vaks\/hamm\/\" data-type=\"post\" data-id=\"1720\">h\u00e4mmendama<\/a>, <a href=\"https:\/\/sisu.ut.ee\/vaks\/hamm\/\" data-type=\"post\" data-id=\"1720\">h\u00e4mmetama<\/a>, <a href=\"https:\/\/sisu.ut.ee\/vaks\/harrastama\/\" data-type=\"post\" data-id=\"1724\">h\u00e4rrastama<\/a>, <\/p>\n\n\n\n<p><a href=\"https:\/\/sisu.ut.ee\/vaks\/oel-oelus-oelasti\/\" data-type=\"post\" data-id=\"1942\">h\u00f6el<\/a>, <a href=\"https:\/\/sisu.ut.ee\/vaks\/oel-oelus-oelasti\/\" data-type=\"post\" data-id=\"1942\">h\u00f6\u00e4l<\/a>, <a href=\"https:\/\/sisu.ut.ee\/vaks\/oel-oelus-oelasti\/\" data-type=\"post\" data-id=\"1942\">h\u00f6\u00f6l<\/a>, <\/p>\n\n\n\n<p><a href=\"https:\/\/sisu.ut.ee\/vaks\/huhler\/\" data-type=\"post\" data-id=\"1742\">h\u00fchler<\/a><\/p>\n\n\n\n<h4 class=\"wp-block-heading\">\u00a0<\/h4>\n","protected":false},"excerpt":{"rendered":"<p>Vali s\u00f5na haamer, haan, haava, haaval, haavalt, hagema, haigur, halastama, halestama, halp, hani, hantverk, hassee, hasseerima, heger, heilant, helli, heris, hilis, hillig\u00f6\u00f6st, hirs, histooria, holster, hui, huupaapima, huutler, h\u00e4mm, h\u00e4mmema, h\u00e4mmendama, h\u00e4mmetama, h\u00e4rrastama, h\u00f6el, h\u00f6\u00e4l, h\u00f6\u00f6l, h\u00fchler \u00a0<\/p>\n","protected":false},"author":167,"featured_media":0,"parent":0,"menu_order":0,"comment_status":"closed","ping_status":"closed","template":"","meta":{"_acf_changed":false,"inline_featured_image":false,"footnotes":""},"class_list":["post-18","page","type-page","status-publish","hentry"],"acf":[],"_links":{"self":[{"href":"https:\/\/sisu.ut.ee\/vaks\/wp-json\/wp\/v2\/pages\/18","targetHints":{"allow":["GET"]}}],"collection":[{"href":"https:\/\/sisu.ut.ee\/vaks\/wp-json\/wp\/v2\/pages"}],"about":[{"href":"https:\/\/sisu.ut.ee\/vaks\/wp-json\/wp\/v2\/types\/page"}],"author":[{"embeddable":true,"href":"https:\/\/sisu.ut.ee\/vaks\/wp-json\/wp\/v2\/users\/167"}],"replies":[{"embeddable":true,"href":"https:\/\/sisu.ut.ee\/vaks\/wp-json\/wp\/v2\/comments?post=18"}],"version-history":[{"count":5,"href":"https:\/\/sisu.ut.ee\/vaks\/wp-json\/wp\/v2\/pages\/18\/revisions"}],"predecessor-version":[{"id":2826,"href":"https:\/\/sisu.ut.ee\/vaks\/wp-json\/wp\/v2\/pages\/18\/revisions\/2826"}],"wp:attachment":[{"href":"https:\/\/sisu.ut.ee\/vaks\/wp-json\/wp\/v2\/media?parent=18"}],"curies":[{"name":"wp","href":"https:\/\/api.w.org\/{rel}","templated":true}]}}