{"id":125,"date":"2024-04-04T05:00:35","date_gmt":"2024-04-04T02:00:35","guid":{"rendered":"https:\/\/sisu.ut.ee\/vaks\/viitamine_artiklile\/"},"modified":"2024-04-17T14:45:01","modified_gmt":"2024-04-17T11:45:01","slug":"viitamine_artiklile","status":"publish","type":"page","link":"https:\/\/sisu.ut.ee\/vaks\/viitamine_artiklile\/","title":{"rendered":"Viitamine"},"content":{"rendered":"<p>Vana kirjakeele digis\u00f5nastiku s\u00f5naartiklitele palume viidata nii:<\/p>\n<p><span style=\"color: #16669c;\">Koostaja(d)<\/span>, <span style=\"color: #16669c;\">koostamisaasta<\/span>. <span style=\"color: #16669c;\">S\u00f5na<\/span>\u00a0\u2013 Vana kirjakeele s\u00f5nastik (digi-VAKS), Tartu \u00dclikool. https:\/<span style=\"font-size: 8px;\">\u00a0<\/span>\/sisu.ut.ee\/vaks\/ (vaadatud: <span style=\"color: #16669c;\">kuup\u00e4ev<\/span>).<\/p>\n","protected":false},"excerpt":{"rendered":"<p>Vana kirjakeele digis\u00f5nastiku s\u00f5naartiklitele palume viidata nii: Koostaja(d), koostamisaasta. S\u00f5na\u00a0\u2013 Vana kirjakeele s\u00f5nastik (digi-VAKS), Tartu \u00dclikool. https:\/\u00a0\/sisu.ut.ee\/vaks\/ (vaadatud: kuup\u00e4ev).<\/p>\n","protected":false},"author":167,"featured_media":0,"parent":0,"menu_order":0,"comment_status":"closed","ping_status":"closed","template":"","meta":{"_acf_changed":false,"inline_featured_image":false,"footnotes":""},"class_list":["post-125","page","type-page","status-publish","hentry"],"acf":[],"_links":{"self":[{"href":"https:\/\/sisu.ut.ee\/vaks\/wp-json\/wp\/v2\/pages\/125","targetHints":{"allow":["GET"]}}],"collection":[{"href":"https:\/\/sisu.ut.ee\/vaks\/wp-json\/wp\/v2\/pages"}],"about":[{"href":"https:\/\/sisu.ut.ee\/vaks\/wp-json\/wp\/v2\/types\/page"}],"author":[{"embeddable":true,"href":"https:\/\/sisu.ut.ee\/vaks\/wp-json\/wp\/v2\/users\/167"}],"replies":[{"embeddable":true,"href":"https:\/\/sisu.ut.ee\/vaks\/wp-json\/wp\/v2\/comments?post=125"}],"version-history":[{"count":3,"href":"https:\/\/sisu.ut.ee\/vaks\/wp-json\/wp\/v2\/pages\/125\/revisions"}],"predecessor-version":[{"id":2714,"href":"https:\/\/sisu.ut.ee\/vaks\/wp-json\/wp\/v2\/pages\/125\/revisions\/2714"}],"wp:attachment":[{"href":"https:\/\/sisu.ut.ee\/vaks\/wp-json\/wp\/v2\/media?parent=125"}],"curies":[{"name":"wp","href":"https:\/\/api.w.org\/{rel}","templated":true}]}}