{"id":5,"date":"2024-04-03T23:15:49","date_gmt":"2024-04-03T20:15:49","guid":{"rendered":"https:\/\/sisu.ut.ee\/vahetunnikorraldus\/avaleht\/"},"modified":"2024-04-03T23:15:51","modified_gmt":"2024-04-03T20:15:51","slug":"avaleht","status":"publish","type":"page","link":"https:\/\/sisu.ut.ee\/vahetunnikorraldus\/","title":{"rendered":"Avaleht"},"content":{"rendered":"<p style=\"text-align: left\"><img loading=\"lazy\" decoding=\"async\" width=\"232\" height=\"150\" class=\"alignnone wp-image-14\" style=\"float: right\" src=\"https:\/\/sisu.ut.ee\/wp-content\/uploads\/sites\/63\/vahetund.png\" title=\"vahetund.png\" alt=\"vahetund.png\">Autorid: Kadri Ugur (anal\u00fc\u00fcs), Eleri L\u00f5hmus (kaamerat\u00f6\u00f6 ja montaa\u017e), Inga Kukk (\u00f5piobjekti teostus)<\/p>\n<p>\u00d5piobjekti maht: 0,15 EAP<\/p>\n<p><\/p>\n<p style=\"text-align: left\">\n<\/p><h2>\u00d5piobjekti eesm\u00e4rk ja sihtr\u00fchm<\/h2>\n<p>\u00d5piobjektis k\u00e4sitletakse koolikeskkonna ruumi- ja ajakorralduse m\u00f5ju kooli \u00f5petajate ja \u00f5pilaste tegevusele ja suhtlusele, kooliruumide funktsionaalsust ning ruumikorralduse v\u00f5imalusi v\u00e4\u00e4rtusarenduses.<\/p>\n<p>\u00d5piobjektiga on oodatud tutvuma nii \u00f5petajakoolituse \u00fcli\u00f5pilased kui ka koolijuhid ja tegev\u00f5petajad.<\/p>\n<p>Salvestatud \u00f5piolukord v\u00f5i \u00f5pikeskkond vms v\u00f5imaldab virtuaalselt kokku tuua erinevad kogemused (eri \u00f5petajate tunnid, eri koolide ruumid, erinevad \u00f5pik\u00e4sitlused), mis rikastavad meie arusaama hea pedagoogilise praktika mitmekesisusest.\u00a0Videon\u00e4idete eesm\u00e4rk on suunata \u00f5ppijat m\u00e4rkama erinevaid \u00f5ppeprotsessi ja \u00f5pikeskkonna aspekte (nt ruumipaigutus, kujunduslikud v\u00f5tted, ruumi ja suhtluse seosed jms). Tavaolukorras toimivad k\u00f5ik need aspektid korraga ning nende koostoimet on keeruline hoomata ja teadvustada.<\/p>\n<h2>\u00d5piv\u00e4ljundid<\/h2>\n<p>\u00d5piobjekti l\u00e4bit\u00f6\u00f6tanu:<\/p>\n<ul>\n<li>teadvustab \u00f5ppekeskkonna ruumi- ja ajakorralduse erinevaid aspekte ning seostab neid \u00f5ppe eesm\u00e4rkidega<\/li>\n<li>oskab videon\u00e4idete p\u00f5hjal anal\u00fc\u00fcsida kooliruumide funktsionaalsust ning m\u00f5ju suhtlusele<\/li>\n<li>anal\u00fc\u00fcsib n\u00e4idetele toetudes oma l\u00e4himat kooliruumi \u00f5pilaste ja \u00f5petajate vajaduste ja valikute ning v\u00e4\u00e4rtusarenduse seisukohalt.<\/li>\n<\/ul>\n<p>\u00d5piobjektis esitatud videol\u00f5ike saab korduvalt vaadata, nii\u00f6elda aega edasi-tagasi kerida, ning panna t\u00e4hele ja anal\u00fc\u00fcsida detaile, millest pedagoogiline praktika koosneb. Videon\u00e4idetele lisaks esitatud teoreetiline materjal loob tausta, k\u00fcsimused, eneseanal\u00fc\u00fcsi- ja m\u00e4rkamis\u00fclesanded v\u00f5imaldavad \u00f5ppijal arendada oma m\u00e4rkamis- ja refleksioonioskusi ning siduda \u00f5pitavat oma pedagoogilise praktikaga.<\/p>\n<h2 style=\"text-align: center\">Tartu, 2013<\/h2>\n","protected":false},"excerpt":{"rendered":"<p>Autorid: Kadri Ugur (anal\u00fc\u00fcs), Eleri L\u00f5hmus (kaamerat\u00f6\u00f6 ja montaa\u017e), Inga Kukk (\u00f5piobjekti teostus) \u00d5piobjekti maht: 0,15 EAP \u00d5piobjekti eesm\u00e4rk ja sihtr\u00fchm \u00d5piobjektis k\u00e4sitletakse koolikeskkonna ruumi- ja ajakorralduse m\u00f5ju kooli \u00f5petajate ja \u00f5pilaste tegevusele ja suhtlusele, kooliruumide funktsionaalsust ning ruumikorralduse v\u00f5imalusi &#8230;<\/p>\n","protected":false},"author":21,"featured_media":0,"parent":0,"menu_order":0,"comment_status":"closed","ping_status":"closed","template":"","meta":{"_acf_changed":false,"inline_featured_image":false,"footnotes":""},"class_list":["post-5","page","type-page","status-publish","hentry"],"acf":[],"_links":{"self":[{"href":"https:\/\/sisu.ut.ee\/vahetunnikorraldus\/wp-json\/wp\/v2\/pages\/5","targetHints":{"allow":["GET"]}}],"collection":[{"href":"https:\/\/sisu.ut.ee\/vahetunnikorraldus\/wp-json\/wp\/v2\/pages"}],"about":[{"href":"https:\/\/sisu.ut.ee\/vahetunnikorraldus\/wp-json\/wp\/v2\/types\/page"}],"author":[{"embeddable":true,"href":"https:\/\/sisu.ut.ee\/vahetunnikorraldus\/wp-json\/wp\/v2\/users\/21"}],"replies":[{"embeddable":true,"href":"https:\/\/sisu.ut.ee\/vahetunnikorraldus\/wp-json\/wp\/v2\/comments?post=5"}],"version-history":[{"count":1,"href":"https:\/\/sisu.ut.ee\/vahetunnikorraldus\/wp-json\/wp\/v2\/pages\/5\/revisions"}],"predecessor-version":[{"id":30,"href":"https:\/\/sisu.ut.ee\/vahetunnikorraldus\/wp-json\/wp\/v2\/pages\/5\/revisions\/30"}],"wp:attachment":[{"href":"https:\/\/sisu.ut.ee\/vahetunnikorraldus\/wp-json\/wp\/v2\/media?parent=5"}],"curies":[{"name":"wp","href":"https:\/\/api.w.org\/{rel}","templated":true}]}}