{"id":3,"date":"2024-04-03T23:15:49","date_gmt":"2024-04-03T20:15:49","guid":{"rendered":"https:\/\/sisu.ut.ee\/vahetunnikorraldus\/sissejuhatus\/"},"modified":"2024-04-03T23:15:51","modified_gmt":"2024-04-03T20:15:51","slug":"sissejuhatus","status":"publish","type":"page","link":"https:\/\/sisu.ut.ee\/vahetunnikorraldus\/sissejuhatus\/","title":{"rendered":"Kuidas \u00f5piobjekti kasutada?"},"content":{"rendered":"<p><span style=\"line-height: 1.6em;font-size: 13px\">Koolip\u00e4ev on struktureeritud tundideks ja tunniv\u00e4liseks ajaks. Tunniv\u00e4lisele ajale j\u00e4\u00e4b \u00f5pilaste omavaheline kommunikatsioon, aga \u00fcha enam ka \u00f5ppimine (mh l\u00e4bi m\u00e4ngu, spordi jm tegevuste). \u00dcks tunniv\u00e4lise aja vorme on kindlasti vahetund, mida omakorda m\u00f5jutab ruum: kus saab istuda, kus saab koguneda, milliseid tegevusi saab mugavalt teha, kas saab \u00f5ue minna, kus s\u00fc\u00fcakse, kus saab omaette olla jne.<\/span><\/p>\n<p style=\"text-align: left\"><span style=\"line-height: 1.6em\">Videol\u00f5ikudes on Viljandi g\u00fcmnaasiumi n\u00e4itel v\u00f5imalik j\u00e4lgida kooli erinevaid tunniv\u00e4lise aja ruumilahendusi ning kuulata direktori intervjuud, kes selgitab ruumi ja koolip\u00e4eva vaheliste seoste funktsionaalsust. Eraldi l\u00f5ikudena on v\u00e4lja toodud koolis kriitilise t\u00e4htsusega ruumid, mille puhul tahame inspireerida vaatajat arutlema erinevate kooliruumide funktsionaalsete v\u00f5imaluste \u00fcle. L\u00fchil\u00f5ikude juures on m\u00e4rkamis\u00fclesanded.<\/span><\/p>\n<p>Lisaks v\u00f5iks j\u00e4rgnevatele videon\u00e4idetele toetudes arutleda, kui pikk v\u00f5iks olla aeg, kus \u00f5pilased on koolis, aga ei ole tunnis.<\/p>\n","protected":false},"excerpt":{"rendered":"<p>Koolip\u00e4ev on struktureeritud tundideks ja tunniv\u00e4liseks ajaks. Tunniv\u00e4lisele ajale j\u00e4\u00e4b \u00f5pilaste omavaheline kommunikatsioon, aga \u00fcha enam ka \u00f5ppimine (mh l\u00e4bi m\u00e4ngu, spordi jm tegevuste). \u00dcks tunniv\u00e4lise aja vorme on kindlasti vahetund, mida omakorda m\u00f5jutab ruum: kus saab istuda, kus saab &#8230;<\/p>\n","protected":false},"author":21,"featured_media":0,"parent":0,"menu_order":0,"comment_status":"closed","ping_status":"closed","template":"","meta":{"_acf_changed":false,"inline_featured_image":false,"footnotes":""},"class_list":["post-3","page","type-page","status-publish","hentry"],"acf":[],"_links":{"self":[{"href":"https:\/\/sisu.ut.ee\/vahetunnikorraldus\/wp-json\/wp\/v2\/pages\/3","targetHints":{"allow":["GET"]}}],"collection":[{"href":"https:\/\/sisu.ut.ee\/vahetunnikorraldus\/wp-json\/wp\/v2\/pages"}],"about":[{"href":"https:\/\/sisu.ut.ee\/vahetunnikorraldus\/wp-json\/wp\/v2\/types\/page"}],"author":[{"embeddable":true,"href":"https:\/\/sisu.ut.ee\/vahetunnikorraldus\/wp-json\/wp\/v2\/users\/21"}],"replies":[{"embeddable":true,"href":"https:\/\/sisu.ut.ee\/vahetunnikorraldus\/wp-json\/wp\/v2\/comments?post=3"}],"version-history":[{"count":1,"href":"https:\/\/sisu.ut.ee\/vahetunnikorraldus\/wp-json\/wp\/v2\/pages\/3\/revisions"}],"predecessor-version":[{"id":28,"href":"https:\/\/sisu.ut.ee\/vahetunnikorraldus\/wp-json\/wp\/v2\/pages\/3\/revisions\/28"}],"wp:attachment":[{"href":"https:\/\/sisu.ut.ee\/vahetunnikorraldus\/wp-json\/wp\/v2\/media?parent=3"}],"curies":[{"name":"wp","href":"https:\/\/api.w.org\/{rel}","templated":true}]}}