{"id":13,"date":"2024-04-03T23:15:49","date_gmt":"2024-04-03T20:15:49","guid":{"rendered":"https:\/\/sisu.ut.ee\/vahetunnikorraldus\/5-kokkuvottev-ulesanne\/"},"modified":"2024-04-14T14:03:16","modified_gmt":"2024-04-14T11:03:16","slug":"5-kokkuvottev-ulesanne","status":"publish","type":"page","link":"https:\/\/sisu.ut.ee\/vahetunnikorraldus\/5-kokkuvottev-ulesanne\/","title":{"rendered":"Kokkuv\u00f5ttev \u00fclesanne"},"content":{"rendered":"<figure class=\"wp-block-image\"><img loading=\"lazy\" decoding=\"async\" width=\"48\" height=\"48\" src=\"https:\/\/sisu.ut.ee\/wp-content\/uploads\/sites\/63\/orange-sticker-badges-090-icon.png\" alt=\"orange-sticker-badges-090-icon.png\" class=\"wp-image-15\" title=\"orange-sticker-badges-090-icon.png\"><\/figure>\n\n\n\n<ol class=\"wp-block-list\">\n<li>Vaadelge oma l\u00e4himat kooliruumi kriitiliselt. Kuidas see vastab\u00a0\u00f5pilaste ja \u00f5petajate j\u00e4rgmistele vajadustele:\n<ul class=\"wp-block-list\">\n<li>vajadus olla omaette<\/li>\n\n\n\n<li>vajadus suhelda t\u00e4htsate l\u00e4hedastega<\/li>\n\n\n\n<li>vajadus t\u00f6\u00f6tada privaatselt<\/li>\n\n\n\n<li>vajadus t\u00f6\u00f6tada r\u00fchmas<\/li>\n\n\n\n<li>vajadus p\u00e4\u00e4seda ligi informatsioonile<\/li>\n\n\n\n<li>f\u00fc\u00fcsilised vajadused<\/li>\n<\/ul>\n<\/li>\n\n\n\n<li>Milliseid v\u00e4\u00e4rtusi toetab teile k\u00f5ige l\u00e4hem kooliruum?\u00a0<\/li>\n\n\n\n<li>Milliste tunnuste alusel eraldab teile l\u00e4him kooliruum kooliperet (vanus, klass, sugu, roll koolis vms)?\u00a0<\/li>\n\n\n\n<li>Missuguseid tervislikke valikuid soodustab teile l\u00e4him kooliruum?<\/li>\n\n\n\n<li>Milline informatsioon on teile l\u00e4himas kooliruumis vahetundide ajal k\u00e4ttesaadav \u00f5pilastele ja \u00f5petajatele? Anal\u00fc\u00fcsige nii visuaalset kui auditiivset informatsiooni ja andke hinnang selle vajalikkusele.<\/li>\n\n\n\n<li>Leidke endale l\u00e4himast kooliruumist n\u00e4iteid selle kohta, kuidas ruumikujunduslikud v\u00f5tted v\u00e4listavad vajaduse verbaalsete k\u00e4skude ja keeldude j\u00e4rele.<\/li>\n<\/ol>\n","protected":false},"excerpt":{"rendered":"","protected":false},"author":21,"featured_media":0,"parent":0,"menu_order":0,"comment_status":"closed","ping_status":"closed","template":"","meta":{"_acf_changed":false,"inline_featured_image":false,"footnotes":""},"class_list":["post-13","page","type-page","status-publish","hentry"],"acf":[],"_links":{"self":[{"href":"https:\/\/sisu.ut.ee\/vahetunnikorraldus\/wp-json\/wp\/v2\/pages\/13","targetHints":{"allow":["GET"]}}],"collection":[{"href":"https:\/\/sisu.ut.ee\/vahetunnikorraldus\/wp-json\/wp\/v2\/pages"}],"about":[{"href":"https:\/\/sisu.ut.ee\/vahetunnikorraldus\/wp-json\/wp\/v2\/types\/page"}],"author":[{"embeddable":true,"href":"https:\/\/sisu.ut.ee\/vahetunnikorraldus\/wp-json\/wp\/v2\/users\/21"}],"replies":[{"embeddable":true,"href":"https:\/\/sisu.ut.ee\/vahetunnikorraldus\/wp-json\/wp\/v2\/comments?post=13"}],"version-history":[{"count":3,"href":"https:\/\/sisu.ut.ee\/vahetunnikorraldus\/wp-json\/wp\/v2\/pages\/13\/revisions"}],"predecessor-version":[{"id":45,"href":"https:\/\/sisu.ut.ee\/vahetunnikorraldus\/wp-json\/wp\/v2\/pages\/13\/revisions\/45"}],"wp:attachment":[{"href":"https:\/\/sisu.ut.ee\/vahetunnikorraldus\/wp-json\/wp\/v2\/media?parent=13"}],"curies":[{"name":"wp","href":"https:\/\/api.w.org\/{rel}","templated":true}]}}