{"id":12,"date":"2024-04-03T23:15:49","date_gmt":"2024-04-03T20:15:49","guid":{"rendered":"https:\/\/sisu.ut.ee\/vahetunnikorraldus\/44-ruumid\/"},"modified":"2024-04-03T23:15:51","modified_gmt":"2024-04-03T20:15:51","slug":"44-ruumid","status":"publish","type":"page","link":"https:\/\/sisu.ut.ee\/vahetunnikorraldus\/44-ruumid\/","title":{"rendered":"M\u00e4rkamis\u00fclesanded eri kooliruumide kohta"},"content":{"rendered":"<p><strong><img loading=\"lazy\" decoding=\"async\" width=\"48\" height=\"48\" class=\"alignnone wp-image-15\" style=\"vertical-align: middle\" src=\"https:\/\/sisu.ut.ee\/wp-content\/uploads\/sites\/63\/orange-sticker-badges-090-icon.png\" title=\"orange-sticker-badges-090-icon.png\" alt=\"orange-sticker-badges-090-icon.png\">\u00dclesanne 1:<\/strong><\/p>\n<ul>\n<li><span style=\"line-height: 1.6em\">Milliseid tegevusi ja suhtlusformaate soodustab tugitoolide ja laudade esialgne paigutus?<\/span><\/li>\n<li><span style=\"line-height: 1.6em\"><\/span>Kuidas kasutaksite esimeses plaanis n\u00e4htud paigutust \u00f5ppet\u00f6\u00f6ks ja kuidas omavaheliseks suhtlemiseks?<\/li>\n<li>V\u00f5rrelge toolide ja laudade algset paigutust sellega, kuidas \u00f5pilased neid reaalselt kasutavad. Milliseid erinevusi m\u00e4rkate esialgse kujunduse ja reaalse rakenduse vahel?<\/li>\n<li>Tehke ettepanekuid koridori \u00fcmberkujundamiseks erinevatest vajadustest l\u00e4htuvalt!<\/li>\n<\/ul>\n<p><\/p><div class=\"ratio ratio-16x9 mb-3\"><div class=\"video-placeholder-wrapper video-placeholder-wrapper--16x9\">\n\t\t\t    <div class=\"video-placeholder d-flex justify-content-center align-items-center\">\n\t\t\t        <div class=\"overlay text-white p-2 w-100 text-center d-block justify-content-center align-items-center\">\n\t\t\t            <div>Kolmandate osapoolte sisu n\u00e4gemiseks palun n\u00f5ustu k\u00fcpsistega.<\/div>\n\t\t\t            <button class=\"btn btn-secondary btn-sm mt-1 consent-change\">Muuda n\u00f5usolekut<\/button>\n\t\t\t        <\/div>\n\t\t\t    <\/div>\n\t\t\t<\/div>\n<\/div>\n<p style=\"text-align: center\"><a href=\"http:\/\/www.uttv.ee\/naita?id=18349\" target=\"_blank\" rel=\"noopener\">http:\/\/www.uttv.ee\/naita?id=18349<\/a><\/p>\n<p><strong><img loading=\"lazy\" decoding=\"async\" width=\"48\" height=\"48\" class=\"alignnone wp-image-15\" style=\"vertical-align: middle\" src=\"https:\/\/sisu.ut.ee\/wp-content\/uploads\/sites\/63\/orange-sticker-badges-090-icon.png\" title=\"orange-sticker-badges-090-icon.png\" alt=\"orange-sticker-badges-090-icon.png\">\u00dclesanne 2:<\/strong><\/p>\n<p>G\u00fcmnaasiumi\u00f5pilased maksavad oma toidu eest ise, olles seega kohviku kliendid.<\/p>\n<ul>\n<li><span style=\"line-height: 1.6em\">Leidke intervjuust ja s\u00f6\u00f6klaruumist elemente, mis annavad m\u00e4rku \u00f5pilaste ja \u00f5petaja autonoomia austamisest.<\/span><\/li>\n<li><span style=\"line-height: 1.6em\"><\/span>Kuidas on s\u00f6\u00f6kla\/kohvik eristatud \u00fclej\u00e4\u00e4nud aatriumist?\u00a0<\/li>\n<\/ul>\n<p><\/p><div class=\"ratio ratio-16x9 mb-3\"><div class=\"video-placeholder-wrapper video-placeholder-wrapper--16x9\">\n\t\t\t    <div class=\"video-placeholder d-flex justify-content-center align-items-center\">\n\t\t\t        <div class=\"overlay text-white p-2 w-100 text-center d-block justify-content-center align-items-center\">\n\t\t\t            <div>Kolmandate osapoolte sisu n\u00e4gemiseks palun n\u00f5ustu k\u00fcpsistega.<\/div>\n\t\t\t            <button class=\"btn btn-secondary btn-sm mt-1 consent-change\">Muuda n\u00f5usolekut<\/button>\n\t\t\t        <\/div>\n\t\t\t    <\/div>\n\t\t\t<\/div>\n<\/div>\n<p style=\"text-align: center\"><a href=\"http:\/\/www.uttv.ee\/naita?id=18354\" target=\"_blank\" rel=\"noopener\">http:\/\/www.uttv.ee\/naita?id=18354<\/a><\/p>\n<p><strong><img loading=\"lazy\" decoding=\"async\" width=\"48\" height=\"48\" class=\"alignnone wp-image-15\" style=\"vertical-align: middle\" src=\"https:\/\/sisu.ut.ee\/wp-content\/uploads\/sites\/63\/orange-sticker-badges-090-icon.png\" title=\"orange-sticker-badges-090-icon.png\" alt=\"orange-sticker-badges-090-icon.png\">\u00dclesanne 3:<\/strong><\/p>\n<ul>\n<li><span style=\"line-height: 1.6em\">Millistest v\u00e4\u00e4rtustest l\u00e4htudes on rajatud Viljandi g\u00fcmnaasiumi tualetid?<\/span><\/li>\n<li><span style=\"line-height: 1.6em\"><\/span>Millist positiivset ja millist negatiivset m\u00f5ju v\u00f5ib kooliperele avaldada see, et tualettruumid on k\u00f5igile \u00fchised?<\/li>\n<\/ul>\n<p><\/p><div class=\"ratio ratio-16x9 mb-3\"><div class=\"video-placeholder-wrapper video-placeholder-wrapper--16x9\">\n\t\t\t    <div class=\"video-placeholder d-flex justify-content-center align-items-center\">\n\t\t\t        <div class=\"overlay text-white p-2 w-100 text-center d-block justify-content-center align-items-center\">\n\t\t\t            <div>Kolmandate osapoolte sisu n\u00e4gemiseks palun n\u00f5ustu k\u00fcpsistega.<\/div>\n\t\t\t            <button class=\"btn btn-secondary btn-sm mt-1 consent-change\">Muuda n\u00f5usolekut<\/button>\n\t\t\t        <\/div>\n\t\t\t    <\/div>\n\t\t\t<\/div>\n<\/div>\n<p style=\"text-align: center\"><a href=\"http:\/\/www.uttv.ee\/naita?id=18354\" target=\"_blank\" rel=\"noopener\">http:\/\/www.uttv.ee\/naita?id=18355<\/a><\/p>\n","protected":false},"excerpt":{"rendered":"<p>\u00dclesanne 1: Milliseid tegevusi ja suhtlusformaate soodustab tugitoolide ja laudade esialgne paigutus? Kuidas kasutaksite esimeses plaanis n\u00e4htud paigutust \u00f5ppet\u00f6\u00f6ks ja kuidas omavaheliseks suhtlemiseks? V\u00f5rrelge toolide ja laudade algset paigutust sellega, kuidas \u00f5pilased neid reaalselt kasutavad. Milliseid erinevusi m\u00e4rkate esialgse kujunduse &#8230;<\/p>\n","protected":false},"author":21,"featured_media":0,"parent":0,"menu_order":0,"comment_status":"closed","ping_status":"closed","template":"","meta":{"_acf_changed":false,"inline_featured_image":false,"footnotes":""},"class_list":["post-12","page","type-page","status-publish","hentry"],"acf":[],"_links":{"self":[{"href":"https:\/\/sisu.ut.ee\/vahetunnikorraldus\/wp-json\/wp\/v2\/pages\/12","targetHints":{"allow":["GET"]}}],"collection":[{"href":"https:\/\/sisu.ut.ee\/vahetunnikorraldus\/wp-json\/wp\/v2\/pages"}],"about":[{"href":"https:\/\/sisu.ut.ee\/vahetunnikorraldus\/wp-json\/wp\/v2\/types\/page"}],"author":[{"embeddable":true,"href":"https:\/\/sisu.ut.ee\/vahetunnikorraldus\/wp-json\/wp\/v2\/users\/21"}],"replies":[{"embeddable":true,"href":"https:\/\/sisu.ut.ee\/vahetunnikorraldus\/wp-json\/wp\/v2\/comments?post=12"}],"version-history":[{"count":1,"href":"https:\/\/sisu.ut.ee\/vahetunnikorraldus\/wp-json\/wp\/v2\/pages\/12\/revisions"}],"predecessor-version":[{"id":37,"href":"https:\/\/sisu.ut.ee\/vahetunnikorraldus\/wp-json\/wp\/v2\/pages\/12\/revisions\/37"}],"wp:attachment":[{"href":"https:\/\/sisu.ut.ee\/vahetunnikorraldus\/wp-json\/wp\/v2\/media?parent=12"}],"curies":[{"name":"wp","href":"https:\/\/api.w.org\/{rel}","templated":true}]}}